{"id":44312,"date":"2025-03-18T14:28:47","date_gmt":"2025-03-18T13:28:47","guid":{"rendered":"https:\/\/ofabskara.se\/produkt\/la-buvette-forstal\/"},"modified":"2025-03-18T14:28:47","modified_gmt":"2025-03-18T13:28:47","slug":"la-buvette-forstal","status":"publish","type":"product","link":"https:\/\/ofabskara.se\/no\/produkt\/la-buvette-forstal\/","title":{"rendered":"La Buvette Forstal"},"content":{"rendered":"<p>Tillverkad av syntetisk plast. Mycket stark. Har tillverkats i \u00f6ver 15 \u00e5r. Anf\u00e4stningsplatta med fyra h\u00e5l. Kapacitet 12 lit.\/min vid 3 bar, anslutning 3\/4&#8243; inv. fr\u00e5n \u00f6ver- eller undersidan. Har en vertikal tunga. Vikt 1 kg.<\/p>\n","protected":false},"excerpt":{"rendered":"<p>Tillverkad av syntetisk plast. Mycket stark. Har tillverkats i \u00f6ver 15 \u00e5r. Anf\u00e4stningsplatta med fyra h\u00e5l. Kapacitet 12 lit.\/min vid 3 bar, anslutning 3\/4&#8243; inv. fr\u00e5n \u00f6ver- eller undersidan. Har en vertikal tunga. Vikt 1 kg.<\/p>\n","protected":false},"featured_media":8014,"comment_status":"closed","ping_status":"closed","template":"","meta":{"_acf_changed":false,"inline_featured_image":false},"product_brand":[],"product_cat":[2999,2994,3004,3001,3002,3000],"product_tag":[],"class_list":{"0":"post-44312","1":"product","2":"type-product","3":"status-publish","4":"has-post-thumbnail","6":"product_cat-hastar","7":"product_cat-la-buvette-vattenkoppar","8":"product_cat-vattenkoppar","9":"product_cat-vattenkoppar-for-hast","10":"product_cat-vattensystem","11":"product_cat-vattensystem-hastar","13":"first","14":"instock","15":"taxable","16":"shipping-taxable","17":"product-type-grouped"},"acf":[],"yoast_head":"<!-- This site is optimized with the Yoast SEO plugin v24.4 - https:\/\/yoast.com\/wordpress\/plugins\/seo\/ -->\n<title>La Buvette Forstal - Ofab<\/title>\n<meta name=\"robots\" content=\"index, follow, max-snippet:-1, max-image-preview:large, max-video-preview:-1\" \/>\n<link rel=\"canonical\" href=\"https:\/\/ofabskara.se\/no\/produkt\/la-buvette-forstal\/\" \/>\n<meta property=\"og:locale\" content=\"nb_NO\" \/>\n<meta property=\"og:type\" content=\"article\" \/>\n<meta property=\"og:title\" content=\"La Buvette Forstal - Ofab\" \/>\n<meta property=\"og:description\" content=\"Tillverkad av syntetisk plast. Mycket stark. Har tillverkats i \u00f6ver 15 \u00e5r. Anf\u00e4stningsplatta med fyra h\u00e5l. Kapacitet 12 lit.\/min vid 3 bar, anslutning 3\/4&quot; inv. fr\u00e5n \u00f6ver- eller undersidan. Har en vertikal tunga. Vikt 1 kg.\" \/>\n<meta property=\"og:url\" content=\"https:\/\/ofabskara.se\/no\/produkt\/la-buvette-forstal\/\" \/>\n<meta property=\"og:site_name\" content=\"Ofab\" \/>\n<meta name=\"twitter:card\" content=\"summary_large_image\" \/>\n<script type=\"application\/ld+json\" class=\"yoast-schema-graph\">{\"@context\":\"https:\/\/schema.org\",\"@graph\":[{\"@type\":\"WebPage\",\"@id\":\"https:\/\/ofabskara.se\/no\/produkt\/la-buvette-forstal\/\",\"url\":\"https:\/\/ofabskara.se\/no\/produkt\/la-buvette-forstal\/\",\"name\":\"La Buvette Forstal - Ofab\",\"isPartOf\":{\"@id\":\"https:\/\/ofabskara.se\/sv\/#website\"},\"primaryImageOfPage\":{\"@id\":\"https:\/\/ofabskara.se\/no\/produkt\/la-buvette-forstal\/#primaryimage\"},\"image\":{\"@id\":\"https:\/\/ofabskara.se\/no\/produkt\/la-buvette-forstal\/#primaryimage\"},\"thumbnailUrl\":\"https:\/\/ofabskara.se\/wp-content\/uploads\/2023\/09\/3022_16.jpg\",\"datePublished\":\"2025-03-18T13:28:47+00:00\",\"breadcrumb\":{\"@id\":\"https:\/\/ofabskara.se\/no\/produkt\/la-buvette-forstal\/#breadcrumb\"},\"inLanguage\":\"nb-NO\",\"potentialAction\":[{\"@type\":\"ReadAction\",\"target\":[\"https:\/\/ofabskara.se\/no\/produkt\/la-buvette-forstal\/\"]}]},{\"@type\":\"ImageObject\",\"inLanguage\":\"nb-NO\",\"@id\":\"https:\/\/ofabskara.se\/no\/produkt\/la-buvette-forstal\/#primaryimage\",\"url\":\"https:\/\/ofabskara.se\/wp-content\/uploads\/2023\/09\/3022_16.jpg\",\"contentUrl\":\"https:\/\/ofabskara.se\/wp-content\/uploads\/2023\/09\/3022_16.jpg\",\"width\":1772,\"height\":1772},{\"@type\":\"BreadcrumbList\",\"@id\":\"https:\/\/ofabskara.se\/no\/produkt\/la-buvette-forstal\/#breadcrumb\",\"itemListElement\":[{\"@type\":\"ListItem\",\"position\":1,\"name\":\"Home\",\"item\":\"https:\/\/ofabskara.se\/no\/\"},{\"@type\":\"ListItem\",\"position\":2,\"name\":\"Butik\",\"item\":\"https:\/\/ofabskara.se\/sv\/butik\/\"},{\"@type\":\"ListItem\",\"position\":3,\"name\":\"La Buvette Forstal\"}]},{\"@type\":\"WebSite\",\"@id\":\"https:\/\/ofabskara.se\/sv\/#website\",\"url\":\"https:\/\/ofabskara.se\/sv\/\",\"name\":\"Ofab\",\"description\":\"\",\"potentialAction\":[{\"@type\":\"SearchAction\",\"target\":{\"@type\":\"EntryPoint\",\"urlTemplate\":\"https:\/\/ofabskara.se\/sv\/?s={search_term_string}\"},\"query-input\":{\"@type\":\"PropertyValueSpecification\",\"valueRequired\":true,\"valueName\":\"search_term_string\"}}],\"inLanguage\":\"nb-NO\"}]}<\/script>\n<!-- \/ Yoast SEO plugin. -->","yoast_head_json":{"title":"La Buvette Forstal - Ofab","robots":{"index":"index","follow":"follow","max-snippet":"max-snippet:-1","max-image-preview":"max-image-preview:large","max-video-preview":"max-video-preview:-1"},"canonical":"https:\/\/ofabskara.se\/no\/produkt\/la-buvette-forstal\/","og_locale":"nb_NO","og_type":"article","og_title":"La Buvette Forstal - Ofab","og_description":"Tillverkad av syntetisk plast. Mycket stark. Har tillverkats i \u00f6ver 15 \u00e5r. Anf\u00e4stningsplatta med fyra h\u00e5l. Kapacitet 12 lit.\/min vid 3 bar, anslutning 3\/4\" inv. fr\u00e5n \u00f6ver- eller undersidan. Har en vertikal tunga. Vikt 1 kg.","og_url":"https:\/\/ofabskara.se\/no\/produkt\/la-buvette-forstal\/","og_site_name":"Ofab","twitter_card":"summary_large_image","schema":{"@context":"https:\/\/schema.org","@graph":[{"@type":"WebPage","@id":"https:\/\/ofabskara.se\/no\/produkt\/la-buvette-forstal\/","url":"https:\/\/ofabskara.se\/no\/produkt\/la-buvette-forstal\/","name":"La Buvette Forstal - Ofab","isPartOf":{"@id":"https:\/\/ofabskara.se\/sv\/#website"},"primaryImageOfPage":{"@id":"https:\/\/ofabskara.se\/no\/produkt\/la-buvette-forstal\/#primaryimage"},"image":{"@id":"https:\/\/ofabskara.se\/no\/produkt\/la-buvette-forstal\/#primaryimage"},"thumbnailUrl":"https:\/\/ofabskara.se\/wp-content\/uploads\/2023\/09\/3022_16.jpg","datePublished":"2025-03-18T13:28:47+00:00","breadcrumb":{"@id":"https:\/\/ofabskara.se\/no\/produkt\/la-buvette-forstal\/#breadcrumb"},"inLanguage":"nb-NO","potentialAction":[{"@type":"ReadAction","target":["https:\/\/ofabskara.se\/no\/produkt\/la-buvette-forstal\/"]}]},{"@type":"ImageObject","inLanguage":"nb-NO","@id":"https:\/\/ofabskara.se\/no\/produkt\/la-buvette-forstal\/#primaryimage","url":"https:\/\/ofabskara.se\/wp-content\/uploads\/2023\/09\/3022_16.jpg","contentUrl":"https:\/\/ofabskara.se\/wp-content\/uploads\/2023\/09\/3022_16.jpg","width":1772,"height":1772},{"@type":"BreadcrumbList","@id":"https:\/\/ofabskara.se\/no\/produkt\/la-buvette-forstal\/#breadcrumb","itemListElement":[{"@type":"ListItem","position":1,"name":"Home","item":"https:\/\/ofabskara.se\/no\/"},{"@type":"ListItem","position":2,"name":"Butik","item":"https:\/\/ofabskara.se\/sv\/butik\/"},{"@type":"ListItem","position":3,"name":"La Buvette Forstal"}]},{"@type":"WebSite","@id":"https:\/\/ofabskara.se\/sv\/#website","url":"https:\/\/ofabskara.se\/sv\/","name":"Ofab","description":"","potentialAction":[{"@type":"SearchAction","target":{"@type":"EntryPoint","urlTemplate":"https:\/\/ofabskara.se\/sv\/?s={search_term_string}"},"query-input":{"@type":"PropertyValueSpecification","valueRequired":true,"valueName":"search_term_string"}}],"inLanguage":"nb-NO"}]}},"_links":{"self":[{"href":"https:\/\/ofabskara.se\/no\/wp-json\/wp\/v2\/product\/44312","targetHints":{"allow":["GET"]}}],"collection":[{"href":"https:\/\/ofabskara.se\/no\/wp-json\/wp\/v2\/product"}],"about":[{"href":"https:\/\/ofabskara.se\/no\/wp-json\/wp\/v2\/types\/product"}],"replies":[{"embeddable":true,"href":"https:\/\/ofabskara.se\/no\/wp-json\/wp\/v2\/comments?post=44312"}],"wp:featuredmedia":[{"embeddable":true,"href":"https:\/\/ofabskara.se\/no\/wp-json\/wp\/v2\/media\/8014"}],"wp:attachment":[{"href":"https:\/\/ofabskara.se\/no\/wp-json\/wp\/v2\/media?parent=44312"}],"wp:term":[{"taxonomy":"product_brand","embeddable":true,"href":"https:\/\/ofabskara.se\/no\/wp-json\/wp\/v2\/product_brand?post=44312"},{"taxonomy":"product_cat","embeddable":true,"href":"https:\/\/ofabskara.se\/no\/wp-json\/wp\/v2\/product_cat?post=44312"},{"taxonomy":"product_tag","embeddable":true,"href":"https:\/\/ofabskara.se\/no\/wp-json\/wp\/v2\/product_tag?post=44312"}],"curies":[{"name":"wp","href":"https:\/\/api.w.org\/{rel}","templated":true}]}}