{"id":44372,"date":"2024-04-10T13:17:51","date_gmt":"2024-04-10T11:17:51","guid":{"rendered":"https:\/\/ofabskara.se\/produkt\/baghall-gron-mini\/"},"modified":"2024-04-10T13:17:51","modified_gmt":"2024-04-10T11:17:51","slug":"baghall-gron-mini","status":"publish","type":"product","link":"https:\/\/ofabskara.se\/no\/produkt\/baghall-gron-mini\/","title":{"rendered":"B\u00e5ghall gr\u00f6n mini"},"content":{"rendered":"<p>Kraftig b\u00e5ghall st\u00e5ende p\u00e5 en galvad bottenkonstruktion. Fungerar ypperligt som vindskydd eller hydda till kalvar, grisar eller f\u00e5r.<\/p>\n<p>M\u00e5nga av v\u00e5ra kunder anv\u00e4nder ocks\u00e5 minihallen som kalvg\u00f6mma. Kraftfoder kan med f\u00f6rdel placeras i hallen f\u00f6r att fodra kalven, foder som inte kon kommer \u00e5t. Effektiv konstruktion g\u00f6r att ytan kan utnyttjas optimalt och till fullo. Hallen kan enkelt f\u00f6rl\u00e4ngas \/ kopplas ihop d\u00e4r flera b\u00e5ghall mini bildar en l\u00e5ng hall om s\u00e5 \u00f6nskas. Dock p\u00e5verkar detta flyttbarheten negativt.<\/p>\n<p>B\u00e5ghall mini tillverkas i f\u00e4rgen barrgr\u00f6n.<\/p>\n","protected":false},"excerpt":{"rendered":"<p>Kraftig b\u00e5ghall st\u00e5ende p\u00e5 en galvad bottenkonstruktion. Fungerar ypperligt som vindskydd eller hydda till kalvar, grisar eller f\u00e5r. M\u00e5nga av v\u00e5ra kunder anv\u00e4nder ocks\u00e5 minihallen som kalvg\u00f6mma. Kraftfoder kan med f\u00f6rdel placeras i hallen f\u00f6r att fodra kalven, foder som inte kon kommer \u00e5t. Effektiv konstruktion g\u00f6r att ytan kan utnyttjas optimalt och till fullo. [&hellip;]<\/p>\n","protected":false},"featured_media":42221,"comment_status":"open","ping_status":"closed","template":"","meta":{"_acf_changed":false,"inline_featured_image":false},"product_brand":[],"product_cat":[2980],"product_tag":[],"class_list":{"0":"post-44372","1":"product","2":"type-product","3":"status-publish","4":"has-post-thumbnail","6":"product_cat-okategoriserad","7":"pa_bredd-247cm","8":"pa_hojd-136cm","9":"pa_langd-255cm","11":"first","12":"onbackorder","13":"taxable","14":"shipping-taxable","15":"purchasable","16":"product-type-simple"},"acf":[],"yoast_head":"<!-- This site is optimized with the Yoast SEO plugin v24.4 - https:\/\/yoast.com\/wordpress\/plugins\/seo\/ -->\n<title>B\u00e5ghall gr\u00f6n mini - Ofab<\/title>\n<meta name=\"robots\" content=\"index, follow, max-snippet:-1, max-image-preview:large, max-video-preview:-1\" \/>\n<link rel=\"canonical\" href=\"https:\/\/ofabskara.se\/no\/produkt\/baghall-gron-mini\/\" \/>\n<meta property=\"og:locale\" content=\"nb_NO\" \/>\n<meta property=\"og:type\" content=\"article\" \/>\n<meta property=\"og:title\" content=\"B\u00e5ghall gr\u00f6n mini - Ofab\" \/>\n<meta property=\"og:description\" content=\"Kraftig b\u00e5ghall st\u00e5ende p\u00e5 en galvad bottenkonstruktion. Fungerar ypperligt som vindskydd eller hydda till kalvar, grisar eller f\u00e5r. M\u00e5nga av v\u00e5ra kunder anv\u00e4nder ocks\u00e5 minihallen som kalvg\u00f6mma. Kraftfoder kan med f\u00f6rdel placeras i hallen f\u00f6r att fodra kalven, foder som inte kon kommer \u00e5t. Effektiv konstruktion g\u00f6r att ytan kan utnyttjas optimalt och till fullo. [&hellip;]\" \/>\n<meta property=\"og:url\" content=\"https:\/\/ofabskara.se\/no\/produkt\/baghall-gron-mini\/\" \/>\n<meta property=\"og:site_name\" content=\"Ofab\" \/>\n<meta name=\"twitter:card\" content=\"summary_large_image\" \/>\n<meta name=\"twitter:label1\" content=\"Ansl. lesetid\" \/>\n\t<meta name=\"twitter:data1\" content=\"1 minutt\" \/>\n<script type=\"application\/ld+json\" class=\"yoast-schema-graph\">{\"@context\":\"https:\/\/schema.org\",\"@graph\":[{\"@type\":\"WebPage\",\"@id\":\"https:\/\/ofabskara.se\/no\/produkt\/baghall-gron-mini\/\",\"url\":\"https:\/\/ofabskara.se\/no\/produkt\/baghall-gron-mini\/\",\"name\":\"B\u00e5ghall gr\u00f6n mini - Ofab\",\"isPartOf\":{\"@id\":\"https:\/\/ofabskara.se\/sv\/#website\"},\"primaryImageOfPage\":{\"@id\":\"https:\/\/ofabskara.se\/no\/produkt\/baghall-gron-mini\/#primaryimage\"},\"image\":{\"@id\":\"https:\/\/ofabskara.se\/no\/produkt\/baghall-gron-mini\/#primaryimage\"},\"thumbnailUrl\":\"https:\/\/ofabskara.se\/wp-content\/uploads\/2024\/04\/MINI2024-scaled.jpg\",\"datePublished\":\"2024-04-10T11:17:51+00:00\",\"breadcrumb\":{\"@id\":\"https:\/\/ofabskara.se\/no\/produkt\/baghall-gron-mini\/#breadcrumb\"},\"inLanguage\":\"nb-NO\",\"potentialAction\":[{\"@type\":\"ReadAction\",\"target\":[\"https:\/\/ofabskara.se\/no\/produkt\/baghall-gron-mini\/\"]}]},{\"@type\":\"ImageObject\",\"inLanguage\":\"nb-NO\",\"@id\":\"https:\/\/ofabskara.se\/no\/produkt\/baghall-gron-mini\/#primaryimage\",\"url\":\"https:\/\/ofabskara.se\/wp-content\/uploads\/2024\/04\/MINI2024-scaled.jpg\",\"contentUrl\":\"https:\/\/ofabskara.se\/wp-content\/uploads\/2024\/04\/MINI2024-scaled.jpg\",\"width\":2560,\"height\":2091},{\"@type\":\"BreadcrumbList\",\"@id\":\"https:\/\/ofabskara.se\/no\/produkt\/baghall-gron-mini\/#breadcrumb\",\"itemListElement\":[{\"@type\":\"ListItem\",\"position\":1,\"name\":\"Home\",\"item\":\"https:\/\/ofabskara.se\/no\/\"},{\"@type\":\"ListItem\",\"position\":2,\"name\":\"Butik\",\"item\":\"https:\/\/ofabskara.se\/sv\/butik\/\"},{\"@type\":\"ListItem\",\"position\":3,\"name\":\"B\u00e5ghall gr\u00f6n mini\"}]},{\"@type\":\"WebSite\",\"@id\":\"https:\/\/ofabskara.se\/sv\/#website\",\"url\":\"https:\/\/ofabskara.se\/sv\/\",\"name\":\"Ofab\",\"description\":\"\",\"potentialAction\":[{\"@type\":\"SearchAction\",\"target\":{\"@type\":\"EntryPoint\",\"urlTemplate\":\"https:\/\/ofabskara.se\/sv\/?s={search_term_string}\"},\"query-input\":{\"@type\":\"PropertyValueSpecification\",\"valueRequired\":true,\"valueName\":\"search_term_string\"}}],\"inLanguage\":\"nb-NO\"}]}<\/script>\n<!-- \/ Yoast SEO plugin. -->","yoast_head_json":{"title":"B\u00e5ghall gr\u00f6n mini - Ofab","robots":{"index":"index","follow":"follow","max-snippet":"max-snippet:-1","max-image-preview":"max-image-preview:large","max-video-preview":"max-video-preview:-1"},"canonical":"https:\/\/ofabskara.se\/no\/produkt\/baghall-gron-mini\/","og_locale":"nb_NO","og_type":"article","og_title":"B\u00e5ghall gr\u00f6n mini - Ofab","og_description":"Kraftig b\u00e5ghall st\u00e5ende p\u00e5 en galvad bottenkonstruktion. Fungerar ypperligt som vindskydd eller hydda till kalvar, grisar eller f\u00e5r. M\u00e5nga av v\u00e5ra kunder anv\u00e4nder ocks\u00e5 minihallen som kalvg\u00f6mma. Kraftfoder kan med f\u00f6rdel placeras i hallen f\u00f6r att fodra kalven, foder som inte kon kommer \u00e5t. Effektiv konstruktion g\u00f6r att ytan kan utnyttjas optimalt och till fullo. [&hellip;]","og_url":"https:\/\/ofabskara.se\/no\/produkt\/baghall-gron-mini\/","og_site_name":"Ofab","twitter_card":"summary_large_image","twitter_misc":{"Ansl. lesetid":"1 minutt"},"schema":{"@context":"https:\/\/schema.org","@graph":[{"@type":"WebPage","@id":"https:\/\/ofabskara.se\/no\/produkt\/baghall-gron-mini\/","url":"https:\/\/ofabskara.se\/no\/produkt\/baghall-gron-mini\/","name":"B\u00e5ghall gr\u00f6n mini - Ofab","isPartOf":{"@id":"https:\/\/ofabskara.se\/sv\/#website"},"primaryImageOfPage":{"@id":"https:\/\/ofabskara.se\/no\/produkt\/baghall-gron-mini\/#primaryimage"},"image":{"@id":"https:\/\/ofabskara.se\/no\/produkt\/baghall-gron-mini\/#primaryimage"},"thumbnailUrl":"https:\/\/ofabskara.se\/wp-content\/uploads\/2024\/04\/MINI2024-scaled.jpg","datePublished":"2024-04-10T11:17:51+00:00","breadcrumb":{"@id":"https:\/\/ofabskara.se\/no\/produkt\/baghall-gron-mini\/#breadcrumb"},"inLanguage":"nb-NO","potentialAction":[{"@type":"ReadAction","target":["https:\/\/ofabskara.se\/no\/produkt\/baghall-gron-mini\/"]}]},{"@type":"ImageObject","inLanguage":"nb-NO","@id":"https:\/\/ofabskara.se\/no\/produkt\/baghall-gron-mini\/#primaryimage","url":"https:\/\/ofabskara.se\/wp-content\/uploads\/2024\/04\/MINI2024-scaled.jpg","contentUrl":"https:\/\/ofabskara.se\/wp-content\/uploads\/2024\/04\/MINI2024-scaled.jpg","width":2560,"height":2091},{"@type":"BreadcrumbList","@id":"https:\/\/ofabskara.se\/no\/produkt\/baghall-gron-mini\/#breadcrumb","itemListElement":[{"@type":"ListItem","position":1,"name":"Home","item":"https:\/\/ofabskara.se\/no\/"},{"@type":"ListItem","position":2,"name":"Butik","item":"https:\/\/ofabskara.se\/sv\/butik\/"},{"@type":"ListItem","position":3,"name":"B\u00e5ghall gr\u00f6n mini"}]},{"@type":"WebSite","@id":"https:\/\/ofabskara.se\/sv\/#website","url":"https:\/\/ofabskara.se\/sv\/","name":"Ofab","description":"","potentialAction":[{"@type":"SearchAction","target":{"@type":"EntryPoint","urlTemplate":"https:\/\/ofabskara.se\/sv\/?s={search_term_string}"},"query-input":{"@type":"PropertyValueSpecification","valueRequired":true,"valueName":"search_term_string"}}],"inLanguage":"nb-NO"}]}},"_links":{"self":[{"href":"https:\/\/ofabskara.se\/no\/wp-json\/wp\/v2\/product\/44372","targetHints":{"allow":["GET"]}}],"collection":[{"href":"https:\/\/ofabskara.se\/no\/wp-json\/wp\/v2\/product"}],"about":[{"href":"https:\/\/ofabskara.se\/no\/wp-json\/wp\/v2\/types\/product"}],"replies":[{"embeddable":true,"href":"https:\/\/ofabskara.se\/no\/wp-json\/wp\/v2\/comments?post=44372"}],"wp:featuredmedia":[{"embeddable":true,"href":"https:\/\/ofabskara.se\/no\/wp-json\/wp\/v2\/media\/42221"}],"wp:attachment":[{"href":"https:\/\/ofabskara.se\/no\/wp-json\/wp\/v2\/media?parent=44372"}],"wp:term":[{"taxonomy":"product_brand","embeddable":true,"href":"https:\/\/ofabskara.se\/no\/wp-json\/wp\/v2\/product_brand?post=44372"},{"taxonomy":"product_cat","embeddable":true,"href":"https:\/\/ofabskara.se\/no\/wp-json\/wp\/v2\/product_cat?post=44372"},{"taxonomy":"product_tag","embeddable":true,"href":"https:\/\/ofabskara.se\/no\/wp-json\/wp\/v2\/product_tag?post=44372"}],"curies":[{"name":"wp","href":"https:\/\/api.w.org\/{rel}","templated":true}]}}