{"id":44395,"date":"2024-03-13T12:05:45","date_gmt":"2024-03-13T11:05:45","guid":{"rendered":"https:\/\/ofabskara.se\/produkt\/totem-easyswing-kopia\/"},"modified":"2026-03-30T14:31:34","modified_gmt":"2026-03-30T12:31:34","slug":"totem-easyswing-kopia","status":"publish","type":"product","link":"https:\/\/ofabskara.se\/no\/produkt\/totem-easyswing-kopia\/","title":{"rendered":"TOTEM Easyswing"},"content":{"rendered":"<p><iframe title=\"HOW TO MAKE OVER 100 COWS EXTREMELY HAPPY VERY QUICKLY !\" width=\"500\" height=\"281\" src=\"https:\/\/www.youtube.com\/embed\/9OFJgsEzEZs?feature=oembed&#038;enablejsapi=1&#038;origin=https:\/\/ofabskara.se\" frameborder=\"0\" allow=\"accelerometer; autoplay; clipboard-write; encrypted-media; gyroscope; picture-in-picture; web-share\" referrerpolicy=\"strict-origin-when-cross-origin\" allowfullscreen><\/iframe><\/p>\n<ul>\n<li><\/li>\n<li><\/li>\n<li><\/li>\n<\/ul>\n","protected":false},"excerpt":{"rendered":"<p><span dir=\"auto\">EasySwing Totem \u00e4r den ultimata utomhusborsten f\u00f6r n\u00f6tkreatur, gjord f\u00f6r djur som str\u00f6var omkring \u2013 och gnuggar \u2013 i betesmarker, hagar och utomhusinh\u00e4gnader. Totem \u00e4r tillverkad av slitstarka, v\u00e4derbest\u00e4ndiga material och klarar den tuffaste behandlingen fr\u00e5n djur som h\u00f6glandsboskap, bufflar och h\u00e4star, samtidigt som den st\u00e5r stark genom varje s\u00e4song. Oavsett om den installeras p\u00e5 mjuk jord, stenig terr\u00e4ng eller betong, ger denna l\u00e4ttsk\u00f6tta borste dina djur stor komfort och p\u00e5litlig prestanda till din g\u00e5rd. P\u00e4lsv\u00e5rd, kl\u00f6sande och stimulering \u2013 allt i ett tufft paket.<\/span><\/p>\n<p><span dir=\"auto\">Forskning st\u00f6der vad lantbrukare har observerat i \u00e5ratal \u2013 groomingverktyg som EasySwing-borstsystemen kan verkligen f\u00f6rb\u00e4ttra djurens v\u00e4lbefinnande. Studier visar att tillg\u00e5ng till mekaniska borstar minskar stressrelaterade beteenden och uppmuntrar naturliga groomingvanor, vilket i sin tur st\u00f6der hudh\u00e4lsan, f\u00f6rb\u00e4ttrar hygienen och till och med kan leda till \u00f6kad aktivitetsniv\u00e5. Dessa positiva effekter \u00e4r s\u00e4rskilt v\u00e4rdefulla i tr\u00e5nga eller t\u00e4ta milj\u00f6er, d\u00e4r djur annars kan ha sv\u00e5rt att uttrycka dessa beteenden naturligt.<\/span><\/p>\n<p><span dir=\"auto\">EasySwing Totem \u00e4r en station\u00e4r borste avsedd f\u00f6r utomhusbruk p\u00e5 \u00e5krar, hagar eller betesmarker. Till skillnad fr\u00e5n de gungande modellerna sitter Totem stadigt p\u00e5 plats och erbjuder en p\u00e5litlig groomingyta som djuren kan gnida sig mot n\u00e4r de vill. H\u00e4star, n\u00f6tkreatur och andra stora djur kan anv\u00e4nda den f\u00f6r att klia sig p\u00e5 sidorna, halsen och huvudet \u2013 omr\u00e5den som de ofta har sv\u00e5rt att n\u00e5 p\u00e5 egen hand. Dess robusta design s\u00e4kerst\u00e4ller att den f\u00f6rblir uppr\u00e4tt och funktionell i alla v\u00e4derf\u00f6rh\u00e5llanden, vilket ger djuren ett konstant och tillfredsst\u00e4llande s\u00e4tt att grooma sig sj\u00e4lva samtidigt som det minskar slitage p\u00e5 st\u00e4ngsel eller utfodringsutrustning.<\/span><\/p>\n","protected":false},"featured_media":47728,"comment_status":"closed","ping_status":"closed","template":"","meta":{"_acf_changed":false,"inline_featured_image":false},"product_brand":[],"product_cat":[3006,3051],"product_tag":[],"class_list":{"0":"post-44395","1":"product","2":"type-product","3":"status-publish","4":"has-post-thumbnail","6":"product_cat-notdjur","7":"product_cat-ryktborstar","9":"first","10":"instock","11":"taxable","12":"shipping-taxable","13":"purchasable","14":"product-type-simple"},"acf":[],"yoast_head":"<!-- This site is optimized with the Yoast SEO plugin v24.4 - https:\/\/yoast.com\/wordpress\/plugins\/seo\/ -->\n<title>TOTEM Easyswing - Ofab<\/title>\n<meta name=\"robots\" content=\"index, follow, max-snippet:-1, max-image-preview:large, max-video-preview:-1\" \/>\n<link rel=\"canonical\" href=\"https:\/\/ofabskara.se\/no\/produkt\/totem-easyswing-kopia\/\" \/>\n<meta property=\"og:locale\" content=\"nb_NO\" \/>\n<meta property=\"og:type\" content=\"article\" \/>\n<meta property=\"og:title\" content=\"TOTEM Easyswing - Ofab\" \/>\n<meta property=\"og:description\" content=\"EasySwing Totem \u00e4r den ultimata utomhusborsten f\u00f6r n\u00f6tkreatur, gjord f\u00f6r djur som str\u00f6var omkring \u2013 och gnuggar \u2013 i betesmarker, hagar och utomhusinh\u00e4gnader. Totem \u00e4r tillverkad av slitstarka, v\u00e4derbest\u00e4ndiga material och klarar den tuffaste behandlingen fr\u00e5n djur som h\u00f6glandsboskap, bufflar och h\u00e4star, samtidigt som den st\u00e5r stark genom varje s\u00e4song. Oavsett om den installeras p\u00e5 mjuk jord, stenig terr\u00e4ng eller betong, ger denna l\u00e4ttsk\u00f6tta borste dina djur stor komfort och p\u00e5litlig prestanda till din g\u00e5rd. P\u00e4lsv\u00e5rd, kl\u00f6sande och stimulering \u2013 allt i ett tufft paket.  Forskning st\u00f6der vad lantbrukare har observerat i \u00e5ratal \u2013 groomingverktyg som EasySwing-borstsystemen kan verkligen f\u00f6rb\u00e4ttra djurens v\u00e4lbefinnande. Studier visar att tillg\u00e5ng till mekaniska borstar minskar stressrelaterade beteenden och uppmuntrar naturliga groomingvanor, vilket i sin tur st\u00f6der hudh\u00e4lsan, f\u00f6rb\u00e4ttrar hygienen och till och med kan leda till \u00f6kad aktivitetsniv\u00e5. Dessa positiva effekter \u00e4r s\u00e4rskilt v\u00e4rdefulla i tr\u00e5nga eller t\u00e4ta milj\u00f6er, d\u00e4r djur annars kan ha sv\u00e5rt att uttrycka dessa beteenden naturligt.  EasySwing Totem \u00e4r en station\u00e4r borste avsedd f\u00f6r utomhusbruk p\u00e5 \u00e5krar, hagar eller betesmarker. Till skillnad fr\u00e5n de gungande modellerna sitter Totem stadigt p\u00e5 plats och erbjuder en p\u00e5litlig groomingyta som djuren kan gnida sig mot n\u00e4r de vill. H\u00e4star, n\u00f6tkreatur och andra stora djur kan anv\u00e4nda den f\u00f6r att klia sig p\u00e5 sidorna, halsen och huvudet \u2013 omr\u00e5den som de ofta har sv\u00e5rt att n\u00e5 p\u00e5 egen hand. Dess robusta design s\u00e4kerst\u00e4ller att den f\u00f6rblir uppr\u00e4tt och funktionell i alla v\u00e4derf\u00f6rh\u00e5llanden, vilket ger djuren ett konstant och tillfredsst\u00e4llande s\u00e4tt att grooma sig sj\u00e4lva samtidigt som det minskar slitage p\u00e5 st\u00e4ngsel eller utfodringsutrustning.\" \/>\n<meta property=\"og:url\" content=\"https:\/\/ofabskara.se\/no\/produkt\/totem-easyswing-kopia\/\" \/>\n<meta property=\"og:site_name\" content=\"Ofab\" \/>\n<meta property=\"article:modified_time\" content=\"2026-03-30T12:31:34+00:00\" \/>\n<meta property=\"og:image\" content=\"https:\/\/ofabskara.se\/wp-content\/uploads\/2024\/03\/totem-768x1216-1.webp\" \/>\n\t<meta property=\"og:image:width\" content=\"768\" \/>\n\t<meta property=\"og:image:height\" content=\"1216\" \/>\n\t<meta property=\"og:image:type\" content=\"image\/webp\" \/>\n<meta name=\"twitter:card\" content=\"summary_large_image\" \/>\n<meta name=\"twitter:label1\" content=\"Ansl. lesetid\" \/>\n\t<meta name=\"twitter:data1\" content=\"1 minutt\" \/>\n<script type=\"application\/ld+json\" class=\"yoast-schema-graph\">{\"@context\":\"https:\/\/schema.org\",\"@graph\":[{\"@type\":\"WebPage\",\"@id\":\"https:\/\/ofabskara.se\/no\/produkt\/totem-easyswing-kopia\/\",\"url\":\"https:\/\/ofabskara.se\/no\/produkt\/totem-easyswing-kopia\/\",\"name\":\"TOTEM Easyswing - Ofab\",\"isPartOf\":{\"@id\":\"https:\/\/ofabskara.se\/sv\/#website\"},\"primaryImageOfPage\":{\"@id\":\"https:\/\/ofabskara.se\/no\/produkt\/totem-easyswing-kopia\/#primaryimage\"},\"image\":{\"@id\":\"https:\/\/ofabskara.se\/no\/produkt\/totem-easyswing-kopia\/#primaryimage\"},\"thumbnailUrl\":\"https:\/\/ofabskara.se\/wp-content\/uploads\/2024\/03\/totem-768x1216-1.webp\",\"datePublished\":\"2024-03-13T11:05:45+00:00\",\"dateModified\":\"2026-03-30T12:31:34+00:00\",\"breadcrumb\":{\"@id\":\"https:\/\/ofabskara.se\/no\/produkt\/totem-easyswing-kopia\/#breadcrumb\"},\"inLanguage\":\"nb-NO\",\"potentialAction\":[{\"@type\":\"ReadAction\",\"target\":[\"https:\/\/ofabskara.se\/no\/produkt\/totem-easyswing-kopia\/\"]}]},{\"@type\":\"ImageObject\",\"inLanguage\":\"nb-NO\",\"@id\":\"https:\/\/ofabskara.se\/no\/produkt\/totem-easyswing-kopia\/#primaryimage\",\"url\":\"https:\/\/ofabskara.se\/wp-content\/uploads\/2024\/03\/totem-768x1216-1.webp\",\"contentUrl\":\"https:\/\/ofabskara.se\/wp-content\/uploads\/2024\/03\/totem-768x1216-1.webp\",\"width\":768,\"height\":1216},{\"@type\":\"BreadcrumbList\",\"@id\":\"https:\/\/ofabskara.se\/no\/produkt\/totem-easyswing-kopia\/#breadcrumb\",\"itemListElement\":[{\"@type\":\"ListItem\",\"position\":1,\"name\":\"Home\",\"item\":\"https:\/\/ofabskara.se\/no\/\"},{\"@type\":\"ListItem\",\"position\":2,\"name\":\"Butik\",\"item\":\"https:\/\/ofabskara.se\/sv\/butik\/\"},{\"@type\":\"ListItem\",\"position\":3,\"name\":\"TOTEM Easyswing\"}]},{\"@type\":\"WebSite\",\"@id\":\"https:\/\/ofabskara.se\/sv\/#website\",\"url\":\"https:\/\/ofabskara.se\/sv\/\",\"name\":\"Ofab\",\"description\":\"\",\"potentialAction\":[{\"@type\":\"SearchAction\",\"target\":{\"@type\":\"EntryPoint\",\"urlTemplate\":\"https:\/\/ofabskara.se\/sv\/?s={search_term_string}\"},\"query-input\":{\"@type\":\"PropertyValueSpecification\",\"valueRequired\":true,\"valueName\":\"search_term_string\"}}],\"inLanguage\":\"nb-NO\"}]}<\/script>\n<!-- \/ Yoast SEO plugin. -->","yoast_head_json":{"title":"TOTEM Easyswing - Ofab","robots":{"index":"index","follow":"follow","max-snippet":"max-snippet:-1","max-image-preview":"max-image-preview:large","max-video-preview":"max-video-preview:-1"},"canonical":"https:\/\/ofabskara.se\/no\/produkt\/totem-easyswing-kopia\/","og_locale":"nb_NO","og_type":"article","og_title":"TOTEM Easyswing - Ofab","og_description":"EasySwing Totem \u00e4r den ultimata utomhusborsten f\u00f6r n\u00f6tkreatur, gjord f\u00f6r djur som str\u00f6var omkring \u2013 och gnuggar \u2013 i betesmarker, hagar och utomhusinh\u00e4gnader. Totem \u00e4r tillverkad av slitstarka, v\u00e4derbest\u00e4ndiga material och klarar den tuffaste behandlingen fr\u00e5n djur som h\u00f6glandsboskap, bufflar och h\u00e4star, samtidigt som den st\u00e5r stark genom varje s\u00e4song. Oavsett om den installeras p\u00e5 mjuk jord, stenig terr\u00e4ng eller betong, ger denna l\u00e4ttsk\u00f6tta borste dina djur stor komfort och p\u00e5litlig prestanda till din g\u00e5rd. P\u00e4lsv\u00e5rd, kl\u00f6sande och stimulering \u2013 allt i ett tufft paket.  Forskning st\u00f6der vad lantbrukare har observerat i \u00e5ratal \u2013 groomingverktyg som EasySwing-borstsystemen kan verkligen f\u00f6rb\u00e4ttra djurens v\u00e4lbefinnande. Studier visar att tillg\u00e5ng till mekaniska borstar minskar stressrelaterade beteenden och uppmuntrar naturliga groomingvanor, vilket i sin tur st\u00f6der hudh\u00e4lsan, f\u00f6rb\u00e4ttrar hygienen och till och med kan leda till \u00f6kad aktivitetsniv\u00e5. Dessa positiva effekter \u00e4r s\u00e4rskilt v\u00e4rdefulla i tr\u00e5nga eller t\u00e4ta milj\u00f6er, d\u00e4r djur annars kan ha sv\u00e5rt att uttrycka dessa beteenden naturligt.  EasySwing Totem \u00e4r en station\u00e4r borste avsedd f\u00f6r utomhusbruk p\u00e5 \u00e5krar, hagar eller betesmarker. Till skillnad fr\u00e5n de gungande modellerna sitter Totem stadigt p\u00e5 plats och erbjuder en p\u00e5litlig groomingyta som djuren kan gnida sig mot n\u00e4r de vill. H\u00e4star, n\u00f6tkreatur och andra stora djur kan anv\u00e4nda den f\u00f6r att klia sig p\u00e5 sidorna, halsen och huvudet \u2013 omr\u00e5den som de ofta har sv\u00e5rt att n\u00e5 p\u00e5 egen hand. Dess robusta design s\u00e4kerst\u00e4ller att den f\u00f6rblir uppr\u00e4tt och funktionell i alla v\u00e4derf\u00f6rh\u00e5llanden, vilket ger djuren ett konstant och tillfredsst\u00e4llande s\u00e4tt att grooma sig sj\u00e4lva samtidigt som det minskar slitage p\u00e5 st\u00e4ngsel eller utfodringsutrustning.","og_url":"https:\/\/ofabskara.se\/no\/produkt\/totem-easyswing-kopia\/","og_site_name":"Ofab","article_modified_time":"2026-03-30T12:31:34+00:00","og_image":[{"width":768,"height":1216,"url":"https:\/\/ofabskara.se\/wp-content\/uploads\/2024\/03\/totem-768x1216-1.webp","type":"image\/webp"}],"twitter_card":"summary_large_image","twitter_misc":{"Ansl. lesetid":"1 minutt"},"schema":{"@context":"https:\/\/schema.org","@graph":[{"@type":"WebPage","@id":"https:\/\/ofabskara.se\/no\/produkt\/totem-easyswing-kopia\/","url":"https:\/\/ofabskara.se\/no\/produkt\/totem-easyswing-kopia\/","name":"TOTEM Easyswing - Ofab","isPartOf":{"@id":"https:\/\/ofabskara.se\/sv\/#website"},"primaryImageOfPage":{"@id":"https:\/\/ofabskara.se\/no\/produkt\/totem-easyswing-kopia\/#primaryimage"},"image":{"@id":"https:\/\/ofabskara.se\/no\/produkt\/totem-easyswing-kopia\/#primaryimage"},"thumbnailUrl":"https:\/\/ofabskara.se\/wp-content\/uploads\/2024\/03\/totem-768x1216-1.webp","datePublished":"2024-03-13T11:05:45+00:00","dateModified":"2026-03-30T12:31:34+00:00","breadcrumb":{"@id":"https:\/\/ofabskara.se\/no\/produkt\/totem-easyswing-kopia\/#breadcrumb"},"inLanguage":"nb-NO","potentialAction":[{"@type":"ReadAction","target":["https:\/\/ofabskara.se\/no\/produkt\/totem-easyswing-kopia\/"]}]},{"@type":"ImageObject","inLanguage":"nb-NO","@id":"https:\/\/ofabskara.se\/no\/produkt\/totem-easyswing-kopia\/#primaryimage","url":"https:\/\/ofabskara.se\/wp-content\/uploads\/2024\/03\/totem-768x1216-1.webp","contentUrl":"https:\/\/ofabskara.se\/wp-content\/uploads\/2024\/03\/totem-768x1216-1.webp","width":768,"height":1216},{"@type":"BreadcrumbList","@id":"https:\/\/ofabskara.se\/no\/produkt\/totem-easyswing-kopia\/#breadcrumb","itemListElement":[{"@type":"ListItem","position":1,"name":"Home","item":"https:\/\/ofabskara.se\/no\/"},{"@type":"ListItem","position":2,"name":"Butik","item":"https:\/\/ofabskara.se\/sv\/butik\/"},{"@type":"ListItem","position":3,"name":"TOTEM Easyswing"}]},{"@type":"WebSite","@id":"https:\/\/ofabskara.se\/sv\/#website","url":"https:\/\/ofabskara.se\/sv\/","name":"Ofab","description":"","potentialAction":[{"@type":"SearchAction","target":{"@type":"EntryPoint","urlTemplate":"https:\/\/ofabskara.se\/sv\/?s={search_term_string}"},"query-input":{"@type":"PropertyValueSpecification","valueRequired":true,"valueName":"search_term_string"}}],"inLanguage":"nb-NO"}]}},"_links":{"self":[{"href":"https:\/\/ofabskara.se\/no\/wp-json\/wp\/v2\/product\/44395","targetHints":{"allow":["GET"]}}],"collection":[{"href":"https:\/\/ofabskara.se\/no\/wp-json\/wp\/v2\/product"}],"about":[{"href":"https:\/\/ofabskara.se\/no\/wp-json\/wp\/v2\/types\/product"}],"replies":[{"embeddable":true,"href":"https:\/\/ofabskara.se\/no\/wp-json\/wp\/v2\/comments?post=44395"}],"wp:featuredmedia":[{"embeddable":true,"href":"https:\/\/ofabskara.se\/no\/wp-json\/wp\/v2\/media\/47728"}],"wp:attachment":[{"href":"https:\/\/ofabskara.se\/no\/wp-json\/wp\/v2\/media?parent=44395"}],"wp:term":[{"taxonomy":"product_brand","embeddable":true,"href":"https:\/\/ofabskara.se\/no\/wp-json\/wp\/v2\/product_brand?post=44395"},{"taxonomy":"product_cat","embeddable":true,"href":"https:\/\/ofabskara.se\/no\/wp-json\/wp\/v2\/product_cat?post=44395"},{"taxonomy":"product_tag","embeddable":true,"href":"https:\/\/ofabskara.se\/no\/wp-json\/wp\/v2\/product_tag?post=44395"}],"curies":[{"name":"wp","href":"https:\/\/api.w.org\/{rel}","templated":true}]}}