{"id":44576,"date":"2023-09-26T14:15:51","date_gmt":"2023-09-26T12:15:51","guid":{"rendered":"https:\/\/ofabskara.se\/produkt\/550-45-22-5-2\/"},"modified":"2023-09-26T14:15:51","modified_gmt":"2023-09-26T12:15:51","slug":"550-45-22-5-2","status":"publish","type":"product","link":"https:\/\/ofabskara.se\/no\/produkt\/550-45-22-5-2\/","title":{"rendered":"D\u00e4ck 550\/45-22.5 20pr FTB190"},"content":{"rendered":"<p><strong>Optimerad flotationsdesign: <\/strong>Reducerar jordpackningsskador och skyddar f\u00e4lten.<\/p>\n<p>Ger bra grepp. <span style=\"color: rgb(49 49 49 \/ var(--tw-text-opacity));\">Ger bra sj\u00e4lvrensande egenskaper.<\/span><\/p>\n<p><strong>F\u00f6rst\u00e4rkt stomkonstruktion:<\/strong> S\u00e4kerst\u00e4ller h\u00f6g lastkapacitet.<\/p>\n","protected":false},"excerpt":{"rendered":"<p>Optimerad flotationsdesign: Reducerar jordpackningsskador och skyddar f\u00e4lten. Ger bra grepp. Ger bra sj\u00e4lvrensande egenskaper. F\u00f6rst\u00e4rkt stomkonstruktion: S\u00e4kerst\u00e4ller h\u00f6g lastkapacitet.<\/p>\n","protected":false},"featured_media":9569,"comment_status":"open","ping_status":"closed","template":"","meta":{"_acf_changed":false,"inline_featured_image":false},"product_brand":[],"product_cat":[3105],"product_tag":[],"class_list":{"0":"post-44576","1":"product","2":"type-product","3":"status-publish","4":"has-post-thumbnail","6":"product_cat-hjul-axeltappar","7":"product_shipping_class-broson-frakt","8":"pa_bredd-3114","9":"pa_diameter-3115","10":"pa_dimension-550-45-22-5","12":"first","13":"instock","14":"taxable","15":"shipping-taxable","16":"purchasable","17":"product-type-simple"},"acf":[],"yoast_head":"<!-- This site is optimized with the Yoast SEO plugin v24.4 - https:\/\/yoast.com\/wordpress\/plugins\/seo\/ -->\n<title>D\u00e4ck 550\/45-22.5 20pr FTB190 - Ofab<\/title>\n<meta name=\"robots\" content=\"index, follow, max-snippet:-1, max-image-preview:large, max-video-preview:-1\" \/>\n<link rel=\"canonical\" href=\"https:\/\/ofabskara.se\/no\/produkt\/550-45-22-5-2\/\" \/>\n<meta property=\"og:locale\" content=\"nb_NO\" \/>\n<meta property=\"og:type\" content=\"article\" \/>\n<meta property=\"og:title\" content=\"D\u00e4ck 550\/45-22.5 20pr FTB190 - Ofab\" \/>\n<meta property=\"og:description\" content=\"Optimerad flotationsdesign: Reducerar jordpackningsskador och skyddar f\u00e4lten. Ger bra grepp. Ger bra sj\u00e4lvrensande egenskaper. F\u00f6rst\u00e4rkt stomkonstruktion: S\u00e4kerst\u00e4ller h\u00f6g lastkapacitet.\" \/>\n<meta property=\"og:url\" content=\"https:\/\/ofabskara.se\/no\/produkt\/550-45-22-5-2\/\" \/>\n<meta property=\"og:site_name\" content=\"Ofab\" \/>\n<meta name=\"twitter:card\" content=\"summary_large_image\" \/>\n<script type=\"application\/ld+json\" class=\"yoast-schema-graph\">{\"@context\":\"https:\/\/schema.org\",\"@graph\":[{\"@type\":\"WebPage\",\"@id\":\"https:\/\/ofabskara.se\/no\/produkt\/550-45-22-5-2\/\",\"url\":\"https:\/\/ofabskara.se\/no\/produkt\/550-45-22-5-2\/\",\"name\":\"D\u00e4ck 550\/45-22.5 20pr FTB190 - Ofab\",\"isPartOf\":{\"@id\":\"https:\/\/ofabskara.se\/sv\/#website\"},\"primaryImageOfPage\":{\"@id\":\"https:\/\/ofabskara.se\/no\/produkt\/550-45-22-5-2\/#primaryimage\"},\"image\":{\"@id\":\"https:\/\/ofabskara.se\/no\/produkt\/550-45-22-5-2\/#primaryimage\"},\"thumbnailUrl\":\"https:\/\/ofabskara.se\/wp-content\/uploads\/2023\/09\/FTB190.png\",\"datePublished\":\"2023-09-26T12:15:51+00:00\",\"breadcrumb\":{\"@id\":\"https:\/\/ofabskara.se\/no\/produkt\/550-45-22-5-2\/#breadcrumb\"},\"inLanguage\":\"nb-NO\",\"potentialAction\":[{\"@type\":\"ReadAction\",\"target\":[\"https:\/\/ofabskara.se\/no\/produkt\/550-45-22-5-2\/\"]}]},{\"@type\":\"ImageObject\",\"inLanguage\":\"nb-NO\",\"@id\":\"https:\/\/ofabskara.se\/no\/produkt\/550-45-22-5-2\/#primaryimage\",\"url\":\"https:\/\/ofabskara.se\/wp-content\/uploads\/2023\/09\/FTB190.png\",\"contentUrl\":\"https:\/\/ofabskara.se\/wp-content\/uploads\/2023\/09\/FTB190.png\",\"width\":733,\"height\":947},{\"@type\":\"BreadcrumbList\",\"@id\":\"https:\/\/ofabskara.se\/no\/produkt\/550-45-22-5-2\/#breadcrumb\",\"itemListElement\":[{\"@type\":\"ListItem\",\"position\":1,\"name\":\"Home\",\"item\":\"https:\/\/ofabskara.se\/no\/\"},{\"@type\":\"ListItem\",\"position\":2,\"name\":\"Butik\",\"item\":\"https:\/\/ofabskara.se\/sv\/butik\/\"},{\"@type\":\"ListItem\",\"position\":3,\"name\":\"D\u00e4ck 550\/45-22.5 20pr FTB190\"}]},{\"@type\":\"WebSite\",\"@id\":\"https:\/\/ofabskara.se\/sv\/#website\",\"url\":\"https:\/\/ofabskara.se\/sv\/\",\"name\":\"Ofab\",\"description\":\"\",\"potentialAction\":[{\"@type\":\"SearchAction\",\"target\":{\"@type\":\"EntryPoint\",\"urlTemplate\":\"https:\/\/ofabskara.se\/sv\/?s={search_term_string}\"},\"query-input\":{\"@type\":\"PropertyValueSpecification\",\"valueRequired\":true,\"valueName\":\"search_term_string\"}}],\"inLanguage\":\"nb-NO\"}]}<\/script>\n<!-- \/ Yoast SEO plugin. -->","yoast_head_json":{"title":"D\u00e4ck 550\/45-22.5 20pr FTB190 - Ofab","robots":{"index":"index","follow":"follow","max-snippet":"max-snippet:-1","max-image-preview":"max-image-preview:large","max-video-preview":"max-video-preview:-1"},"canonical":"https:\/\/ofabskara.se\/no\/produkt\/550-45-22-5-2\/","og_locale":"nb_NO","og_type":"article","og_title":"D\u00e4ck 550\/45-22.5 20pr FTB190 - Ofab","og_description":"Optimerad flotationsdesign: Reducerar jordpackningsskador och skyddar f\u00e4lten. Ger bra grepp. Ger bra sj\u00e4lvrensande egenskaper. F\u00f6rst\u00e4rkt stomkonstruktion: S\u00e4kerst\u00e4ller h\u00f6g lastkapacitet.","og_url":"https:\/\/ofabskara.se\/no\/produkt\/550-45-22-5-2\/","og_site_name":"Ofab","twitter_card":"summary_large_image","schema":{"@context":"https:\/\/schema.org","@graph":[{"@type":"WebPage","@id":"https:\/\/ofabskara.se\/no\/produkt\/550-45-22-5-2\/","url":"https:\/\/ofabskara.se\/no\/produkt\/550-45-22-5-2\/","name":"D\u00e4ck 550\/45-22.5 20pr FTB190 - Ofab","isPartOf":{"@id":"https:\/\/ofabskara.se\/sv\/#website"},"primaryImageOfPage":{"@id":"https:\/\/ofabskara.se\/no\/produkt\/550-45-22-5-2\/#primaryimage"},"image":{"@id":"https:\/\/ofabskara.se\/no\/produkt\/550-45-22-5-2\/#primaryimage"},"thumbnailUrl":"https:\/\/ofabskara.se\/wp-content\/uploads\/2023\/09\/FTB190.png","datePublished":"2023-09-26T12:15:51+00:00","breadcrumb":{"@id":"https:\/\/ofabskara.se\/no\/produkt\/550-45-22-5-2\/#breadcrumb"},"inLanguage":"nb-NO","potentialAction":[{"@type":"ReadAction","target":["https:\/\/ofabskara.se\/no\/produkt\/550-45-22-5-2\/"]}]},{"@type":"ImageObject","inLanguage":"nb-NO","@id":"https:\/\/ofabskara.se\/no\/produkt\/550-45-22-5-2\/#primaryimage","url":"https:\/\/ofabskara.se\/wp-content\/uploads\/2023\/09\/FTB190.png","contentUrl":"https:\/\/ofabskara.se\/wp-content\/uploads\/2023\/09\/FTB190.png","width":733,"height":947},{"@type":"BreadcrumbList","@id":"https:\/\/ofabskara.se\/no\/produkt\/550-45-22-5-2\/#breadcrumb","itemListElement":[{"@type":"ListItem","position":1,"name":"Home","item":"https:\/\/ofabskara.se\/no\/"},{"@type":"ListItem","position":2,"name":"Butik","item":"https:\/\/ofabskara.se\/sv\/butik\/"},{"@type":"ListItem","position":3,"name":"D\u00e4ck 550\/45-22.5 20pr FTB190"}]},{"@type":"WebSite","@id":"https:\/\/ofabskara.se\/sv\/#website","url":"https:\/\/ofabskara.se\/sv\/","name":"Ofab","description":"","potentialAction":[{"@type":"SearchAction","target":{"@type":"EntryPoint","urlTemplate":"https:\/\/ofabskara.se\/sv\/?s={search_term_string}"},"query-input":{"@type":"PropertyValueSpecification","valueRequired":true,"valueName":"search_term_string"}}],"inLanguage":"nb-NO"}]}},"_links":{"self":[{"href":"https:\/\/ofabskara.se\/no\/wp-json\/wp\/v2\/product\/44576","targetHints":{"allow":["GET"]}}],"collection":[{"href":"https:\/\/ofabskara.se\/no\/wp-json\/wp\/v2\/product"}],"about":[{"href":"https:\/\/ofabskara.se\/no\/wp-json\/wp\/v2\/types\/product"}],"replies":[{"embeddable":true,"href":"https:\/\/ofabskara.se\/no\/wp-json\/wp\/v2\/comments?post=44576"}],"wp:featuredmedia":[{"embeddable":true,"href":"https:\/\/ofabskara.se\/no\/wp-json\/wp\/v2\/media\/9569"}],"wp:attachment":[{"href":"https:\/\/ofabskara.se\/no\/wp-json\/wp\/v2\/media?parent=44576"}],"wp:term":[{"taxonomy":"product_brand","embeddable":true,"href":"https:\/\/ofabskara.se\/no\/wp-json\/wp\/v2\/product_brand?post=44576"},{"taxonomy":"product_cat","embeddable":true,"href":"https:\/\/ofabskara.se\/no\/wp-json\/wp\/v2\/product_cat?post=44576"},{"taxonomy":"product_tag","embeddable":true,"href":"https:\/\/ofabskara.se\/no\/wp-json\/wp\/v2\/product_tag?post=44576"}],"curies":[{"name":"wp","href":"https:\/\/api.w.org\/{rel}","templated":true}]}}