{"id":44586,"date":"2023-09-25T14:01:14","date_gmt":"2023-09-25T12:01:14","guid":{"rendered":"https:\/\/ofabskara.se\/produkt\/710-50r26-5\/"},"modified":"2023-09-25T14:01:14","modified_gmt":"2023-09-25T12:01:14","slug":"710-50r26-5","status":"publish","type":"product","link":"https:\/\/ofabskara.se\/no\/produkt\/710-50r26-5\/","title":{"rendered":"Radiald\u00e4ck 710\/50R26.5 170D"},"content":{"rendered":"<p>Utm\u00e4rkt f\u00f6r b\u00e5de v\u00e4g och g\u00e5rdsk\u00f6rningar. Ger bra driv och sj\u00e4lvrensning under f\u00e4ltdrift. F\u00f6rb\u00e4ttrad komfort , ger m\u00e5nga sk\u00f6na mil.<\/p>\n","protected":false},"excerpt":{"rendered":"<p>Utm\u00e4rkt f\u00f6r b\u00e5de v\u00e4g och g\u00e5rdsk\u00f6rningar. Ger bra driv och sj\u00e4lvrensning under f\u00e4ltdrift. F\u00f6rb\u00e4ttrad komfort , ger m\u00e5nga sk\u00f6na mil.<\/p>\n","protected":false},"featured_media":9568,"comment_status":"open","ping_status":"closed","template":"","meta":{"_acf_changed":false,"inline_featured_image":false},"product_brand":[],"product_cat":[3105],"product_tag":[],"class_list":{"0":"post-44586","1":"product","2":"type-product","3":"status-publish","4":"has-post-thumbnail","6":"product_cat-hjul-axeltappar","7":"product_shipping_class-broson-frakt","8":"pa_bredd-726mm","9":"pa_diameter-1383mm","10":"pa_dimension-710-50r26-5","11":"pa_km-h-3146","12":"pa_lager-170d","14":"first","15":"instock","16":"taxable","17":"shipping-taxable","18":"purchasable","19":"product-type-simple"},"acf":[],"yoast_head":"<!-- This site is optimized with the Yoast SEO plugin v24.4 - https:\/\/yoast.com\/wordpress\/plugins\/seo\/ -->\n<title>Radiald\u00e4ck 710\/50R26.5 170D - Ofab<\/title>\n<meta name=\"robots\" content=\"index, follow, max-snippet:-1, max-image-preview:large, max-video-preview:-1\" \/>\n<link rel=\"canonical\" href=\"https:\/\/ofabskara.se\/no\/produkt\/710-50r26-5\/\" \/>\n<meta property=\"og:locale\" content=\"nb_NO\" \/>\n<meta property=\"og:type\" content=\"article\" \/>\n<meta property=\"og:title\" content=\"Radiald\u00e4ck 710\/50R26.5 170D - Ofab\" \/>\n<meta property=\"og:description\" content=\"Utm\u00e4rkt f\u00f6r b\u00e5de v\u00e4g och g\u00e5rdsk\u00f6rningar. Ger bra driv och sj\u00e4lvrensning under f\u00e4ltdrift. F\u00f6rb\u00e4ttrad komfort , ger m\u00e5nga sk\u00f6na mil.\" \/>\n<meta property=\"og:url\" content=\"https:\/\/ofabskara.se\/no\/produkt\/710-50r26-5\/\" \/>\n<meta property=\"og:site_name\" content=\"Ofab\" \/>\n<meta name=\"twitter:card\" content=\"summary_large_image\" \/>\n<script type=\"application\/ld+json\" class=\"yoast-schema-graph\">{\"@context\":\"https:\/\/schema.org\",\"@graph\":[{\"@type\":\"WebPage\",\"@id\":\"https:\/\/ofabskara.se\/no\/produkt\/710-50r26-5\/\",\"url\":\"https:\/\/ofabskara.se\/no\/produkt\/710-50r26-5\/\",\"name\":\"Radiald\u00e4ck 710\/50R26.5 170D - Ofab\",\"isPartOf\":{\"@id\":\"https:\/\/ofabskara.se\/sv\/#website\"},\"primaryImageOfPage\":{\"@id\":\"https:\/\/ofabskara.se\/no\/produkt\/710-50r26-5\/#primaryimage\"},\"image\":{\"@id\":\"https:\/\/ofabskara.se\/no\/produkt\/710-50r26-5\/#primaryimage\"},\"thumbnailUrl\":\"https:\/\/ofabskara.se\/wp-content\/uploads\/2023\/09\/ftr170.png\",\"datePublished\":\"2023-09-25T12:01:14+00:00\",\"breadcrumb\":{\"@id\":\"https:\/\/ofabskara.se\/no\/produkt\/710-50r26-5\/#breadcrumb\"},\"inLanguage\":\"nb-NO\",\"potentialAction\":[{\"@type\":\"ReadAction\",\"target\":[\"https:\/\/ofabskara.se\/no\/produkt\/710-50r26-5\/\"]}]},{\"@type\":\"ImageObject\",\"inLanguage\":\"nb-NO\",\"@id\":\"https:\/\/ofabskara.se\/no\/produkt\/710-50r26-5\/#primaryimage\",\"url\":\"https:\/\/ofabskara.se\/wp-content\/uploads\/2023\/09\/ftr170.png\",\"contentUrl\":\"https:\/\/ofabskara.se\/wp-content\/uploads\/2023\/09\/ftr170.png\",\"width\":736,\"height\":799},{\"@type\":\"BreadcrumbList\",\"@id\":\"https:\/\/ofabskara.se\/no\/produkt\/710-50r26-5\/#breadcrumb\",\"itemListElement\":[{\"@type\":\"ListItem\",\"position\":1,\"name\":\"Home\",\"item\":\"https:\/\/ofabskara.se\/no\/\"},{\"@type\":\"ListItem\",\"position\":2,\"name\":\"Butik\",\"item\":\"https:\/\/ofabskara.se\/sv\/butik\/\"},{\"@type\":\"ListItem\",\"position\":3,\"name\":\"Radiald\u00e4ck 710\/50R26.5 170D\"}]},{\"@type\":\"WebSite\",\"@id\":\"https:\/\/ofabskara.se\/sv\/#website\",\"url\":\"https:\/\/ofabskara.se\/sv\/\",\"name\":\"Ofab\",\"description\":\"\",\"potentialAction\":[{\"@type\":\"SearchAction\",\"target\":{\"@type\":\"EntryPoint\",\"urlTemplate\":\"https:\/\/ofabskara.se\/sv\/?s={search_term_string}\"},\"query-input\":{\"@type\":\"PropertyValueSpecification\",\"valueRequired\":true,\"valueName\":\"search_term_string\"}}],\"inLanguage\":\"nb-NO\"}]}<\/script>\n<!-- \/ Yoast SEO plugin. -->","yoast_head_json":{"title":"Radiald\u00e4ck 710\/50R26.5 170D - Ofab","robots":{"index":"index","follow":"follow","max-snippet":"max-snippet:-1","max-image-preview":"max-image-preview:large","max-video-preview":"max-video-preview:-1"},"canonical":"https:\/\/ofabskara.se\/no\/produkt\/710-50r26-5\/","og_locale":"nb_NO","og_type":"article","og_title":"Radiald\u00e4ck 710\/50R26.5 170D - Ofab","og_description":"Utm\u00e4rkt f\u00f6r b\u00e5de v\u00e4g och g\u00e5rdsk\u00f6rningar. Ger bra driv och sj\u00e4lvrensning under f\u00e4ltdrift. F\u00f6rb\u00e4ttrad komfort , ger m\u00e5nga sk\u00f6na mil.","og_url":"https:\/\/ofabskara.se\/no\/produkt\/710-50r26-5\/","og_site_name":"Ofab","twitter_card":"summary_large_image","schema":{"@context":"https:\/\/schema.org","@graph":[{"@type":"WebPage","@id":"https:\/\/ofabskara.se\/no\/produkt\/710-50r26-5\/","url":"https:\/\/ofabskara.se\/no\/produkt\/710-50r26-5\/","name":"Radiald\u00e4ck 710\/50R26.5 170D - Ofab","isPartOf":{"@id":"https:\/\/ofabskara.se\/sv\/#website"},"primaryImageOfPage":{"@id":"https:\/\/ofabskara.se\/no\/produkt\/710-50r26-5\/#primaryimage"},"image":{"@id":"https:\/\/ofabskara.se\/no\/produkt\/710-50r26-5\/#primaryimage"},"thumbnailUrl":"https:\/\/ofabskara.se\/wp-content\/uploads\/2023\/09\/ftr170.png","datePublished":"2023-09-25T12:01:14+00:00","breadcrumb":{"@id":"https:\/\/ofabskara.se\/no\/produkt\/710-50r26-5\/#breadcrumb"},"inLanguage":"nb-NO","potentialAction":[{"@type":"ReadAction","target":["https:\/\/ofabskara.se\/no\/produkt\/710-50r26-5\/"]}]},{"@type":"ImageObject","inLanguage":"nb-NO","@id":"https:\/\/ofabskara.se\/no\/produkt\/710-50r26-5\/#primaryimage","url":"https:\/\/ofabskara.se\/wp-content\/uploads\/2023\/09\/ftr170.png","contentUrl":"https:\/\/ofabskara.se\/wp-content\/uploads\/2023\/09\/ftr170.png","width":736,"height":799},{"@type":"BreadcrumbList","@id":"https:\/\/ofabskara.se\/no\/produkt\/710-50r26-5\/#breadcrumb","itemListElement":[{"@type":"ListItem","position":1,"name":"Home","item":"https:\/\/ofabskara.se\/no\/"},{"@type":"ListItem","position":2,"name":"Butik","item":"https:\/\/ofabskara.se\/sv\/butik\/"},{"@type":"ListItem","position":3,"name":"Radiald\u00e4ck 710\/50R26.5 170D"}]},{"@type":"WebSite","@id":"https:\/\/ofabskara.se\/sv\/#website","url":"https:\/\/ofabskara.se\/sv\/","name":"Ofab","description":"","potentialAction":[{"@type":"SearchAction","target":{"@type":"EntryPoint","urlTemplate":"https:\/\/ofabskara.se\/sv\/?s={search_term_string}"},"query-input":{"@type":"PropertyValueSpecification","valueRequired":true,"valueName":"search_term_string"}}],"inLanguage":"nb-NO"}]}},"_links":{"self":[{"href":"https:\/\/ofabskara.se\/no\/wp-json\/wp\/v2\/product\/44586","targetHints":{"allow":["GET"]}}],"collection":[{"href":"https:\/\/ofabskara.se\/no\/wp-json\/wp\/v2\/product"}],"about":[{"href":"https:\/\/ofabskara.se\/no\/wp-json\/wp\/v2\/types\/product"}],"replies":[{"embeddable":true,"href":"https:\/\/ofabskara.se\/no\/wp-json\/wp\/v2\/comments?post=44586"}],"wp:featuredmedia":[{"embeddable":true,"href":"https:\/\/ofabskara.se\/no\/wp-json\/wp\/v2\/media\/9568"}],"wp:attachment":[{"href":"https:\/\/ofabskara.se\/no\/wp-json\/wp\/v2\/media?parent=44586"}],"wp:term":[{"taxonomy":"product_brand","embeddable":true,"href":"https:\/\/ofabskara.se\/no\/wp-json\/wp\/v2\/product_brand?post=44586"},{"taxonomy":"product_cat","embeddable":true,"href":"https:\/\/ofabskara.se\/no\/wp-json\/wp\/v2\/product_cat?post=44586"},{"taxonomy":"product_tag","embeddable":true,"href":"https:\/\/ofabskara.se\/no\/wp-json\/wp\/v2\/product_tag?post=44586"}],"curies":[{"name":"wp","href":"https:\/\/api.w.org\/{rel}","templated":true}]}}