{"id":44636,"date":"2023-09-20T15:08:14","date_gmt":"2023-09-20T13:08:14","guid":{"rendered":"https:\/\/ofabskara.se\/produkt\/traktor-radialdack-tdr650\/"},"modified":"2023-09-20T15:08:14","modified_gmt":"2023-09-20T13:08:14","slug":"traktor-radialdack-tdr650","status":"publish","type":"product","link":"https:\/\/ofabskara.se\/no\/produkt\/traktor-radialdack-tdr650\/","title":{"rendered":"Traktor Radiald\u00e4ck TDR650"},"content":{"rendered":"","protected":false},"excerpt":{"rendered":"<p><strong>Optimal m\u00f6nsterdesign:<\/strong><\/p>\n<ul>\n<li>Maximal prestanda p\u00e5 jord och v\u00e4g och l\u00e5ng livsl\u00e4ngd.<\/li>\n<li>Skonsamma mot jorden f\u00f6r att minimera jordpackning.<\/li>\n<\/ul>\n<p><strong>Dubbla \u201dmud breakers\u201d:<\/strong><\/p>\n<ul>\n<li>S\u00e4kerst\u00e4ller b\u00e4ttre sj\u00e4lvrensning och maximalt grepp.<\/li>\n<\/ul>\n<p><strong>St\u00f6rre m\u00f6nster\u00f6verlappning:<\/strong><\/p>\n<ul>\n<li>Ger en s\u00e4krare och komfortablare f\u00e4rd vid h\u00f6gre hastighet.<\/li>\n<\/ul>\n","protected":false},"featured_media":10466,"comment_status":"closed","ping_status":"closed","template":"","meta":{"_acf_changed":false,"inline_featured_image":false},"product_brand":[],"product_cat":[3105,3360],"product_tag":[],"class_list":{"0":"post-44636","1":"product","2":"type-product","3":"status-publish","4":"has-post-thumbnail","6":"product_cat-hjul-axeltappar","7":"product_cat-traktordack-radial-ascenso","9":"first","10":"instock","11":"taxable","12":"shipping-taxable","13":"product-type-grouped"},"acf":[],"yoast_head":"<!-- This site is optimized with the Yoast SEO plugin v24.4 - https:\/\/yoast.com\/wordpress\/plugins\/seo\/ -->\n<title>Traktor Radiald\u00e4ck TDR650 - Ofab<\/title>\n<meta name=\"robots\" content=\"index, follow, max-snippet:-1, max-image-preview:large, max-video-preview:-1\" \/>\n<link rel=\"canonical\" href=\"https:\/\/ofabskara.se\/no\/produkt\/traktor-radialdack-tdr650\/\" \/>\n<meta property=\"og:locale\" content=\"nb_NO\" \/>\n<meta property=\"og:type\" content=\"article\" \/>\n<meta property=\"og:title\" content=\"Traktor Radiald\u00e4ck TDR650 - Ofab\" \/>\n<meta property=\"og:description\" content=\"Optimal m\u00f6nsterdesign:   Maximal prestanda p\u00e5 jord och v\u00e4g och l\u00e5ng livsl\u00e4ngd.  Skonsamma mot jorden f\u00f6r att minimera jordpackning.  Dubbla \u201dmud breakers\u201d:   S\u00e4kerst\u00e4ller b\u00e4ttre sj\u00e4lvrensning och maximalt grepp.  St\u00f6rre m\u00f6nster\u00f6verlappning:   Ger en s\u00e4krare och komfortablare f\u00e4rd vid h\u00f6gre hastighet.\" \/>\n<meta property=\"og:url\" content=\"https:\/\/ofabskara.se\/no\/produkt\/traktor-radialdack-tdr650\/\" \/>\n<meta property=\"og:site_name\" content=\"Ofab\" \/>\n<meta name=\"twitter:card\" content=\"summary_large_image\" \/>\n<script type=\"application\/ld+json\" class=\"yoast-schema-graph\">{\"@context\":\"https:\/\/schema.org\",\"@graph\":[{\"@type\":\"WebPage\",\"@id\":\"https:\/\/ofabskara.se\/no\/produkt\/traktor-radialdack-tdr650\/\",\"url\":\"https:\/\/ofabskara.se\/no\/produkt\/traktor-radialdack-tdr650\/\",\"name\":\"Traktor Radiald\u00e4ck TDR650 - Ofab\",\"isPartOf\":{\"@id\":\"https:\/\/ofabskara.se\/sv\/#website\"},\"primaryImageOfPage\":{\"@id\":\"https:\/\/ofabskara.se\/no\/produkt\/traktor-radialdack-tdr650\/#primaryimage\"},\"image\":{\"@id\":\"https:\/\/ofabskara.se\/no\/produkt\/traktor-radialdack-tdr650\/#primaryimage\"},\"thumbnailUrl\":\"https:\/\/ofabskara.se\/wp-content\/uploads\/2023\/10\/TDR_650.jpg\",\"datePublished\":\"2023-09-20T13:08:14+00:00\",\"breadcrumb\":{\"@id\":\"https:\/\/ofabskara.se\/no\/produkt\/traktor-radialdack-tdr650\/#breadcrumb\"},\"inLanguage\":\"nb-NO\",\"potentialAction\":[{\"@type\":\"ReadAction\",\"target\":[\"https:\/\/ofabskara.se\/no\/produkt\/traktor-radialdack-tdr650\/\"]}]},{\"@type\":\"ImageObject\",\"inLanguage\":\"nb-NO\",\"@id\":\"https:\/\/ofabskara.se\/no\/produkt\/traktor-radialdack-tdr650\/#primaryimage\",\"url\":\"https:\/\/ofabskara.se\/wp-content\/uploads\/2023\/10\/TDR_650.jpg\",\"contentUrl\":\"https:\/\/ofabskara.se\/wp-content\/uploads\/2023\/10\/TDR_650.jpg\",\"width\":700,\"height\":700},{\"@type\":\"BreadcrumbList\",\"@id\":\"https:\/\/ofabskara.se\/no\/produkt\/traktor-radialdack-tdr650\/#breadcrumb\",\"itemListElement\":[{\"@type\":\"ListItem\",\"position\":1,\"name\":\"Home\",\"item\":\"https:\/\/ofabskara.se\/no\/\"},{\"@type\":\"ListItem\",\"position\":2,\"name\":\"Butik\",\"item\":\"https:\/\/ofabskara.se\/sv\/butik\/\"},{\"@type\":\"ListItem\",\"position\":3,\"name\":\"Traktor Radiald\u00e4ck TDR650\"}]},{\"@type\":\"WebSite\",\"@id\":\"https:\/\/ofabskara.se\/sv\/#website\",\"url\":\"https:\/\/ofabskara.se\/sv\/\",\"name\":\"Ofab\",\"description\":\"\",\"potentialAction\":[{\"@type\":\"SearchAction\",\"target\":{\"@type\":\"EntryPoint\",\"urlTemplate\":\"https:\/\/ofabskara.se\/sv\/?s={search_term_string}\"},\"query-input\":{\"@type\":\"PropertyValueSpecification\",\"valueRequired\":true,\"valueName\":\"search_term_string\"}}],\"inLanguage\":\"nb-NO\"}]}<\/script>\n<!-- \/ Yoast SEO plugin. -->","yoast_head_json":{"title":"Traktor Radiald\u00e4ck TDR650 - Ofab","robots":{"index":"index","follow":"follow","max-snippet":"max-snippet:-1","max-image-preview":"max-image-preview:large","max-video-preview":"max-video-preview:-1"},"canonical":"https:\/\/ofabskara.se\/no\/produkt\/traktor-radialdack-tdr650\/","og_locale":"nb_NO","og_type":"article","og_title":"Traktor Radiald\u00e4ck TDR650 - Ofab","og_description":"Optimal m\u00f6nsterdesign:   Maximal prestanda p\u00e5 jord och v\u00e4g och l\u00e5ng livsl\u00e4ngd.  Skonsamma mot jorden f\u00f6r att minimera jordpackning.  Dubbla \u201dmud breakers\u201d:   S\u00e4kerst\u00e4ller b\u00e4ttre sj\u00e4lvrensning och maximalt grepp.  St\u00f6rre m\u00f6nster\u00f6verlappning:   Ger en s\u00e4krare och komfortablare f\u00e4rd vid h\u00f6gre hastighet.","og_url":"https:\/\/ofabskara.se\/no\/produkt\/traktor-radialdack-tdr650\/","og_site_name":"Ofab","twitter_card":"summary_large_image","schema":{"@context":"https:\/\/schema.org","@graph":[{"@type":"WebPage","@id":"https:\/\/ofabskara.se\/no\/produkt\/traktor-radialdack-tdr650\/","url":"https:\/\/ofabskara.se\/no\/produkt\/traktor-radialdack-tdr650\/","name":"Traktor Radiald\u00e4ck TDR650 - Ofab","isPartOf":{"@id":"https:\/\/ofabskara.se\/sv\/#website"},"primaryImageOfPage":{"@id":"https:\/\/ofabskara.se\/no\/produkt\/traktor-radialdack-tdr650\/#primaryimage"},"image":{"@id":"https:\/\/ofabskara.se\/no\/produkt\/traktor-radialdack-tdr650\/#primaryimage"},"thumbnailUrl":"https:\/\/ofabskara.se\/wp-content\/uploads\/2023\/10\/TDR_650.jpg","datePublished":"2023-09-20T13:08:14+00:00","breadcrumb":{"@id":"https:\/\/ofabskara.se\/no\/produkt\/traktor-radialdack-tdr650\/#breadcrumb"},"inLanguage":"nb-NO","potentialAction":[{"@type":"ReadAction","target":["https:\/\/ofabskara.se\/no\/produkt\/traktor-radialdack-tdr650\/"]}]},{"@type":"ImageObject","inLanguage":"nb-NO","@id":"https:\/\/ofabskara.se\/no\/produkt\/traktor-radialdack-tdr650\/#primaryimage","url":"https:\/\/ofabskara.se\/wp-content\/uploads\/2023\/10\/TDR_650.jpg","contentUrl":"https:\/\/ofabskara.se\/wp-content\/uploads\/2023\/10\/TDR_650.jpg","width":700,"height":700},{"@type":"BreadcrumbList","@id":"https:\/\/ofabskara.se\/no\/produkt\/traktor-radialdack-tdr650\/#breadcrumb","itemListElement":[{"@type":"ListItem","position":1,"name":"Home","item":"https:\/\/ofabskara.se\/no\/"},{"@type":"ListItem","position":2,"name":"Butik","item":"https:\/\/ofabskara.se\/sv\/butik\/"},{"@type":"ListItem","position":3,"name":"Traktor Radiald\u00e4ck TDR650"}]},{"@type":"WebSite","@id":"https:\/\/ofabskara.se\/sv\/#website","url":"https:\/\/ofabskara.se\/sv\/","name":"Ofab","description":"","potentialAction":[{"@type":"SearchAction","target":{"@type":"EntryPoint","urlTemplate":"https:\/\/ofabskara.se\/sv\/?s={search_term_string}"},"query-input":{"@type":"PropertyValueSpecification","valueRequired":true,"valueName":"search_term_string"}}],"inLanguage":"nb-NO"}]}},"_links":{"self":[{"href":"https:\/\/ofabskara.se\/no\/wp-json\/wp\/v2\/product\/44636","targetHints":{"allow":["GET"]}}],"collection":[{"href":"https:\/\/ofabskara.se\/no\/wp-json\/wp\/v2\/product"}],"about":[{"href":"https:\/\/ofabskara.se\/no\/wp-json\/wp\/v2\/types\/product"}],"replies":[{"embeddable":true,"href":"https:\/\/ofabskara.se\/no\/wp-json\/wp\/v2\/comments?post=44636"}],"wp:featuredmedia":[{"embeddable":true,"href":"https:\/\/ofabskara.se\/no\/wp-json\/wp\/v2\/media\/10466"}],"wp:attachment":[{"href":"https:\/\/ofabskara.se\/no\/wp-json\/wp\/v2\/media?parent=44636"}],"wp:term":[{"taxonomy":"product_brand","embeddable":true,"href":"https:\/\/ofabskara.se\/no\/wp-json\/wp\/v2\/product_brand?post=44636"},{"taxonomy":"product_cat","embeddable":true,"href":"https:\/\/ofabskara.se\/no\/wp-json\/wp\/v2\/product_cat?post=44636"},{"taxonomy":"product_tag","embeddable":true,"href":"https:\/\/ofabskara.se\/no\/wp-json\/wp\/v2\/product_tag?post=44636"}],"curies":[{"name":"wp","href":"https:\/\/api.w.org\/{rel}","templated":true}]}}