{"id":44640,"date":"2023-09-20T13:56:10","date_gmt":"2023-09-20T11:56:10","guid":{"rendered":"https:\/\/ofabskara.se\/produkt\/ram-m-skjutdorr-iae\/"},"modified":"2023-09-20T13:56:10","modified_gmt":"2023-09-20T11:56:10","slug":"ram-m-skjutdorr-iae","status":"publish","type":"product","link":"https:\/\/ofabskara.se\/no\/produkt\/ram-m-skjutdorr-iae\/","title":{"rendered":"Ram med skjutd\u00f6rr IAE"},"content":{"rendered":"<p>Skjutd\u00f6rr i kraftig ramkonstruktion fr\u00e5n IAE.<\/p>\n<p>&nbsp;<\/p>\n<p>&nbsp;<\/p>\n","protected":false},"excerpt":{"rendered":"<p>Skjutd\u00f6rr i kraftig ramkonstruktion fr\u00e5n IAE. &nbsp; &nbsp;<\/p>\n","protected":false},"featured_media":42177,"comment_status":"open","ping_status":"closed","template":"","meta":{"_acf_changed":false,"inline_featured_image":false},"product_brand":[],"product_cat":[3085,3084],"product_tag":[],"class_list":{"0":"post-44640","1":"product","2":"type-product","3":"status-publish","4":"has-post-thumbnail","6":"product_cat-behandlingsburar-balkvag-notdjur","7":"product_cat-behandlingssystem","8":"pa_bredd-84-cm","9":"pa_hojd-216-cm","11":"first","12":"outofstock","13":"taxable","14":"shipping-taxable","15":"purchasable","16":"product-type-simple"},"acf":[],"yoast_head":"<!-- This site is optimized with the Yoast SEO plugin v24.4 - https:\/\/yoast.com\/wordpress\/plugins\/seo\/ -->\n<title>Ram med skjutd\u00f6rr IAE - Ofab<\/title>\n<meta name=\"robots\" content=\"index, follow, max-snippet:-1, max-image-preview:large, max-video-preview:-1\" \/>\n<link rel=\"canonical\" href=\"https:\/\/ofabskara.se\/no\/produkt\/ram-m-skjutdorr-iae\/\" \/>\n<meta property=\"og:locale\" content=\"nb_NO\" \/>\n<meta property=\"og:type\" content=\"article\" \/>\n<meta property=\"og:title\" content=\"Ram med skjutd\u00f6rr IAE - Ofab\" \/>\n<meta property=\"og:description\" content=\"Skjutd\u00f6rr i kraftig ramkonstruktion fr\u00e5n IAE. &nbsp; &nbsp;\" \/>\n<meta property=\"og:url\" content=\"https:\/\/ofabskara.se\/no\/produkt\/ram-m-skjutdorr-iae\/\" \/>\n<meta property=\"og:site_name\" content=\"Ofab\" \/>\n<meta name=\"twitter:card\" content=\"summary_large_image\" \/>\n<script type=\"application\/ld+json\" class=\"yoast-schema-graph\">{\"@context\":\"https:\/\/schema.org\",\"@graph\":[{\"@type\":\"WebPage\",\"@id\":\"https:\/\/ofabskara.se\/no\/produkt\/ram-m-skjutdorr-iae\/\",\"url\":\"https:\/\/ofabskara.se\/no\/produkt\/ram-m-skjutdorr-iae\/\",\"name\":\"Ram med skjutd\u00f6rr IAE - Ofab\",\"isPartOf\":{\"@id\":\"https:\/\/ofabskara.se\/sv\/#website\"},\"primaryImageOfPage\":{\"@id\":\"https:\/\/ofabskara.se\/no\/produkt\/ram-m-skjutdorr-iae\/#primaryimage\"},\"image\":{\"@id\":\"https:\/\/ofabskara.se\/no\/produkt\/ram-m-skjutdorr-iae\/#primaryimage\"},\"thumbnailUrl\":\"https:\/\/ofabskara.se\/wp-content\/uploads\/2023\/09\/F040-2008-01-Sliding-gate-in-race-arch-1024x546-1.jpg\",\"datePublished\":\"2023-09-20T11:56:10+00:00\",\"breadcrumb\":{\"@id\":\"https:\/\/ofabskara.se\/no\/produkt\/ram-m-skjutdorr-iae\/#breadcrumb\"},\"inLanguage\":\"nb-NO\",\"potentialAction\":[{\"@type\":\"ReadAction\",\"target\":[\"https:\/\/ofabskara.se\/no\/produkt\/ram-m-skjutdorr-iae\/\"]}]},{\"@type\":\"ImageObject\",\"inLanguage\":\"nb-NO\",\"@id\":\"https:\/\/ofabskara.se\/no\/produkt\/ram-m-skjutdorr-iae\/#primaryimage\",\"url\":\"https:\/\/ofabskara.se\/wp-content\/uploads\/2023\/09\/F040-2008-01-Sliding-gate-in-race-arch-1024x546-1.jpg\",\"contentUrl\":\"https:\/\/ofabskara.se\/wp-content\/uploads\/2023\/09\/F040-2008-01-Sliding-gate-in-race-arch-1024x546-1.jpg\",\"width\":1024,\"height\":546},{\"@type\":\"BreadcrumbList\",\"@id\":\"https:\/\/ofabskara.se\/no\/produkt\/ram-m-skjutdorr-iae\/#breadcrumb\",\"itemListElement\":[{\"@type\":\"ListItem\",\"position\":1,\"name\":\"Home\",\"item\":\"https:\/\/ofabskara.se\/no\/\"},{\"@type\":\"ListItem\",\"position\":2,\"name\":\"Butik\",\"item\":\"https:\/\/ofabskara.se\/sv\/butik\/\"},{\"@type\":\"ListItem\",\"position\":3,\"name\":\"Ram med skjutd\u00f6rr IAE\"}]},{\"@type\":\"WebSite\",\"@id\":\"https:\/\/ofabskara.se\/sv\/#website\",\"url\":\"https:\/\/ofabskara.se\/sv\/\",\"name\":\"Ofab\",\"description\":\"\",\"potentialAction\":[{\"@type\":\"SearchAction\",\"target\":{\"@type\":\"EntryPoint\",\"urlTemplate\":\"https:\/\/ofabskara.se\/sv\/?s={search_term_string}\"},\"query-input\":{\"@type\":\"PropertyValueSpecification\",\"valueRequired\":true,\"valueName\":\"search_term_string\"}}],\"inLanguage\":\"nb-NO\"}]}<\/script>\n<!-- \/ Yoast SEO plugin. -->","yoast_head_json":{"title":"Ram med skjutd\u00f6rr IAE - Ofab","robots":{"index":"index","follow":"follow","max-snippet":"max-snippet:-1","max-image-preview":"max-image-preview:large","max-video-preview":"max-video-preview:-1"},"canonical":"https:\/\/ofabskara.se\/no\/produkt\/ram-m-skjutdorr-iae\/","og_locale":"nb_NO","og_type":"article","og_title":"Ram med skjutd\u00f6rr IAE - Ofab","og_description":"Skjutd\u00f6rr i kraftig ramkonstruktion fr\u00e5n IAE. &nbsp; &nbsp;","og_url":"https:\/\/ofabskara.se\/no\/produkt\/ram-m-skjutdorr-iae\/","og_site_name":"Ofab","twitter_card":"summary_large_image","schema":{"@context":"https:\/\/schema.org","@graph":[{"@type":"WebPage","@id":"https:\/\/ofabskara.se\/no\/produkt\/ram-m-skjutdorr-iae\/","url":"https:\/\/ofabskara.se\/no\/produkt\/ram-m-skjutdorr-iae\/","name":"Ram med skjutd\u00f6rr IAE - Ofab","isPartOf":{"@id":"https:\/\/ofabskara.se\/sv\/#website"},"primaryImageOfPage":{"@id":"https:\/\/ofabskara.se\/no\/produkt\/ram-m-skjutdorr-iae\/#primaryimage"},"image":{"@id":"https:\/\/ofabskara.se\/no\/produkt\/ram-m-skjutdorr-iae\/#primaryimage"},"thumbnailUrl":"https:\/\/ofabskara.se\/wp-content\/uploads\/2023\/09\/F040-2008-01-Sliding-gate-in-race-arch-1024x546-1.jpg","datePublished":"2023-09-20T11:56:10+00:00","breadcrumb":{"@id":"https:\/\/ofabskara.se\/no\/produkt\/ram-m-skjutdorr-iae\/#breadcrumb"},"inLanguage":"nb-NO","potentialAction":[{"@type":"ReadAction","target":["https:\/\/ofabskara.se\/no\/produkt\/ram-m-skjutdorr-iae\/"]}]},{"@type":"ImageObject","inLanguage":"nb-NO","@id":"https:\/\/ofabskara.se\/no\/produkt\/ram-m-skjutdorr-iae\/#primaryimage","url":"https:\/\/ofabskara.se\/wp-content\/uploads\/2023\/09\/F040-2008-01-Sliding-gate-in-race-arch-1024x546-1.jpg","contentUrl":"https:\/\/ofabskara.se\/wp-content\/uploads\/2023\/09\/F040-2008-01-Sliding-gate-in-race-arch-1024x546-1.jpg","width":1024,"height":546},{"@type":"BreadcrumbList","@id":"https:\/\/ofabskara.se\/no\/produkt\/ram-m-skjutdorr-iae\/#breadcrumb","itemListElement":[{"@type":"ListItem","position":1,"name":"Home","item":"https:\/\/ofabskara.se\/no\/"},{"@type":"ListItem","position":2,"name":"Butik","item":"https:\/\/ofabskara.se\/sv\/butik\/"},{"@type":"ListItem","position":3,"name":"Ram med skjutd\u00f6rr IAE"}]},{"@type":"WebSite","@id":"https:\/\/ofabskara.se\/sv\/#website","url":"https:\/\/ofabskara.se\/sv\/","name":"Ofab","description":"","potentialAction":[{"@type":"SearchAction","target":{"@type":"EntryPoint","urlTemplate":"https:\/\/ofabskara.se\/sv\/?s={search_term_string}"},"query-input":{"@type":"PropertyValueSpecification","valueRequired":true,"valueName":"search_term_string"}}],"inLanguage":"nb-NO"}]}},"_links":{"self":[{"href":"https:\/\/ofabskara.se\/no\/wp-json\/wp\/v2\/product\/44640","targetHints":{"allow":["GET"]}}],"collection":[{"href":"https:\/\/ofabskara.se\/no\/wp-json\/wp\/v2\/product"}],"about":[{"href":"https:\/\/ofabskara.se\/no\/wp-json\/wp\/v2\/types\/product"}],"replies":[{"embeddable":true,"href":"https:\/\/ofabskara.se\/no\/wp-json\/wp\/v2\/comments?post=44640"}],"wp:featuredmedia":[{"embeddable":true,"href":"https:\/\/ofabskara.se\/no\/wp-json\/wp\/v2\/media\/42177"}],"wp:attachment":[{"href":"https:\/\/ofabskara.se\/no\/wp-json\/wp\/v2\/media?parent=44640"}],"wp:term":[{"taxonomy":"product_brand","embeddable":true,"href":"https:\/\/ofabskara.se\/no\/wp-json\/wp\/v2\/product_brand?post=44640"},{"taxonomy":"product_cat","embeddable":true,"href":"https:\/\/ofabskara.se\/no\/wp-json\/wp\/v2\/product_cat?post=44640"},{"taxonomy":"product_tag","embeddable":true,"href":"https:\/\/ofabskara.se\/no\/wp-json\/wp\/v2\/product_tag?post=44640"}],"curies":[{"name":"wp","href":"https:\/\/api.w.org\/{rel}","templated":true}]}}