{"id":44692,"date":"2023-04-20T13:02:13","date_gmt":"2023-04-20T11:02:13","guid":{"rendered":"https:\/\/ofabskara.se\/produkt\/byggbar-pinnfront\/"},"modified":"2026-03-02T13:36:54","modified_gmt":"2026-03-02T12:36:54","slug":"byggbar-pinnfront","status":"publish","type":"product","link":"https:\/\/ofabskara.se\/no\/produkt\/byggbar-pinnfront\/","title":{"rendered":"Byggbar pinnfront"},"content":{"rendered":"","protected":false},"excerpt":{"rendered":"<ul>\n<li><strong>Byggbar pinnfront som m\u00f6jligg\u00f6r en m\u00e4ngd olika montagem\u00f6jligheter.<\/strong><\/li>\n<li><strong>Justerbar i totall\u00e4ngd och g\u00e5r att anpassa i hur m\u00e5nga pinnar du vill ha p\u00e5 \u00f6nskad l\u00e4ngd.<\/strong><\/li>\n<li><strong>Mycket kraftig konstruktion.<\/strong><\/li>\n<li><strong>Rekommenderas att anv\u00e4nda 1st f\u00f6rst\u00e4rkning (TR4016) vid montering av pinnfront p\u00e5 4m och 2st f\u00f6rst\u00e4rkningar p\u00e5 5-6m.<\/strong><\/li>\n<\/ul>\n","protected":false},"featured_media":47385,"comment_status":"closed","ping_status":"closed","template":"","meta":{"_acf_changed":false,"inline_featured_image":false},"product_brand":[],"product_cat":[3534,3022,3006],"product_tag":[],"class_list":{"0":"post-44692","1":"product","2":"type-product","3":"status-publish","4":"has-post-thumbnail","6":"product_cat-byggbar-pinnfront","7":"product_cat-foderfront-for-notkreatur","8":"product_cat-notdjur","10":"first","11":"instock","12":"taxable","13":"shipping-taxable","14":"product-type-grouped"},"acf":[],"yoast_head":"<!-- This site is optimized with the Yoast SEO plugin v24.4 - https:\/\/yoast.com\/wordpress\/plugins\/seo\/ -->\n<title>Byggbar pinnfront - Ofab<\/title>\n<meta name=\"robots\" content=\"index, follow, max-snippet:-1, max-image-preview:large, max-video-preview:-1\" \/>\n<link rel=\"canonical\" href=\"https:\/\/ofabskara.se\/no\/produkt\/byggbar-pinnfront\/\" \/>\n<meta property=\"og:locale\" content=\"nb_NO\" \/>\n<meta property=\"og:type\" content=\"article\" \/>\n<meta property=\"og:title\" content=\"Byggbar pinnfront - Ofab\" \/>\n<meta property=\"og:description\" content=\"Byggbar pinnfront som m\u00f6jligg\u00f6r en m\u00e4ngd olika montagem\u00f6jligheter.  Justerbar i totall\u00e4ngd och g\u00e5r att anpassa i hur m\u00e5nga pinnar du vill ha p\u00e5 \u00f6nskad l\u00e4ngd.  Mycket kraftig konstruktion.  Rekommenderas att anv\u00e4nda 1st f\u00f6rst\u00e4rkning (TR4016) vid montering av pinnfront p\u00e5 4m och 2st f\u00f6rst\u00e4rkningar p\u00e5 5-6m.\" \/>\n<meta property=\"og:url\" content=\"https:\/\/ofabskara.se\/no\/produkt\/byggbar-pinnfront\/\" \/>\n<meta property=\"og:site_name\" content=\"Ofab\" \/>\n<meta property=\"article:modified_time\" content=\"2026-03-02T12:36:54+00:00\" \/>\n<meta property=\"og:image\" content=\"https:\/\/ofabskara.se\/wp-content\/uploads\/2023\/04\/PO0501_2.jpg\" \/>\n\t<meta property=\"og:image:width\" content=\"2048\" \/>\n\t<meta property=\"og:image:height\" content=\"1365\" \/>\n\t<meta property=\"og:image:type\" content=\"image\/jpeg\" \/>\n<meta name=\"twitter:card\" content=\"summary_large_image\" \/>\n<script type=\"application\/ld+json\" class=\"yoast-schema-graph\">{\"@context\":\"https:\/\/schema.org\",\"@graph\":[{\"@type\":\"WebPage\",\"@id\":\"https:\/\/ofabskara.se\/no\/produkt\/byggbar-pinnfront\/\",\"url\":\"https:\/\/ofabskara.se\/no\/produkt\/byggbar-pinnfront\/\",\"name\":\"Byggbar pinnfront - Ofab\",\"isPartOf\":{\"@id\":\"https:\/\/ofabskara.se\/sv\/#website\"},\"primaryImageOfPage\":{\"@id\":\"https:\/\/ofabskara.se\/no\/produkt\/byggbar-pinnfront\/#primaryimage\"},\"image\":{\"@id\":\"https:\/\/ofabskara.se\/no\/produkt\/byggbar-pinnfront\/#primaryimage\"},\"thumbnailUrl\":\"https:\/\/ofabskara.se\/wp-content\/uploads\/2023\/04\/PO0501_2.jpg\",\"datePublished\":\"2023-04-20T11:02:13+00:00\",\"dateModified\":\"2026-03-02T12:36:54+00:00\",\"breadcrumb\":{\"@id\":\"https:\/\/ofabskara.se\/no\/produkt\/byggbar-pinnfront\/#breadcrumb\"},\"inLanguage\":\"nb-NO\",\"potentialAction\":[{\"@type\":\"ReadAction\",\"target\":[\"https:\/\/ofabskara.se\/no\/produkt\/byggbar-pinnfront\/\"]}]},{\"@type\":\"ImageObject\",\"inLanguage\":\"nb-NO\",\"@id\":\"https:\/\/ofabskara.se\/no\/produkt\/byggbar-pinnfront\/#primaryimage\",\"url\":\"https:\/\/ofabskara.se\/wp-content\/uploads\/2023\/04\/PO0501_2.jpg\",\"contentUrl\":\"https:\/\/ofabskara.se\/wp-content\/uploads\/2023\/04\/PO0501_2.jpg\",\"width\":2048,\"height\":1365},{\"@type\":\"BreadcrumbList\",\"@id\":\"https:\/\/ofabskara.se\/no\/produkt\/byggbar-pinnfront\/#breadcrumb\",\"itemListElement\":[{\"@type\":\"ListItem\",\"position\":1,\"name\":\"Home\",\"item\":\"https:\/\/ofabskara.se\/no\/\"},{\"@type\":\"ListItem\",\"position\":2,\"name\":\"Butik\",\"item\":\"https:\/\/ofabskara.se\/sv\/butik\/\"},{\"@type\":\"ListItem\",\"position\":3,\"name\":\"Byggbar pinnfront\"}]},{\"@type\":\"WebSite\",\"@id\":\"https:\/\/ofabskara.se\/sv\/#website\",\"url\":\"https:\/\/ofabskara.se\/sv\/\",\"name\":\"Ofab\",\"description\":\"\",\"potentialAction\":[{\"@type\":\"SearchAction\",\"target\":{\"@type\":\"EntryPoint\",\"urlTemplate\":\"https:\/\/ofabskara.se\/sv\/?s={search_term_string}\"},\"query-input\":{\"@type\":\"PropertyValueSpecification\",\"valueRequired\":true,\"valueName\":\"search_term_string\"}}],\"inLanguage\":\"nb-NO\"}]}<\/script>\n<!-- \/ Yoast SEO plugin. -->","yoast_head_json":{"title":"Byggbar pinnfront - Ofab","robots":{"index":"index","follow":"follow","max-snippet":"max-snippet:-1","max-image-preview":"max-image-preview:large","max-video-preview":"max-video-preview:-1"},"canonical":"https:\/\/ofabskara.se\/no\/produkt\/byggbar-pinnfront\/","og_locale":"nb_NO","og_type":"article","og_title":"Byggbar pinnfront - Ofab","og_description":"Byggbar pinnfront som m\u00f6jligg\u00f6r en m\u00e4ngd olika montagem\u00f6jligheter.  Justerbar i totall\u00e4ngd och g\u00e5r att anpassa i hur m\u00e5nga pinnar du vill ha p\u00e5 \u00f6nskad l\u00e4ngd.  Mycket kraftig konstruktion.  Rekommenderas att anv\u00e4nda 1st f\u00f6rst\u00e4rkning (TR4016) vid montering av pinnfront p\u00e5 4m och 2st f\u00f6rst\u00e4rkningar p\u00e5 5-6m.","og_url":"https:\/\/ofabskara.se\/no\/produkt\/byggbar-pinnfront\/","og_site_name":"Ofab","article_modified_time":"2026-03-02T12:36:54+00:00","og_image":[{"width":2048,"height":1365,"url":"https:\/\/ofabskara.se\/wp-content\/uploads\/2023\/04\/PO0501_2.jpg","type":"image\/jpeg"}],"twitter_card":"summary_large_image","schema":{"@context":"https:\/\/schema.org","@graph":[{"@type":"WebPage","@id":"https:\/\/ofabskara.se\/no\/produkt\/byggbar-pinnfront\/","url":"https:\/\/ofabskara.se\/no\/produkt\/byggbar-pinnfront\/","name":"Byggbar pinnfront - Ofab","isPartOf":{"@id":"https:\/\/ofabskara.se\/sv\/#website"},"primaryImageOfPage":{"@id":"https:\/\/ofabskara.se\/no\/produkt\/byggbar-pinnfront\/#primaryimage"},"image":{"@id":"https:\/\/ofabskara.se\/no\/produkt\/byggbar-pinnfront\/#primaryimage"},"thumbnailUrl":"https:\/\/ofabskara.se\/wp-content\/uploads\/2023\/04\/PO0501_2.jpg","datePublished":"2023-04-20T11:02:13+00:00","dateModified":"2026-03-02T12:36:54+00:00","breadcrumb":{"@id":"https:\/\/ofabskara.se\/no\/produkt\/byggbar-pinnfront\/#breadcrumb"},"inLanguage":"nb-NO","potentialAction":[{"@type":"ReadAction","target":["https:\/\/ofabskara.se\/no\/produkt\/byggbar-pinnfront\/"]}]},{"@type":"ImageObject","inLanguage":"nb-NO","@id":"https:\/\/ofabskara.se\/no\/produkt\/byggbar-pinnfront\/#primaryimage","url":"https:\/\/ofabskara.se\/wp-content\/uploads\/2023\/04\/PO0501_2.jpg","contentUrl":"https:\/\/ofabskara.se\/wp-content\/uploads\/2023\/04\/PO0501_2.jpg","width":2048,"height":1365},{"@type":"BreadcrumbList","@id":"https:\/\/ofabskara.se\/no\/produkt\/byggbar-pinnfront\/#breadcrumb","itemListElement":[{"@type":"ListItem","position":1,"name":"Home","item":"https:\/\/ofabskara.se\/no\/"},{"@type":"ListItem","position":2,"name":"Butik","item":"https:\/\/ofabskara.se\/sv\/butik\/"},{"@type":"ListItem","position":3,"name":"Byggbar pinnfront"}]},{"@type":"WebSite","@id":"https:\/\/ofabskara.se\/sv\/#website","url":"https:\/\/ofabskara.se\/sv\/","name":"Ofab","description":"","potentialAction":[{"@type":"SearchAction","target":{"@type":"EntryPoint","urlTemplate":"https:\/\/ofabskara.se\/sv\/?s={search_term_string}"},"query-input":{"@type":"PropertyValueSpecification","valueRequired":true,"valueName":"search_term_string"}}],"inLanguage":"nb-NO"}]}},"_links":{"self":[{"href":"https:\/\/ofabskara.se\/no\/wp-json\/wp\/v2\/product\/44692","targetHints":{"allow":["GET"]}}],"collection":[{"href":"https:\/\/ofabskara.se\/no\/wp-json\/wp\/v2\/product"}],"about":[{"href":"https:\/\/ofabskara.se\/no\/wp-json\/wp\/v2\/types\/product"}],"replies":[{"embeddable":true,"href":"https:\/\/ofabskara.se\/no\/wp-json\/wp\/v2\/comments?post=44692"}],"wp:featuredmedia":[{"embeddable":true,"href":"https:\/\/ofabskara.se\/no\/wp-json\/wp\/v2\/media\/47385"}],"wp:attachment":[{"href":"https:\/\/ofabskara.se\/no\/wp-json\/wp\/v2\/media?parent=44692"}],"wp:term":[{"taxonomy":"product_brand","embeddable":true,"href":"https:\/\/ofabskara.se\/no\/wp-json\/wp\/v2\/product_brand?post=44692"},{"taxonomy":"product_cat","embeddable":true,"href":"https:\/\/ofabskara.se\/no\/wp-json\/wp\/v2\/product_cat?post=44692"},{"taxonomy":"product_tag","embeddable":true,"href":"https:\/\/ofabskara.se\/no\/wp-json\/wp\/v2\/product_tag?post=44692"}],"curies":[{"name":"wp","href":"https:\/\/api.w.org\/{rel}","templated":true}]}}