{"id":44794,"date":"2018-04-04T12:48:53","date_gmt":"2018-04-04T10:48:53","guid":{"rendered":"https:\/\/ofabskara.se\/produkt\/beslag-vagg-autolas\/"},"modified":"2018-04-04T12:48:53","modified_gmt":"2018-04-04T10:48:53","slug":"beslag-vagg-autolas","status":"publish","type":"product","link":"https:\/\/ofabskara.se\/no\/produkt\/beslag-vagg-autolas\/","title":{"rendered":"L\u00e5sbeslag autol\u00e5s v\u00e4gg"},"content":{"rendered":"<p><iframe title=\"SURLOCK\u00ae\" width=\"500\" height=\"281\" src=\"https:\/\/www.youtube.com\/embed\/uN8pAC01FJE?feature=oembed\" frameborder=\"0\" allow=\"accelerometer; autoplay; clipboard-write; encrypted-media; gyroscope; picture-in-picture; web-share\" referrerpolicy=\"strict-origin-when-cross-origin\" allowfullscreen><\/iframe><\/p>\n","protected":false},"excerpt":{"rendered":"<p>V\u00e4ggbeslag f\u00f6r Porte Autolock grindarna, nu med \u00e4ndl\u00e4gesstopp.<\/p>\n<p>\u2022 <strong>Levereras i par<\/strong><\/p>\n<p>\u2022 <strong>Vikt 3 kg\/par<\/strong><\/p>\n<p>&nbsp;<\/p>\n","protected":false},"featured_media":8927,"comment_status":"closed","ping_status":"closed","template":"","meta":{"_acf_changed":false,"inline_featured_image":false},"product_brand":[],"product_cat":[3582,3584,3583,3574,2999,3006,3036,3575,3030,3032],"product_tag":[],"class_list":{"0":"post-44794","1":"product","2":"type-product","3":"status-publish","4":"has-post-thumbnail","6":"product_cat-beslag-bultning","7":"product_cat-beslag-for-bultning","8":"product_cat-beslag-for-bultning-stolpar-beslag-till-grindar-inredning","9":"product_cat-grisar","10":"product_cat-hastar","11":"product_cat-notdjur","12":"product_cat-stolpar-beslag-oktogon-76mm","13":"product_cat-beslag-o-stolpar-grisar","14":"product_cat-stolpar-beslag-till-grindar-inredning-notdjur","15":"product_cat-stolpar-beslag-till-grindar-inredning","17":"first","18":"outofstock","19":"taxable","20":"shipping-taxable","21":"purchasable","22":"product-type-simple"},"acf":[],"yoast_head":"<!-- This site is optimized with the Yoast SEO plugin v24.4 - https:\/\/yoast.com\/wordpress\/plugins\/seo\/ -->\n<title>L\u00e5sbeslag autol\u00e5s v\u00e4gg - Ofab<\/title>\n<meta name=\"robots\" content=\"index, follow, max-snippet:-1, max-image-preview:large, max-video-preview:-1\" \/>\n<link rel=\"canonical\" href=\"https:\/\/ofabskara.se\/no\/produkt\/beslag-vagg-autolas\/\" \/>\n<meta property=\"og:locale\" content=\"nb_NO\" \/>\n<meta property=\"og:type\" content=\"article\" \/>\n<meta property=\"og:title\" content=\"L\u00e5sbeslag autol\u00e5s v\u00e4gg - Ofab\" \/>\n<meta property=\"og:description\" content=\"V\u00e4ggbeslag f\u00f6r Porte Autolock grindarna, nu med \u00e4ndl\u00e4gesstopp.  \u2022 Levereras i par  \u2022 Vikt 3 kg\/par  &nbsp;\" \/>\n<meta property=\"og:url\" content=\"https:\/\/ofabskara.se\/no\/produkt\/beslag-vagg-autolas\/\" \/>\n<meta property=\"og:site_name\" content=\"Ofab\" \/>\n<meta name=\"twitter:card\" content=\"summary_large_image\" \/>\n<script type=\"application\/ld+json\" class=\"yoast-schema-graph\">{\"@context\":\"https:\/\/schema.org\",\"@graph\":[{\"@type\":\"WebPage\",\"@id\":\"https:\/\/ofabskara.se\/no\/produkt\/beslag-vagg-autolas\/\",\"url\":\"https:\/\/ofabskara.se\/no\/produkt\/beslag-vagg-autolas\/\",\"name\":\"L\u00e5sbeslag autol\u00e5s v\u00e4gg - Ofab\",\"isPartOf\":{\"@id\":\"https:\/\/ofabskara.se\/sv\/#website\"},\"primaryImageOfPage\":{\"@id\":\"https:\/\/ofabskara.se\/no\/produkt\/beslag-vagg-autolas\/#primaryimage\"},\"image\":{\"@id\":\"https:\/\/ofabskara.se\/no\/produkt\/beslag-vagg-autolas\/#primaryimage\"},\"thumbnailUrl\":\"https:\/\/ofabskara.se\/wp-content\/uploads\/2023\/09\/fe3113.jpg\",\"datePublished\":\"2018-04-04T10:48:53+00:00\",\"breadcrumb\":{\"@id\":\"https:\/\/ofabskara.se\/no\/produkt\/beslag-vagg-autolas\/#breadcrumb\"},\"inLanguage\":\"nb-NO\",\"potentialAction\":[{\"@type\":\"ReadAction\",\"target\":[\"https:\/\/ofabskara.se\/no\/produkt\/beslag-vagg-autolas\/\"]}]},{\"@type\":\"ImageObject\",\"inLanguage\":\"nb-NO\",\"@id\":\"https:\/\/ofabskara.se\/no\/produkt\/beslag-vagg-autolas\/#primaryimage\",\"url\":\"https:\/\/ofabskara.se\/wp-content\/uploads\/2023\/09\/fe3113.jpg\",\"contentUrl\":\"https:\/\/ofabskara.se\/wp-content\/uploads\/2023\/09\/fe3113.jpg\",\"width\":1126,\"height\":796},{\"@type\":\"BreadcrumbList\",\"@id\":\"https:\/\/ofabskara.se\/no\/produkt\/beslag-vagg-autolas\/#breadcrumb\",\"itemListElement\":[{\"@type\":\"ListItem\",\"position\":1,\"name\":\"Home\",\"item\":\"https:\/\/ofabskara.se\/no\/\"},{\"@type\":\"ListItem\",\"position\":2,\"name\":\"Butik\",\"item\":\"https:\/\/ofabskara.se\/sv\/butik\/\"},{\"@type\":\"ListItem\",\"position\":3,\"name\":\"L\u00e5sbeslag autol\u00e5s v\u00e4gg\"}]},{\"@type\":\"WebSite\",\"@id\":\"https:\/\/ofabskara.se\/sv\/#website\",\"url\":\"https:\/\/ofabskara.se\/sv\/\",\"name\":\"Ofab\",\"description\":\"\",\"potentialAction\":[{\"@type\":\"SearchAction\",\"target\":{\"@type\":\"EntryPoint\",\"urlTemplate\":\"https:\/\/ofabskara.se\/sv\/?s={search_term_string}\"},\"query-input\":{\"@type\":\"PropertyValueSpecification\",\"valueRequired\":true,\"valueName\":\"search_term_string\"}}],\"inLanguage\":\"nb-NO\"}]}<\/script>\n<!-- \/ Yoast SEO plugin. -->","yoast_head_json":{"title":"L\u00e5sbeslag autol\u00e5s v\u00e4gg - Ofab","robots":{"index":"index","follow":"follow","max-snippet":"max-snippet:-1","max-image-preview":"max-image-preview:large","max-video-preview":"max-video-preview:-1"},"canonical":"https:\/\/ofabskara.se\/no\/produkt\/beslag-vagg-autolas\/","og_locale":"nb_NO","og_type":"article","og_title":"L\u00e5sbeslag autol\u00e5s v\u00e4gg - Ofab","og_description":"V\u00e4ggbeslag f\u00f6r Porte Autolock grindarna, nu med \u00e4ndl\u00e4gesstopp.  \u2022 Levereras i par  \u2022 Vikt 3 kg\/par  &nbsp;","og_url":"https:\/\/ofabskara.se\/no\/produkt\/beslag-vagg-autolas\/","og_site_name":"Ofab","twitter_card":"summary_large_image","schema":{"@context":"https:\/\/schema.org","@graph":[{"@type":"WebPage","@id":"https:\/\/ofabskara.se\/no\/produkt\/beslag-vagg-autolas\/","url":"https:\/\/ofabskara.se\/no\/produkt\/beslag-vagg-autolas\/","name":"L\u00e5sbeslag autol\u00e5s v\u00e4gg - Ofab","isPartOf":{"@id":"https:\/\/ofabskara.se\/sv\/#website"},"primaryImageOfPage":{"@id":"https:\/\/ofabskara.se\/no\/produkt\/beslag-vagg-autolas\/#primaryimage"},"image":{"@id":"https:\/\/ofabskara.se\/no\/produkt\/beslag-vagg-autolas\/#primaryimage"},"thumbnailUrl":"https:\/\/ofabskara.se\/wp-content\/uploads\/2023\/09\/fe3113.jpg","datePublished":"2018-04-04T10:48:53+00:00","breadcrumb":{"@id":"https:\/\/ofabskara.se\/no\/produkt\/beslag-vagg-autolas\/#breadcrumb"},"inLanguage":"nb-NO","potentialAction":[{"@type":"ReadAction","target":["https:\/\/ofabskara.se\/no\/produkt\/beslag-vagg-autolas\/"]}]},{"@type":"ImageObject","inLanguage":"nb-NO","@id":"https:\/\/ofabskara.se\/no\/produkt\/beslag-vagg-autolas\/#primaryimage","url":"https:\/\/ofabskara.se\/wp-content\/uploads\/2023\/09\/fe3113.jpg","contentUrl":"https:\/\/ofabskara.se\/wp-content\/uploads\/2023\/09\/fe3113.jpg","width":1126,"height":796},{"@type":"BreadcrumbList","@id":"https:\/\/ofabskara.se\/no\/produkt\/beslag-vagg-autolas\/#breadcrumb","itemListElement":[{"@type":"ListItem","position":1,"name":"Home","item":"https:\/\/ofabskara.se\/no\/"},{"@type":"ListItem","position":2,"name":"Butik","item":"https:\/\/ofabskara.se\/sv\/butik\/"},{"@type":"ListItem","position":3,"name":"L\u00e5sbeslag autol\u00e5s v\u00e4gg"}]},{"@type":"WebSite","@id":"https:\/\/ofabskara.se\/sv\/#website","url":"https:\/\/ofabskara.se\/sv\/","name":"Ofab","description":"","potentialAction":[{"@type":"SearchAction","target":{"@type":"EntryPoint","urlTemplate":"https:\/\/ofabskara.se\/sv\/?s={search_term_string}"},"query-input":{"@type":"PropertyValueSpecification","valueRequired":true,"valueName":"search_term_string"}}],"inLanguage":"nb-NO"}]}},"_links":{"self":[{"href":"https:\/\/ofabskara.se\/no\/wp-json\/wp\/v2\/product\/44794","targetHints":{"allow":["GET"]}}],"collection":[{"href":"https:\/\/ofabskara.se\/no\/wp-json\/wp\/v2\/product"}],"about":[{"href":"https:\/\/ofabskara.se\/no\/wp-json\/wp\/v2\/types\/product"}],"replies":[{"embeddable":true,"href":"https:\/\/ofabskara.se\/no\/wp-json\/wp\/v2\/comments?post=44794"}],"wp:featuredmedia":[{"embeddable":true,"href":"https:\/\/ofabskara.se\/no\/wp-json\/wp\/v2\/media\/8927"}],"wp:attachment":[{"href":"https:\/\/ofabskara.se\/no\/wp-json\/wp\/v2\/media?parent=44794"}],"wp:term":[{"taxonomy":"product_brand","embeddable":true,"href":"https:\/\/ofabskara.se\/no\/wp-json\/wp\/v2\/product_brand?post=44794"},{"taxonomy":"product_cat","embeddable":true,"href":"https:\/\/ofabskara.se\/no\/wp-json\/wp\/v2\/product_cat?post=44794"},{"taxonomy":"product_tag","embeddable":true,"href":"https:\/\/ofabskara.se\/no\/wp-json\/wp\/v2\/product_tag?post=44794"}],"curies":[{"name":"wp","href":"https:\/\/api.w.org\/{rel}","templated":true}]}}