{"id":44825,"date":"2017-11-29T11:14:37","date_gmt":"2017-11-29T10:14:37","guid":{"rendered":"https:\/\/ofabskara.se\/produkt\/forhojningsbar-bom\/"},"modified":"2017-11-29T11:14:37","modified_gmt":"2017-11-29T10:14:37","slug":"forhojningsbar-bom","status":"publish","type":"product","link":"https:\/\/ofabskara.se\/no\/produkt\/forhojningsbar-bom\/","title":{"rendered":"F\u00f6rh\u00f6jningsbar bom"},"content":{"rendered":"<p>F\u00f6rh\u00f6jningsbar grindel till EX4 och EX5.<\/p>\n<p>&nbsp;<\/p>\n","protected":false},"excerpt":{"rendered":"<ul>\n<li><strong>Utrusta dina grindar med f\u00f6rh\u00f6jningsbara bommar i str\u00f6b\u00e4dden. <\/strong><\/li>\n<li><strong>Nu beh\u00f6ver du inte h\u00f6ja upp grindarna manuellt utan endast f\u00e4lla upp r\u00f6ret som \u00e4r monterat p\u00e5 de f\u00f6rh\u00f6jningsbara bommarna. <\/strong><\/li>\n<li><strong>Viktigt! S\u00e4tt grindarna fr\u00e5n b\u00f6rjan 80-90cm fr\u00e5n golv till nedre r\u00f6ret p\u00e5 grinden. <\/strong><\/li>\n<li><strong>F\u00e4ll ner bommarna och avst\u00e5ndet blir ca 50-60cm fr\u00e5n golvet. <\/strong><\/li>\n<li><strong>N\u00e4r str\u00f6b\u00e4dden v\u00e4xer s\u00e5 f\u00e4ller du upp bommarna och grinden blir automatiskt h\u00f6gre. <\/strong><\/li>\n<li><strong>F\u00f6rhindrar effektivt att djuren blandar sig i boxarna.<\/strong><\/li>\n<\/ul>\n","protected":false},"featured_media":8880,"comment_status":"closed","ping_status":"closed","template":"","meta":{"_acf_changed":false,"inline_featured_image":false},"product_brand":[],"product_cat":[3006,3535],"product_tag":[],"class_list":{"0":"post-44825","1":"product","2":"type-product","3":"status-publish","4":"has-post-thumbnail","6":"product_cat-notdjur","7":"product_cat-specialbeslag-for-grindar-tillbehor-for-grindar","9":"first","10":"instock","11":"taxable","12":"shipping-taxable","13":"purchasable","14":"product-type-simple"},"acf":[],"yoast_head":"<!-- This site is optimized with the Yoast SEO plugin v24.4 - https:\/\/yoast.com\/wordpress\/plugins\/seo\/ -->\n<title>F\u00f6rh\u00f6jningsbar bom - Ofab<\/title>\n<meta name=\"robots\" content=\"index, follow, max-snippet:-1, max-image-preview:large, max-video-preview:-1\" \/>\n<link rel=\"canonical\" href=\"https:\/\/ofabskara.se\/no\/produkt\/forhojningsbar-bom\/\" \/>\n<meta property=\"og:locale\" content=\"nb_NO\" \/>\n<meta property=\"og:type\" content=\"article\" \/>\n<meta property=\"og:title\" content=\"F\u00f6rh\u00f6jningsbar bom - Ofab\" \/>\n<meta property=\"og:description\" content=\"Utrusta dina grindar med f\u00f6rh\u00f6jningsbara bommar i str\u00f6b\u00e4dden.   Nu beh\u00f6ver du inte h\u00f6ja upp grindarna manuellt utan endast f\u00e4lla upp r\u00f6ret som \u00e4r monterat p\u00e5 de f\u00f6rh\u00f6jningsbara bommarna.   Viktigt! S\u00e4tt grindarna fr\u00e5n b\u00f6rjan 80-90cm fr\u00e5n golv till nedre r\u00f6ret p\u00e5 grinden.   F\u00e4ll ner bommarna och avst\u00e5ndet blir ca 50-60cm fr\u00e5n golvet.   N\u00e4r str\u00f6b\u00e4dden v\u00e4xer s\u00e5 f\u00e4ller du upp bommarna och grinden blir automatiskt h\u00f6gre.   F\u00f6rhindrar effektivt att djuren blandar sig i boxarna.\" \/>\n<meta property=\"og:url\" content=\"https:\/\/ofabskara.se\/no\/produkt\/forhojningsbar-bom\/\" \/>\n<meta property=\"og:site_name\" content=\"Ofab\" \/>\n<meta name=\"twitter:card\" content=\"summary_large_image\" \/>\n<script type=\"application\/ld+json\" class=\"yoast-schema-graph\">{\"@context\":\"https:\/\/schema.org\",\"@graph\":[{\"@type\":\"WebPage\",\"@id\":\"https:\/\/ofabskara.se\/no\/produkt\/forhojningsbar-bom\/\",\"url\":\"https:\/\/ofabskara.se\/no\/produkt\/forhojningsbar-bom\/\",\"name\":\"F\u00f6rh\u00f6jningsbar bom - Ofab\",\"isPartOf\":{\"@id\":\"https:\/\/ofabskara.se\/sv\/#website\"},\"primaryImageOfPage\":{\"@id\":\"https:\/\/ofabskara.se\/no\/produkt\/forhojningsbar-bom\/#primaryimage\"},\"image\":{\"@id\":\"https:\/\/ofabskara.se\/no\/produkt\/forhojningsbar-bom\/#primaryimage\"},\"thumbnailUrl\":\"https:\/\/ofabskara.se\/wp-content\/uploads\/2023\/09\/ba2101-1.jpg\",\"datePublished\":\"2017-11-29T10:14:37+00:00\",\"breadcrumb\":{\"@id\":\"https:\/\/ofabskara.se\/no\/produkt\/forhojningsbar-bom\/#breadcrumb\"},\"inLanguage\":\"nb-NO\",\"potentialAction\":[{\"@type\":\"ReadAction\",\"target\":[\"https:\/\/ofabskara.se\/no\/produkt\/forhojningsbar-bom\/\"]}]},{\"@type\":\"ImageObject\",\"inLanguage\":\"nb-NO\",\"@id\":\"https:\/\/ofabskara.se\/no\/produkt\/forhojningsbar-bom\/#primaryimage\",\"url\":\"https:\/\/ofabskara.se\/wp-content\/uploads\/2023\/09\/ba2101-1.jpg\",\"contentUrl\":\"https:\/\/ofabskara.se\/wp-content\/uploads\/2023\/09\/ba2101-1.jpg\",\"width\":1661,\"height\":1175},{\"@type\":\"BreadcrumbList\",\"@id\":\"https:\/\/ofabskara.se\/no\/produkt\/forhojningsbar-bom\/#breadcrumb\",\"itemListElement\":[{\"@type\":\"ListItem\",\"position\":1,\"name\":\"Home\",\"item\":\"https:\/\/ofabskara.se\/no\/\"},{\"@type\":\"ListItem\",\"position\":2,\"name\":\"Butik\",\"item\":\"https:\/\/ofabskara.se\/sv\/butik\/\"},{\"@type\":\"ListItem\",\"position\":3,\"name\":\"F\u00f6rh\u00f6jningsbar bom\"}]},{\"@type\":\"WebSite\",\"@id\":\"https:\/\/ofabskara.se\/sv\/#website\",\"url\":\"https:\/\/ofabskara.se\/sv\/\",\"name\":\"Ofab\",\"description\":\"\",\"potentialAction\":[{\"@type\":\"SearchAction\",\"target\":{\"@type\":\"EntryPoint\",\"urlTemplate\":\"https:\/\/ofabskara.se\/sv\/?s={search_term_string}\"},\"query-input\":{\"@type\":\"PropertyValueSpecification\",\"valueRequired\":true,\"valueName\":\"search_term_string\"}}],\"inLanguage\":\"nb-NO\"}]}<\/script>\n<!-- \/ Yoast SEO plugin. -->","yoast_head_json":{"title":"F\u00f6rh\u00f6jningsbar bom - Ofab","robots":{"index":"index","follow":"follow","max-snippet":"max-snippet:-1","max-image-preview":"max-image-preview:large","max-video-preview":"max-video-preview:-1"},"canonical":"https:\/\/ofabskara.se\/no\/produkt\/forhojningsbar-bom\/","og_locale":"nb_NO","og_type":"article","og_title":"F\u00f6rh\u00f6jningsbar bom - Ofab","og_description":"Utrusta dina grindar med f\u00f6rh\u00f6jningsbara bommar i str\u00f6b\u00e4dden.   Nu beh\u00f6ver du inte h\u00f6ja upp grindarna manuellt utan endast f\u00e4lla upp r\u00f6ret som \u00e4r monterat p\u00e5 de f\u00f6rh\u00f6jningsbara bommarna.   Viktigt! S\u00e4tt grindarna fr\u00e5n b\u00f6rjan 80-90cm fr\u00e5n golv till nedre r\u00f6ret p\u00e5 grinden.   F\u00e4ll ner bommarna och avst\u00e5ndet blir ca 50-60cm fr\u00e5n golvet.   N\u00e4r str\u00f6b\u00e4dden v\u00e4xer s\u00e5 f\u00e4ller du upp bommarna och grinden blir automatiskt h\u00f6gre.   F\u00f6rhindrar effektivt att djuren blandar sig i boxarna.","og_url":"https:\/\/ofabskara.se\/no\/produkt\/forhojningsbar-bom\/","og_site_name":"Ofab","twitter_card":"summary_large_image","schema":{"@context":"https:\/\/schema.org","@graph":[{"@type":"WebPage","@id":"https:\/\/ofabskara.se\/no\/produkt\/forhojningsbar-bom\/","url":"https:\/\/ofabskara.se\/no\/produkt\/forhojningsbar-bom\/","name":"F\u00f6rh\u00f6jningsbar bom - Ofab","isPartOf":{"@id":"https:\/\/ofabskara.se\/sv\/#website"},"primaryImageOfPage":{"@id":"https:\/\/ofabskara.se\/no\/produkt\/forhojningsbar-bom\/#primaryimage"},"image":{"@id":"https:\/\/ofabskara.se\/no\/produkt\/forhojningsbar-bom\/#primaryimage"},"thumbnailUrl":"https:\/\/ofabskara.se\/wp-content\/uploads\/2023\/09\/ba2101-1.jpg","datePublished":"2017-11-29T10:14:37+00:00","breadcrumb":{"@id":"https:\/\/ofabskara.se\/no\/produkt\/forhojningsbar-bom\/#breadcrumb"},"inLanguage":"nb-NO","potentialAction":[{"@type":"ReadAction","target":["https:\/\/ofabskara.se\/no\/produkt\/forhojningsbar-bom\/"]}]},{"@type":"ImageObject","inLanguage":"nb-NO","@id":"https:\/\/ofabskara.se\/no\/produkt\/forhojningsbar-bom\/#primaryimage","url":"https:\/\/ofabskara.se\/wp-content\/uploads\/2023\/09\/ba2101-1.jpg","contentUrl":"https:\/\/ofabskara.se\/wp-content\/uploads\/2023\/09\/ba2101-1.jpg","width":1661,"height":1175},{"@type":"BreadcrumbList","@id":"https:\/\/ofabskara.se\/no\/produkt\/forhojningsbar-bom\/#breadcrumb","itemListElement":[{"@type":"ListItem","position":1,"name":"Home","item":"https:\/\/ofabskara.se\/no\/"},{"@type":"ListItem","position":2,"name":"Butik","item":"https:\/\/ofabskara.se\/sv\/butik\/"},{"@type":"ListItem","position":3,"name":"F\u00f6rh\u00f6jningsbar bom"}]},{"@type":"WebSite","@id":"https:\/\/ofabskara.se\/sv\/#website","url":"https:\/\/ofabskara.se\/sv\/","name":"Ofab","description":"","potentialAction":[{"@type":"SearchAction","target":{"@type":"EntryPoint","urlTemplate":"https:\/\/ofabskara.se\/sv\/?s={search_term_string}"},"query-input":{"@type":"PropertyValueSpecification","valueRequired":true,"valueName":"search_term_string"}}],"inLanguage":"nb-NO"}]}},"_links":{"self":[{"href":"https:\/\/ofabskara.se\/no\/wp-json\/wp\/v2\/product\/44825","targetHints":{"allow":["GET"]}}],"collection":[{"href":"https:\/\/ofabskara.se\/no\/wp-json\/wp\/v2\/product"}],"about":[{"href":"https:\/\/ofabskara.se\/no\/wp-json\/wp\/v2\/types\/product"}],"replies":[{"embeddable":true,"href":"https:\/\/ofabskara.se\/no\/wp-json\/wp\/v2\/comments?post=44825"}],"wp:featuredmedia":[{"embeddable":true,"href":"https:\/\/ofabskara.se\/no\/wp-json\/wp\/v2\/media\/8880"}],"wp:attachment":[{"href":"https:\/\/ofabskara.se\/no\/wp-json\/wp\/v2\/media?parent=44825"}],"wp:term":[{"taxonomy":"product_brand","embeddable":true,"href":"https:\/\/ofabskara.se\/no\/wp-json\/wp\/v2\/product_brand?post=44825"},{"taxonomy":"product_cat","embeddable":true,"href":"https:\/\/ofabskara.se\/no\/wp-json\/wp\/v2\/product_cat?post=44825"},{"taxonomy":"product_tag","embeddable":true,"href":"https:\/\/ofabskara.se\/no\/wp-json\/wp\/v2\/product_tag?post=44825"}],"curies":[{"name":"wp","href":"https:\/\/api.w.org\/{rel}","templated":true}]}}