{"id":44856,"date":"2017-08-04T10:16:33","date_gmt":"2017-08-04T08:16:33","guid":{"rendered":"https:\/\/ofabskara.se\/produkt\/pvc-koldrida\/"},"modified":"2017-08-04T10:16:33","modified_gmt":"2017-08-04T08:16:33","slug":"pvc-koldrida","status":"publish","type":"product","link":"https:\/\/ofabskara.se\/no\/produkt\/pvc-koldrida\/","title":{"rendered":"PVC k\u00f6ldrid\u00e5"},"content":{"rendered":"","protected":false},"excerpt":{"rendered":"<p>Transparent Pvc-strips p\u00e5 rulle om 25-50 meter eller metervara. Tillverkad av kadmiumfri pvc med h\u00f6g andel mjukg\u00f6rare som h\u00e5ller plasten smidig \u00e4ven vid kyla Stripsen fixeras enklast i upph\u00e4ngningsbeslag. Kan \u00e4ven fixeras mellan 2 reglar eller 2 plattj\u00e4rn.<\/p>\n","protected":false},"featured_media":8833,"comment_status":"closed","ping_status":"closed","template":"","meta":{"_acf_changed":false,"inline_featured_image":false},"product_brand":[],"product_cat":[3604,3014],"product_tag":[],"class_list":{"0":"post-44856","1":"product","2":"type-product","3":"status-publish","4":"has-post-thumbnail","6":"product_cat-koldrida","7":"product_cat-ovrigt","9":"first","10":"instock","11":"taxable","12":"shipping-taxable","13":"product-type-grouped"},"acf":[],"yoast_head":"<!-- This site is optimized with the Yoast SEO plugin v24.4 - https:\/\/yoast.com\/wordpress\/plugins\/seo\/ -->\n<title>PVC k\u00f6ldrid\u00e5 - Ofab<\/title>\n<meta name=\"robots\" content=\"index, follow, max-snippet:-1, max-image-preview:large, max-video-preview:-1\" \/>\n<link rel=\"canonical\" href=\"https:\/\/ofabskara.se\/no\/produkt\/pvc-koldrida\/\" \/>\n<meta property=\"og:locale\" content=\"nb_NO\" \/>\n<meta property=\"og:type\" content=\"article\" \/>\n<meta property=\"og:title\" content=\"PVC k\u00f6ldrid\u00e5 - Ofab\" \/>\n<meta property=\"og:description\" content=\"Transparent Pvc-strips p\u00e5 rulle om 25-50 meter eller metervara. Tillverkad av kadmiumfri pvc med h\u00f6g andel mjukg\u00f6rare som h\u00e5ller plasten smidig \u00e4ven vid kyla Stripsen fixeras enklast i upph\u00e4ngningsbeslag. Kan \u00e4ven fixeras mellan 2 reglar eller 2 plattj\u00e4rn.\" \/>\n<meta property=\"og:url\" content=\"https:\/\/ofabskara.se\/no\/produkt\/pvc-koldrida\/\" \/>\n<meta property=\"og:site_name\" content=\"Ofab\" \/>\n<meta name=\"twitter:card\" content=\"summary_large_image\" \/>\n<script type=\"application\/ld+json\" class=\"yoast-schema-graph\">{\"@context\":\"https:\/\/schema.org\",\"@graph\":[{\"@type\":\"WebPage\",\"@id\":\"https:\/\/ofabskara.se\/no\/produkt\/pvc-koldrida\/\",\"url\":\"https:\/\/ofabskara.se\/no\/produkt\/pvc-koldrida\/\",\"name\":\"PVC k\u00f6ldrid\u00e5 - Ofab\",\"isPartOf\":{\"@id\":\"https:\/\/ofabskara.se\/sv\/#website\"},\"primaryImageOfPage\":{\"@id\":\"https:\/\/ofabskara.se\/no\/produkt\/pvc-koldrida\/#primaryimage\"},\"image\":{\"@id\":\"https:\/\/ofabskara.se\/no\/produkt\/pvc-koldrida\/#primaryimage\"},\"thumbnailUrl\":\"https:\/\/ofabskara.se\/wp-content\/uploads\/2023\/09\/368010-368015-368020-368025368030-368035.jpg\",\"datePublished\":\"2017-08-04T08:16:33+00:00\",\"breadcrumb\":{\"@id\":\"https:\/\/ofabskara.se\/no\/produkt\/pvc-koldrida\/#breadcrumb\"},\"inLanguage\":\"nb-NO\",\"potentialAction\":[{\"@type\":\"ReadAction\",\"target\":[\"https:\/\/ofabskara.se\/no\/produkt\/pvc-koldrida\/\"]}]},{\"@type\":\"ImageObject\",\"inLanguage\":\"nb-NO\",\"@id\":\"https:\/\/ofabskara.se\/no\/produkt\/pvc-koldrida\/#primaryimage\",\"url\":\"https:\/\/ofabskara.se\/wp-content\/uploads\/2023\/09\/368010-368015-368020-368025368030-368035.jpg\",\"contentUrl\":\"https:\/\/ofabskara.se\/wp-content\/uploads\/2023\/09\/368010-368015-368020-368025368030-368035.jpg\",\"width\":1000,\"height\":1000},{\"@type\":\"BreadcrumbList\",\"@id\":\"https:\/\/ofabskara.se\/no\/produkt\/pvc-koldrida\/#breadcrumb\",\"itemListElement\":[{\"@type\":\"ListItem\",\"position\":1,\"name\":\"Home\",\"item\":\"https:\/\/ofabskara.se\/no\/\"},{\"@type\":\"ListItem\",\"position\":2,\"name\":\"Butik\",\"item\":\"https:\/\/ofabskara.se\/sv\/butik\/\"},{\"@type\":\"ListItem\",\"position\":3,\"name\":\"PVC k\u00f6ldrid\u00e5\"}]},{\"@type\":\"WebSite\",\"@id\":\"https:\/\/ofabskara.se\/sv\/#website\",\"url\":\"https:\/\/ofabskara.se\/sv\/\",\"name\":\"Ofab\",\"description\":\"\",\"potentialAction\":[{\"@type\":\"SearchAction\",\"target\":{\"@type\":\"EntryPoint\",\"urlTemplate\":\"https:\/\/ofabskara.se\/sv\/?s={search_term_string}\"},\"query-input\":{\"@type\":\"PropertyValueSpecification\",\"valueRequired\":true,\"valueName\":\"search_term_string\"}}],\"inLanguage\":\"nb-NO\"}]}<\/script>\n<!-- \/ Yoast SEO plugin. -->","yoast_head_json":{"title":"PVC k\u00f6ldrid\u00e5 - Ofab","robots":{"index":"index","follow":"follow","max-snippet":"max-snippet:-1","max-image-preview":"max-image-preview:large","max-video-preview":"max-video-preview:-1"},"canonical":"https:\/\/ofabskara.se\/no\/produkt\/pvc-koldrida\/","og_locale":"nb_NO","og_type":"article","og_title":"PVC k\u00f6ldrid\u00e5 - Ofab","og_description":"Transparent Pvc-strips p\u00e5 rulle om 25-50 meter eller metervara. Tillverkad av kadmiumfri pvc med h\u00f6g andel mjukg\u00f6rare som h\u00e5ller plasten smidig \u00e4ven vid kyla Stripsen fixeras enklast i upph\u00e4ngningsbeslag. Kan \u00e4ven fixeras mellan 2 reglar eller 2 plattj\u00e4rn.","og_url":"https:\/\/ofabskara.se\/no\/produkt\/pvc-koldrida\/","og_site_name":"Ofab","twitter_card":"summary_large_image","schema":{"@context":"https:\/\/schema.org","@graph":[{"@type":"WebPage","@id":"https:\/\/ofabskara.se\/no\/produkt\/pvc-koldrida\/","url":"https:\/\/ofabskara.se\/no\/produkt\/pvc-koldrida\/","name":"PVC k\u00f6ldrid\u00e5 - Ofab","isPartOf":{"@id":"https:\/\/ofabskara.se\/sv\/#website"},"primaryImageOfPage":{"@id":"https:\/\/ofabskara.se\/no\/produkt\/pvc-koldrida\/#primaryimage"},"image":{"@id":"https:\/\/ofabskara.se\/no\/produkt\/pvc-koldrida\/#primaryimage"},"thumbnailUrl":"https:\/\/ofabskara.se\/wp-content\/uploads\/2023\/09\/368010-368015-368020-368025368030-368035.jpg","datePublished":"2017-08-04T08:16:33+00:00","breadcrumb":{"@id":"https:\/\/ofabskara.se\/no\/produkt\/pvc-koldrida\/#breadcrumb"},"inLanguage":"nb-NO","potentialAction":[{"@type":"ReadAction","target":["https:\/\/ofabskara.se\/no\/produkt\/pvc-koldrida\/"]}]},{"@type":"ImageObject","inLanguage":"nb-NO","@id":"https:\/\/ofabskara.se\/no\/produkt\/pvc-koldrida\/#primaryimage","url":"https:\/\/ofabskara.se\/wp-content\/uploads\/2023\/09\/368010-368015-368020-368025368030-368035.jpg","contentUrl":"https:\/\/ofabskara.se\/wp-content\/uploads\/2023\/09\/368010-368015-368020-368025368030-368035.jpg","width":1000,"height":1000},{"@type":"BreadcrumbList","@id":"https:\/\/ofabskara.se\/no\/produkt\/pvc-koldrida\/#breadcrumb","itemListElement":[{"@type":"ListItem","position":1,"name":"Home","item":"https:\/\/ofabskara.se\/no\/"},{"@type":"ListItem","position":2,"name":"Butik","item":"https:\/\/ofabskara.se\/sv\/butik\/"},{"@type":"ListItem","position":3,"name":"PVC k\u00f6ldrid\u00e5"}]},{"@type":"WebSite","@id":"https:\/\/ofabskara.se\/sv\/#website","url":"https:\/\/ofabskara.se\/sv\/","name":"Ofab","description":"","potentialAction":[{"@type":"SearchAction","target":{"@type":"EntryPoint","urlTemplate":"https:\/\/ofabskara.se\/sv\/?s={search_term_string}"},"query-input":{"@type":"PropertyValueSpecification","valueRequired":true,"valueName":"search_term_string"}}],"inLanguage":"nb-NO"}]}},"_links":{"self":[{"href":"https:\/\/ofabskara.se\/no\/wp-json\/wp\/v2\/product\/44856","targetHints":{"allow":["GET"]}}],"collection":[{"href":"https:\/\/ofabskara.se\/no\/wp-json\/wp\/v2\/product"}],"about":[{"href":"https:\/\/ofabskara.se\/no\/wp-json\/wp\/v2\/types\/product"}],"replies":[{"embeddable":true,"href":"https:\/\/ofabskara.se\/no\/wp-json\/wp\/v2\/comments?post=44856"}],"wp:featuredmedia":[{"embeddable":true,"href":"https:\/\/ofabskara.se\/no\/wp-json\/wp\/v2\/media\/8833"}],"wp:attachment":[{"href":"https:\/\/ofabskara.se\/no\/wp-json\/wp\/v2\/media?parent=44856"}],"wp:term":[{"taxonomy":"product_brand","embeddable":true,"href":"https:\/\/ofabskara.se\/no\/wp-json\/wp\/v2\/product_brand?post=44856"},{"taxonomy":"product_cat","embeddable":true,"href":"https:\/\/ofabskara.se\/no\/wp-json\/wp\/v2\/product_cat?post=44856"},{"taxonomy":"product_tag","embeddable":true,"href":"https:\/\/ofabskara.se\/no\/wp-json\/wp\/v2\/product_tag?post=44856"}],"curies":[{"name":"wp","href":"https:\/\/api.w.org\/{rel}","templated":true}]}}