{"id":44943,"date":"2020-12-02T12:38:35","date_gmt":"2020-12-02T11:38:35","guid":{"rendered":"https:\/\/ofabskara.se\/produkt\/gardsgrind-panneau-72-190-cm\/"},"modified":"2020-12-02T12:38:35","modified_gmt":"2020-12-02T11:38:35","slug":"gardsgrind-panneau-72-190-cm","status":"publish","type":"product","link":"https:\/\/ofabskara.se\/no\/produkt\/gardsgrind-panneau-72-190-cm\/","title":{"rendered":"G\u00e5rdsgrind Panel 1-2 m"},"content":{"rendered":"","protected":false},"excerpt":{"rendered":"<ul>\n<li><strong>G\u00e5rdsgrind panel \u00e4r utan skjutreglar och f\u00e4ste f\u00f6r sprint i b\u00e5da gavlarna f\u00f6r fast installation.<\/strong><\/li>\n<li><strong>G\u00e5rdsgrindens hondel \u00e4r tillverkade av st\u00e5lr\u00f6r \u00d8\u00a0<\/strong><strong>42\u00d72,6mm.<\/strong><\/li>\n<li><strong>Insticksdelen \u00e4r tillverkad av st\u00e5lr\u00f6r \u00d8\u00a0<\/strong><strong>34\u00d72,6mm.<\/strong><\/li>\n<li><strong>Gavlarna \u00e4r tillverkad av h\u00e5lprofil 45x45x3mm.<\/strong><\/li>\n<li><strong>H\u00f6jd 115cm.<\/strong><\/li>\n<\/ul>\n","protected":false},"featured_media":9266,"comment_status":"closed","ping_status":"open","template":"","meta":{"_acf_changed":false,"inline_featured_image":false},"product_brand":[],"product_cat":[2980],"product_tag":[],"class_list":{"0":"post-44943","1":"product","2":"type-product","3":"status-publish","4":"has-post-thumbnail","6":"product_cat-okategoriserad","7":"pa_install-langd-70-190-cm","9":"first","10":"instock","11":"taxable","12":"shipping-taxable","13":"purchasable","14":"product-type-simple"},"acf":[],"yoast_head":"<!-- This site is optimized with the Yoast SEO plugin v24.4 - https:\/\/yoast.com\/wordpress\/plugins\/seo\/ -->\n<title>G\u00e5rdsgrind Panel 1-2 m - Ofab<\/title>\n<meta name=\"robots\" content=\"index, follow, max-snippet:-1, max-image-preview:large, max-video-preview:-1\" \/>\n<link rel=\"canonical\" href=\"https:\/\/ofabskara.se\/no\/produkt\/gardsgrind-panneau-72-190-cm\/\" \/>\n<meta property=\"og:locale\" content=\"nb_NO\" \/>\n<meta property=\"og:type\" content=\"article\" \/>\n<meta property=\"og:title\" content=\"G\u00e5rdsgrind Panel 1-2 m - Ofab\" \/>\n<meta property=\"og:description\" content=\"G\u00e5rdsgrind panel \u00e4r utan skjutreglar och f\u00e4ste f\u00f6r sprint i b\u00e5da gavlarna f\u00f6r fast installation.  G\u00e5rdsgrindens hondel \u00e4r tillverkade av st\u00e5lr\u00f6r \u00d8\u00a042\u00d72,6mm.  Insticksdelen \u00e4r tillverkad av st\u00e5lr\u00f6r \u00d8\u00a034\u00d72,6mm.  Gavlarna \u00e4r tillverkad av h\u00e5lprofil 45x45x3mm.  H\u00f6jd 115cm.\" \/>\n<meta property=\"og:url\" content=\"https:\/\/ofabskara.se\/no\/produkt\/gardsgrind-panneau-72-190-cm\/\" \/>\n<meta property=\"og:site_name\" content=\"Ofab\" \/>\n<meta name=\"twitter:card\" content=\"summary_large_image\" \/>\n<script type=\"application\/ld+json\" class=\"yoast-schema-graph\">{\"@context\":\"https:\/\/schema.org\",\"@graph\":[{\"@type\":\"WebPage\",\"@id\":\"https:\/\/ofabskara.se\/no\/produkt\/gardsgrind-panneau-72-190-cm\/\",\"url\":\"https:\/\/ofabskara.se\/no\/produkt\/gardsgrind-panneau-72-190-cm\/\",\"name\":\"G\u00e5rdsgrind Panel 1-2 m - Ofab\",\"isPartOf\":{\"@id\":\"https:\/\/ofabskara.se\/sv\/#website\"},\"primaryImageOfPage\":{\"@id\":\"https:\/\/ofabskara.se\/no\/produkt\/gardsgrind-panneau-72-190-cm\/#primaryimage\"},\"image\":{\"@id\":\"https:\/\/ofabskara.se\/no\/produkt\/gardsgrind-panneau-72-190-cm\/#primaryimage\"},\"thumbnailUrl\":\"https:\/\/ofabskara.se\/wp-content\/uploads\/2023\/09\/bh4313-1-1.jpg\",\"datePublished\":\"2020-12-02T11:38:35+00:00\",\"breadcrumb\":{\"@id\":\"https:\/\/ofabskara.se\/no\/produkt\/gardsgrind-panneau-72-190-cm\/#breadcrumb\"},\"inLanguage\":\"nb-NO\",\"potentialAction\":[{\"@type\":\"ReadAction\",\"target\":[\"https:\/\/ofabskara.se\/no\/produkt\/gardsgrind-panneau-72-190-cm\/\"]}]},{\"@type\":\"ImageObject\",\"inLanguage\":\"nb-NO\",\"@id\":\"https:\/\/ofabskara.se\/no\/produkt\/gardsgrind-panneau-72-190-cm\/#primaryimage\",\"url\":\"https:\/\/ofabskara.se\/wp-content\/uploads\/2023\/09\/bh4313-1-1.jpg\",\"contentUrl\":\"https:\/\/ofabskara.se\/wp-content\/uploads\/2023\/09\/bh4313-1-1.jpg\",\"width\":1126,\"height\":796},{\"@type\":\"BreadcrumbList\",\"@id\":\"https:\/\/ofabskara.se\/no\/produkt\/gardsgrind-panneau-72-190-cm\/#breadcrumb\",\"itemListElement\":[{\"@type\":\"ListItem\",\"position\":1,\"name\":\"Home\",\"item\":\"https:\/\/ofabskara.se\/no\/\"},{\"@type\":\"ListItem\",\"position\":2,\"name\":\"Butik\",\"item\":\"https:\/\/ofabskara.se\/sv\/butik\/\"},{\"@type\":\"ListItem\",\"position\":3,\"name\":\"G\u00e5rdsgrind Panel 1-2 m\"}]},{\"@type\":\"WebSite\",\"@id\":\"https:\/\/ofabskara.se\/sv\/#website\",\"url\":\"https:\/\/ofabskara.se\/sv\/\",\"name\":\"Ofab\",\"description\":\"\",\"potentialAction\":[{\"@type\":\"SearchAction\",\"target\":{\"@type\":\"EntryPoint\",\"urlTemplate\":\"https:\/\/ofabskara.se\/sv\/?s={search_term_string}\"},\"query-input\":{\"@type\":\"PropertyValueSpecification\",\"valueRequired\":true,\"valueName\":\"search_term_string\"}}],\"inLanguage\":\"nb-NO\"}]}<\/script>\n<!-- \/ Yoast SEO plugin. -->","yoast_head_json":{"title":"G\u00e5rdsgrind Panel 1-2 m - Ofab","robots":{"index":"index","follow":"follow","max-snippet":"max-snippet:-1","max-image-preview":"max-image-preview:large","max-video-preview":"max-video-preview:-1"},"canonical":"https:\/\/ofabskara.se\/no\/produkt\/gardsgrind-panneau-72-190-cm\/","og_locale":"nb_NO","og_type":"article","og_title":"G\u00e5rdsgrind Panel 1-2 m - Ofab","og_description":"G\u00e5rdsgrind panel \u00e4r utan skjutreglar och f\u00e4ste f\u00f6r sprint i b\u00e5da gavlarna f\u00f6r fast installation.  G\u00e5rdsgrindens hondel \u00e4r tillverkade av st\u00e5lr\u00f6r \u00d8\u00a042\u00d72,6mm.  Insticksdelen \u00e4r tillverkad av st\u00e5lr\u00f6r \u00d8\u00a034\u00d72,6mm.  Gavlarna \u00e4r tillverkad av h\u00e5lprofil 45x45x3mm.  H\u00f6jd 115cm.","og_url":"https:\/\/ofabskara.se\/no\/produkt\/gardsgrind-panneau-72-190-cm\/","og_site_name":"Ofab","twitter_card":"summary_large_image","schema":{"@context":"https:\/\/schema.org","@graph":[{"@type":"WebPage","@id":"https:\/\/ofabskara.se\/no\/produkt\/gardsgrind-panneau-72-190-cm\/","url":"https:\/\/ofabskara.se\/no\/produkt\/gardsgrind-panneau-72-190-cm\/","name":"G\u00e5rdsgrind Panel 1-2 m - Ofab","isPartOf":{"@id":"https:\/\/ofabskara.se\/sv\/#website"},"primaryImageOfPage":{"@id":"https:\/\/ofabskara.se\/no\/produkt\/gardsgrind-panneau-72-190-cm\/#primaryimage"},"image":{"@id":"https:\/\/ofabskara.se\/no\/produkt\/gardsgrind-panneau-72-190-cm\/#primaryimage"},"thumbnailUrl":"https:\/\/ofabskara.se\/wp-content\/uploads\/2023\/09\/bh4313-1-1.jpg","datePublished":"2020-12-02T11:38:35+00:00","breadcrumb":{"@id":"https:\/\/ofabskara.se\/no\/produkt\/gardsgrind-panneau-72-190-cm\/#breadcrumb"},"inLanguage":"nb-NO","potentialAction":[{"@type":"ReadAction","target":["https:\/\/ofabskara.se\/no\/produkt\/gardsgrind-panneau-72-190-cm\/"]}]},{"@type":"ImageObject","inLanguage":"nb-NO","@id":"https:\/\/ofabskara.se\/no\/produkt\/gardsgrind-panneau-72-190-cm\/#primaryimage","url":"https:\/\/ofabskara.se\/wp-content\/uploads\/2023\/09\/bh4313-1-1.jpg","contentUrl":"https:\/\/ofabskara.se\/wp-content\/uploads\/2023\/09\/bh4313-1-1.jpg","width":1126,"height":796},{"@type":"BreadcrumbList","@id":"https:\/\/ofabskara.se\/no\/produkt\/gardsgrind-panneau-72-190-cm\/#breadcrumb","itemListElement":[{"@type":"ListItem","position":1,"name":"Home","item":"https:\/\/ofabskara.se\/no\/"},{"@type":"ListItem","position":2,"name":"Butik","item":"https:\/\/ofabskara.se\/sv\/butik\/"},{"@type":"ListItem","position":3,"name":"G\u00e5rdsgrind Panel 1-2 m"}]},{"@type":"WebSite","@id":"https:\/\/ofabskara.se\/sv\/#website","url":"https:\/\/ofabskara.se\/sv\/","name":"Ofab","description":"","potentialAction":[{"@type":"SearchAction","target":{"@type":"EntryPoint","urlTemplate":"https:\/\/ofabskara.se\/sv\/?s={search_term_string}"},"query-input":{"@type":"PropertyValueSpecification","valueRequired":true,"valueName":"search_term_string"}}],"inLanguage":"nb-NO"}]}},"_links":{"self":[{"href":"https:\/\/ofabskara.se\/no\/wp-json\/wp\/v2\/product\/44943","targetHints":{"allow":["GET"]}}],"collection":[{"href":"https:\/\/ofabskara.se\/no\/wp-json\/wp\/v2\/product"}],"about":[{"href":"https:\/\/ofabskara.se\/no\/wp-json\/wp\/v2\/types\/product"}],"replies":[{"embeddable":true,"href":"https:\/\/ofabskara.se\/no\/wp-json\/wp\/v2\/comments?post=44943"}],"wp:featuredmedia":[{"embeddable":true,"href":"https:\/\/ofabskara.se\/no\/wp-json\/wp\/v2\/media\/9266"}],"wp:attachment":[{"href":"https:\/\/ofabskara.se\/no\/wp-json\/wp\/v2\/media?parent=44943"}],"wp:term":[{"taxonomy":"product_brand","embeddable":true,"href":"https:\/\/ofabskara.se\/no\/wp-json\/wp\/v2\/product_brand?post=44943"},{"taxonomy":"product_cat","embeddable":true,"href":"https:\/\/ofabskara.se\/no\/wp-json\/wp\/v2\/product_cat?post=44943"},{"taxonomy":"product_tag","embeddable":true,"href":"https:\/\/ofabskara.se\/no\/wp-json\/wp\/v2\/product_tag?post=44943"}],"curies":[{"name":"wp","href":"https:\/\/api.w.org\/{rel}","templated":true}]}}