{"id":45101,"date":"2017-06-29T11:27:33","date_gmt":"2017-06-29T09:27:33","guid":{"rendered":"https:\/\/ofabskara.se\/produkt\/thermolac-75-2\/"},"modified":"2017-06-29T11:27:33","modified_gmt":"2017-06-29T09:27:33","slug":"thermolac-75-2","status":"publish","type":"product","link":"https:\/\/ofabskara.se\/no\/produkt\/thermolac-75-2\/","title":{"rendered":"Vattenautomat Thermolac 2-boll"},"content":{"rendered":"<p>2 bollar, kapacitet 75 liter, L x B x H 990x660x560 mm, ber\u00e4knad till 40 djur.<\/p>\n","protected":false},"excerpt":{"rendered":"<ul>\n<li>T\u00e4nk p\u00e5 att du enligt reglerna skall ha en vattenautomat p\u00e5 10 mj\u00f6lkdjur!<\/li>\n<li>T\u00e4nk p\u00e5 att du enligt reglerna skall ha en vattenautomat p\u00e5 25 djur i l\u00f6sdrift!<\/li>\n<\/ul>\n<p>La Buvette frostfritt vattenkar.\u00a0Thermolac 75 med tv\u00e5 bollar.<br \/>\nPerfekt f\u00f6r b\u00e5de utomhus och inomhus bruk.<br \/>\nThermolac karens v\u00e4ggar \u00e4r isolerade med polyuretanskum vilket g\u00f6r att karet fungerar som en termos och h\u00e5ller vattnet frostfritt p\u00e5 vintern och svalt p\u00e5 sommaren. Frostfri ner till -30\u00b0C. Vattnet h\u00e5ller en temperatur p\u00e5 3-5\u00b0C p\u00e5 vintern och 10-12\u00b0C p\u00e5 sommaren. Kan f\u00f6rse upp till 30 n\u00f6tkreatur i eventuellt tv\u00e5 inh\u00e4gnader. Flott\u00f6rventil som ger 34 liter\/min vid 3 bars tryck. Vattenledningen ansluts underifr\u00e5n. Tv\u00e5 stora avtappningspluggar t\u00f6mmer snabbt beh\u00e5llaren och g\u00f6r det enkelt vid reng\u00f6ring.<\/p>\n<p>La Buvette frostfritt vattenkar<br \/>\nThermolac 75<br \/>\nIsolerat frostfritt vattenkar.<br \/>\nMed tv\u00e5 kulor, frostfritt ner till -25 grader, n\u00e4r karet anv\u00e4nds av minst 15 n\u00f6tkreatur.<br \/>\nStora t\u00f6mmningsproppar i sidan f\u00f6r enkel reng\u00f6ring.<br \/>\nInneh\u00e5ll 75 ltr.<br \/>\nKan f\u00f6rse upp till 30 n\u00f6tkreatur i ev. 2 inh\u00e4gnader<\/p>\n","protected":false},"featured_media":11330,"comment_status":"closed","ping_status":"closed","template":"","meta":{"_acf_changed":false,"inline_featured_image":false},"product_brand":[],"product_cat":[3574,2999,3683,3682,3045,2992,3002,3000],"product_tag":[],"class_list":{"0":"post-45101","1":"product","2":"type-product","3":"status-publish","4":"has-post-thumbnail","6":"product_cat-grisar","7":"product_cat-hastar","8":"product_cat-vattenautomat-for-gris","9":"product_cat-vattenautomat-for-hast","10":"product_cat-vattenautomater","11":"product_cat-vattenautomater-grisar","12":"product_cat-vattensystem","13":"product_cat-vattensystem-hastar","14":"pa_bredd-660-mm","15":"pa_hojd-560-mm","16":"pa_langd-990-mm","17":"pa_volym-75-liter","19":"first","20":"instock","21":"featured","22":"taxable","23":"shipping-taxable","24":"purchasable","25":"product-type-simple"},"acf":[],"yoast_head":"<!-- This site is optimized with the Yoast SEO plugin v24.4 - https:\/\/yoast.com\/wordpress\/plugins\/seo\/ -->\n<title>Vattenautomat Thermolac 2-boll - Ofab<\/title>\n<meta name=\"robots\" content=\"index, follow, max-snippet:-1, max-image-preview:large, max-video-preview:-1\" \/>\n<link rel=\"canonical\" href=\"https:\/\/ofabskara.se\/no\/produkt\/thermolac-75-2\/\" \/>\n<meta property=\"og:locale\" content=\"nb_NO\" \/>\n<meta property=\"og:type\" content=\"article\" \/>\n<meta property=\"og:title\" content=\"Vattenautomat Thermolac 2-boll - Ofab\" \/>\n<meta property=\"og:description\" content=\"T\u00e4nk p\u00e5 att du enligt reglerna skall ha en vattenautomat p\u00e5 10 mj\u00f6lkdjur!  T\u00e4nk p\u00e5 att du enligt reglerna skall ha en vattenautomat p\u00e5 25 djur i l\u00f6sdrift!  La Buvette frostfritt vattenkar.\u00a0Thermolac 75 med tv\u00e5 bollar. Perfekt f\u00f6r b\u00e5de utomhus och inomhus bruk. Thermolac karens v\u00e4ggar \u00e4r isolerade med polyuretanskum vilket g\u00f6r att karet fungerar som en termos och h\u00e5ller vattnet frostfritt p\u00e5 vintern och svalt p\u00e5 sommaren. Frostfri ner till -30\u00b0C. Vattnet h\u00e5ller en temperatur p\u00e5 3-5\u00b0C p\u00e5 vintern och 10-12\u00b0C p\u00e5 sommaren. Kan f\u00f6rse upp till 30 n\u00f6tkreatur i eventuellt tv\u00e5 inh\u00e4gnader. Flott\u00f6rventil som ger 34 liter\/min vid 3 bars tryck. Vattenledningen ansluts underifr\u00e5n. Tv\u00e5 stora avtappningspluggar t\u00f6mmer snabbt beh\u00e5llaren och g\u00f6r det enkelt vid reng\u00f6ring.  La Buvette frostfritt vattenkar Thermolac 75 Isolerat frostfritt vattenkar. Med tv\u00e5 kulor, frostfritt ner till -25 grader, n\u00e4r karet anv\u00e4nds av minst 15 n\u00f6tkreatur. Stora t\u00f6mmningsproppar i sidan f\u00f6r enkel reng\u00f6ring. Inneh\u00e5ll 75 ltr. Kan f\u00f6rse upp till 30 n\u00f6tkreatur i ev. 2 inh\u00e4gnader\" \/>\n<meta property=\"og:url\" content=\"https:\/\/ofabskara.se\/no\/produkt\/thermolac-75-2\/\" \/>\n<meta property=\"og:site_name\" content=\"Ofab\" \/>\n<meta name=\"twitter:card\" content=\"summary_large_image\" \/>\n<script type=\"application\/ld+json\" class=\"yoast-schema-graph\">{\"@context\":\"https:\/\/schema.org\",\"@graph\":[{\"@type\":\"WebPage\",\"@id\":\"https:\/\/ofabskara.se\/no\/produkt\/thermolac-75-2\/\",\"url\":\"https:\/\/ofabskara.se\/no\/produkt\/thermolac-75-2\/\",\"name\":\"Vattenautomat Thermolac 2-boll - Ofab\",\"isPartOf\":{\"@id\":\"https:\/\/ofabskara.se\/sv\/#website\"},\"primaryImageOfPage\":{\"@id\":\"https:\/\/ofabskara.se\/no\/produkt\/thermolac-75-2\/#primaryimage\"},\"image\":{\"@id\":\"https:\/\/ofabskara.se\/no\/produkt\/thermolac-75-2\/#primaryimage\"},\"thumbnailUrl\":\"https:\/\/ofabskara.se\/wp-content\/uploads\/2023\/11\/1671-2023.jpg\",\"datePublished\":\"2017-06-29T09:27:33+00:00\",\"breadcrumb\":{\"@id\":\"https:\/\/ofabskara.se\/no\/produkt\/thermolac-75-2\/#breadcrumb\"},\"inLanguage\":\"nb-NO\",\"potentialAction\":[{\"@type\":\"ReadAction\",\"target\":[\"https:\/\/ofabskara.se\/no\/produkt\/thermolac-75-2\/\"]}]},{\"@type\":\"ImageObject\",\"inLanguage\":\"nb-NO\",\"@id\":\"https:\/\/ofabskara.se\/no\/produkt\/thermolac-75-2\/#primaryimage\",\"url\":\"https:\/\/ofabskara.se\/wp-content\/uploads\/2023\/11\/1671-2023.jpg\",\"contentUrl\":\"https:\/\/ofabskara.se\/wp-content\/uploads\/2023\/11\/1671-2023.jpg\",\"width\":1772,\"height\":1772},{\"@type\":\"BreadcrumbList\",\"@id\":\"https:\/\/ofabskara.se\/no\/produkt\/thermolac-75-2\/#breadcrumb\",\"itemListElement\":[{\"@type\":\"ListItem\",\"position\":1,\"name\":\"Home\",\"item\":\"https:\/\/ofabskara.se\/no\/\"},{\"@type\":\"ListItem\",\"position\":2,\"name\":\"Butik\",\"item\":\"https:\/\/ofabskara.se\/sv\/butik\/\"},{\"@type\":\"ListItem\",\"position\":3,\"name\":\"Vattenautomat Thermolac 2-boll\"}]},{\"@type\":\"WebSite\",\"@id\":\"https:\/\/ofabskara.se\/sv\/#website\",\"url\":\"https:\/\/ofabskara.se\/sv\/\",\"name\":\"Ofab\",\"description\":\"\",\"potentialAction\":[{\"@type\":\"SearchAction\",\"target\":{\"@type\":\"EntryPoint\",\"urlTemplate\":\"https:\/\/ofabskara.se\/sv\/?s={search_term_string}\"},\"query-input\":{\"@type\":\"PropertyValueSpecification\",\"valueRequired\":true,\"valueName\":\"search_term_string\"}}],\"inLanguage\":\"nb-NO\"}]}<\/script>\n<!-- \/ Yoast SEO plugin. -->","yoast_head_json":{"title":"Vattenautomat Thermolac 2-boll - Ofab","robots":{"index":"index","follow":"follow","max-snippet":"max-snippet:-1","max-image-preview":"max-image-preview:large","max-video-preview":"max-video-preview:-1"},"canonical":"https:\/\/ofabskara.se\/no\/produkt\/thermolac-75-2\/","og_locale":"nb_NO","og_type":"article","og_title":"Vattenautomat Thermolac 2-boll - Ofab","og_description":"T\u00e4nk p\u00e5 att du enligt reglerna skall ha en vattenautomat p\u00e5 10 mj\u00f6lkdjur!  T\u00e4nk p\u00e5 att du enligt reglerna skall ha en vattenautomat p\u00e5 25 djur i l\u00f6sdrift!  La Buvette frostfritt vattenkar.\u00a0Thermolac 75 med tv\u00e5 bollar. Perfekt f\u00f6r b\u00e5de utomhus och inomhus bruk. Thermolac karens v\u00e4ggar \u00e4r isolerade med polyuretanskum vilket g\u00f6r att karet fungerar som en termos och h\u00e5ller vattnet frostfritt p\u00e5 vintern och svalt p\u00e5 sommaren. Frostfri ner till -30\u00b0C. Vattnet h\u00e5ller en temperatur p\u00e5 3-5\u00b0C p\u00e5 vintern och 10-12\u00b0C p\u00e5 sommaren. Kan f\u00f6rse upp till 30 n\u00f6tkreatur i eventuellt tv\u00e5 inh\u00e4gnader. Flott\u00f6rventil som ger 34 liter\/min vid 3 bars tryck. Vattenledningen ansluts underifr\u00e5n. Tv\u00e5 stora avtappningspluggar t\u00f6mmer snabbt beh\u00e5llaren och g\u00f6r det enkelt vid reng\u00f6ring.  La Buvette frostfritt vattenkar Thermolac 75 Isolerat frostfritt vattenkar. Med tv\u00e5 kulor, frostfritt ner till -25 grader, n\u00e4r karet anv\u00e4nds av minst 15 n\u00f6tkreatur. Stora t\u00f6mmningsproppar i sidan f\u00f6r enkel reng\u00f6ring. Inneh\u00e5ll 75 ltr. Kan f\u00f6rse upp till 30 n\u00f6tkreatur i ev. 2 inh\u00e4gnader","og_url":"https:\/\/ofabskara.se\/no\/produkt\/thermolac-75-2\/","og_site_name":"Ofab","twitter_card":"summary_large_image","schema":{"@context":"https:\/\/schema.org","@graph":[{"@type":"WebPage","@id":"https:\/\/ofabskara.se\/no\/produkt\/thermolac-75-2\/","url":"https:\/\/ofabskara.se\/no\/produkt\/thermolac-75-2\/","name":"Vattenautomat Thermolac 2-boll - Ofab","isPartOf":{"@id":"https:\/\/ofabskara.se\/sv\/#website"},"primaryImageOfPage":{"@id":"https:\/\/ofabskara.se\/no\/produkt\/thermolac-75-2\/#primaryimage"},"image":{"@id":"https:\/\/ofabskara.se\/no\/produkt\/thermolac-75-2\/#primaryimage"},"thumbnailUrl":"https:\/\/ofabskara.se\/wp-content\/uploads\/2023\/11\/1671-2023.jpg","datePublished":"2017-06-29T09:27:33+00:00","breadcrumb":{"@id":"https:\/\/ofabskara.se\/no\/produkt\/thermolac-75-2\/#breadcrumb"},"inLanguage":"nb-NO","potentialAction":[{"@type":"ReadAction","target":["https:\/\/ofabskara.se\/no\/produkt\/thermolac-75-2\/"]}]},{"@type":"ImageObject","inLanguage":"nb-NO","@id":"https:\/\/ofabskara.se\/no\/produkt\/thermolac-75-2\/#primaryimage","url":"https:\/\/ofabskara.se\/wp-content\/uploads\/2023\/11\/1671-2023.jpg","contentUrl":"https:\/\/ofabskara.se\/wp-content\/uploads\/2023\/11\/1671-2023.jpg","width":1772,"height":1772},{"@type":"BreadcrumbList","@id":"https:\/\/ofabskara.se\/no\/produkt\/thermolac-75-2\/#breadcrumb","itemListElement":[{"@type":"ListItem","position":1,"name":"Home","item":"https:\/\/ofabskara.se\/no\/"},{"@type":"ListItem","position":2,"name":"Butik","item":"https:\/\/ofabskara.se\/sv\/butik\/"},{"@type":"ListItem","position":3,"name":"Vattenautomat Thermolac 2-boll"}]},{"@type":"WebSite","@id":"https:\/\/ofabskara.se\/sv\/#website","url":"https:\/\/ofabskara.se\/sv\/","name":"Ofab","description":"","potentialAction":[{"@type":"SearchAction","target":{"@type":"EntryPoint","urlTemplate":"https:\/\/ofabskara.se\/sv\/?s={search_term_string}"},"query-input":{"@type":"PropertyValueSpecification","valueRequired":true,"valueName":"search_term_string"}}],"inLanguage":"nb-NO"}]}},"_links":{"self":[{"href":"https:\/\/ofabskara.se\/no\/wp-json\/wp\/v2\/product\/45101","targetHints":{"allow":["GET"]}}],"collection":[{"href":"https:\/\/ofabskara.se\/no\/wp-json\/wp\/v2\/product"}],"about":[{"href":"https:\/\/ofabskara.se\/no\/wp-json\/wp\/v2\/types\/product"}],"replies":[{"embeddable":true,"href":"https:\/\/ofabskara.se\/no\/wp-json\/wp\/v2\/comments?post=45101"}],"wp:featuredmedia":[{"embeddable":true,"href":"https:\/\/ofabskara.se\/no\/wp-json\/wp\/v2\/media\/11330"}],"wp:attachment":[{"href":"https:\/\/ofabskara.se\/no\/wp-json\/wp\/v2\/media?parent=45101"}],"wp:term":[{"taxonomy":"product_brand","embeddable":true,"href":"https:\/\/ofabskara.se\/no\/wp-json\/wp\/v2\/product_brand?post=45101"},{"taxonomy":"product_cat","embeddable":true,"href":"https:\/\/ofabskara.se\/no\/wp-json\/wp\/v2\/product_cat?post=45101"},{"taxonomy":"product_tag","embeddable":true,"href":"https:\/\/ofabskara.se\/no\/wp-json\/wp\/v2\/product_tag?post=45101"}],"curies":[{"name":"wp","href":"https:\/\/api.w.org\/{rel}","templated":true}]}}