{"id":45103,"date":"2017-06-29T09:58:33","date_gmt":"2017-06-29T07:58:33","guid":{"rendered":"https:\/\/ofabskara.se\/produkt\/prebac-polychoc-runda-vattentrag-utan-flottor\/"},"modified":"2017-06-29T09:58:33","modified_gmt":"2017-06-29T07:58:33","slug":"prebac-polychoc-runda-vattentrag-utan-flottor","status":"publish","type":"product","link":"https:\/\/ofabskara.se\/no\/produkt\/prebac-polychoc-runda-vattentrag-utan-flottor\/","title":{"rendered":"Prebac runt vattentr\u00e5g"},"content":{"rendered":"","protected":false},"excerpt":{"rendered":"<ul>\n<li><strong>Vattenkar Prebac Polychoc \u00e4r tillverkat av 100% polyeten med h\u00f6g densitet som \u00e4r behandlad f\u00f6r att klara UV-str\u00e5lning.<\/strong><\/li>\n<li><strong> F\u00f6r att n\u00f6tkreaturen inte ska kunna lyfta tr\u00e5get med hornen s\u00e5 har vattentr\u00e5get en in\u00e5tv\u00e4nd kant. <\/strong><\/li>\n<li><strong>F\u00f6r att tr\u00e5get ska h\u00e5lla det som tillverkaren lovar (10 \u00e5rs garanti) s\u00e5 ska det vara p\u00e5fyllt med vatten vid anv\u00e4ndning.<\/strong><\/li>\n<li><strong>Vattentr\u00e5g som passar n\u00f6tkreatur &amp; h\u00e4star.\u00a0<\/strong><\/li>\n<li><strong>Tr\u00e5gen \u00e4r koniska och enkla att staplas vid f\u00f6rvaring. <\/strong><\/li>\n<li><strong>Vattenkaret \u00e4r l\u00e4tt att reng\u00f6ra, dr\u00e4neringsplugg finns i nederkanten av karet.<\/strong><\/li>\n<li><strong>Kan kompletteras med en inbyggd flott\u00f6r (ing\u00e5r ej) som sitter skyddad s\u00e5 inte djuren kommer \u00e5t den. <\/strong><\/li>\n<li><strong>Vattenkapacitet:\u00a040 liter\/minut vid 4 bar.<\/strong><\/li>\n<\/ul>\n","protected":false},"featured_media":8783,"comment_status":"closed","ping_status":"closed","template":"","meta":{"_acf_changed":false,"inline_featured_image":false},"product_brand":[],"product_cat":[3597,3691,3002],"product_tag":[],"class_list":{"0":"post-45103","1":"product","2":"type-product","3":"status-publish","4":"has-post-thumbnail","6":"product_cat-vattentkar","7":"product_cat-vattenkar-prebac","8":"product_cat-vattensystem","10":"first","11":"instock","12":"taxable","13":"shipping-taxable","14":"product-type-grouped"},"acf":[],"yoast_head":"<!-- This site is optimized with the Yoast SEO plugin v24.4 - https:\/\/yoast.com\/wordpress\/plugins\/seo\/ -->\n<title>Prebac runt vattentr\u00e5g - Ofab<\/title>\n<meta name=\"robots\" content=\"index, follow, max-snippet:-1, max-image-preview:large, max-video-preview:-1\" \/>\n<link rel=\"canonical\" href=\"https:\/\/ofabskara.se\/no\/produkt\/prebac-polychoc-runda-vattentrag-utan-flottor\/\" \/>\n<meta property=\"og:locale\" content=\"nb_NO\" \/>\n<meta property=\"og:type\" content=\"article\" \/>\n<meta property=\"og:title\" content=\"Prebac runt vattentr\u00e5g - Ofab\" \/>\n<meta property=\"og:description\" content=\"Vattenkar Prebac Polychoc \u00e4r tillverkat av 100% polyeten med h\u00f6g densitet som \u00e4r behandlad f\u00f6r att klara UV-str\u00e5lning.   F\u00f6r att n\u00f6tkreaturen inte ska kunna lyfta tr\u00e5get med hornen s\u00e5 har vattentr\u00e5get en in\u00e5tv\u00e4nd kant.   F\u00f6r att tr\u00e5get ska h\u00e5lla det som tillverkaren lovar (10 \u00e5rs garanti) s\u00e5 ska det vara p\u00e5fyllt med vatten vid anv\u00e4ndning.  Vattentr\u00e5g som passar n\u00f6tkreatur &amp; h\u00e4star.\u00a0  Tr\u00e5gen \u00e4r koniska och enkla att staplas vid f\u00f6rvaring.   Vattenkaret \u00e4r l\u00e4tt att reng\u00f6ra, dr\u00e4neringsplugg finns i nederkanten av karet.  Kan kompletteras med en inbyggd flott\u00f6r (ing\u00e5r ej) som sitter skyddad s\u00e5 inte djuren kommer \u00e5t den.   Vattenkapacitet:\u00a040 liter\/minut vid 4 bar.\" \/>\n<meta property=\"og:url\" content=\"https:\/\/ofabskara.se\/no\/produkt\/prebac-polychoc-runda-vattentrag-utan-flottor\/\" \/>\n<meta property=\"og:site_name\" content=\"Ofab\" \/>\n<meta name=\"twitter:card\" content=\"summary_large_image\" \/>\n<script type=\"application\/ld+json\" class=\"yoast-schema-graph\">{\"@context\":\"https:\/\/schema.org\",\"@graph\":[{\"@type\":\"WebPage\",\"@id\":\"https:\/\/ofabskara.se\/no\/produkt\/prebac-polychoc-runda-vattentrag-utan-flottor\/\",\"url\":\"https:\/\/ofabskara.se\/no\/produkt\/prebac-polychoc-runda-vattentrag-utan-flottor\/\",\"name\":\"Prebac runt vattentr\u00e5g - Ofab\",\"isPartOf\":{\"@id\":\"https:\/\/ofabskara.se\/sv\/#website\"},\"primaryImageOfPage\":{\"@id\":\"https:\/\/ofabskara.se\/no\/produkt\/prebac-polychoc-runda-vattentrag-utan-flottor\/#primaryimage\"},\"image\":{\"@id\":\"https:\/\/ofabskara.se\/no\/produkt\/prebac-polychoc-runda-vattentrag-utan-flottor\/#primaryimage\"},\"thumbnailUrl\":\"https:\/\/ofabskara.se\/wp-content\/uploads\/2023\/09\/PREBAC1000-situ-Holstein-MD-recad.jpg\",\"datePublished\":\"2017-06-29T07:58:33+00:00\",\"breadcrumb\":{\"@id\":\"https:\/\/ofabskara.se\/no\/produkt\/prebac-polychoc-runda-vattentrag-utan-flottor\/#breadcrumb\"},\"inLanguage\":\"nb-NO\",\"potentialAction\":[{\"@type\":\"ReadAction\",\"target\":[\"https:\/\/ofabskara.se\/no\/produkt\/prebac-polychoc-runda-vattentrag-utan-flottor\/\"]}]},{\"@type\":\"ImageObject\",\"inLanguage\":\"nb-NO\",\"@id\":\"https:\/\/ofabskara.se\/no\/produkt\/prebac-polychoc-runda-vattentrag-utan-flottor\/#primaryimage\",\"url\":\"https:\/\/ofabskara.se\/wp-content\/uploads\/2023\/09\/PREBAC1000-situ-Holstein-MD-recad.jpg\",\"contentUrl\":\"https:\/\/ofabskara.se\/wp-content\/uploads\/2023\/09\/PREBAC1000-situ-Holstein-MD-recad.jpg\",\"width\":1193,\"height\":1141},{\"@type\":\"BreadcrumbList\",\"@id\":\"https:\/\/ofabskara.se\/no\/produkt\/prebac-polychoc-runda-vattentrag-utan-flottor\/#breadcrumb\",\"itemListElement\":[{\"@type\":\"ListItem\",\"position\":1,\"name\":\"Home\",\"item\":\"https:\/\/ofabskara.se\/no\/\"},{\"@type\":\"ListItem\",\"position\":2,\"name\":\"Butik\",\"item\":\"https:\/\/ofabskara.se\/sv\/butik\/\"},{\"@type\":\"ListItem\",\"position\":3,\"name\":\"Prebac runt vattentr\u00e5g\"}]},{\"@type\":\"WebSite\",\"@id\":\"https:\/\/ofabskara.se\/sv\/#website\",\"url\":\"https:\/\/ofabskara.se\/sv\/\",\"name\":\"Ofab\",\"description\":\"\",\"potentialAction\":[{\"@type\":\"SearchAction\",\"target\":{\"@type\":\"EntryPoint\",\"urlTemplate\":\"https:\/\/ofabskara.se\/sv\/?s={search_term_string}\"},\"query-input\":{\"@type\":\"PropertyValueSpecification\",\"valueRequired\":true,\"valueName\":\"search_term_string\"}}],\"inLanguage\":\"nb-NO\"}]}<\/script>\n<!-- \/ Yoast SEO plugin. -->","yoast_head_json":{"title":"Prebac runt vattentr\u00e5g - Ofab","robots":{"index":"index","follow":"follow","max-snippet":"max-snippet:-1","max-image-preview":"max-image-preview:large","max-video-preview":"max-video-preview:-1"},"canonical":"https:\/\/ofabskara.se\/no\/produkt\/prebac-polychoc-runda-vattentrag-utan-flottor\/","og_locale":"nb_NO","og_type":"article","og_title":"Prebac runt vattentr\u00e5g - Ofab","og_description":"Vattenkar Prebac Polychoc \u00e4r tillverkat av 100% polyeten med h\u00f6g densitet som \u00e4r behandlad f\u00f6r att klara UV-str\u00e5lning.   F\u00f6r att n\u00f6tkreaturen inte ska kunna lyfta tr\u00e5get med hornen s\u00e5 har vattentr\u00e5get en in\u00e5tv\u00e4nd kant.   F\u00f6r att tr\u00e5get ska h\u00e5lla det som tillverkaren lovar (10 \u00e5rs garanti) s\u00e5 ska det vara p\u00e5fyllt med vatten vid anv\u00e4ndning.  Vattentr\u00e5g som passar n\u00f6tkreatur &amp; h\u00e4star.\u00a0  Tr\u00e5gen \u00e4r koniska och enkla att staplas vid f\u00f6rvaring.   Vattenkaret \u00e4r l\u00e4tt att reng\u00f6ra, dr\u00e4neringsplugg finns i nederkanten av karet.  Kan kompletteras med en inbyggd flott\u00f6r (ing\u00e5r ej) som sitter skyddad s\u00e5 inte djuren kommer \u00e5t den.   Vattenkapacitet:\u00a040 liter\/minut vid 4 bar.","og_url":"https:\/\/ofabskara.se\/no\/produkt\/prebac-polychoc-runda-vattentrag-utan-flottor\/","og_site_name":"Ofab","twitter_card":"summary_large_image","schema":{"@context":"https:\/\/schema.org","@graph":[{"@type":"WebPage","@id":"https:\/\/ofabskara.se\/no\/produkt\/prebac-polychoc-runda-vattentrag-utan-flottor\/","url":"https:\/\/ofabskara.se\/no\/produkt\/prebac-polychoc-runda-vattentrag-utan-flottor\/","name":"Prebac runt vattentr\u00e5g - Ofab","isPartOf":{"@id":"https:\/\/ofabskara.se\/sv\/#website"},"primaryImageOfPage":{"@id":"https:\/\/ofabskara.se\/no\/produkt\/prebac-polychoc-runda-vattentrag-utan-flottor\/#primaryimage"},"image":{"@id":"https:\/\/ofabskara.se\/no\/produkt\/prebac-polychoc-runda-vattentrag-utan-flottor\/#primaryimage"},"thumbnailUrl":"https:\/\/ofabskara.se\/wp-content\/uploads\/2023\/09\/PREBAC1000-situ-Holstein-MD-recad.jpg","datePublished":"2017-06-29T07:58:33+00:00","breadcrumb":{"@id":"https:\/\/ofabskara.se\/no\/produkt\/prebac-polychoc-runda-vattentrag-utan-flottor\/#breadcrumb"},"inLanguage":"nb-NO","potentialAction":[{"@type":"ReadAction","target":["https:\/\/ofabskara.se\/no\/produkt\/prebac-polychoc-runda-vattentrag-utan-flottor\/"]}]},{"@type":"ImageObject","inLanguage":"nb-NO","@id":"https:\/\/ofabskara.se\/no\/produkt\/prebac-polychoc-runda-vattentrag-utan-flottor\/#primaryimage","url":"https:\/\/ofabskara.se\/wp-content\/uploads\/2023\/09\/PREBAC1000-situ-Holstein-MD-recad.jpg","contentUrl":"https:\/\/ofabskara.se\/wp-content\/uploads\/2023\/09\/PREBAC1000-situ-Holstein-MD-recad.jpg","width":1193,"height":1141},{"@type":"BreadcrumbList","@id":"https:\/\/ofabskara.se\/no\/produkt\/prebac-polychoc-runda-vattentrag-utan-flottor\/#breadcrumb","itemListElement":[{"@type":"ListItem","position":1,"name":"Home","item":"https:\/\/ofabskara.se\/no\/"},{"@type":"ListItem","position":2,"name":"Butik","item":"https:\/\/ofabskara.se\/sv\/butik\/"},{"@type":"ListItem","position":3,"name":"Prebac runt vattentr\u00e5g"}]},{"@type":"WebSite","@id":"https:\/\/ofabskara.se\/sv\/#website","url":"https:\/\/ofabskara.se\/sv\/","name":"Ofab","description":"","potentialAction":[{"@type":"SearchAction","target":{"@type":"EntryPoint","urlTemplate":"https:\/\/ofabskara.se\/sv\/?s={search_term_string}"},"query-input":{"@type":"PropertyValueSpecification","valueRequired":true,"valueName":"search_term_string"}}],"inLanguage":"nb-NO"}]}},"_links":{"self":[{"href":"https:\/\/ofabskara.se\/no\/wp-json\/wp\/v2\/product\/45103","targetHints":{"allow":["GET"]}}],"collection":[{"href":"https:\/\/ofabskara.se\/no\/wp-json\/wp\/v2\/product"}],"about":[{"href":"https:\/\/ofabskara.se\/no\/wp-json\/wp\/v2\/types\/product"}],"replies":[{"embeddable":true,"href":"https:\/\/ofabskara.se\/no\/wp-json\/wp\/v2\/comments?post=45103"}],"wp:featuredmedia":[{"embeddable":true,"href":"https:\/\/ofabskara.se\/no\/wp-json\/wp\/v2\/media\/8783"}],"wp:attachment":[{"href":"https:\/\/ofabskara.se\/no\/wp-json\/wp\/v2\/media?parent=45103"}],"wp:term":[{"taxonomy":"product_brand","embeddable":true,"href":"https:\/\/ofabskara.se\/no\/wp-json\/wp\/v2\/product_brand?post=45103"},{"taxonomy":"product_cat","embeddable":true,"href":"https:\/\/ofabskara.se\/no\/wp-json\/wp\/v2\/product_cat?post=45103"},{"taxonomy":"product_tag","embeddable":true,"href":"https:\/\/ofabskara.se\/no\/wp-json\/wp\/v2\/product_tag?post=45103"}],"curies":[{"name":"wp","href":"https:\/\/api.w.org\/{rel}","templated":true}]}}