{"id":45242,"date":"2017-06-20T12:43:09","date_gmt":"2017-06-20T10:43:09","guid":{"rendered":"https:\/\/ofabskara.se\/produkt\/avant-lasgrind-for-insemination\/"},"modified":"2017-06-20T12:43:09","modified_gmt":"2017-06-20T10:43:09","slug":"avant-lasgrind-for-insemination","status":"publish","type":"product","link":"https:\/\/ofabskara.se\/no\/produkt\/avant-lasgrind-for-insemination\/","title":{"rendered":"5-r\u00f6rs grind insemination"},"content":{"rendered":"<p><strong>L\u00e5sgrind f\u00f6r insemination monteras p\u00e5 v\u00e5ra hondelar.<\/strong><br \/>\nKomplett grind. <strong>L\u00e5sgrind inkl. hondel.<\/strong> Utm\u00e4rkt f\u00f6r montering i kalvningsbox. Avantdelen g\u00e5r \u00e4ven att montera p\u00e5 l\u00e4ngre hondelar \u00e4n nedan. <strong>Stolpar och beslag ing\u00e5r ej.<\/strong><\/p>\n","protected":false},"excerpt":{"rendered":"<ul>\n<li><strong>Grind med l\u00e5sbar \u00e4t\u00f6ppning, snabb justerbar bredd med staget som g\u00e5r att flytta i sidled.<\/strong><\/li>\n<li><strong>Levereras med beslag monterade p\u00e5 sidan om \u00e4t\u00f6ppningen f\u00f6r montering av cesarinnegrinden(BA5044).<\/strong><\/li>\n<li><strong>En mycket bra grind till sjukbox och kalvningsbox.<\/strong><\/li>\n<li><strong>Teleskopsgrindarna \u00e4r flexibla och \u00e4r tillverkade av tjockv\u00e4ggiga r\u00f6r som st\u00e5r emot attacker fr\u00e5n dom st\u00f6rsta djuren. <\/strong><\/li>\n<li><strong>R\u00f6rdim.<\/strong><strong>60,3\u00d73,2mm, Teleskopsdel dim. 48,3\u00d73,0mm, gavlar av h\u00e5lprofil 60x60x3mm, vertikal r\u00f6rf\u00f6rst\u00e4rkning r\u00f6rdim. 48,3\u00d73,0mm.<\/strong><\/li>\n<li><strong>Fixera grinden i \u00f6nskat m\u00e5tt och l\u00e5s med bultar. <\/strong><\/li>\n<li><strong>Grindh\u00f6jd115cm. <\/strong><\/li>\n<li><strong>Avst\u00e5nd mellan horisontella r\u00f6r \u00e4r 210mm.<\/strong><\/li>\n<\/ul>\n","protected":false},"featured_media":8276,"comment_status":"closed","ping_status":"closed","template":"","meta":{"_acf_changed":false,"inline_featured_image":false},"product_brand":[],"product_cat":[3551,3006,3060],"product_tag":[],"class_list":{"0":"post-45242","1":"product","2":"type-product","3":"status-publish","4":"has-post-thumbnail","6":"product_cat-behandlingsfronter-grindar","7":"product_cat-notdjur","8":"product_cat-teleskopiska-5-rorsgrindar-for-notkreatur","10":"first","11":"instock","12":"taxable","13":"shipping-taxable","14":"product-type-grouped"},"acf":[],"yoast_head":"<!-- This site is optimized with the Yoast SEO plugin v24.4 - https:\/\/yoast.com\/wordpress\/plugins\/seo\/ -->\n<title>5-r\u00f6rs grind insemination - Ofab<\/title>\n<meta name=\"robots\" content=\"index, follow, max-snippet:-1, max-image-preview:large, max-video-preview:-1\" \/>\n<link rel=\"canonical\" href=\"https:\/\/ofabskara.se\/no\/produkt\/avant-lasgrind-for-insemination\/\" \/>\n<meta property=\"og:locale\" content=\"nb_NO\" \/>\n<meta property=\"og:type\" content=\"article\" \/>\n<meta property=\"og:title\" content=\"5-r\u00f6rs grind insemination - Ofab\" \/>\n<meta property=\"og:description\" content=\"Grind med l\u00e5sbar \u00e4t\u00f6ppning, snabb justerbar bredd med staget som g\u00e5r att flytta i sidled.  Levereras med beslag monterade p\u00e5 sidan om \u00e4t\u00f6ppningen f\u00f6r montering av cesarinnegrinden(BA5044).  En mycket bra grind till sjukbox och kalvningsbox.  Teleskopsgrindarna \u00e4r flexibla och \u00e4r tillverkade av tjockv\u00e4ggiga r\u00f6r som st\u00e5r emot attacker fr\u00e5n dom st\u00f6rsta djuren.   R\u00f6rdim.60,3\u00d73,2mm, Teleskopsdel dim. 48,3\u00d73,0mm, gavlar av h\u00e5lprofil 60x60x3mm, vertikal r\u00f6rf\u00f6rst\u00e4rkning r\u00f6rdim. 48,3\u00d73,0mm.  Fixera grinden i \u00f6nskat m\u00e5tt och l\u00e5s med bultar.   Grindh\u00f6jd115cm.   Avst\u00e5nd mellan horisontella r\u00f6r \u00e4r 210mm.\" \/>\n<meta property=\"og:url\" content=\"https:\/\/ofabskara.se\/no\/produkt\/avant-lasgrind-for-insemination\/\" \/>\n<meta property=\"og:site_name\" content=\"Ofab\" \/>\n<meta name=\"twitter:card\" content=\"summary_large_image\" \/>\n<script type=\"application\/ld+json\" class=\"yoast-schema-graph\">{\"@context\":\"https:\/\/schema.org\",\"@graph\":[{\"@type\":\"WebPage\",\"@id\":\"https:\/\/ofabskara.se\/no\/produkt\/avant-lasgrind-for-insemination\/\",\"url\":\"https:\/\/ofabskara.se\/no\/produkt\/avant-lasgrind-for-insemination\/\",\"name\":\"5-r\u00f6rs grind insemination - Ofab\",\"isPartOf\":{\"@id\":\"https:\/\/ofabskara.se\/sv\/#website\"},\"primaryImageOfPage\":{\"@id\":\"https:\/\/ofabskara.se\/no\/produkt\/avant-lasgrind-for-insemination\/#primaryimage\"},\"image\":{\"@id\":\"https:\/\/ofabskara.se\/no\/produkt\/avant-lasgrind-for-insemination\/#primaryimage\"},\"thumbnailUrl\":\"https:\/\/ofabskara.se\/wp-content\/uploads\/2023\/09\/MG_7039-Edit-1-scaled.jpg\",\"datePublished\":\"2017-06-20T10:43:09+00:00\",\"breadcrumb\":{\"@id\":\"https:\/\/ofabskara.se\/no\/produkt\/avant-lasgrind-for-insemination\/#breadcrumb\"},\"inLanguage\":\"nb-NO\",\"potentialAction\":[{\"@type\":\"ReadAction\",\"target\":[\"https:\/\/ofabskara.se\/no\/produkt\/avant-lasgrind-for-insemination\/\"]}]},{\"@type\":\"ImageObject\",\"inLanguage\":\"nb-NO\",\"@id\":\"https:\/\/ofabskara.se\/no\/produkt\/avant-lasgrind-for-insemination\/#primaryimage\",\"url\":\"https:\/\/ofabskara.se\/wp-content\/uploads\/2023\/09\/MG_7039-Edit-1-scaled.jpg\",\"contentUrl\":\"https:\/\/ofabskara.se\/wp-content\/uploads\/2023\/09\/MG_7039-Edit-1-scaled.jpg\",\"width\":2560,\"height\":2560},{\"@type\":\"BreadcrumbList\",\"@id\":\"https:\/\/ofabskara.se\/no\/produkt\/avant-lasgrind-for-insemination\/#breadcrumb\",\"itemListElement\":[{\"@type\":\"ListItem\",\"position\":1,\"name\":\"Home\",\"item\":\"https:\/\/ofabskara.se\/no\/\"},{\"@type\":\"ListItem\",\"position\":2,\"name\":\"Butik\",\"item\":\"https:\/\/ofabskara.se\/sv\/butik\/\"},{\"@type\":\"ListItem\",\"position\":3,\"name\":\"5-r\u00f6rs grind insemination\"}]},{\"@type\":\"WebSite\",\"@id\":\"https:\/\/ofabskara.se\/sv\/#website\",\"url\":\"https:\/\/ofabskara.se\/sv\/\",\"name\":\"Ofab\",\"description\":\"\",\"potentialAction\":[{\"@type\":\"SearchAction\",\"target\":{\"@type\":\"EntryPoint\",\"urlTemplate\":\"https:\/\/ofabskara.se\/sv\/?s={search_term_string}\"},\"query-input\":{\"@type\":\"PropertyValueSpecification\",\"valueRequired\":true,\"valueName\":\"search_term_string\"}}],\"inLanguage\":\"nb-NO\"}]}<\/script>\n<!-- \/ Yoast SEO plugin. -->","yoast_head_json":{"title":"5-r\u00f6rs grind insemination - Ofab","robots":{"index":"index","follow":"follow","max-snippet":"max-snippet:-1","max-image-preview":"max-image-preview:large","max-video-preview":"max-video-preview:-1"},"canonical":"https:\/\/ofabskara.se\/no\/produkt\/avant-lasgrind-for-insemination\/","og_locale":"nb_NO","og_type":"article","og_title":"5-r\u00f6rs grind insemination - Ofab","og_description":"Grind med l\u00e5sbar \u00e4t\u00f6ppning, snabb justerbar bredd med staget som g\u00e5r att flytta i sidled.  Levereras med beslag monterade p\u00e5 sidan om \u00e4t\u00f6ppningen f\u00f6r montering av cesarinnegrinden(BA5044).  En mycket bra grind till sjukbox och kalvningsbox.  Teleskopsgrindarna \u00e4r flexibla och \u00e4r tillverkade av tjockv\u00e4ggiga r\u00f6r som st\u00e5r emot attacker fr\u00e5n dom st\u00f6rsta djuren.   R\u00f6rdim.60,3\u00d73,2mm, Teleskopsdel dim. 48,3\u00d73,0mm, gavlar av h\u00e5lprofil 60x60x3mm, vertikal r\u00f6rf\u00f6rst\u00e4rkning r\u00f6rdim. 48,3\u00d73,0mm.  Fixera grinden i \u00f6nskat m\u00e5tt och l\u00e5s med bultar.   Grindh\u00f6jd115cm.   Avst\u00e5nd mellan horisontella r\u00f6r \u00e4r 210mm.","og_url":"https:\/\/ofabskara.se\/no\/produkt\/avant-lasgrind-for-insemination\/","og_site_name":"Ofab","twitter_card":"summary_large_image","schema":{"@context":"https:\/\/schema.org","@graph":[{"@type":"WebPage","@id":"https:\/\/ofabskara.se\/no\/produkt\/avant-lasgrind-for-insemination\/","url":"https:\/\/ofabskara.se\/no\/produkt\/avant-lasgrind-for-insemination\/","name":"5-r\u00f6rs grind insemination - Ofab","isPartOf":{"@id":"https:\/\/ofabskara.se\/sv\/#website"},"primaryImageOfPage":{"@id":"https:\/\/ofabskara.se\/no\/produkt\/avant-lasgrind-for-insemination\/#primaryimage"},"image":{"@id":"https:\/\/ofabskara.se\/no\/produkt\/avant-lasgrind-for-insemination\/#primaryimage"},"thumbnailUrl":"https:\/\/ofabskara.se\/wp-content\/uploads\/2023\/09\/MG_7039-Edit-1-scaled.jpg","datePublished":"2017-06-20T10:43:09+00:00","breadcrumb":{"@id":"https:\/\/ofabskara.se\/no\/produkt\/avant-lasgrind-for-insemination\/#breadcrumb"},"inLanguage":"nb-NO","potentialAction":[{"@type":"ReadAction","target":["https:\/\/ofabskara.se\/no\/produkt\/avant-lasgrind-for-insemination\/"]}]},{"@type":"ImageObject","inLanguage":"nb-NO","@id":"https:\/\/ofabskara.se\/no\/produkt\/avant-lasgrind-for-insemination\/#primaryimage","url":"https:\/\/ofabskara.se\/wp-content\/uploads\/2023\/09\/MG_7039-Edit-1-scaled.jpg","contentUrl":"https:\/\/ofabskara.se\/wp-content\/uploads\/2023\/09\/MG_7039-Edit-1-scaled.jpg","width":2560,"height":2560},{"@type":"BreadcrumbList","@id":"https:\/\/ofabskara.se\/no\/produkt\/avant-lasgrind-for-insemination\/#breadcrumb","itemListElement":[{"@type":"ListItem","position":1,"name":"Home","item":"https:\/\/ofabskara.se\/no\/"},{"@type":"ListItem","position":2,"name":"Butik","item":"https:\/\/ofabskara.se\/sv\/butik\/"},{"@type":"ListItem","position":3,"name":"5-r\u00f6rs grind insemination"}]},{"@type":"WebSite","@id":"https:\/\/ofabskara.se\/sv\/#website","url":"https:\/\/ofabskara.se\/sv\/","name":"Ofab","description":"","potentialAction":[{"@type":"SearchAction","target":{"@type":"EntryPoint","urlTemplate":"https:\/\/ofabskara.se\/sv\/?s={search_term_string}"},"query-input":{"@type":"PropertyValueSpecification","valueRequired":true,"valueName":"search_term_string"}}],"inLanguage":"nb-NO"}]}},"_links":{"self":[{"href":"https:\/\/ofabskara.se\/no\/wp-json\/wp\/v2\/product\/45242","targetHints":{"allow":["GET"]}}],"collection":[{"href":"https:\/\/ofabskara.se\/no\/wp-json\/wp\/v2\/product"}],"about":[{"href":"https:\/\/ofabskara.se\/no\/wp-json\/wp\/v2\/types\/product"}],"replies":[{"embeddable":true,"href":"https:\/\/ofabskara.se\/no\/wp-json\/wp\/v2\/comments?post=45242"}],"wp:featuredmedia":[{"embeddable":true,"href":"https:\/\/ofabskara.se\/no\/wp-json\/wp\/v2\/media\/8276"}],"wp:attachment":[{"href":"https:\/\/ofabskara.se\/no\/wp-json\/wp\/v2\/media?parent=45242"}],"wp:term":[{"taxonomy":"product_brand","embeddable":true,"href":"https:\/\/ofabskara.se\/no\/wp-json\/wp\/v2\/product_brand?post=45242"},{"taxonomy":"product_cat","embeddable":true,"href":"https:\/\/ofabskara.se\/no\/wp-json\/wp\/v2\/product_cat?post=45242"},{"taxonomy":"product_tag","embeddable":true,"href":"https:\/\/ofabskara.se\/no\/wp-json\/wp\/v2\/product_tag?post=45242"}],"curies":[{"name":"wp","href":"https:\/\/api.w.org\/{rel}","templated":true}]}}