{"id":45436,"date":"2017-05-16T08:51:31","date_gmt":"2017-05-16T06:51:31","guid":{"rendered":"https:\/\/ofabskara.se\/produkt\/easyswing-maxi\/"},"modified":"2026-03-30T14:05:37","modified_gmt":"2026-03-30T12:05:37","slug":"easyswing-maxi","status":"publish","type":"product","link":"https:\/\/ofabskara.se\/no\/produkt\/easyswing-maxi\/","title":{"rendered":"MAXI EasySwing"},"content":{"rendered":"<p><iframe title=\"Watch how this happy cow loves his EasySwing\u00ae Maxi Brush!\" width=\"500\" height=\"281\" src=\"https:\/\/www.youtube.com\/embed\/h2O7Z7cJB-w?start=2&#038;feature=oembed&#038;enablejsapi=1&#038;origin=https:\/\/ofabskara.se\" frameborder=\"0\" allow=\"accelerometer; autoplay; clipboard-write; encrypted-media; gyroscope; picture-in-picture; web-share\" referrerpolicy=\"strict-origin-when-cross-origin\" allowfullscreen><\/iframe><\/p>\n<p><iframe title=\"EasySwing\u00ae cattle brushes\" width=\"500\" height=\"281\" src=\"https:\/\/www.youtube.com\/embed\/2AuZaajRdN0?feature=oembed&#038;enablejsapi=1&#038;origin=https:\/\/ofabskara.se\" frameborder=\"0\" allow=\"accelerometer; autoplay; clipboard-write; encrypted-media; gyroscope; picture-in-picture; web-share\" referrerpolicy=\"strict-origin-when-cross-origin\" allowfullscreen><\/iframe><\/p>\n<p>&nbsp;<\/p>\n","protected":false},"excerpt":{"rendered":"<p><span dir=\"auto\">M\u00f6t EasySwing Maxi \u2013 den ultimata kraftiga sv\u00e4ngande n\u00f6tborsten designad f\u00f6r g\u00e5rdar som inte kompromissar med kvaliteten. Som den st\u00f6rsta och mest h\u00e5llbara borsten i v\u00e5rt EasySwing-sortiment \u00e4r Maxi konstruerad f\u00f6r att motst\u00e5 styrkan hos stora tjurar samtidigt som den f\u00f6rblir helt s\u00e4ker och tillg\u00e4nglig f\u00f6r mindre kalvar. Den h\u00e5ller djuren preparerade, stimulerade och n\u00f6jda, samtidigt som den sparar energikostnader tack vare sin smarta, elfria design. Oavsett om du vill f\u00f6rb\u00e4ttra bes\u00e4ttningens v\u00e4lbefinnande, minska underh\u00e5llstiden eller uppgradera din g\u00e5rds anl\u00e4ggningar med en l\u00e5ngvarig l\u00f6sning, levererar EasySwing Maxi styrka, s\u00e4kerhet och enkelhet i ett elegant paket.<\/span><\/p>\n<p><span dir=\"auto\">Forskning st\u00f6der vad lantbrukare har observerat i \u00e5ratal \u2013 groomingverktyg som EasySwing-borstsystemen kan verkligen f\u00f6rb\u00e4ttra djurens v\u00e4lbefinnande. Studier visar att tillg\u00e5ng till mekaniska borstar minskar stressrelaterade beteenden och uppmuntrar naturliga groomingvanor, vilket i sin tur st\u00f6der hudh\u00e4lsan, f\u00f6rb\u00e4ttrar hygienen och till och med kan leda till \u00f6kad aktivitetsniv\u00e5. Dessa positiva effekter \u00e4r s\u00e4rskilt v\u00e4rdefulla i tr\u00e5nga eller t\u00e4ta milj\u00f6er, d\u00e4r djur annars kan ha sv\u00e5rt att uttrycka dessa beteenden naturligt.<\/span><\/p>\n<p><span dir=\"auto\">M\u00e5tt:<\/span><br \/>\n<span dir=\"auto\">Avst\u00e5nd fr\u00e5n v\u00e4gg: 83 cm<\/span><br \/>\n<span dir=\"auto\">H\u00f6jd: 150 cm<\/span><br \/>\n<span dir=\"auto\">Vikt: 60 kg<\/span><\/p>\n<p><span dir=\"auto\">EasySwing Maxi har den st\u00f6rsta sv\u00e4ngande borsten i v\u00e5rt sortiment, byggd f\u00f6r att hantera styrkan och storleken hos st\u00f6rre djur. N\u00e4r en ko, tjur, h\u00e4st eller annat stort djur gnuggar mot borsten, sv\u00e4nger den smidigt upp och ner och anpassar sig till deras r\u00f6relser. Detta g\u00f6r att de kan rikta in sig p\u00e5 vilken del av kroppen de vill klia eller reng\u00f6ra, oavsett om det \u00e4r sidorna, ryggen eller br\u00f6stet. Maxis robusta konstruktion och breda borstyta erbjuder en helkroppssk\u00f6tselupplevelse, perfekt f\u00f6r ladug\u00e5rdar och inh\u00e4gnader med djur av varierande storlekar.<\/span><\/p>\n","protected":false},"featured_media":7542,"comment_status":"closed","ping_status":"closed","template":"","meta":{"_acf_changed":false,"inline_featured_image":false},"product_brand":[],"product_cat":[3006,3051],"product_tag":[],"class_list":{"0":"post-45436","1":"product","2":"type-product","3":"status-publish","4":"has-post-thumbnail","6":"product_cat-notdjur","7":"product_cat-ryktborstar","8":"pa_avstand-fran-vagg-95-cm","9":"pa_farg-svart-med-gul-borst","10":"pa_total-hojd-155-cm","12":"first","13":"instock","14":"taxable","15":"shipping-taxable","16":"purchasable","17":"product-type-simple"},"acf":[],"yoast_head":"<!-- This site is optimized with the Yoast SEO plugin v24.4 - https:\/\/yoast.com\/wordpress\/plugins\/seo\/ -->\n<title>MAXI EasySwing - Ofab<\/title>\n<meta name=\"robots\" content=\"index, follow, max-snippet:-1, max-image-preview:large, max-video-preview:-1\" \/>\n<link rel=\"canonical\" href=\"https:\/\/ofabskara.se\/no\/produkt\/easyswing-maxi\/\" \/>\n<meta property=\"og:locale\" content=\"nb_NO\" \/>\n<meta property=\"og:type\" content=\"article\" \/>\n<meta property=\"og:title\" content=\"MAXI EasySwing - Ofab\" \/>\n<meta property=\"og:description\" content=\"M\u00f6t EasySwing Maxi \u2013 den ultimata kraftiga sv\u00e4ngande n\u00f6tborsten designad f\u00f6r g\u00e5rdar som inte kompromissar med kvaliteten. Som den st\u00f6rsta och mest h\u00e5llbara borsten i v\u00e5rt EasySwing-sortiment \u00e4r Maxi konstruerad f\u00f6r att motst\u00e5 styrkan hos stora tjurar samtidigt som den f\u00f6rblir helt s\u00e4ker och tillg\u00e4nglig f\u00f6r mindre kalvar. Den h\u00e5ller djuren preparerade, stimulerade och n\u00f6jda, samtidigt som den sparar energikostnader tack vare sin smarta, elfria design. Oavsett om du vill f\u00f6rb\u00e4ttra bes\u00e4ttningens v\u00e4lbefinnande, minska underh\u00e5llstiden eller uppgradera din g\u00e5rds anl\u00e4ggningar med en l\u00e5ngvarig l\u00f6sning, levererar EasySwing Maxi styrka, s\u00e4kerhet och enkelhet i ett elegant paket.  Forskning st\u00f6der vad lantbrukare har observerat i \u00e5ratal \u2013 groomingverktyg som EasySwing-borstsystemen kan verkligen f\u00f6rb\u00e4ttra djurens v\u00e4lbefinnande. Studier visar att tillg\u00e5ng till mekaniska borstar minskar stressrelaterade beteenden och uppmuntrar naturliga groomingvanor, vilket i sin tur st\u00f6der hudh\u00e4lsan, f\u00f6rb\u00e4ttrar hygienen och till och med kan leda till \u00f6kad aktivitetsniv\u00e5. Dessa positiva effekter \u00e4r s\u00e4rskilt v\u00e4rdefulla i tr\u00e5nga eller t\u00e4ta milj\u00f6er, d\u00e4r djur annars kan ha sv\u00e5rt att uttrycka dessa beteenden naturligt.  M\u00e5tt: Avst\u00e5nd fr\u00e5n v\u00e4gg: 83 cm H\u00f6jd: 150 cm Vikt: 60 kg  EasySwing Maxi har den st\u00f6rsta sv\u00e4ngande borsten i v\u00e5rt sortiment, byggd f\u00f6r att hantera styrkan och storleken hos st\u00f6rre djur. N\u00e4r en ko, tjur, h\u00e4st eller annat stort djur gnuggar mot borsten, sv\u00e4nger den smidigt upp och ner och anpassar sig till deras r\u00f6relser. Detta g\u00f6r att de kan rikta in sig p\u00e5 vilken del av kroppen de vill klia eller reng\u00f6ra, oavsett om det \u00e4r sidorna, ryggen eller br\u00f6stet. Maxis robusta konstruktion och breda borstyta erbjuder en helkroppssk\u00f6tselupplevelse, perfekt f\u00f6r ladug\u00e5rdar och inh\u00e4gnader med djur av varierande storlekar.\" \/>\n<meta property=\"og:url\" content=\"https:\/\/ofabskara.se\/no\/produkt\/easyswing-maxi\/\" \/>\n<meta property=\"og:site_name\" content=\"Ofab\" \/>\n<meta property=\"article:modified_time\" content=\"2026-03-30T12:05:37+00:00\" \/>\n<meta property=\"og:image\" content=\"https:\/\/ofabskara.se\/wp-content\/uploads\/2023\/09\/es01_bild1.jpg\" \/>\n\t<meta property=\"og:image:width\" content=\"480\" \/>\n\t<meta property=\"og:image:height\" content=\"700\" \/>\n\t<meta property=\"og:image:type\" content=\"image\/jpeg\" \/>\n<meta name=\"twitter:card\" content=\"summary_large_image\" \/>\n<meta name=\"twitter:label1\" content=\"Ansl. lesetid\" \/>\n\t<meta name=\"twitter:data1\" content=\"1 minutt\" \/>\n<script type=\"application\/ld+json\" class=\"yoast-schema-graph\">{\"@context\":\"https:\/\/schema.org\",\"@graph\":[{\"@type\":\"WebPage\",\"@id\":\"https:\/\/ofabskara.se\/no\/produkt\/easyswing-maxi\/\",\"url\":\"https:\/\/ofabskara.se\/no\/produkt\/easyswing-maxi\/\",\"name\":\"MAXI EasySwing - Ofab\",\"isPartOf\":{\"@id\":\"https:\/\/ofabskara.se\/sv\/#website\"},\"primaryImageOfPage\":{\"@id\":\"https:\/\/ofabskara.se\/no\/produkt\/easyswing-maxi\/#primaryimage\"},\"image\":{\"@id\":\"https:\/\/ofabskara.se\/no\/produkt\/easyswing-maxi\/#primaryimage\"},\"thumbnailUrl\":\"https:\/\/ofabskara.se\/wp-content\/uploads\/2023\/09\/es01_bild1.jpg\",\"datePublished\":\"2017-05-16T06:51:31+00:00\",\"dateModified\":\"2026-03-30T12:05:37+00:00\",\"breadcrumb\":{\"@id\":\"https:\/\/ofabskara.se\/no\/produkt\/easyswing-maxi\/#breadcrumb\"},\"inLanguage\":\"nb-NO\",\"potentialAction\":[{\"@type\":\"ReadAction\",\"target\":[\"https:\/\/ofabskara.se\/no\/produkt\/easyswing-maxi\/\"]}]},{\"@type\":\"ImageObject\",\"inLanguage\":\"nb-NO\",\"@id\":\"https:\/\/ofabskara.se\/no\/produkt\/easyswing-maxi\/#primaryimage\",\"url\":\"https:\/\/ofabskara.se\/wp-content\/uploads\/2023\/09\/es01_bild1.jpg\",\"contentUrl\":\"https:\/\/ofabskara.se\/wp-content\/uploads\/2023\/09\/es01_bild1.jpg\",\"width\":480,\"height\":700},{\"@type\":\"BreadcrumbList\",\"@id\":\"https:\/\/ofabskara.se\/no\/produkt\/easyswing-maxi\/#breadcrumb\",\"itemListElement\":[{\"@type\":\"ListItem\",\"position\":1,\"name\":\"Home\",\"item\":\"https:\/\/ofabskara.se\/no\/\"},{\"@type\":\"ListItem\",\"position\":2,\"name\":\"Butik\",\"item\":\"https:\/\/ofabskara.se\/sv\/butik\/\"},{\"@type\":\"ListItem\",\"position\":3,\"name\":\"MAXI EasySwing\"}]},{\"@type\":\"WebSite\",\"@id\":\"https:\/\/ofabskara.se\/sv\/#website\",\"url\":\"https:\/\/ofabskara.se\/sv\/\",\"name\":\"Ofab\",\"description\":\"\",\"potentialAction\":[{\"@type\":\"SearchAction\",\"target\":{\"@type\":\"EntryPoint\",\"urlTemplate\":\"https:\/\/ofabskara.se\/sv\/?s={search_term_string}\"},\"query-input\":{\"@type\":\"PropertyValueSpecification\",\"valueRequired\":true,\"valueName\":\"search_term_string\"}}],\"inLanguage\":\"nb-NO\"}]}<\/script>\n<!-- \/ Yoast SEO plugin. -->","yoast_head_json":{"title":"MAXI EasySwing - Ofab","robots":{"index":"index","follow":"follow","max-snippet":"max-snippet:-1","max-image-preview":"max-image-preview:large","max-video-preview":"max-video-preview:-1"},"canonical":"https:\/\/ofabskara.se\/no\/produkt\/easyswing-maxi\/","og_locale":"nb_NO","og_type":"article","og_title":"MAXI EasySwing - Ofab","og_description":"M\u00f6t EasySwing Maxi \u2013 den ultimata kraftiga sv\u00e4ngande n\u00f6tborsten designad f\u00f6r g\u00e5rdar som inte kompromissar med kvaliteten. Som den st\u00f6rsta och mest h\u00e5llbara borsten i v\u00e5rt EasySwing-sortiment \u00e4r Maxi konstruerad f\u00f6r att motst\u00e5 styrkan hos stora tjurar samtidigt som den f\u00f6rblir helt s\u00e4ker och tillg\u00e4nglig f\u00f6r mindre kalvar. Den h\u00e5ller djuren preparerade, stimulerade och n\u00f6jda, samtidigt som den sparar energikostnader tack vare sin smarta, elfria design. Oavsett om du vill f\u00f6rb\u00e4ttra bes\u00e4ttningens v\u00e4lbefinnande, minska underh\u00e5llstiden eller uppgradera din g\u00e5rds anl\u00e4ggningar med en l\u00e5ngvarig l\u00f6sning, levererar EasySwing Maxi styrka, s\u00e4kerhet och enkelhet i ett elegant paket.  Forskning st\u00f6der vad lantbrukare har observerat i \u00e5ratal \u2013 groomingverktyg som EasySwing-borstsystemen kan verkligen f\u00f6rb\u00e4ttra djurens v\u00e4lbefinnande. Studier visar att tillg\u00e5ng till mekaniska borstar minskar stressrelaterade beteenden och uppmuntrar naturliga groomingvanor, vilket i sin tur st\u00f6der hudh\u00e4lsan, f\u00f6rb\u00e4ttrar hygienen och till och med kan leda till \u00f6kad aktivitetsniv\u00e5. Dessa positiva effekter \u00e4r s\u00e4rskilt v\u00e4rdefulla i tr\u00e5nga eller t\u00e4ta milj\u00f6er, d\u00e4r djur annars kan ha sv\u00e5rt att uttrycka dessa beteenden naturligt.  M\u00e5tt: Avst\u00e5nd fr\u00e5n v\u00e4gg: 83 cm H\u00f6jd: 150 cm Vikt: 60 kg  EasySwing Maxi har den st\u00f6rsta sv\u00e4ngande borsten i v\u00e5rt sortiment, byggd f\u00f6r att hantera styrkan och storleken hos st\u00f6rre djur. N\u00e4r en ko, tjur, h\u00e4st eller annat stort djur gnuggar mot borsten, sv\u00e4nger den smidigt upp och ner och anpassar sig till deras r\u00f6relser. Detta g\u00f6r att de kan rikta in sig p\u00e5 vilken del av kroppen de vill klia eller reng\u00f6ra, oavsett om det \u00e4r sidorna, ryggen eller br\u00f6stet. Maxis robusta konstruktion och breda borstyta erbjuder en helkroppssk\u00f6tselupplevelse, perfekt f\u00f6r ladug\u00e5rdar och inh\u00e4gnader med djur av varierande storlekar.","og_url":"https:\/\/ofabskara.se\/no\/produkt\/easyswing-maxi\/","og_site_name":"Ofab","article_modified_time":"2026-03-30T12:05:37+00:00","og_image":[{"width":480,"height":700,"url":"https:\/\/ofabskara.se\/wp-content\/uploads\/2023\/09\/es01_bild1.jpg","type":"image\/jpeg"}],"twitter_card":"summary_large_image","twitter_misc":{"Ansl. lesetid":"1 minutt"},"schema":{"@context":"https:\/\/schema.org","@graph":[{"@type":"WebPage","@id":"https:\/\/ofabskara.se\/no\/produkt\/easyswing-maxi\/","url":"https:\/\/ofabskara.se\/no\/produkt\/easyswing-maxi\/","name":"MAXI EasySwing - Ofab","isPartOf":{"@id":"https:\/\/ofabskara.se\/sv\/#website"},"primaryImageOfPage":{"@id":"https:\/\/ofabskara.se\/no\/produkt\/easyswing-maxi\/#primaryimage"},"image":{"@id":"https:\/\/ofabskara.se\/no\/produkt\/easyswing-maxi\/#primaryimage"},"thumbnailUrl":"https:\/\/ofabskara.se\/wp-content\/uploads\/2023\/09\/es01_bild1.jpg","datePublished":"2017-05-16T06:51:31+00:00","dateModified":"2026-03-30T12:05:37+00:00","breadcrumb":{"@id":"https:\/\/ofabskara.se\/no\/produkt\/easyswing-maxi\/#breadcrumb"},"inLanguage":"nb-NO","potentialAction":[{"@type":"ReadAction","target":["https:\/\/ofabskara.se\/no\/produkt\/easyswing-maxi\/"]}]},{"@type":"ImageObject","inLanguage":"nb-NO","@id":"https:\/\/ofabskara.se\/no\/produkt\/easyswing-maxi\/#primaryimage","url":"https:\/\/ofabskara.se\/wp-content\/uploads\/2023\/09\/es01_bild1.jpg","contentUrl":"https:\/\/ofabskara.se\/wp-content\/uploads\/2023\/09\/es01_bild1.jpg","width":480,"height":700},{"@type":"BreadcrumbList","@id":"https:\/\/ofabskara.se\/no\/produkt\/easyswing-maxi\/#breadcrumb","itemListElement":[{"@type":"ListItem","position":1,"name":"Home","item":"https:\/\/ofabskara.se\/no\/"},{"@type":"ListItem","position":2,"name":"Butik","item":"https:\/\/ofabskara.se\/sv\/butik\/"},{"@type":"ListItem","position":3,"name":"MAXI EasySwing"}]},{"@type":"WebSite","@id":"https:\/\/ofabskara.se\/sv\/#website","url":"https:\/\/ofabskara.se\/sv\/","name":"Ofab","description":"","potentialAction":[{"@type":"SearchAction","target":{"@type":"EntryPoint","urlTemplate":"https:\/\/ofabskara.se\/sv\/?s={search_term_string}"},"query-input":{"@type":"PropertyValueSpecification","valueRequired":true,"valueName":"search_term_string"}}],"inLanguage":"nb-NO"}]}},"_links":{"self":[{"href":"https:\/\/ofabskara.se\/no\/wp-json\/wp\/v2\/product\/45436","targetHints":{"allow":["GET"]}}],"collection":[{"href":"https:\/\/ofabskara.se\/no\/wp-json\/wp\/v2\/product"}],"about":[{"href":"https:\/\/ofabskara.se\/no\/wp-json\/wp\/v2\/types\/product"}],"replies":[{"embeddable":true,"href":"https:\/\/ofabskara.se\/no\/wp-json\/wp\/v2\/comments?post=45436"}],"wp:featuredmedia":[{"embeddable":true,"href":"https:\/\/ofabskara.se\/no\/wp-json\/wp\/v2\/media\/7542"}],"wp:attachment":[{"href":"https:\/\/ofabskara.se\/no\/wp-json\/wp\/v2\/media?parent=45436"}],"wp:term":[{"taxonomy":"product_brand","embeddable":true,"href":"https:\/\/ofabskara.se\/no\/wp-json\/wp\/v2\/product_brand?post=45436"},{"taxonomy":"product_cat","embeddable":true,"href":"https:\/\/ofabskara.se\/no\/wp-json\/wp\/v2\/product_cat?post=45436"},{"taxonomy":"product_tag","embeddable":true,"href":"https:\/\/ofabskara.se\/no\/wp-json\/wp\/v2\/product_tag?post=45436"}],"curies":[{"name":"wp","href":"https:\/\/api.w.org\/{rel}","templated":true}]}}