{"id":45449,"date":"2017-05-16T08:51:04","date_gmt":"2017-05-16T06:51:04","guid":{"rendered":"https:\/\/ofabskara.se\/produkt\/bigcho-2\/"},"modified":"2017-05-16T08:51:04","modified_gmt":"2017-05-16T06:51:04","slug":"bigcho-2","status":"publish","type":"product","link":"https:\/\/ofabskara.se\/no\/produkt\/bigcho-2\/","title":{"rendered":"Bigcho 2 Vattenkopp 80W\/24V"},"content":{"rendered":"<p>Elkopp med flott\u00f6r. V\u00e4rmeslinga 24Volt 80W. Monteras p\u00e5 st\u00e5ende cementr\u00f6r eller annat r\u00f6r med inv\u00e4ndig diameter 30cm.<br \/>\nAnslutning av vatten och 24V elstr\u00f6m fr\u00e5n undersidan. Rostfri sk\u00e5l och h\u00f6lje med spillkant. 8 lit.\/min vid 3bar.<\/p>\n","protected":false},"excerpt":{"rendered":"<p><strong>LA BUVETTE<\/strong><\/p>\n<p>Elkopp med flott\u00f6r.V\u00e4rmeslinga 24Volt 80W. Monteras p\u00e5 st\u00e5ende cementr\u00f6r eller annat r\u00f6r med inv\u00e4ndig diameter 30cm.<br \/>\nAnslutning av vatten och 24V elstr\u00f6m fr\u00e5n undersidan. Rostfri sk\u00e5l och h\u00f6lje med spillkant. 8 lit.\/min vid 3bar.<\/p>\n","protected":false},"featured_media":7489,"comment_status":"closed","ping_status":"closed","template":"","meta":{"_acf_changed":false,"inline_featured_image":false},"product_brand":[],"product_cat":[2980],"product_tag":[],"class_list":{"0":"post-45449","1":"product","2":"type-product","3":"status-publish","4":"has-post-thumbnail","6":"product_cat-okategoriserad","7":"product_shipping_class-kartongfrakt","9":"first","10":"instock","11":"featured","12":"taxable","13":"shipping-taxable","14":"purchasable","15":"product-type-simple"},"acf":[],"yoast_head":"<!-- This site is optimized with the Yoast SEO plugin v24.4 - https:\/\/yoast.com\/wordpress\/plugins\/seo\/ -->\n<title>Bigcho 2 Vattenkopp 80W\/24V - Ofab<\/title>\n<meta name=\"robots\" content=\"index, follow, max-snippet:-1, max-image-preview:large, max-video-preview:-1\" \/>\n<link rel=\"canonical\" href=\"https:\/\/ofabskara.se\/no\/produkt\/bigcho-2\/\" \/>\n<meta property=\"og:locale\" content=\"nb_NO\" \/>\n<meta property=\"og:type\" content=\"article\" \/>\n<meta property=\"og:title\" content=\"Bigcho 2 Vattenkopp 80W\/24V - Ofab\" \/>\n<meta property=\"og:description\" content=\"LA BUVETTE  Elkopp med flott\u00f6r.V\u00e4rmeslinga 24Volt 80W. Monteras p\u00e5 st\u00e5ende cementr\u00f6r eller annat r\u00f6r med inv\u00e4ndig diameter 30cm. Anslutning av vatten och 24V elstr\u00f6m fr\u00e5n undersidan. Rostfri sk\u00e5l och h\u00f6lje med spillkant. 8 lit.\/min vid 3bar.\" \/>\n<meta property=\"og:url\" content=\"https:\/\/ofabskara.se\/no\/produkt\/bigcho-2\/\" \/>\n<meta property=\"og:site_name\" content=\"Ofab\" \/>\n<meta name=\"twitter:card\" content=\"summary_large_image\" \/>\n<script type=\"application\/ld+json\" class=\"yoast-schema-graph\">{\"@context\":\"https:\/\/schema.org\",\"@graph\":[{\"@type\":\"WebPage\",\"@id\":\"https:\/\/ofabskara.se\/no\/produkt\/bigcho-2\/\",\"url\":\"https:\/\/ofabskara.se\/no\/produkt\/bigcho-2\/\",\"name\":\"Bigcho 2 Vattenkopp 80W\/24V - Ofab\",\"isPartOf\":{\"@id\":\"https:\/\/ofabskara.se\/sv\/#website\"},\"primaryImageOfPage\":{\"@id\":\"https:\/\/ofabskara.se\/no\/produkt\/bigcho-2\/#primaryimage\"},\"image\":{\"@id\":\"https:\/\/ofabskara.se\/no\/produkt\/bigcho-2\/#primaryimage\"},\"thumbnailUrl\":\"https:\/\/ofabskara.se\/wp-content\/uploads\/2023\/09\/1839-1.jpg\",\"datePublished\":\"2017-05-16T06:51:04+00:00\",\"breadcrumb\":{\"@id\":\"https:\/\/ofabskara.se\/no\/produkt\/bigcho-2\/#breadcrumb\"},\"inLanguage\":\"nb-NO\",\"potentialAction\":[{\"@type\":\"ReadAction\",\"target\":[\"https:\/\/ofabskara.se\/no\/produkt\/bigcho-2\/\"]}]},{\"@type\":\"ImageObject\",\"inLanguage\":\"nb-NO\",\"@id\":\"https:\/\/ofabskara.se\/no\/produkt\/bigcho-2\/#primaryimage\",\"url\":\"https:\/\/ofabskara.se\/wp-content\/uploads\/2023\/09\/1839-1.jpg\",\"contentUrl\":\"https:\/\/ofabskara.se\/wp-content\/uploads\/2023\/09\/1839-1.jpg\",\"width\":1772,\"height\":1772},{\"@type\":\"BreadcrumbList\",\"@id\":\"https:\/\/ofabskara.se\/no\/produkt\/bigcho-2\/#breadcrumb\",\"itemListElement\":[{\"@type\":\"ListItem\",\"position\":1,\"name\":\"Home\",\"item\":\"https:\/\/ofabskara.se\/no\/\"},{\"@type\":\"ListItem\",\"position\":2,\"name\":\"Butik\",\"item\":\"https:\/\/ofabskara.se\/sv\/butik\/\"},{\"@type\":\"ListItem\",\"position\":3,\"name\":\"Bigcho 2 Vattenkopp 80W\/24V\"}]},{\"@type\":\"WebSite\",\"@id\":\"https:\/\/ofabskara.se\/sv\/#website\",\"url\":\"https:\/\/ofabskara.se\/sv\/\",\"name\":\"Ofab\",\"description\":\"\",\"potentialAction\":[{\"@type\":\"SearchAction\",\"target\":{\"@type\":\"EntryPoint\",\"urlTemplate\":\"https:\/\/ofabskara.se\/sv\/?s={search_term_string}\"},\"query-input\":{\"@type\":\"PropertyValueSpecification\",\"valueRequired\":true,\"valueName\":\"search_term_string\"}}],\"inLanguage\":\"nb-NO\"}]}<\/script>\n<!-- \/ Yoast SEO plugin. -->","yoast_head_json":{"title":"Bigcho 2 Vattenkopp 80W\/24V - Ofab","robots":{"index":"index","follow":"follow","max-snippet":"max-snippet:-1","max-image-preview":"max-image-preview:large","max-video-preview":"max-video-preview:-1"},"canonical":"https:\/\/ofabskara.se\/no\/produkt\/bigcho-2\/","og_locale":"nb_NO","og_type":"article","og_title":"Bigcho 2 Vattenkopp 80W\/24V - Ofab","og_description":"LA BUVETTE  Elkopp med flott\u00f6r.V\u00e4rmeslinga 24Volt 80W. Monteras p\u00e5 st\u00e5ende cementr\u00f6r eller annat r\u00f6r med inv\u00e4ndig diameter 30cm. Anslutning av vatten och 24V elstr\u00f6m fr\u00e5n undersidan. Rostfri sk\u00e5l och h\u00f6lje med spillkant. 8 lit.\/min vid 3bar.","og_url":"https:\/\/ofabskara.se\/no\/produkt\/bigcho-2\/","og_site_name":"Ofab","twitter_card":"summary_large_image","schema":{"@context":"https:\/\/schema.org","@graph":[{"@type":"WebPage","@id":"https:\/\/ofabskara.se\/no\/produkt\/bigcho-2\/","url":"https:\/\/ofabskara.se\/no\/produkt\/bigcho-2\/","name":"Bigcho 2 Vattenkopp 80W\/24V - Ofab","isPartOf":{"@id":"https:\/\/ofabskara.se\/sv\/#website"},"primaryImageOfPage":{"@id":"https:\/\/ofabskara.se\/no\/produkt\/bigcho-2\/#primaryimage"},"image":{"@id":"https:\/\/ofabskara.se\/no\/produkt\/bigcho-2\/#primaryimage"},"thumbnailUrl":"https:\/\/ofabskara.se\/wp-content\/uploads\/2023\/09\/1839-1.jpg","datePublished":"2017-05-16T06:51:04+00:00","breadcrumb":{"@id":"https:\/\/ofabskara.se\/no\/produkt\/bigcho-2\/#breadcrumb"},"inLanguage":"nb-NO","potentialAction":[{"@type":"ReadAction","target":["https:\/\/ofabskara.se\/no\/produkt\/bigcho-2\/"]}]},{"@type":"ImageObject","inLanguage":"nb-NO","@id":"https:\/\/ofabskara.se\/no\/produkt\/bigcho-2\/#primaryimage","url":"https:\/\/ofabskara.se\/wp-content\/uploads\/2023\/09\/1839-1.jpg","contentUrl":"https:\/\/ofabskara.se\/wp-content\/uploads\/2023\/09\/1839-1.jpg","width":1772,"height":1772},{"@type":"BreadcrumbList","@id":"https:\/\/ofabskara.se\/no\/produkt\/bigcho-2\/#breadcrumb","itemListElement":[{"@type":"ListItem","position":1,"name":"Home","item":"https:\/\/ofabskara.se\/no\/"},{"@type":"ListItem","position":2,"name":"Butik","item":"https:\/\/ofabskara.se\/sv\/butik\/"},{"@type":"ListItem","position":3,"name":"Bigcho 2 Vattenkopp 80W\/24V"}]},{"@type":"WebSite","@id":"https:\/\/ofabskara.se\/sv\/#website","url":"https:\/\/ofabskara.se\/sv\/","name":"Ofab","description":"","potentialAction":[{"@type":"SearchAction","target":{"@type":"EntryPoint","urlTemplate":"https:\/\/ofabskara.se\/sv\/?s={search_term_string}"},"query-input":{"@type":"PropertyValueSpecification","valueRequired":true,"valueName":"search_term_string"}}],"inLanguage":"nb-NO"}]}},"_links":{"self":[{"href":"https:\/\/ofabskara.se\/no\/wp-json\/wp\/v2\/product\/45449","targetHints":{"allow":["GET"]}}],"collection":[{"href":"https:\/\/ofabskara.se\/no\/wp-json\/wp\/v2\/product"}],"about":[{"href":"https:\/\/ofabskara.se\/no\/wp-json\/wp\/v2\/types\/product"}],"replies":[{"embeddable":true,"href":"https:\/\/ofabskara.se\/no\/wp-json\/wp\/v2\/comments?post=45449"}],"wp:featuredmedia":[{"embeddable":true,"href":"https:\/\/ofabskara.se\/no\/wp-json\/wp\/v2\/media\/7489"}],"wp:attachment":[{"href":"https:\/\/ofabskara.se\/no\/wp-json\/wp\/v2\/media?parent=45449"}],"wp:term":[{"taxonomy":"product_brand","embeddable":true,"href":"https:\/\/ofabskara.se\/no\/wp-json\/wp\/v2\/product_brand?post=45449"},{"taxonomy":"product_cat","embeddable":true,"href":"https:\/\/ofabskara.se\/no\/wp-json\/wp\/v2\/product_cat?post=45449"},{"taxonomy":"product_tag","embeddable":true,"href":"https:\/\/ofabskara.se\/no\/wp-json\/wp\/v2\/product_tag?post=45449"}],"curies":[{"name":"wp","href":"https:\/\/api.w.org\/{rel}","templated":true}]}}