{"id":45467,"date":"2017-05-16T08:50:23","date_gmt":"2017-05-16T06:50:23","guid":{"rendered":"https:\/\/ofabskara.se\/produkt\/belmondo-classic-boxmatta-18mm\/"},"modified":"2017-05-16T08:50:23","modified_gmt":"2017-05-16T06:50:23","slug":"belmondo-classic-boxmatta-18mm","status":"publish","type":"product","link":"https:\/\/ofabskara.se\/no\/produkt\/belmondo-classic-boxmatta-18mm\/","title":{"rendered":"Belmondo Classic 18 mm 1&#215;1 m"},"content":{"rendered":"","protected":false},"excerpt":{"rendered":"<ul>\n<li><strong>Classic \u00e4r en boxmatta som passar till sk liggytor eller l\u00f6sdrifter. <\/strong><\/li>\n<li><strong>2mm ytskikt av nytt r\u00e5gummi. <\/strong><\/li>\n<li><strong>Den minimerar halkrisken f\u00f6r h\u00e4sten, skraps\u00e5r p\u00e5 kn\u00e4n och haser minskar samtidigt som den skonar hovar och leder. <\/strong><\/li>\n<li><strong>Den isolerar och \u00e4r vattent\u00e4t. <\/strong><\/li>\n<li><strong>Du f\u00e5r en tystare stallmilj\u00f6, mindre str\u00f6\u00e5tg\u00e5ng och en h\u00e4lsosammare stallmilj\u00f6. <\/strong><\/li>\n<li><strong>Klarar h\u00f6gre belastning och skor med brodd och stift pga ytskiktet.<\/strong><\/li>\n<\/ul>\n","protected":false},"featured_media":7383,"comment_status":"closed","ping_status":"open","template":"","meta":{"_acf_changed":false,"inline_featured_image":false},"product_brand":[],"product_cat":[2981,2983],"product_tag":[],"class_list":{"0":"post-45467","1":"product","2":"type-product","3":"status-publish","4":"has-post-thumbnail","6":"product_cat-gummimattor","7":"product_cat-stallmatta-hast","8":"pa_matt-1000x1000-mm","10":"first","11":"outofstock","12":"taxable","13":"shipping-taxable","14":"purchasable","15":"product-type-simple"},"acf":[],"yoast_head":"<!-- This site is optimized with the Yoast SEO plugin v24.4 - https:\/\/yoast.com\/wordpress\/plugins\/seo\/ -->\n<title>Belmondo Classic 18 mm 1x1 m - Ofab<\/title>\n<meta name=\"robots\" content=\"index, follow, max-snippet:-1, max-image-preview:large, max-video-preview:-1\" \/>\n<link rel=\"canonical\" href=\"https:\/\/ofabskara.se\/no\/produkt\/belmondo-classic-boxmatta-18mm\/\" \/>\n<meta property=\"og:locale\" content=\"nb_NO\" \/>\n<meta property=\"og:type\" content=\"article\" \/>\n<meta property=\"og:title\" content=\"Belmondo Classic 18 mm 1x1 m - Ofab\" \/>\n<meta property=\"og:description\" content=\"Classic \u00e4r en boxmatta som passar till sk liggytor eller l\u00f6sdrifter.  2mm ytskikt av nytt r\u00e5gummi.  Den minimerar halkrisken f\u00f6r h\u00e4sten, skraps\u00e5r p\u00e5 kn\u00e4n och haser minskar samtidigt som den skonar hovar och leder.  Den isolerar och \u00e4r vattent\u00e4t.  Du f\u00e5r en tystare stallmilj\u00f6, mindre str\u00f6\u00e5tg\u00e5ng och en h\u00e4lsosammare stallmilj\u00f6.  Klarar h\u00f6gre belastning och skor med brodd och stift pga ytskiktet.\" \/>\n<meta property=\"og:url\" content=\"https:\/\/ofabskara.se\/no\/produkt\/belmondo-classic-boxmatta-18mm\/\" \/>\n<meta property=\"og:site_name\" content=\"Ofab\" \/>\n<meta name=\"twitter:card\" content=\"summary_large_image\" \/>\n<script type=\"application\/ld+json\" class=\"yoast-schema-graph\">{\"@context\":\"https:\/\/schema.org\",\"@graph\":[{\"@type\":\"WebPage\",\"@id\":\"https:\/\/ofabskara.se\/no\/produkt\/belmondo-classic-boxmatta-18mm\/\",\"url\":\"https:\/\/ofabskara.se\/no\/produkt\/belmondo-classic-boxmatta-18mm\/\",\"name\":\"Belmondo Classic 18 mm 1x1 m - Ofab\",\"isPartOf\":{\"@id\":\"https:\/\/ofabskara.se\/sv\/#website\"},\"primaryImageOfPage\":{\"@id\":\"https:\/\/ofabskara.se\/no\/produkt\/belmondo-classic-boxmatta-18mm\/#primaryimage\"},\"image\":{\"@id\":\"https:\/\/ofabskara.se\/no\/produkt\/belmondo-classic-boxmatta-18mm\/#primaryimage\"},\"thumbnailUrl\":\"https:\/\/ofabskara.se\/wp-content\/uploads\/2023\/09\/203105.jpg\",\"datePublished\":\"2017-05-16T06:50:23+00:00\",\"breadcrumb\":{\"@id\":\"https:\/\/ofabskara.se\/no\/produkt\/belmondo-classic-boxmatta-18mm\/#breadcrumb\"},\"inLanguage\":\"nb-NO\",\"potentialAction\":[{\"@type\":\"ReadAction\",\"target\":[\"https:\/\/ofabskara.se\/no\/produkt\/belmondo-classic-boxmatta-18mm\/\"]}]},{\"@type\":\"ImageObject\",\"inLanguage\":\"nb-NO\",\"@id\":\"https:\/\/ofabskara.se\/no\/produkt\/belmondo-classic-boxmatta-18mm\/#primaryimage\",\"url\":\"https:\/\/ofabskara.se\/wp-content\/uploads\/2023\/09\/203105.jpg\",\"contentUrl\":\"https:\/\/ofabskara.se\/wp-content\/uploads\/2023\/09\/203105.jpg\",\"width\":484,\"height\":484},{\"@type\":\"BreadcrumbList\",\"@id\":\"https:\/\/ofabskara.se\/no\/produkt\/belmondo-classic-boxmatta-18mm\/#breadcrumb\",\"itemListElement\":[{\"@type\":\"ListItem\",\"position\":1,\"name\":\"Home\",\"item\":\"https:\/\/ofabskara.se\/no\/\"},{\"@type\":\"ListItem\",\"position\":2,\"name\":\"Butik\",\"item\":\"https:\/\/ofabskara.se\/sv\/butik\/\"},{\"@type\":\"ListItem\",\"position\":3,\"name\":\"Belmondo Classic 18 mm 1&#215;1 m\"}]},{\"@type\":\"WebSite\",\"@id\":\"https:\/\/ofabskara.se\/sv\/#website\",\"url\":\"https:\/\/ofabskara.se\/sv\/\",\"name\":\"Ofab\",\"description\":\"\",\"potentialAction\":[{\"@type\":\"SearchAction\",\"target\":{\"@type\":\"EntryPoint\",\"urlTemplate\":\"https:\/\/ofabskara.se\/sv\/?s={search_term_string}\"},\"query-input\":{\"@type\":\"PropertyValueSpecification\",\"valueRequired\":true,\"valueName\":\"search_term_string\"}}],\"inLanguage\":\"nb-NO\"}]}<\/script>\n<!-- \/ Yoast SEO plugin. -->","yoast_head_json":{"title":"Belmondo Classic 18 mm 1x1 m - Ofab","robots":{"index":"index","follow":"follow","max-snippet":"max-snippet:-1","max-image-preview":"max-image-preview:large","max-video-preview":"max-video-preview:-1"},"canonical":"https:\/\/ofabskara.se\/no\/produkt\/belmondo-classic-boxmatta-18mm\/","og_locale":"nb_NO","og_type":"article","og_title":"Belmondo Classic 18 mm 1x1 m - Ofab","og_description":"Classic \u00e4r en boxmatta som passar till sk liggytor eller l\u00f6sdrifter.  2mm ytskikt av nytt r\u00e5gummi.  Den minimerar halkrisken f\u00f6r h\u00e4sten, skraps\u00e5r p\u00e5 kn\u00e4n och haser minskar samtidigt som den skonar hovar och leder.  Den isolerar och \u00e4r vattent\u00e4t.  Du f\u00e5r en tystare stallmilj\u00f6, mindre str\u00f6\u00e5tg\u00e5ng och en h\u00e4lsosammare stallmilj\u00f6.  Klarar h\u00f6gre belastning och skor med brodd och stift pga ytskiktet.","og_url":"https:\/\/ofabskara.se\/no\/produkt\/belmondo-classic-boxmatta-18mm\/","og_site_name":"Ofab","twitter_card":"summary_large_image","schema":{"@context":"https:\/\/schema.org","@graph":[{"@type":"WebPage","@id":"https:\/\/ofabskara.se\/no\/produkt\/belmondo-classic-boxmatta-18mm\/","url":"https:\/\/ofabskara.se\/no\/produkt\/belmondo-classic-boxmatta-18mm\/","name":"Belmondo Classic 18 mm 1x1 m - Ofab","isPartOf":{"@id":"https:\/\/ofabskara.se\/sv\/#website"},"primaryImageOfPage":{"@id":"https:\/\/ofabskara.se\/no\/produkt\/belmondo-classic-boxmatta-18mm\/#primaryimage"},"image":{"@id":"https:\/\/ofabskara.se\/no\/produkt\/belmondo-classic-boxmatta-18mm\/#primaryimage"},"thumbnailUrl":"https:\/\/ofabskara.se\/wp-content\/uploads\/2023\/09\/203105.jpg","datePublished":"2017-05-16T06:50:23+00:00","breadcrumb":{"@id":"https:\/\/ofabskara.se\/no\/produkt\/belmondo-classic-boxmatta-18mm\/#breadcrumb"},"inLanguage":"nb-NO","potentialAction":[{"@type":"ReadAction","target":["https:\/\/ofabskara.se\/no\/produkt\/belmondo-classic-boxmatta-18mm\/"]}]},{"@type":"ImageObject","inLanguage":"nb-NO","@id":"https:\/\/ofabskara.se\/no\/produkt\/belmondo-classic-boxmatta-18mm\/#primaryimage","url":"https:\/\/ofabskara.se\/wp-content\/uploads\/2023\/09\/203105.jpg","contentUrl":"https:\/\/ofabskara.se\/wp-content\/uploads\/2023\/09\/203105.jpg","width":484,"height":484},{"@type":"BreadcrumbList","@id":"https:\/\/ofabskara.se\/no\/produkt\/belmondo-classic-boxmatta-18mm\/#breadcrumb","itemListElement":[{"@type":"ListItem","position":1,"name":"Home","item":"https:\/\/ofabskara.se\/no\/"},{"@type":"ListItem","position":2,"name":"Butik","item":"https:\/\/ofabskara.se\/sv\/butik\/"},{"@type":"ListItem","position":3,"name":"Belmondo Classic 18 mm 1&#215;1 m"}]},{"@type":"WebSite","@id":"https:\/\/ofabskara.se\/sv\/#website","url":"https:\/\/ofabskara.se\/sv\/","name":"Ofab","description":"","potentialAction":[{"@type":"SearchAction","target":{"@type":"EntryPoint","urlTemplate":"https:\/\/ofabskara.se\/sv\/?s={search_term_string}"},"query-input":{"@type":"PropertyValueSpecification","valueRequired":true,"valueName":"search_term_string"}}],"inLanguage":"nb-NO"}]}},"_links":{"self":[{"href":"https:\/\/ofabskara.se\/no\/wp-json\/wp\/v2\/product\/45467","targetHints":{"allow":["GET"]}}],"collection":[{"href":"https:\/\/ofabskara.se\/no\/wp-json\/wp\/v2\/product"}],"about":[{"href":"https:\/\/ofabskara.se\/no\/wp-json\/wp\/v2\/types\/product"}],"replies":[{"embeddable":true,"href":"https:\/\/ofabskara.se\/no\/wp-json\/wp\/v2\/comments?post=45467"}],"wp:featuredmedia":[{"embeddable":true,"href":"https:\/\/ofabskara.se\/no\/wp-json\/wp\/v2\/media\/7383"}],"wp:attachment":[{"href":"https:\/\/ofabskara.se\/no\/wp-json\/wp\/v2\/media?parent=45467"}],"wp:term":[{"taxonomy":"product_brand","embeddable":true,"href":"https:\/\/ofabskara.se\/no\/wp-json\/wp\/v2\/product_brand?post=45467"},{"taxonomy":"product_cat","embeddable":true,"href":"https:\/\/ofabskara.se\/no\/wp-json\/wp\/v2\/product_cat?post=45467"},{"taxonomy":"product_tag","embeddable":true,"href":"https:\/\/ofabskara.se\/no\/wp-json\/wp\/v2\/product_tag?post=45467"}],"curies":[{"name":"wp","href":"https:\/\/api.w.org\/{rel}","templated":true}]}}