{"id":45541,"date":"2017-05-16T08:39:20","date_gmt":"2017-05-16T06:39:20","guid":{"rendered":"https:\/\/ofabskara.se\/produkt\/vridhus-aa2320-1\/"},"modified":"2026-04-27T09:40:18","modified_gmt":"2026-04-27T07:40:18","slug":"vridhus-aa2320-1","status":"publish","type":"product","link":"https:\/\/ofabskara.se\/no\/produkt\/vridhus-aa2320-1\/","title":{"rendered":"Vridhus dubbelt gjutet"},"content":{"rendered":"<p>Gjutna vridhus f\u00f6r montering p\u00e5 medelstora och st\u00f6rre griplastare.<\/p>\n<p>&nbsp;<\/p>\n<p><img decoding=\"async\" src=\"http:\/\/ofabskara.se\/web\/media\/pictures\/svensk_tillverkning.gif\" alt=\"\" width=\"250\" height=\"82\" \/><\/p>\n","protected":false},"excerpt":{"rendered":"<ul>\n<li><strong>Gjutna vridhus f\u00f6r montering p\u00e5 medelstora och st\u00f6rre griplastare.<\/strong><\/li>\n<li><strong>Modell: AA2320-1<\/strong><\/li>\n<li><strong>Vridhus: gjutet<\/strong><\/li>\n<li><strong>Totalbredd: 1185 mm<\/strong><\/li>\n<li><strong>Totalh\u00f6jd: 315 mm<\/strong><\/li>\n<li><strong>Oljeplugg: sidan<\/strong><\/li>\n<li><strong>M\u00e4ngd olja: 2,5 liter<\/strong><\/li>\n<li><strong>Rek. olja \/ Hypoidolja: 80\/90 GL 5<\/strong><\/li>\n<li><strong>Sv\u00e4ngcylinder: 4st inv. diam. 80 mm<\/strong><\/li>\n<li><strong>Arbetstryck: 12,5 Mpa<\/strong><\/li>\n<li><strong>Sv\u00e4ngmoment: 8,5 kNm<\/strong><\/li>\n<li><strong>Sv\u00e4ngvinkel vridmotor: 360<\/strong><\/li>\n<li><strong>Max lyftmoment brutto: 38 kNm (3,8 ton\/meter)<\/strong><\/li>\n<li><strong>Diam.\u00f6vre platta\/tjocklek: 200 mm\/35 mm<\/strong><\/li>\n<li><strong>Diam.undre platta\/tjocklek: 360 mm\/35 mm<\/strong><\/li>\n<li><strong>H\u00e5lbild: 300 mm, 8 h\u00e5l, M20<\/strong><\/li>\n<\/ul>\n","protected":false},"featured_media":6933,"comment_status":"closed","ping_status":"closed","template":"","meta":{"_acf_changed":false,"inline_featured_image":false},"product_brand":[],"product_cat":[3600],"product_tag":[],"class_list":{"0":"post-45541","1":"product","2":"type-product","3":"status-publish","4":"has-post-thumbnail","6":"product_cat-hydraulik","8":"first","9":"onbackorder","10":"taxable","11":"shipping-taxable","12":"purchasable","13":"product-type-simple"},"acf":[],"yoast_head":"<!-- This site is optimized with the Yoast SEO plugin v24.4 - https:\/\/yoast.com\/wordpress\/plugins\/seo\/ -->\n<title>Vridhus dubbelt gjutet - Ofab<\/title>\n<meta name=\"robots\" content=\"index, follow, max-snippet:-1, max-image-preview:large, max-video-preview:-1\" \/>\n<link rel=\"canonical\" href=\"https:\/\/ofabskara.se\/no\/produkt\/vridhus-aa2320-1\/\" \/>\n<meta property=\"og:locale\" content=\"nb_NO\" \/>\n<meta property=\"og:type\" content=\"article\" \/>\n<meta property=\"og:title\" content=\"Vridhus dubbelt gjutet - Ofab\" \/>\n<meta property=\"og:description\" content=\"Gjutna vridhus f\u00f6r montering p\u00e5 medelstora och st\u00f6rre griplastare.  Modell: AA2320-1  Vridhus: gjutet  Totalbredd: 1185 mm  Totalh\u00f6jd: 315 mm  Oljeplugg: sidan  M\u00e4ngd olja: 2,5 liter  Rek. olja \/ Hypoidolja: 80\/90 GL 5  Sv\u00e4ngcylinder: 4st inv. diam. 80 mm  Arbetstryck: 12,5 Mpa  Sv\u00e4ngmoment: 8,5 kNm  Sv\u00e4ngvinkel vridmotor: 360  Max lyftmoment brutto: 38 kNm (3,8 ton\/meter)  Diam.\u00f6vre platta\/tjocklek: 200 mm\/35 mm  Diam.undre platta\/tjocklek: 360 mm\/35 mm  H\u00e5lbild: 300 mm, 8 h\u00e5l, M20\" \/>\n<meta property=\"og:url\" content=\"https:\/\/ofabskara.se\/no\/produkt\/vridhus-aa2320-1\/\" \/>\n<meta property=\"og:site_name\" content=\"Ofab\" \/>\n<meta property=\"article:modified_time\" content=\"2026-04-27T07:40:18+00:00\" \/>\n<meta property=\"og:image\" content=\"https:\/\/ofabskara.se\/wp-content\/uploads\/2023\/09\/Vridhus-dubbelt.jpg\" \/>\n\t<meta property=\"og:image:width\" content=\"700\" \/>\n\t<meta property=\"og:image:height\" content=\"700\" \/>\n\t<meta property=\"og:image:type\" content=\"image\/jpeg\" \/>\n<meta name=\"twitter:card\" content=\"summary_large_image\" \/>\n<script type=\"application\/ld+json\" class=\"yoast-schema-graph\">{\"@context\":\"https:\/\/schema.org\",\"@graph\":[{\"@type\":\"WebPage\",\"@id\":\"https:\/\/ofabskara.se\/no\/produkt\/vridhus-aa2320-1\/\",\"url\":\"https:\/\/ofabskara.se\/no\/produkt\/vridhus-aa2320-1\/\",\"name\":\"Vridhus dubbelt gjutet - Ofab\",\"isPartOf\":{\"@id\":\"https:\/\/ofabskara.se\/sv\/#website\"},\"primaryImageOfPage\":{\"@id\":\"https:\/\/ofabskara.se\/no\/produkt\/vridhus-aa2320-1\/#primaryimage\"},\"image\":{\"@id\":\"https:\/\/ofabskara.se\/no\/produkt\/vridhus-aa2320-1\/#primaryimage\"},\"thumbnailUrl\":\"https:\/\/ofabskara.se\/wp-content\/uploads\/2023\/09\/Vridhus-dubbelt.jpg\",\"datePublished\":\"2017-05-16T06:39:20+00:00\",\"dateModified\":\"2026-04-27T07:40:18+00:00\",\"breadcrumb\":{\"@id\":\"https:\/\/ofabskara.se\/no\/produkt\/vridhus-aa2320-1\/#breadcrumb\"},\"inLanguage\":\"nb-NO\",\"potentialAction\":[{\"@type\":\"ReadAction\",\"target\":[\"https:\/\/ofabskara.se\/no\/produkt\/vridhus-aa2320-1\/\"]}]},{\"@type\":\"ImageObject\",\"inLanguage\":\"nb-NO\",\"@id\":\"https:\/\/ofabskara.se\/no\/produkt\/vridhus-aa2320-1\/#primaryimage\",\"url\":\"https:\/\/ofabskara.se\/wp-content\/uploads\/2023\/09\/Vridhus-dubbelt.jpg\",\"contentUrl\":\"https:\/\/ofabskara.se\/wp-content\/uploads\/2023\/09\/Vridhus-dubbelt.jpg\",\"width\":700,\"height\":700},{\"@type\":\"BreadcrumbList\",\"@id\":\"https:\/\/ofabskara.se\/no\/produkt\/vridhus-aa2320-1\/#breadcrumb\",\"itemListElement\":[{\"@type\":\"ListItem\",\"position\":1,\"name\":\"Home\",\"item\":\"https:\/\/ofabskara.se\/no\/\"},{\"@type\":\"ListItem\",\"position\":2,\"name\":\"Butik\",\"item\":\"https:\/\/ofabskara.se\/sv\/butik\/\"},{\"@type\":\"ListItem\",\"position\":3,\"name\":\"Vridhus dubbelt gjutet\"}]},{\"@type\":\"WebSite\",\"@id\":\"https:\/\/ofabskara.se\/sv\/#website\",\"url\":\"https:\/\/ofabskara.se\/sv\/\",\"name\":\"Ofab\",\"description\":\"\",\"potentialAction\":[{\"@type\":\"SearchAction\",\"target\":{\"@type\":\"EntryPoint\",\"urlTemplate\":\"https:\/\/ofabskara.se\/sv\/?s={search_term_string}\"},\"query-input\":{\"@type\":\"PropertyValueSpecification\",\"valueRequired\":true,\"valueName\":\"search_term_string\"}}],\"inLanguage\":\"nb-NO\"}]}<\/script>\n<!-- \/ Yoast SEO plugin. -->","yoast_head_json":{"title":"Vridhus dubbelt gjutet - Ofab","robots":{"index":"index","follow":"follow","max-snippet":"max-snippet:-1","max-image-preview":"max-image-preview:large","max-video-preview":"max-video-preview:-1"},"canonical":"https:\/\/ofabskara.se\/no\/produkt\/vridhus-aa2320-1\/","og_locale":"nb_NO","og_type":"article","og_title":"Vridhus dubbelt gjutet - Ofab","og_description":"Gjutna vridhus f\u00f6r montering p\u00e5 medelstora och st\u00f6rre griplastare.  Modell: AA2320-1  Vridhus: gjutet  Totalbredd: 1185 mm  Totalh\u00f6jd: 315 mm  Oljeplugg: sidan  M\u00e4ngd olja: 2,5 liter  Rek. olja \/ Hypoidolja: 80\/90 GL 5  Sv\u00e4ngcylinder: 4st inv. diam. 80 mm  Arbetstryck: 12,5 Mpa  Sv\u00e4ngmoment: 8,5 kNm  Sv\u00e4ngvinkel vridmotor: 360  Max lyftmoment brutto: 38 kNm (3,8 ton\/meter)  Diam.\u00f6vre platta\/tjocklek: 200 mm\/35 mm  Diam.undre platta\/tjocklek: 360 mm\/35 mm  H\u00e5lbild: 300 mm, 8 h\u00e5l, M20","og_url":"https:\/\/ofabskara.se\/no\/produkt\/vridhus-aa2320-1\/","og_site_name":"Ofab","article_modified_time":"2026-04-27T07:40:18+00:00","og_image":[{"width":700,"height":700,"url":"https:\/\/ofabskara.se\/wp-content\/uploads\/2023\/09\/Vridhus-dubbelt.jpg","type":"image\/jpeg"}],"twitter_card":"summary_large_image","schema":{"@context":"https:\/\/schema.org","@graph":[{"@type":"WebPage","@id":"https:\/\/ofabskara.se\/no\/produkt\/vridhus-aa2320-1\/","url":"https:\/\/ofabskara.se\/no\/produkt\/vridhus-aa2320-1\/","name":"Vridhus dubbelt gjutet - Ofab","isPartOf":{"@id":"https:\/\/ofabskara.se\/sv\/#website"},"primaryImageOfPage":{"@id":"https:\/\/ofabskara.se\/no\/produkt\/vridhus-aa2320-1\/#primaryimage"},"image":{"@id":"https:\/\/ofabskara.se\/no\/produkt\/vridhus-aa2320-1\/#primaryimage"},"thumbnailUrl":"https:\/\/ofabskara.se\/wp-content\/uploads\/2023\/09\/Vridhus-dubbelt.jpg","datePublished":"2017-05-16T06:39:20+00:00","dateModified":"2026-04-27T07:40:18+00:00","breadcrumb":{"@id":"https:\/\/ofabskara.se\/no\/produkt\/vridhus-aa2320-1\/#breadcrumb"},"inLanguage":"nb-NO","potentialAction":[{"@type":"ReadAction","target":["https:\/\/ofabskara.se\/no\/produkt\/vridhus-aa2320-1\/"]}]},{"@type":"ImageObject","inLanguage":"nb-NO","@id":"https:\/\/ofabskara.se\/no\/produkt\/vridhus-aa2320-1\/#primaryimage","url":"https:\/\/ofabskara.se\/wp-content\/uploads\/2023\/09\/Vridhus-dubbelt.jpg","contentUrl":"https:\/\/ofabskara.se\/wp-content\/uploads\/2023\/09\/Vridhus-dubbelt.jpg","width":700,"height":700},{"@type":"BreadcrumbList","@id":"https:\/\/ofabskara.se\/no\/produkt\/vridhus-aa2320-1\/#breadcrumb","itemListElement":[{"@type":"ListItem","position":1,"name":"Home","item":"https:\/\/ofabskara.se\/no\/"},{"@type":"ListItem","position":2,"name":"Butik","item":"https:\/\/ofabskara.se\/sv\/butik\/"},{"@type":"ListItem","position":3,"name":"Vridhus dubbelt gjutet"}]},{"@type":"WebSite","@id":"https:\/\/ofabskara.se\/sv\/#website","url":"https:\/\/ofabskara.se\/sv\/","name":"Ofab","description":"","potentialAction":[{"@type":"SearchAction","target":{"@type":"EntryPoint","urlTemplate":"https:\/\/ofabskara.se\/sv\/?s={search_term_string}"},"query-input":{"@type":"PropertyValueSpecification","valueRequired":true,"valueName":"search_term_string"}}],"inLanguage":"nb-NO"}]}},"_links":{"self":[{"href":"https:\/\/ofabskara.se\/no\/wp-json\/wp\/v2\/product\/45541","targetHints":{"allow":["GET"]}}],"collection":[{"href":"https:\/\/ofabskara.se\/no\/wp-json\/wp\/v2\/product"}],"about":[{"href":"https:\/\/ofabskara.se\/no\/wp-json\/wp\/v2\/types\/product"}],"replies":[{"embeddable":true,"href":"https:\/\/ofabskara.se\/no\/wp-json\/wp\/v2\/comments?post=45541"}],"wp:featuredmedia":[{"embeddable":true,"href":"https:\/\/ofabskara.se\/no\/wp-json\/wp\/v2\/media\/6933"}],"wp:attachment":[{"href":"https:\/\/ofabskara.se\/no\/wp-json\/wp\/v2\/media?parent=45541"}],"wp:term":[{"taxonomy":"product_brand","embeddable":true,"href":"https:\/\/ofabskara.se\/no\/wp-json\/wp\/v2\/product_brand?post=45541"},{"taxonomy":"product_cat","embeddable":true,"href":"https:\/\/ofabskara.se\/no\/wp-json\/wp\/v2\/product_cat?post=45541"},{"taxonomy":"product_tag","embeddable":true,"href":"https:\/\/ofabskara.se\/no\/wp-json\/wp\/v2\/product_tag?post=45541"}],"curies":[{"name":"wp","href":"https:\/\/api.w.org\/{rel}","templated":true}]}}