{"id":45591,"date":"2017-05-16T08:29:52","date_gmt":"2017-05-16T06:29:52","guid":{"rendered":"https:\/\/ofabskara.se\/produkt\/suevia-model-43a\/"},"modified":"2017-05-16T08:29:52","modified_gmt":"2017-05-16T06:29:52","slug":"suevia-model-43a","status":"publish","type":"product","link":"https:\/\/ofabskara.se\/no\/produkt\/suevia-model-43a\/","title":{"rendered":"Vattenkopp Suevia 43A 180W"},"content":{"rendered":"<p>Med flott\u00f6r. Monteras l\u00e4mpligast i ett thermor\u00f6r med inv\u00e4ndig diameter av 302 mm. V\u00e4rmeslinga 24V \/ 80W eller 180W. El- och vattenanslutningar sker fr\u00e5n undersidan. Frostfri ner till ca -25\u00b0C f\u00f6r 80W (142025) och ca -35 f\u00f6r 180W (142020) modellen. Sk\u00e5lens diameter \u00e4r 230 mm. 5 liter\/minut vid 4 kg tryck. Max 5 bars tryck. En kopp \u00e4r l\u00e4mplig f\u00f6r 15-20 djur. Till 180W modellen medf\u00f6ljer termostat 603612 som ser till att vattnet inte blir f\u00f6r varmt.<\/p>\n<p>Kr\u00e4ver anslutning till transformator med l\u00e5gsp\u00e4nningskabel. Transformator och l\u00e5gsp\u00e4nningskabel k\u00f6pes separat.<\/p>\n","protected":false},"excerpt":{"rendered":"<p>Med flott\u00f6r. Monteras l\u00e4mpligast i ett thermor\u00f6r med inv\u00e4ndig diameter av 302 mm. V\u00e4rmeslinga 24V \/ 80W eller 180W. El- och vattenanslutningar sker fr\u00e5n undersidan. Frostfri ner till ca -25\u00b0C f\u00f6r 80W (142025) och ca -35 f\u00f6r 180W (142020) modellen. Sk\u00e5lens diameter \u00e4r 230 mm. 5 liter\/minut vid 4 kg tryck. Max 5 bars tryck. [&hellip;]<\/p>\n","protected":false},"featured_media":41885,"comment_status":"closed","ping_status":"closed","template":"","meta":{"_acf_changed":false,"inline_featured_image":false},"product_brand":[],"product_cat":[3003,3002],"product_tag":[],"class_list":{"0":"post-45591","1":"product","2":"type-product","3":"status-publish","4":"has-post-thumbnail","6":"product_cat-elvattenkoppar","7":"product_cat-vattensystem","8":"product_shipping_class-kartongfrakt","10":"first","11":"instock","12":"taxable","13":"shipping-taxable","14":"purchasable","15":"product-type-simple"},"acf":[],"yoast_head":"<!-- This site is optimized with the Yoast SEO plugin v24.4 - https:\/\/yoast.com\/wordpress\/plugins\/seo\/ -->\n<title>Vattenkopp Suevia 43A 180W - Ofab<\/title>\n<meta name=\"robots\" content=\"index, follow, max-snippet:-1, max-image-preview:large, max-video-preview:-1\" \/>\n<link rel=\"canonical\" href=\"https:\/\/ofabskara.se\/no\/produkt\/suevia-model-43a\/\" \/>\n<meta property=\"og:locale\" content=\"nb_NO\" \/>\n<meta property=\"og:type\" content=\"article\" \/>\n<meta property=\"og:title\" content=\"Vattenkopp Suevia 43A 180W - Ofab\" \/>\n<meta property=\"og:description\" content=\"Med flott\u00f6r. Monteras l\u00e4mpligast i ett thermor\u00f6r med inv\u00e4ndig diameter av 302 mm. V\u00e4rmeslinga 24V \/ 80W eller 180W. El- och vattenanslutningar sker fr\u00e5n undersidan. Frostfri ner till ca -25\u00b0C f\u00f6r 80W (142025) och ca -35 f\u00f6r 180W (142020) modellen. Sk\u00e5lens diameter \u00e4r 230 mm. 5 liter\/minut vid 4 kg tryck. Max 5 bars tryck. [&hellip;]\" \/>\n<meta property=\"og:url\" content=\"https:\/\/ofabskara.se\/no\/produkt\/suevia-model-43a\/\" \/>\n<meta property=\"og:site_name\" content=\"Ofab\" \/>\n<meta name=\"twitter:card\" content=\"summary_large_image\" \/>\n<meta name=\"twitter:label1\" content=\"Ansl. lesetid\" \/>\n\t<meta name=\"twitter:data1\" content=\"1 minutt\" \/>\n<script type=\"application\/ld+json\" class=\"yoast-schema-graph\">{\"@context\":\"https:\/\/schema.org\",\"@graph\":[{\"@type\":\"WebPage\",\"@id\":\"https:\/\/ofabskara.se\/no\/produkt\/suevia-model-43a\/\",\"url\":\"https:\/\/ofabskara.se\/no\/produkt\/suevia-model-43a\/\",\"name\":\"Vattenkopp Suevia 43A 180W - Ofab\",\"isPartOf\":{\"@id\":\"https:\/\/ofabskara.se\/sv\/#website\"},\"primaryImageOfPage\":{\"@id\":\"https:\/\/ofabskara.se\/no\/produkt\/suevia-model-43a\/#primaryimage\"},\"image\":{\"@id\":\"https:\/\/ofabskara.se\/no\/produkt\/suevia-model-43a\/#primaryimage\"},\"thumbnailUrl\":\"https:\/\/ofabskara.se\/wp-content\/uploads\/2017\/05\/142020-1.webp\",\"datePublished\":\"2017-05-16T06:29:52+00:00\",\"breadcrumb\":{\"@id\":\"https:\/\/ofabskara.se\/no\/produkt\/suevia-model-43a\/#breadcrumb\"},\"inLanguage\":\"nb-NO\",\"potentialAction\":[{\"@type\":\"ReadAction\",\"target\":[\"https:\/\/ofabskara.se\/no\/produkt\/suevia-model-43a\/\"]}]},{\"@type\":\"ImageObject\",\"inLanguage\":\"nb-NO\",\"@id\":\"https:\/\/ofabskara.se\/no\/produkt\/suevia-model-43a\/#primaryimage\",\"url\":\"https:\/\/ofabskara.se\/wp-content\/uploads\/2017\/05\/142020-1.webp\",\"contentUrl\":\"https:\/\/ofabskara.se\/wp-content\/uploads\/2017\/05\/142020-1.webp\",\"width\":700,\"height\":700},{\"@type\":\"BreadcrumbList\",\"@id\":\"https:\/\/ofabskara.se\/no\/produkt\/suevia-model-43a\/#breadcrumb\",\"itemListElement\":[{\"@type\":\"ListItem\",\"position\":1,\"name\":\"Home\",\"item\":\"https:\/\/ofabskara.se\/no\/\"},{\"@type\":\"ListItem\",\"position\":2,\"name\":\"Butik\",\"item\":\"https:\/\/ofabskara.se\/sv\/butik\/\"},{\"@type\":\"ListItem\",\"position\":3,\"name\":\"Vattenkopp Suevia 43A 180W\"}]},{\"@type\":\"WebSite\",\"@id\":\"https:\/\/ofabskara.se\/sv\/#website\",\"url\":\"https:\/\/ofabskara.se\/sv\/\",\"name\":\"Ofab\",\"description\":\"\",\"potentialAction\":[{\"@type\":\"SearchAction\",\"target\":{\"@type\":\"EntryPoint\",\"urlTemplate\":\"https:\/\/ofabskara.se\/sv\/?s={search_term_string}\"},\"query-input\":{\"@type\":\"PropertyValueSpecification\",\"valueRequired\":true,\"valueName\":\"search_term_string\"}}],\"inLanguage\":\"nb-NO\"}]}<\/script>\n<!-- \/ Yoast SEO plugin. -->","yoast_head_json":{"title":"Vattenkopp Suevia 43A 180W - Ofab","robots":{"index":"index","follow":"follow","max-snippet":"max-snippet:-1","max-image-preview":"max-image-preview:large","max-video-preview":"max-video-preview:-1"},"canonical":"https:\/\/ofabskara.se\/no\/produkt\/suevia-model-43a\/","og_locale":"nb_NO","og_type":"article","og_title":"Vattenkopp Suevia 43A 180W - Ofab","og_description":"Med flott\u00f6r. Monteras l\u00e4mpligast i ett thermor\u00f6r med inv\u00e4ndig diameter av 302 mm. V\u00e4rmeslinga 24V \/ 80W eller 180W. El- och vattenanslutningar sker fr\u00e5n undersidan. Frostfri ner till ca -25\u00b0C f\u00f6r 80W (142025) och ca -35 f\u00f6r 180W (142020) modellen. Sk\u00e5lens diameter \u00e4r 230 mm. 5 liter\/minut vid 4 kg tryck. Max 5 bars tryck. [&hellip;]","og_url":"https:\/\/ofabskara.se\/no\/produkt\/suevia-model-43a\/","og_site_name":"Ofab","twitter_card":"summary_large_image","twitter_misc":{"Ansl. lesetid":"1 minutt"},"schema":{"@context":"https:\/\/schema.org","@graph":[{"@type":"WebPage","@id":"https:\/\/ofabskara.se\/no\/produkt\/suevia-model-43a\/","url":"https:\/\/ofabskara.se\/no\/produkt\/suevia-model-43a\/","name":"Vattenkopp Suevia 43A 180W - Ofab","isPartOf":{"@id":"https:\/\/ofabskara.se\/sv\/#website"},"primaryImageOfPage":{"@id":"https:\/\/ofabskara.se\/no\/produkt\/suevia-model-43a\/#primaryimage"},"image":{"@id":"https:\/\/ofabskara.se\/no\/produkt\/suevia-model-43a\/#primaryimage"},"thumbnailUrl":"https:\/\/ofabskara.se\/wp-content\/uploads\/2017\/05\/142020-1.webp","datePublished":"2017-05-16T06:29:52+00:00","breadcrumb":{"@id":"https:\/\/ofabskara.se\/no\/produkt\/suevia-model-43a\/#breadcrumb"},"inLanguage":"nb-NO","potentialAction":[{"@type":"ReadAction","target":["https:\/\/ofabskara.se\/no\/produkt\/suevia-model-43a\/"]}]},{"@type":"ImageObject","inLanguage":"nb-NO","@id":"https:\/\/ofabskara.se\/no\/produkt\/suevia-model-43a\/#primaryimage","url":"https:\/\/ofabskara.se\/wp-content\/uploads\/2017\/05\/142020-1.webp","contentUrl":"https:\/\/ofabskara.se\/wp-content\/uploads\/2017\/05\/142020-1.webp","width":700,"height":700},{"@type":"BreadcrumbList","@id":"https:\/\/ofabskara.se\/no\/produkt\/suevia-model-43a\/#breadcrumb","itemListElement":[{"@type":"ListItem","position":1,"name":"Home","item":"https:\/\/ofabskara.se\/no\/"},{"@type":"ListItem","position":2,"name":"Butik","item":"https:\/\/ofabskara.se\/sv\/butik\/"},{"@type":"ListItem","position":3,"name":"Vattenkopp Suevia 43A 180W"}]},{"@type":"WebSite","@id":"https:\/\/ofabskara.se\/sv\/#website","url":"https:\/\/ofabskara.se\/sv\/","name":"Ofab","description":"","potentialAction":[{"@type":"SearchAction","target":{"@type":"EntryPoint","urlTemplate":"https:\/\/ofabskara.se\/sv\/?s={search_term_string}"},"query-input":{"@type":"PropertyValueSpecification","valueRequired":true,"valueName":"search_term_string"}}],"inLanguage":"nb-NO"}]}},"_links":{"self":[{"href":"https:\/\/ofabskara.se\/no\/wp-json\/wp\/v2\/product\/45591","targetHints":{"allow":["GET"]}}],"collection":[{"href":"https:\/\/ofabskara.se\/no\/wp-json\/wp\/v2\/product"}],"about":[{"href":"https:\/\/ofabskara.se\/no\/wp-json\/wp\/v2\/types\/product"}],"replies":[{"embeddable":true,"href":"https:\/\/ofabskara.se\/no\/wp-json\/wp\/v2\/comments?post=45591"}],"wp:featuredmedia":[{"embeddable":true,"href":"https:\/\/ofabskara.se\/no\/wp-json\/wp\/v2\/media\/41885"}],"wp:attachment":[{"href":"https:\/\/ofabskara.se\/no\/wp-json\/wp\/v2\/media?parent=45591"}],"wp:term":[{"taxonomy":"product_brand","embeddable":true,"href":"https:\/\/ofabskara.se\/no\/wp-json\/wp\/v2\/product_brand?post=45591"},{"taxonomy":"product_cat","embeddable":true,"href":"https:\/\/ofabskara.se\/no\/wp-json\/wp\/v2\/product_cat?post=45591"},{"taxonomy":"product_tag","embeddable":true,"href":"https:\/\/ofabskara.se\/no\/wp-json\/wp\/v2\/product_tag?post=45591"}],"curies":[{"name":"wp","href":"https:\/\/api.w.org\/{rel}","templated":true}]}}