{"id":45600,"date":"2017-05-16T08:29:44","date_gmt":"2017-05-16T06:29:44","guid":{"rendered":"https:\/\/ofabskara.se\/produkt\/suevia-model-46\/"},"modified":"2017-05-16T08:29:44","modified_gmt":"2017-05-16T06:29:44","slug":"suevia-model-46","status":"publish","type":"product","link":"https:\/\/ofabskara.se\/no\/produkt\/suevia-model-46\/","title":{"rendered":"Vattenkopp Suevia 46 1\/2&#8243;"},"content":{"rendered":"","protected":false},"excerpt":{"rendered":"<p>Vattenkoppen Suevia 46 \u00e4r en eluppv\u00e4rmd vattenkopp med r\u00f6rventil. Tillverkad av emaljerad gjutj\u00e4rn. Vattenkoppen \u00e4r f\u00f6rsedd med ett 24 V 80 Watt v\u00e4rmeelement som h\u00e5ller vattenkoppen frostfri. Klarar temperaturer ner till ca -15<sup>o<\/sup>C. Passar till f\u00e5r, getter, kalvar och h\u00e4star. Vattenanslutningen \u00e4r en R15 inv\u00e4ndig g\u00e4nga. Vattenanslutningen kan ske upp- eller nerifr\u00e5n. Vattenkapacitet: 5 liter\/minut. Vattentryck: Max 5 bar.<\/p>\n<p>&nbsp;<\/p>\n","protected":false},"featured_media":6812,"comment_status":"closed","ping_status":"closed","template":"","meta":{"_acf_changed":false,"inline_featured_image":false},"product_brand":[],"product_cat":[2980],"product_tag":[],"class_list":{"0":"post-45600","1":"product","2":"type-product","3":"status-publish","4":"has-post-thumbnail","6":"product_cat-okategoriserad","7":"product_shipping_class-kartongfrakt","9":"first","10":"instock","11":"taxable","12":"shipping-taxable","13":"purchasable","14":"product-type-simple"},"acf":[],"yoast_head":"<!-- This site is optimized with the Yoast SEO plugin v24.4 - https:\/\/yoast.com\/wordpress\/plugins\/seo\/ -->\n<title>Vattenkopp Suevia 46 1\/2&quot; - Ofab<\/title>\n<meta name=\"robots\" content=\"index, follow, max-snippet:-1, max-image-preview:large, max-video-preview:-1\" \/>\n<link rel=\"canonical\" href=\"https:\/\/ofabskara.se\/no\/produkt\/suevia-model-46\/\" \/>\n<meta property=\"og:locale\" content=\"nb_NO\" \/>\n<meta property=\"og:type\" content=\"article\" \/>\n<meta property=\"og:title\" content=\"Vattenkopp Suevia 46 1\/2&quot; - Ofab\" \/>\n<meta property=\"og:description\" content=\"Vattenkoppen Suevia 46 \u00e4r en eluppv\u00e4rmd vattenkopp med r\u00f6rventil. Tillverkad av emaljerad gjutj\u00e4rn. Vattenkoppen \u00e4r f\u00f6rsedd med ett 24 V 80 Watt v\u00e4rmeelement som h\u00e5ller vattenkoppen frostfri. Klarar temperaturer ner till ca -15oC. Passar till f\u00e5r, getter, kalvar och h\u00e4star. Vattenanslutningen \u00e4r en R15 inv\u00e4ndig g\u00e4nga. Vattenanslutningen kan ske upp- eller nerifr\u00e5n. Vattenkapacitet: 5 liter\/minut. Vattentryck: Max 5 bar.  &nbsp;\" \/>\n<meta property=\"og:url\" content=\"https:\/\/ofabskara.se\/no\/produkt\/suevia-model-46\/\" \/>\n<meta property=\"og:site_name\" content=\"Ofab\" \/>\n<meta name=\"twitter:card\" content=\"summary_large_image\" \/>\n<script type=\"application\/ld+json\" class=\"yoast-schema-graph\">{\"@context\":\"https:\/\/schema.org\",\"@graph\":[{\"@type\":\"WebPage\",\"@id\":\"https:\/\/ofabskara.se\/no\/produkt\/suevia-model-46\/\",\"url\":\"https:\/\/ofabskara.se\/no\/produkt\/suevia-model-46\/\",\"name\":\"Vattenkopp Suevia 46 1\/2\\\" - Ofab\",\"isPartOf\":{\"@id\":\"https:\/\/ofabskara.se\/sv\/#website\"},\"primaryImageOfPage\":{\"@id\":\"https:\/\/ofabskara.se\/no\/produkt\/suevia-model-46\/#primaryimage\"},\"image\":{\"@id\":\"https:\/\/ofabskara.se\/no\/produkt\/suevia-model-46\/#primaryimage\"},\"thumbnailUrl\":\"https:\/\/ofabskara.se\/wp-content\/uploads\/2023\/09\/142040-suevia-model-46-1.jpg\",\"datePublished\":\"2017-05-16T06:29:44+00:00\",\"breadcrumb\":{\"@id\":\"https:\/\/ofabskara.se\/no\/produkt\/suevia-model-46\/#breadcrumb\"},\"inLanguage\":\"nb-NO\",\"potentialAction\":[{\"@type\":\"ReadAction\",\"target\":[\"https:\/\/ofabskara.se\/no\/produkt\/suevia-model-46\/\"]}]},{\"@type\":\"ImageObject\",\"inLanguage\":\"nb-NO\",\"@id\":\"https:\/\/ofabskara.se\/no\/produkt\/suevia-model-46\/#primaryimage\",\"url\":\"https:\/\/ofabskara.se\/wp-content\/uploads\/2023\/09\/142040-suevia-model-46-1.jpg\",\"contentUrl\":\"https:\/\/ofabskara.se\/wp-content\/uploads\/2023\/09\/142040-suevia-model-46-1.jpg\",\"width\":1600,\"height\":1200},{\"@type\":\"BreadcrumbList\",\"@id\":\"https:\/\/ofabskara.se\/no\/produkt\/suevia-model-46\/#breadcrumb\",\"itemListElement\":[{\"@type\":\"ListItem\",\"position\":1,\"name\":\"Home\",\"item\":\"https:\/\/ofabskara.se\/no\/\"},{\"@type\":\"ListItem\",\"position\":2,\"name\":\"Butik\",\"item\":\"https:\/\/ofabskara.se\/sv\/butik\/\"},{\"@type\":\"ListItem\",\"position\":3,\"name\":\"Vattenkopp Suevia 46 1\/2&#8243;\"}]},{\"@type\":\"WebSite\",\"@id\":\"https:\/\/ofabskara.se\/sv\/#website\",\"url\":\"https:\/\/ofabskara.se\/sv\/\",\"name\":\"Ofab\",\"description\":\"\",\"potentialAction\":[{\"@type\":\"SearchAction\",\"target\":{\"@type\":\"EntryPoint\",\"urlTemplate\":\"https:\/\/ofabskara.se\/sv\/?s={search_term_string}\"},\"query-input\":{\"@type\":\"PropertyValueSpecification\",\"valueRequired\":true,\"valueName\":\"search_term_string\"}}],\"inLanguage\":\"nb-NO\"}]}<\/script>\n<!-- \/ Yoast SEO plugin. -->","yoast_head_json":{"title":"Vattenkopp Suevia 46 1\/2\" - Ofab","robots":{"index":"index","follow":"follow","max-snippet":"max-snippet:-1","max-image-preview":"max-image-preview:large","max-video-preview":"max-video-preview:-1"},"canonical":"https:\/\/ofabskara.se\/no\/produkt\/suevia-model-46\/","og_locale":"nb_NO","og_type":"article","og_title":"Vattenkopp Suevia 46 1\/2\" - Ofab","og_description":"Vattenkoppen Suevia 46 \u00e4r en eluppv\u00e4rmd vattenkopp med r\u00f6rventil. Tillverkad av emaljerad gjutj\u00e4rn. Vattenkoppen \u00e4r f\u00f6rsedd med ett 24 V 80 Watt v\u00e4rmeelement som h\u00e5ller vattenkoppen frostfri. Klarar temperaturer ner till ca -15oC. Passar till f\u00e5r, getter, kalvar och h\u00e4star. Vattenanslutningen \u00e4r en R15 inv\u00e4ndig g\u00e4nga. Vattenanslutningen kan ske upp- eller nerifr\u00e5n. Vattenkapacitet: 5 liter\/minut. Vattentryck: Max 5 bar.  &nbsp;","og_url":"https:\/\/ofabskara.se\/no\/produkt\/suevia-model-46\/","og_site_name":"Ofab","twitter_card":"summary_large_image","schema":{"@context":"https:\/\/schema.org","@graph":[{"@type":"WebPage","@id":"https:\/\/ofabskara.se\/no\/produkt\/suevia-model-46\/","url":"https:\/\/ofabskara.se\/no\/produkt\/suevia-model-46\/","name":"Vattenkopp Suevia 46 1\/2\" - Ofab","isPartOf":{"@id":"https:\/\/ofabskara.se\/sv\/#website"},"primaryImageOfPage":{"@id":"https:\/\/ofabskara.se\/no\/produkt\/suevia-model-46\/#primaryimage"},"image":{"@id":"https:\/\/ofabskara.se\/no\/produkt\/suevia-model-46\/#primaryimage"},"thumbnailUrl":"https:\/\/ofabskara.se\/wp-content\/uploads\/2023\/09\/142040-suevia-model-46-1.jpg","datePublished":"2017-05-16T06:29:44+00:00","breadcrumb":{"@id":"https:\/\/ofabskara.se\/no\/produkt\/suevia-model-46\/#breadcrumb"},"inLanguage":"nb-NO","potentialAction":[{"@type":"ReadAction","target":["https:\/\/ofabskara.se\/no\/produkt\/suevia-model-46\/"]}]},{"@type":"ImageObject","inLanguage":"nb-NO","@id":"https:\/\/ofabskara.se\/no\/produkt\/suevia-model-46\/#primaryimage","url":"https:\/\/ofabskara.se\/wp-content\/uploads\/2023\/09\/142040-suevia-model-46-1.jpg","contentUrl":"https:\/\/ofabskara.se\/wp-content\/uploads\/2023\/09\/142040-suevia-model-46-1.jpg","width":1600,"height":1200},{"@type":"BreadcrumbList","@id":"https:\/\/ofabskara.se\/no\/produkt\/suevia-model-46\/#breadcrumb","itemListElement":[{"@type":"ListItem","position":1,"name":"Home","item":"https:\/\/ofabskara.se\/no\/"},{"@type":"ListItem","position":2,"name":"Butik","item":"https:\/\/ofabskara.se\/sv\/butik\/"},{"@type":"ListItem","position":3,"name":"Vattenkopp Suevia 46 1\/2&#8243;"}]},{"@type":"WebSite","@id":"https:\/\/ofabskara.se\/sv\/#website","url":"https:\/\/ofabskara.se\/sv\/","name":"Ofab","description":"","potentialAction":[{"@type":"SearchAction","target":{"@type":"EntryPoint","urlTemplate":"https:\/\/ofabskara.se\/sv\/?s={search_term_string}"},"query-input":{"@type":"PropertyValueSpecification","valueRequired":true,"valueName":"search_term_string"}}],"inLanguage":"nb-NO"}]}},"_links":{"self":[{"href":"https:\/\/ofabskara.se\/no\/wp-json\/wp\/v2\/product\/45600","targetHints":{"allow":["GET"]}}],"collection":[{"href":"https:\/\/ofabskara.se\/no\/wp-json\/wp\/v2\/product"}],"about":[{"href":"https:\/\/ofabskara.se\/no\/wp-json\/wp\/v2\/types\/product"}],"replies":[{"embeddable":true,"href":"https:\/\/ofabskara.se\/no\/wp-json\/wp\/v2\/comments?post=45600"}],"wp:featuredmedia":[{"embeddable":true,"href":"https:\/\/ofabskara.se\/no\/wp-json\/wp\/v2\/media\/6812"}],"wp:attachment":[{"href":"https:\/\/ofabskara.se\/no\/wp-json\/wp\/v2\/media?parent=45600"}],"wp:term":[{"taxonomy":"product_brand","embeddable":true,"href":"https:\/\/ofabskara.se\/no\/wp-json\/wp\/v2\/product_brand?post=45600"},{"taxonomy":"product_cat","embeddable":true,"href":"https:\/\/ofabskara.se\/no\/wp-json\/wp\/v2\/product_cat?post=45600"},{"taxonomy":"product_tag","embeddable":true,"href":"https:\/\/ofabskara.se\/no\/wp-json\/wp\/v2\/product_tag?post=45600"}],"curies":[{"name":"wp","href":"https:\/\/api.w.org\/{rel}","templated":true}]}}