{"id":45604,"date":"2017-05-16T08:29:03","date_gmt":"2017-05-16T06:29:03","guid":{"rendered":"https:\/\/ofabskara.se\/produkt\/transformator-600w\/"},"modified":"2017-05-16T08:29:03","modified_gmt":"2017-05-16T06:29:03","slug":"transformator-600w","status":"publish","type":"product","link":"https:\/\/ofabskara.se\/no\/produkt\/transformator-600w\/","title":{"rendered":"Transformator 600 Watt"},"content":{"rendered":"","protected":false},"excerpt":{"rendered":"<p><strong>S\u00e4ker f\u00f6r b\u00e5de m\u00e4nniskor och djur<\/strong><\/p>\n<p>Transformatorn garanterar h\u00f6gsta m\u00f6jliga s\u00e4kerhet f\u00f6r b\u00e5de<br \/>\nm\u00e4nniskor och djur. Den \u00e4r s\u00e4rskilt l\u00e4mplig d\u00e5 kraven p\u00e5<br \/>\nisolation mellan n\u00e4tsp\u00e4nning och skyddsklensp\u00e4nning \u00e4r<br \/>\nut\u00f6ver de vanliga. Montering och anslutning utf\u00f6rs enkelt<br \/>\noch transformatorn \u00e4r skyddad mot kortslutning och<br \/>\n\u00f6verbelastning. Precis som andra produkter fr\u00e5n<br \/>\nTufvassons uppfyller den \u00e4ven f\u00f6rs\u00e4kringsbolagens krav p\u00e5<br \/>\nsj\u00e4lvslocknande plast i h\u00f6ljet. Installationen skall utf\u00f6ras av<br \/>\nbeh\u00f6rig installat\u00f6r.<\/p>\n","protected":false},"featured_media":6786,"comment_status":"closed","ping_status":"open","template":"","meta":{"_acf_changed":false,"inline_featured_image":false},"product_brand":[],"product_cat":[3965,3966,3002],"product_tag":[],"class_list":{"0":"post-45604","1":"product","2":"type-product","3":"status-publish","4":"has-post-thumbnail","6":"product_cat-transformatorer","7":"product_cat-transformatorer-transformatorer","8":"product_cat-vattensystem","10":"first","11":"instock","12":"taxable","13":"shipping-taxable","14":"purchasable","15":"product-type-simple"},"acf":[],"yoast_head":"<!-- This site is optimized with the Yoast SEO plugin v24.4 - https:\/\/yoast.com\/wordpress\/plugins\/seo\/ -->\n<title>Transformator 600 Watt - Ofab<\/title>\n<meta name=\"robots\" content=\"index, follow, max-snippet:-1, max-image-preview:large, max-video-preview:-1\" \/>\n<link rel=\"canonical\" href=\"https:\/\/ofabskara.se\/no\/produkt\/transformator-600w\/\" \/>\n<meta property=\"og:locale\" content=\"nb_NO\" \/>\n<meta property=\"og:type\" content=\"article\" \/>\n<meta property=\"og:title\" content=\"Transformator 600 Watt - Ofab\" \/>\n<meta property=\"og:description\" content=\"S\u00e4ker f\u00f6r b\u00e5de m\u00e4nniskor och djur Transformatorn garanterar h\u00f6gsta m\u00f6jliga s\u00e4kerhet f\u00f6r b\u00e5de m\u00e4nniskor och djur. Den \u00e4r s\u00e4rskilt l\u00e4mplig d\u00e5 kraven p\u00e5 isolation mellan n\u00e4tsp\u00e4nning och skyddsklensp\u00e4nning \u00e4r ut\u00f6ver de vanliga. Montering och anslutning utf\u00f6rs enkelt och transformatorn \u00e4r skyddad mot kortslutning och \u00f6verbelastning. Precis som andra produkter fr\u00e5n Tufvassons uppfyller den \u00e4ven f\u00f6rs\u00e4kringsbolagens krav p\u00e5 sj\u00e4lvslocknande plast i h\u00f6ljet. Installationen skall utf\u00f6ras av beh\u00f6rig installat\u00f6r.\" \/>\n<meta property=\"og:url\" content=\"https:\/\/ofabskara.se\/no\/produkt\/transformator-600w\/\" \/>\n<meta property=\"og:site_name\" content=\"Ofab\" \/>\n<meta name=\"twitter:card\" content=\"summary_large_image\" \/>\n<script type=\"application\/ld+json\" class=\"yoast-schema-graph\">{\"@context\":\"https:\/\/schema.org\",\"@graph\":[{\"@type\":\"WebPage\",\"@id\":\"https:\/\/ofabskara.se\/no\/produkt\/transformator-600w\/\",\"url\":\"https:\/\/ofabskara.se\/no\/produkt\/transformator-600w\/\",\"name\":\"Transformator 600 Watt - Ofab\",\"isPartOf\":{\"@id\":\"https:\/\/ofabskara.se\/sv\/#website\"},\"primaryImageOfPage\":{\"@id\":\"https:\/\/ofabskara.se\/no\/produkt\/transformator-600w\/#primaryimage\"},\"image\":{\"@id\":\"https:\/\/ofabskara.se\/no\/produkt\/transformator-600w\/#primaryimage\"},\"thumbnailUrl\":\"https:\/\/ofabskara.se\/wp-content\/uploads\/2023\/09\/142084_Transformator.jpg\",\"datePublished\":\"2017-05-16T06:29:03+00:00\",\"breadcrumb\":{\"@id\":\"https:\/\/ofabskara.se\/no\/produkt\/transformator-600w\/#breadcrumb\"},\"inLanguage\":\"nb-NO\",\"potentialAction\":[{\"@type\":\"ReadAction\",\"target\":[\"https:\/\/ofabskara.se\/no\/produkt\/transformator-600w\/\"]}]},{\"@type\":\"ImageObject\",\"inLanguage\":\"nb-NO\",\"@id\":\"https:\/\/ofabskara.se\/no\/produkt\/transformator-600w\/#primaryimage\",\"url\":\"https:\/\/ofabskara.se\/wp-content\/uploads\/2023\/09\/142084_Transformator.jpg\",\"contentUrl\":\"https:\/\/ofabskara.se\/wp-content\/uploads\/2023\/09\/142084_Transformator.jpg\",\"width\":1000,\"height\":1000},{\"@type\":\"BreadcrumbList\",\"@id\":\"https:\/\/ofabskara.se\/no\/produkt\/transformator-600w\/#breadcrumb\",\"itemListElement\":[{\"@type\":\"ListItem\",\"position\":1,\"name\":\"Home\",\"item\":\"https:\/\/ofabskara.se\/no\/\"},{\"@type\":\"ListItem\",\"position\":2,\"name\":\"Butik\",\"item\":\"https:\/\/ofabskara.se\/sv\/butik\/\"},{\"@type\":\"ListItem\",\"position\":3,\"name\":\"Transformator 600 Watt\"}]},{\"@type\":\"WebSite\",\"@id\":\"https:\/\/ofabskara.se\/sv\/#website\",\"url\":\"https:\/\/ofabskara.se\/sv\/\",\"name\":\"Ofab\",\"description\":\"\",\"potentialAction\":[{\"@type\":\"SearchAction\",\"target\":{\"@type\":\"EntryPoint\",\"urlTemplate\":\"https:\/\/ofabskara.se\/sv\/?s={search_term_string}\"},\"query-input\":{\"@type\":\"PropertyValueSpecification\",\"valueRequired\":true,\"valueName\":\"search_term_string\"}}],\"inLanguage\":\"nb-NO\"}]}<\/script>\n<!-- \/ Yoast SEO plugin. -->","yoast_head_json":{"title":"Transformator 600 Watt - Ofab","robots":{"index":"index","follow":"follow","max-snippet":"max-snippet:-1","max-image-preview":"max-image-preview:large","max-video-preview":"max-video-preview:-1"},"canonical":"https:\/\/ofabskara.se\/no\/produkt\/transformator-600w\/","og_locale":"nb_NO","og_type":"article","og_title":"Transformator 600 Watt - Ofab","og_description":"S\u00e4ker f\u00f6r b\u00e5de m\u00e4nniskor och djur Transformatorn garanterar h\u00f6gsta m\u00f6jliga s\u00e4kerhet f\u00f6r b\u00e5de m\u00e4nniskor och djur. Den \u00e4r s\u00e4rskilt l\u00e4mplig d\u00e5 kraven p\u00e5 isolation mellan n\u00e4tsp\u00e4nning och skyddsklensp\u00e4nning \u00e4r ut\u00f6ver de vanliga. Montering och anslutning utf\u00f6rs enkelt och transformatorn \u00e4r skyddad mot kortslutning och \u00f6verbelastning. Precis som andra produkter fr\u00e5n Tufvassons uppfyller den \u00e4ven f\u00f6rs\u00e4kringsbolagens krav p\u00e5 sj\u00e4lvslocknande plast i h\u00f6ljet. Installationen skall utf\u00f6ras av beh\u00f6rig installat\u00f6r.","og_url":"https:\/\/ofabskara.se\/no\/produkt\/transformator-600w\/","og_site_name":"Ofab","twitter_card":"summary_large_image","schema":{"@context":"https:\/\/schema.org","@graph":[{"@type":"WebPage","@id":"https:\/\/ofabskara.se\/no\/produkt\/transformator-600w\/","url":"https:\/\/ofabskara.se\/no\/produkt\/transformator-600w\/","name":"Transformator 600 Watt - Ofab","isPartOf":{"@id":"https:\/\/ofabskara.se\/sv\/#website"},"primaryImageOfPage":{"@id":"https:\/\/ofabskara.se\/no\/produkt\/transformator-600w\/#primaryimage"},"image":{"@id":"https:\/\/ofabskara.se\/no\/produkt\/transformator-600w\/#primaryimage"},"thumbnailUrl":"https:\/\/ofabskara.se\/wp-content\/uploads\/2023\/09\/142084_Transformator.jpg","datePublished":"2017-05-16T06:29:03+00:00","breadcrumb":{"@id":"https:\/\/ofabskara.se\/no\/produkt\/transformator-600w\/#breadcrumb"},"inLanguage":"nb-NO","potentialAction":[{"@type":"ReadAction","target":["https:\/\/ofabskara.se\/no\/produkt\/transformator-600w\/"]}]},{"@type":"ImageObject","inLanguage":"nb-NO","@id":"https:\/\/ofabskara.se\/no\/produkt\/transformator-600w\/#primaryimage","url":"https:\/\/ofabskara.se\/wp-content\/uploads\/2023\/09\/142084_Transformator.jpg","contentUrl":"https:\/\/ofabskara.se\/wp-content\/uploads\/2023\/09\/142084_Transformator.jpg","width":1000,"height":1000},{"@type":"BreadcrumbList","@id":"https:\/\/ofabskara.se\/no\/produkt\/transformator-600w\/#breadcrumb","itemListElement":[{"@type":"ListItem","position":1,"name":"Home","item":"https:\/\/ofabskara.se\/no\/"},{"@type":"ListItem","position":2,"name":"Butik","item":"https:\/\/ofabskara.se\/sv\/butik\/"},{"@type":"ListItem","position":3,"name":"Transformator 600 Watt"}]},{"@type":"WebSite","@id":"https:\/\/ofabskara.se\/sv\/#website","url":"https:\/\/ofabskara.se\/sv\/","name":"Ofab","description":"","potentialAction":[{"@type":"SearchAction","target":{"@type":"EntryPoint","urlTemplate":"https:\/\/ofabskara.se\/sv\/?s={search_term_string}"},"query-input":{"@type":"PropertyValueSpecification","valueRequired":true,"valueName":"search_term_string"}}],"inLanguage":"nb-NO"}]}},"_links":{"self":[{"href":"https:\/\/ofabskara.se\/no\/wp-json\/wp\/v2\/product\/45604","targetHints":{"allow":["GET"]}}],"collection":[{"href":"https:\/\/ofabskara.se\/no\/wp-json\/wp\/v2\/product"}],"about":[{"href":"https:\/\/ofabskara.se\/no\/wp-json\/wp\/v2\/types\/product"}],"replies":[{"embeddable":true,"href":"https:\/\/ofabskara.se\/no\/wp-json\/wp\/v2\/comments?post=45604"}],"wp:featuredmedia":[{"embeddable":true,"href":"https:\/\/ofabskara.se\/no\/wp-json\/wp\/v2\/media\/6786"}],"wp:attachment":[{"href":"https:\/\/ofabskara.se\/no\/wp-json\/wp\/v2\/media?parent=45604"}],"wp:term":[{"taxonomy":"product_brand","embeddable":true,"href":"https:\/\/ofabskara.se\/no\/wp-json\/wp\/v2\/product_brand?post=45604"},{"taxonomy":"product_cat","embeddable":true,"href":"https:\/\/ofabskara.se\/no\/wp-json\/wp\/v2\/product_cat?post=45604"},{"taxonomy":"product_tag","embeddable":true,"href":"https:\/\/ofabskara.se\/no\/wp-json\/wp\/v2\/product_tag?post=45604"}],"curies":[{"name":"wp","href":"https:\/\/api.w.org\/{rel}","templated":true}]}}