{"id":45623,"date":"2017-05-16T08:26:59","date_gmt":"2017-05-16T06:26:59","guid":{"rendered":"https:\/\/ofabskara.se\/produkt\/losa-atfronter-4-platser-till-cornadis\/"},"modified":"2017-05-16T08:26:59","modified_gmt":"2017-05-16T06:26:59","slug":"losa-atfronter-4-platser-till-cornadis","status":"publish","type":"product","link":"https:\/\/ofabskara.se\/no\/produkt\/losa-atfronter-4-platser-till-cornadis\/","title":{"rendered":"L\u00f6s \u00e4tfront Cornadis 4pl 277cm"},"content":{"rendered":"<p>Foderh\u00e4ck med automatiska f\u00e5ngstgrindar.<br \/>\nSafety f\u00e5ngstgrindar \u00e4r \u201cljudl\u00f6sa\u201d och skr\u00e4mmer ej djuren.<br \/>\nPolyamidt\u00e4ckt l\u00e5sanordning samt gummibuffert p\u00e5 mitten g\u00f6r<br \/>\ngrinden tyst. Ej st\u00e5l mot st\u00e5l. Safety kan tack vare sin stabilitet<br \/>\noch h\u00f6ga vikt ocks\u00e5 f\u00e5nga och behandla djur. Vid inlastning \u00e4r<br \/>\ndet l\u00e4tt att \u00f6ppna grindarna. Anv\u00e4nd h\u00e5lbom i hydraularmarna<br \/>\nvid f\u00f6rflyttning.<\/p>\n","protected":false},"excerpt":{"rendered":"<p>L\u00f6sa \u00c4tfronter 4 platser till Cornadis.<br \/>\n277cm bred.<\/p>\n","protected":false},"featured_media":6321,"comment_status":"closed","ping_status":"open","template":"","meta":{"_acf_changed":false,"inline_featured_image":false},"product_brand":[],"product_cat":[3006,3577],"product_tag":[],"class_list":{"0":"post-45623","1":"product","2":"type-product","3":"status-publish","4":"has-post-thumbnail","6":"product_cat-notdjur","7":"product_cat-tillbehor-for-foderhackar","8":"pa_bredd-277-cm","10":"first","11":"instock","12":"taxable","13":"shipping-taxable","14":"purchasable","15":"product-type-simple"},"acf":[],"yoast_head":"<!-- This site is optimized with the Yoast SEO plugin v24.4 - https:\/\/yoast.com\/wordpress\/plugins\/seo\/ -->\n<title>L\u00f6s \u00e4tfront Cornadis 4pl 277cm - Ofab<\/title>\n<meta name=\"robots\" content=\"index, follow, max-snippet:-1, max-image-preview:large, max-video-preview:-1\" \/>\n<link rel=\"canonical\" href=\"https:\/\/ofabskara.se\/no\/produkt\/losa-atfronter-4-platser-till-cornadis\/\" \/>\n<meta property=\"og:locale\" content=\"nb_NO\" \/>\n<meta property=\"og:type\" content=\"article\" \/>\n<meta property=\"og:title\" content=\"L\u00f6s \u00e4tfront Cornadis 4pl 277cm - Ofab\" \/>\n<meta property=\"og:description\" content=\"L\u00f6sa \u00c4tfronter 4 platser till Cornadis. 277cm bred.\" \/>\n<meta property=\"og:url\" content=\"https:\/\/ofabskara.se\/no\/produkt\/losa-atfronter-4-platser-till-cornadis\/\" \/>\n<meta property=\"og:site_name\" content=\"Ofab\" \/>\n<meta name=\"twitter:card\" content=\"summary_large_image\" \/>\n<script type=\"application\/ld+json\" class=\"yoast-schema-graph\">{\"@context\":\"https:\/\/schema.org\",\"@graph\":[{\"@type\":\"WebPage\",\"@id\":\"https:\/\/ofabskara.se\/no\/produkt\/losa-atfronter-4-platser-till-cornadis\/\",\"url\":\"https:\/\/ofabskara.se\/no\/produkt\/losa-atfronter-4-platser-till-cornadis\/\",\"name\":\"L\u00f6s \u00e4tfront Cornadis 4pl 277cm - Ofab\",\"isPartOf\":{\"@id\":\"https:\/\/ofabskara.se\/sv\/#website\"},\"primaryImageOfPage\":{\"@id\":\"https:\/\/ofabskara.se\/no\/produkt\/losa-atfronter-4-platser-till-cornadis\/#primaryimage\"},\"image\":{\"@id\":\"https:\/\/ofabskara.se\/no\/produkt\/losa-atfronter-4-platser-till-cornadis\/#primaryimage\"},\"thumbnailUrl\":\"https:\/\/ofabskara.se\/wp-content\/uploads\/2023\/09\/t_520_520-19.jpg\",\"datePublished\":\"2017-05-16T06:26:59+00:00\",\"breadcrumb\":{\"@id\":\"https:\/\/ofabskara.se\/no\/produkt\/losa-atfronter-4-platser-till-cornadis\/#breadcrumb\"},\"inLanguage\":\"nb-NO\",\"potentialAction\":[{\"@type\":\"ReadAction\",\"target\":[\"https:\/\/ofabskara.se\/no\/produkt\/losa-atfronter-4-platser-till-cornadis\/\"]}]},{\"@type\":\"ImageObject\",\"inLanguage\":\"nb-NO\",\"@id\":\"https:\/\/ofabskara.se\/no\/produkt\/losa-atfronter-4-platser-till-cornadis\/#primaryimage\",\"url\":\"https:\/\/ofabskara.se\/wp-content\/uploads\/2023\/09\/t_520_520-19.jpg\",\"contentUrl\":\"https:\/\/ofabskara.se\/wp-content\/uploads\/2023\/09\/t_520_520-19.jpg\",\"width\":520,\"height\":368},{\"@type\":\"BreadcrumbList\",\"@id\":\"https:\/\/ofabskara.se\/no\/produkt\/losa-atfronter-4-platser-till-cornadis\/#breadcrumb\",\"itemListElement\":[{\"@type\":\"ListItem\",\"position\":1,\"name\":\"Home\",\"item\":\"https:\/\/ofabskara.se\/no\/\"},{\"@type\":\"ListItem\",\"position\":2,\"name\":\"Butik\",\"item\":\"https:\/\/ofabskara.se\/sv\/butik\/\"},{\"@type\":\"ListItem\",\"position\":3,\"name\":\"L\u00f6s \u00e4tfront Cornadis 4pl 277cm\"}]},{\"@type\":\"WebSite\",\"@id\":\"https:\/\/ofabskara.se\/sv\/#website\",\"url\":\"https:\/\/ofabskara.se\/sv\/\",\"name\":\"Ofab\",\"description\":\"\",\"potentialAction\":[{\"@type\":\"SearchAction\",\"target\":{\"@type\":\"EntryPoint\",\"urlTemplate\":\"https:\/\/ofabskara.se\/sv\/?s={search_term_string}\"},\"query-input\":{\"@type\":\"PropertyValueSpecification\",\"valueRequired\":true,\"valueName\":\"search_term_string\"}}],\"inLanguage\":\"nb-NO\"}]}<\/script>\n<!-- \/ Yoast SEO plugin. -->","yoast_head_json":{"title":"L\u00f6s \u00e4tfront Cornadis 4pl 277cm - Ofab","robots":{"index":"index","follow":"follow","max-snippet":"max-snippet:-1","max-image-preview":"max-image-preview:large","max-video-preview":"max-video-preview:-1"},"canonical":"https:\/\/ofabskara.se\/no\/produkt\/losa-atfronter-4-platser-till-cornadis\/","og_locale":"nb_NO","og_type":"article","og_title":"L\u00f6s \u00e4tfront Cornadis 4pl 277cm - Ofab","og_description":"L\u00f6sa \u00c4tfronter 4 platser till Cornadis. 277cm bred.","og_url":"https:\/\/ofabskara.se\/no\/produkt\/losa-atfronter-4-platser-till-cornadis\/","og_site_name":"Ofab","twitter_card":"summary_large_image","schema":{"@context":"https:\/\/schema.org","@graph":[{"@type":"WebPage","@id":"https:\/\/ofabskara.se\/no\/produkt\/losa-atfronter-4-platser-till-cornadis\/","url":"https:\/\/ofabskara.se\/no\/produkt\/losa-atfronter-4-platser-till-cornadis\/","name":"L\u00f6s \u00e4tfront Cornadis 4pl 277cm - Ofab","isPartOf":{"@id":"https:\/\/ofabskara.se\/sv\/#website"},"primaryImageOfPage":{"@id":"https:\/\/ofabskara.se\/no\/produkt\/losa-atfronter-4-platser-till-cornadis\/#primaryimage"},"image":{"@id":"https:\/\/ofabskara.se\/no\/produkt\/losa-atfronter-4-platser-till-cornadis\/#primaryimage"},"thumbnailUrl":"https:\/\/ofabskara.se\/wp-content\/uploads\/2023\/09\/t_520_520-19.jpg","datePublished":"2017-05-16T06:26:59+00:00","breadcrumb":{"@id":"https:\/\/ofabskara.se\/no\/produkt\/losa-atfronter-4-platser-till-cornadis\/#breadcrumb"},"inLanguage":"nb-NO","potentialAction":[{"@type":"ReadAction","target":["https:\/\/ofabskara.se\/no\/produkt\/losa-atfronter-4-platser-till-cornadis\/"]}]},{"@type":"ImageObject","inLanguage":"nb-NO","@id":"https:\/\/ofabskara.se\/no\/produkt\/losa-atfronter-4-platser-till-cornadis\/#primaryimage","url":"https:\/\/ofabskara.se\/wp-content\/uploads\/2023\/09\/t_520_520-19.jpg","contentUrl":"https:\/\/ofabskara.se\/wp-content\/uploads\/2023\/09\/t_520_520-19.jpg","width":520,"height":368},{"@type":"BreadcrumbList","@id":"https:\/\/ofabskara.se\/no\/produkt\/losa-atfronter-4-platser-till-cornadis\/#breadcrumb","itemListElement":[{"@type":"ListItem","position":1,"name":"Home","item":"https:\/\/ofabskara.se\/no\/"},{"@type":"ListItem","position":2,"name":"Butik","item":"https:\/\/ofabskara.se\/sv\/butik\/"},{"@type":"ListItem","position":3,"name":"L\u00f6s \u00e4tfront Cornadis 4pl 277cm"}]},{"@type":"WebSite","@id":"https:\/\/ofabskara.se\/sv\/#website","url":"https:\/\/ofabskara.se\/sv\/","name":"Ofab","description":"","potentialAction":[{"@type":"SearchAction","target":{"@type":"EntryPoint","urlTemplate":"https:\/\/ofabskara.se\/sv\/?s={search_term_string}"},"query-input":{"@type":"PropertyValueSpecification","valueRequired":true,"valueName":"search_term_string"}}],"inLanguage":"nb-NO"}]}},"_links":{"self":[{"href":"https:\/\/ofabskara.se\/no\/wp-json\/wp\/v2\/product\/45623","targetHints":{"allow":["GET"]}}],"collection":[{"href":"https:\/\/ofabskara.se\/no\/wp-json\/wp\/v2\/product"}],"about":[{"href":"https:\/\/ofabskara.se\/no\/wp-json\/wp\/v2\/types\/product"}],"replies":[{"embeddable":true,"href":"https:\/\/ofabskara.se\/no\/wp-json\/wp\/v2\/comments?post=45623"}],"wp:featuredmedia":[{"embeddable":true,"href":"https:\/\/ofabskara.se\/no\/wp-json\/wp\/v2\/media\/6321"}],"wp:attachment":[{"href":"https:\/\/ofabskara.se\/no\/wp-json\/wp\/v2\/media?parent=45623"}],"wp:term":[{"taxonomy":"product_brand","embeddable":true,"href":"https:\/\/ofabskara.se\/no\/wp-json\/wp\/v2\/product_brand?post=45623"},{"taxonomy":"product_cat","embeddable":true,"href":"https:\/\/ofabskara.se\/no\/wp-json\/wp\/v2\/product_cat?post=45623"},{"taxonomy":"product_tag","embeddable":true,"href":"https:\/\/ofabskara.se\/no\/wp-json\/wp\/v2\/product_tag?post=45623"}],"curies":[{"name":"wp","href":"https:\/\/api.w.org\/{rel}","templated":true}]}}