{"id":45639,"date":"2017-05-16T08:26:26","date_gmt":"2017-05-16T06:26:26","guid":{"rendered":"https:\/\/ofabskara.se\/produkt\/p-5000-standard-lackerad\/"},"modified":"2017-05-16T08:26:26","modified_gmt":"2017-05-16T06:26:26","slug":"p-5000-standard-lackerad","status":"publish","type":"product","link":"https:\/\/ofabskara.se\/no\/produkt\/p-5000-standard-lackerad\/","title":{"rendered":"P 5000 Comfort gr\u00f6n utan vinsch"},"content":{"rendered":"<p><strong>Behandlingsbur P 5000 <\/strong><br \/>\nArbeta effektivt, unders\u00f6k regelbundet h\u00e4lsotillst\u00e5ndet p\u00e5 dina djur med behandlingsbur P 5000.<\/p>\n<p><strong>P 5000 <\/strong><br \/>\n\u2022 Stabil ram av h\u00e5lprofil 50&#215;50 mm.<br \/>\n\u2022 Golv av durkpl\u00e5t.<br \/>\n\u2022 Inst\u00e4llbar halsf\u00e5ngstram justeras med vev.<br \/>\n\u2022 F\u00e5ngbur framtill med dubbla s\u00e4kerhetsd\u00f6rrar.<br \/>\n\u2022 4 stora \u00f6ppningsbara sidod\u00f6rrar.<br \/>\n\u2022 Antirekylst\u00e5ng.<br \/>\n\u2022 3-punktf\u00e4ste f\u00f6r traktor.<br \/>\n\u2022 Innerm\u00e5tt LxBxH 220x82x165 cm.<br \/>\n\u2022 Ytterm\u00e5tt LxBxH 295x125x190 cm. (med \u00f6ppen f\u00e5ngstbur fram L=335 cm)<br \/>\n\u2022 Utf\u00f6rande gr\u00f6nlackerad eller varmgalvad.<br \/>\n\u2022 Vikt 545 kg<\/p>\n<p>Samma utrustning som P 5000 Comfort fast utan kl\u00f6vverkning och dubbla lyftband.<\/p>\n","protected":false},"excerpt":{"rendered":"<p><strong>Behandlingsbur P 5000 \u00a0f\u00f6r proffsig djursk\u00f6tsel<\/strong><br \/>\nArbeta effektivt, unders\u00f6k regelbundet h\u00e4lsotillst\u00e5ndet p\u00e5 dina djur med behandlingsbur P 5000.<\/p>\n<p><strong>P 5000 Comfort<\/strong><br \/>\n\u2022 Stabil ram av h\u00e5lprofil 50\u00d750 mm.<br \/>\n\u2022 Golv av durkpl\u00e5t.<br \/>\n\u2022 Inst\u00e4llbar halsf\u00e5ngstram justeras med vev.<br \/>\n\u2022 F\u00e5ngbur framtill med dubbla s\u00e4kerhetsd\u00f6rrar.<br \/>\n\u2022 4 stora \u00f6ppningsbara sidod\u00f6rrar.<br \/>\n\u2022 Antireturst\u00e5ng.<br \/>\n\u2022 3-punktf\u00e4ste f\u00f6r traktor.<br \/>\n\u2022 Dubbla lyftband, justeras med vev (band ing\u00e5r ej)<br \/>\n\u2022 Innerm\u00e5tt LxBxH 220x82x165 cm.<br \/>\n\u2022 Ytterm\u00e5tt LxBxH 295x125x190 cm. (med \u00f6ppen f\u00e5ngstbur fram L=335 cm)<br \/>\n\u2022 Utf\u00f6rande gr\u00f6nlackerad.<br \/>\n\u2022 Vikt 600 kg<\/p>\n","protected":false},"featured_media":6691,"comment_status":"closed","ping_status":"closed","template":"","meta":{"_acf_changed":false,"inline_featured_image":false},"product_brand":[],"product_cat":[2980],"product_tag":[],"class_list":{"0":"post-45639","1":"product","2":"type-product","3":"status-publish","4":"has-post-thumbnail","6":"product_cat-okategoriserad","8":"first","9":"instock","10":"taxable","11":"shipping-taxable","12":"purchasable","13":"product-type-simple"},"acf":[],"yoast_head":"<!-- This site is optimized with the Yoast SEO plugin v24.4 - https:\/\/yoast.com\/wordpress\/plugins\/seo\/ -->\n<title>P 5000 Comfort gr\u00f6n utan vinsch - Ofab<\/title>\n<meta name=\"robots\" content=\"index, follow, max-snippet:-1, max-image-preview:large, max-video-preview:-1\" \/>\n<link rel=\"canonical\" href=\"https:\/\/ofabskara.se\/no\/produkt\/p-5000-standard-lackerad\/\" \/>\n<meta property=\"og:locale\" content=\"nb_NO\" \/>\n<meta property=\"og:type\" content=\"article\" \/>\n<meta property=\"og:title\" content=\"P 5000 Comfort gr\u00f6n utan vinsch - Ofab\" \/>\n<meta property=\"og:description\" content=\"Behandlingsbur P 5000 \u00a0f\u00f6r proffsig djursk\u00f6tsel Arbeta effektivt, unders\u00f6k regelbundet h\u00e4lsotillst\u00e5ndet p\u00e5 dina djur med behandlingsbur P 5000.  P 5000 Comfort \u2022 Stabil ram av h\u00e5lprofil 50\u00d750 mm. \u2022 Golv av durkpl\u00e5t. \u2022 Inst\u00e4llbar halsf\u00e5ngstram justeras med vev. \u2022 F\u00e5ngbur framtill med dubbla s\u00e4kerhetsd\u00f6rrar. \u2022 4 stora \u00f6ppningsbara sidod\u00f6rrar. \u2022 Antireturst\u00e5ng. \u2022 3-punktf\u00e4ste f\u00f6r traktor. \u2022 Dubbla lyftband, justeras med vev (band ing\u00e5r ej) \u2022 Innerm\u00e5tt LxBxH 220x82x165 cm. \u2022 Ytterm\u00e5tt LxBxH 295x125x190 cm. (med \u00f6ppen f\u00e5ngstbur fram L=335 cm) \u2022 Utf\u00f6rande gr\u00f6nlackerad. \u2022 Vikt 600 kg\" \/>\n<meta property=\"og:url\" content=\"https:\/\/ofabskara.se\/no\/produkt\/p-5000-standard-lackerad\/\" \/>\n<meta property=\"og:site_name\" content=\"Ofab\" \/>\n<meta name=\"twitter:card\" content=\"summary_large_image\" \/>\n<script type=\"application\/ld+json\" class=\"yoast-schema-graph\">{\"@context\":\"https:\/\/schema.org\",\"@graph\":[{\"@type\":\"WebPage\",\"@id\":\"https:\/\/ofabskara.se\/no\/produkt\/p-5000-standard-lackerad\/\",\"url\":\"https:\/\/ofabskara.se\/no\/produkt\/p-5000-standard-lackerad\/\",\"name\":\"P 5000 Comfort gr\u00f6n utan vinsch - Ofab\",\"isPartOf\":{\"@id\":\"https:\/\/ofabskara.se\/sv\/#website\"},\"primaryImageOfPage\":{\"@id\":\"https:\/\/ofabskara.se\/no\/produkt\/p-5000-standard-lackerad\/#primaryimage\"},\"image\":{\"@id\":\"https:\/\/ofabskara.se\/no\/produkt\/p-5000-standard-lackerad\/#primaryimage\"},\"thumbnailUrl\":\"https:\/\/ofabskara.se\/wp-content\/uploads\/2023\/09\/302510-1-1.jpg\",\"datePublished\":\"2017-05-16T06:26:26+00:00\",\"breadcrumb\":{\"@id\":\"https:\/\/ofabskara.se\/no\/produkt\/p-5000-standard-lackerad\/#breadcrumb\"},\"inLanguage\":\"nb-NO\",\"potentialAction\":[{\"@type\":\"ReadAction\",\"target\":[\"https:\/\/ofabskara.se\/no\/produkt\/p-5000-standard-lackerad\/\"]}]},{\"@type\":\"ImageObject\",\"inLanguage\":\"nb-NO\",\"@id\":\"https:\/\/ofabskara.se\/no\/produkt\/p-5000-standard-lackerad\/#primaryimage\",\"url\":\"https:\/\/ofabskara.se\/wp-content\/uploads\/2023\/09\/302510-1-1.jpg\",\"contentUrl\":\"https:\/\/ofabskara.se\/wp-content\/uploads\/2023\/09\/302510-1-1.jpg\",\"width\":610,\"height\":446},{\"@type\":\"BreadcrumbList\",\"@id\":\"https:\/\/ofabskara.se\/no\/produkt\/p-5000-standard-lackerad\/#breadcrumb\",\"itemListElement\":[{\"@type\":\"ListItem\",\"position\":1,\"name\":\"Home\",\"item\":\"https:\/\/ofabskara.se\/no\/\"},{\"@type\":\"ListItem\",\"position\":2,\"name\":\"Butik\",\"item\":\"https:\/\/ofabskara.se\/sv\/butik\/\"},{\"@type\":\"ListItem\",\"position\":3,\"name\":\"P 5000 Comfort gr\u00f6n utan vinsch\"}]},{\"@type\":\"WebSite\",\"@id\":\"https:\/\/ofabskara.se\/sv\/#website\",\"url\":\"https:\/\/ofabskara.se\/sv\/\",\"name\":\"Ofab\",\"description\":\"\",\"potentialAction\":[{\"@type\":\"SearchAction\",\"target\":{\"@type\":\"EntryPoint\",\"urlTemplate\":\"https:\/\/ofabskara.se\/sv\/?s={search_term_string}\"},\"query-input\":{\"@type\":\"PropertyValueSpecification\",\"valueRequired\":true,\"valueName\":\"search_term_string\"}}],\"inLanguage\":\"nb-NO\"}]}<\/script>\n<!-- \/ Yoast SEO plugin. -->","yoast_head_json":{"title":"P 5000 Comfort gr\u00f6n utan vinsch - Ofab","robots":{"index":"index","follow":"follow","max-snippet":"max-snippet:-1","max-image-preview":"max-image-preview:large","max-video-preview":"max-video-preview:-1"},"canonical":"https:\/\/ofabskara.se\/no\/produkt\/p-5000-standard-lackerad\/","og_locale":"nb_NO","og_type":"article","og_title":"P 5000 Comfort gr\u00f6n utan vinsch - Ofab","og_description":"Behandlingsbur P 5000 \u00a0f\u00f6r proffsig djursk\u00f6tsel Arbeta effektivt, unders\u00f6k regelbundet h\u00e4lsotillst\u00e5ndet p\u00e5 dina djur med behandlingsbur P 5000.  P 5000 Comfort \u2022 Stabil ram av h\u00e5lprofil 50\u00d750 mm. \u2022 Golv av durkpl\u00e5t. \u2022 Inst\u00e4llbar halsf\u00e5ngstram justeras med vev. \u2022 F\u00e5ngbur framtill med dubbla s\u00e4kerhetsd\u00f6rrar. \u2022 4 stora \u00f6ppningsbara sidod\u00f6rrar. \u2022 Antireturst\u00e5ng. \u2022 3-punktf\u00e4ste f\u00f6r traktor. \u2022 Dubbla lyftband, justeras med vev (band ing\u00e5r ej) \u2022 Innerm\u00e5tt LxBxH 220x82x165 cm. \u2022 Ytterm\u00e5tt LxBxH 295x125x190 cm. (med \u00f6ppen f\u00e5ngstbur fram L=335 cm) \u2022 Utf\u00f6rande gr\u00f6nlackerad. \u2022 Vikt 600 kg","og_url":"https:\/\/ofabskara.se\/no\/produkt\/p-5000-standard-lackerad\/","og_site_name":"Ofab","twitter_card":"summary_large_image","schema":{"@context":"https:\/\/schema.org","@graph":[{"@type":"WebPage","@id":"https:\/\/ofabskara.se\/no\/produkt\/p-5000-standard-lackerad\/","url":"https:\/\/ofabskara.se\/no\/produkt\/p-5000-standard-lackerad\/","name":"P 5000 Comfort gr\u00f6n utan vinsch - Ofab","isPartOf":{"@id":"https:\/\/ofabskara.se\/sv\/#website"},"primaryImageOfPage":{"@id":"https:\/\/ofabskara.se\/no\/produkt\/p-5000-standard-lackerad\/#primaryimage"},"image":{"@id":"https:\/\/ofabskara.se\/no\/produkt\/p-5000-standard-lackerad\/#primaryimage"},"thumbnailUrl":"https:\/\/ofabskara.se\/wp-content\/uploads\/2023\/09\/302510-1-1.jpg","datePublished":"2017-05-16T06:26:26+00:00","breadcrumb":{"@id":"https:\/\/ofabskara.se\/no\/produkt\/p-5000-standard-lackerad\/#breadcrumb"},"inLanguage":"nb-NO","potentialAction":[{"@type":"ReadAction","target":["https:\/\/ofabskara.se\/no\/produkt\/p-5000-standard-lackerad\/"]}]},{"@type":"ImageObject","inLanguage":"nb-NO","@id":"https:\/\/ofabskara.se\/no\/produkt\/p-5000-standard-lackerad\/#primaryimage","url":"https:\/\/ofabskara.se\/wp-content\/uploads\/2023\/09\/302510-1-1.jpg","contentUrl":"https:\/\/ofabskara.se\/wp-content\/uploads\/2023\/09\/302510-1-1.jpg","width":610,"height":446},{"@type":"BreadcrumbList","@id":"https:\/\/ofabskara.se\/no\/produkt\/p-5000-standard-lackerad\/#breadcrumb","itemListElement":[{"@type":"ListItem","position":1,"name":"Home","item":"https:\/\/ofabskara.se\/no\/"},{"@type":"ListItem","position":2,"name":"Butik","item":"https:\/\/ofabskara.se\/sv\/butik\/"},{"@type":"ListItem","position":3,"name":"P 5000 Comfort gr\u00f6n utan vinsch"}]},{"@type":"WebSite","@id":"https:\/\/ofabskara.se\/sv\/#website","url":"https:\/\/ofabskara.se\/sv\/","name":"Ofab","description":"","potentialAction":[{"@type":"SearchAction","target":{"@type":"EntryPoint","urlTemplate":"https:\/\/ofabskara.se\/sv\/?s={search_term_string}"},"query-input":{"@type":"PropertyValueSpecification","valueRequired":true,"valueName":"search_term_string"}}],"inLanguage":"nb-NO"}]}},"_links":{"self":[{"href":"https:\/\/ofabskara.se\/no\/wp-json\/wp\/v2\/product\/45639","targetHints":{"allow":["GET"]}}],"collection":[{"href":"https:\/\/ofabskara.se\/no\/wp-json\/wp\/v2\/product"}],"about":[{"href":"https:\/\/ofabskara.se\/no\/wp-json\/wp\/v2\/types\/product"}],"replies":[{"embeddable":true,"href":"https:\/\/ofabskara.se\/no\/wp-json\/wp\/v2\/comments?post=45639"}],"wp:featuredmedia":[{"embeddable":true,"href":"https:\/\/ofabskara.se\/no\/wp-json\/wp\/v2\/media\/6691"}],"wp:attachment":[{"href":"https:\/\/ofabskara.se\/no\/wp-json\/wp\/v2\/media?parent=45639"}],"wp:term":[{"taxonomy":"product_brand","embeddable":true,"href":"https:\/\/ofabskara.se\/no\/wp-json\/wp\/v2\/product_brand?post=45639"},{"taxonomy":"product_cat","embeddable":true,"href":"https:\/\/ofabskara.se\/no\/wp-json\/wp\/v2\/product_cat?post=45639"},{"taxonomy":"product_tag","embeddable":true,"href":"https:\/\/ofabskara.se\/no\/wp-json\/wp\/v2\/product_tag?post=45639"}],"curies":[{"name":"wp","href":"https:\/\/api.w.org\/{rel}","templated":true}]}}