{"id":45666,"date":"2017-05-16T08:23:55","date_gmt":"2017-05-16T06:23:55","guid":{"rendered":"https:\/\/ofabskara.se\/produkt\/fodertrag-med-benstallning-2m\/"},"modified":"2017-05-16T08:23:55","modified_gmt":"2017-05-16T06:23:55","slug":"fodertrag-med-benstallning-2m","status":"publish","type":"product","link":"https:\/\/ofabskara.se\/no\/produkt\/fodertrag-med-benstallning-2m\/","title":{"rendered":"Fodertr\u00e5g 2 m"},"content":{"rendered":"<ul>\n<li>Fodertr\u00e5g f\u00f6r boskap och f\u00e5r.<\/li>\n<li>Tillverkat av syras\u00e4ker plast.<\/li>\n<li>L\u00e4tt att reng\u00f6ra. runda kanter.<\/li>\n<li>Inbyggd dr\u00e4nering.<\/li>\n<li>L\u00e4ngd 2m.<\/li>\n<li>Bredd 45cm, djup 19cm h\u00f6jd 32-50cm.<\/li>\n<\/ul>\n","protected":false},"excerpt":{"rendered":"<p>Fodertr\u00e5g f\u00f6r boskap och f\u00e5r. Tillverkat av syras\u00e4ker plast. L\u00e4tt att reng\u00f6ra. runda kanter. Inbyggd dr\u00e4nering. L\u00e4ngd 2m. Bredd 45cm, djup 19cm h\u00f6jd 32-50cm.<\/p>\n<p>&nbsp;<\/p>\n","protected":false},"featured_media":6644,"comment_status":"closed","ping_status":"open","template":"","meta":{"_acf_changed":false,"inline_featured_image":false},"product_brand":[],"product_cat":[3006],"product_tag":[],"class_list":{"0":"post-45666","1":"product","2":"type-product","3":"status-publish","4":"has-post-thumbnail","6":"product_cat-notdjur","7":"pa_langd-2-m","9":"first","10":"instock","11":"taxable","12":"shipping-taxable","13":"purchasable","14":"product-type-simple"},"acf":[],"yoast_head":"<!-- This site is optimized with the Yoast SEO plugin v24.4 - https:\/\/yoast.com\/wordpress\/plugins\/seo\/ -->\n<title>Fodertr\u00e5g 2 m - Ofab<\/title>\n<meta name=\"robots\" content=\"index, follow, max-snippet:-1, max-image-preview:large, max-video-preview:-1\" \/>\n<link rel=\"canonical\" href=\"https:\/\/ofabskara.se\/no\/produkt\/fodertrag-med-benstallning-2m\/\" \/>\n<meta property=\"og:locale\" content=\"nb_NO\" \/>\n<meta property=\"og:type\" content=\"article\" \/>\n<meta property=\"og:title\" content=\"Fodertr\u00e5g 2 m - Ofab\" \/>\n<meta property=\"og:description\" content=\"Fodertr\u00e5g f\u00f6r boskap och f\u00e5r. Tillverkat av syras\u00e4ker plast. L\u00e4tt att reng\u00f6ra. runda kanter. Inbyggd dr\u00e4nering. L\u00e4ngd 2m. Bredd 45cm, djup 19cm h\u00f6jd 32-50cm. &nbsp;\" \/>\n<meta property=\"og:url\" content=\"https:\/\/ofabskara.se\/no\/produkt\/fodertrag-med-benstallning-2m\/\" \/>\n<meta property=\"og:site_name\" content=\"Ofab\" \/>\n<meta name=\"twitter:card\" content=\"summary_large_image\" \/>\n<script type=\"application\/ld+json\" class=\"yoast-schema-graph\">{\"@context\":\"https:\/\/schema.org\",\"@graph\":[{\"@type\":\"WebPage\",\"@id\":\"https:\/\/ofabskara.se\/no\/produkt\/fodertrag-med-benstallning-2m\/\",\"url\":\"https:\/\/ofabskara.se\/no\/produkt\/fodertrag-med-benstallning-2m\/\",\"name\":\"Fodertr\u00e5g 2 m - Ofab\",\"isPartOf\":{\"@id\":\"https:\/\/ofabskara.se\/sv\/#website\"},\"primaryImageOfPage\":{\"@id\":\"https:\/\/ofabskara.se\/no\/produkt\/fodertrag-med-benstallning-2m\/#primaryimage\"},\"image\":{\"@id\":\"https:\/\/ofabskara.se\/no\/produkt\/fodertrag-med-benstallning-2m\/#primaryimage\"},\"thumbnailUrl\":\"https:\/\/ofabskara.se\/wp-content\/uploads\/2023\/09\/333510.jpg\",\"datePublished\":\"2017-05-16T06:23:55+00:00\",\"breadcrumb\":{\"@id\":\"https:\/\/ofabskara.se\/no\/produkt\/fodertrag-med-benstallning-2m\/#breadcrumb\"},\"inLanguage\":\"nb-NO\",\"potentialAction\":[{\"@type\":\"ReadAction\",\"target\":[\"https:\/\/ofabskara.se\/no\/produkt\/fodertrag-med-benstallning-2m\/\"]}]},{\"@type\":\"ImageObject\",\"inLanguage\":\"nb-NO\",\"@id\":\"https:\/\/ofabskara.se\/no\/produkt\/fodertrag-med-benstallning-2m\/#primaryimage\",\"url\":\"https:\/\/ofabskara.se\/wp-content\/uploads\/2023\/09\/333510.jpg\",\"contentUrl\":\"https:\/\/ofabskara.se\/wp-content\/uploads\/2023\/09\/333510.jpg\",\"width\":800,\"height\":800},{\"@type\":\"BreadcrumbList\",\"@id\":\"https:\/\/ofabskara.se\/no\/produkt\/fodertrag-med-benstallning-2m\/#breadcrumb\",\"itemListElement\":[{\"@type\":\"ListItem\",\"position\":1,\"name\":\"Home\",\"item\":\"https:\/\/ofabskara.se\/no\/\"},{\"@type\":\"ListItem\",\"position\":2,\"name\":\"Butik\",\"item\":\"https:\/\/ofabskara.se\/sv\/butik\/\"},{\"@type\":\"ListItem\",\"position\":3,\"name\":\"Fodertr\u00e5g 2 m\"}]},{\"@type\":\"WebSite\",\"@id\":\"https:\/\/ofabskara.se\/sv\/#website\",\"url\":\"https:\/\/ofabskara.se\/sv\/\",\"name\":\"Ofab\",\"description\":\"\",\"potentialAction\":[{\"@type\":\"SearchAction\",\"target\":{\"@type\":\"EntryPoint\",\"urlTemplate\":\"https:\/\/ofabskara.se\/sv\/?s={search_term_string}\"},\"query-input\":{\"@type\":\"PropertyValueSpecification\",\"valueRequired\":true,\"valueName\":\"search_term_string\"}}],\"inLanguage\":\"nb-NO\"}]}<\/script>\n<!-- \/ Yoast SEO plugin. -->","yoast_head_json":{"title":"Fodertr\u00e5g 2 m - Ofab","robots":{"index":"index","follow":"follow","max-snippet":"max-snippet:-1","max-image-preview":"max-image-preview:large","max-video-preview":"max-video-preview:-1"},"canonical":"https:\/\/ofabskara.se\/no\/produkt\/fodertrag-med-benstallning-2m\/","og_locale":"nb_NO","og_type":"article","og_title":"Fodertr\u00e5g 2 m - Ofab","og_description":"Fodertr\u00e5g f\u00f6r boskap och f\u00e5r. Tillverkat av syras\u00e4ker plast. L\u00e4tt att reng\u00f6ra. runda kanter. Inbyggd dr\u00e4nering. L\u00e4ngd 2m. Bredd 45cm, djup 19cm h\u00f6jd 32-50cm. &nbsp;","og_url":"https:\/\/ofabskara.se\/no\/produkt\/fodertrag-med-benstallning-2m\/","og_site_name":"Ofab","twitter_card":"summary_large_image","schema":{"@context":"https:\/\/schema.org","@graph":[{"@type":"WebPage","@id":"https:\/\/ofabskara.se\/no\/produkt\/fodertrag-med-benstallning-2m\/","url":"https:\/\/ofabskara.se\/no\/produkt\/fodertrag-med-benstallning-2m\/","name":"Fodertr\u00e5g 2 m - Ofab","isPartOf":{"@id":"https:\/\/ofabskara.se\/sv\/#website"},"primaryImageOfPage":{"@id":"https:\/\/ofabskara.se\/no\/produkt\/fodertrag-med-benstallning-2m\/#primaryimage"},"image":{"@id":"https:\/\/ofabskara.se\/no\/produkt\/fodertrag-med-benstallning-2m\/#primaryimage"},"thumbnailUrl":"https:\/\/ofabskara.se\/wp-content\/uploads\/2023\/09\/333510.jpg","datePublished":"2017-05-16T06:23:55+00:00","breadcrumb":{"@id":"https:\/\/ofabskara.se\/no\/produkt\/fodertrag-med-benstallning-2m\/#breadcrumb"},"inLanguage":"nb-NO","potentialAction":[{"@type":"ReadAction","target":["https:\/\/ofabskara.se\/no\/produkt\/fodertrag-med-benstallning-2m\/"]}]},{"@type":"ImageObject","inLanguage":"nb-NO","@id":"https:\/\/ofabskara.se\/no\/produkt\/fodertrag-med-benstallning-2m\/#primaryimage","url":"https:\/\/ofabskara.se\/wp-content\/uploads\/2023\/09\/333510.jpg","contentUrl":"https:\/\/ofabskara.se\/wp-content\/uploads\/2023\/09\/333510.jpg","width":800,"height":800},{"@type":"BreadcrumbList","@id":"https:\/\/ofabskara.se\/no\/produkt\/fodertrag-med-benstallning-2m\/#breadcrumb","itemListElement":[{"@type":"ListItem","position":1,"name":"Home","item":"https:\/\/ofabskara.se\/no\/"},{"@type":"ListItem","position":2,"name":"Butik","item":"https:\/\/ofabskara.se\/sv\/butik\/"},{"@type":"ListItem","position":3,"name":"Fodertr\u00e5g 2 m"}]},{"@type":"WebSite","@id":"https:\/\/ofabskara.se\/sv\/#website","url":"https:\/\/ofabskara.se\/sv\/","name":"Ofab","description":"","potentialAction":[{"@type":"SearchAction","target":{"@type":"EntryPoint","urlTemplate":"https:\/\/ofabskara.se\/sv\/?s={search_term_string}"},"query-input":{"@type":"PropertyValueSpecification","valueRequired":true,"valueName":"search_term_string"}}],"inLanguage":"nb-NO"}]}},"_links":{"self":[{"href":"https:\/\/ofabskara.se\/no\/wp-json\/wp\/v2\/product\/45666","targetHints":{"allow":["GET"]}}],"collection":[{"href":"https:\/\/ofabskara.se\/no\/wp-json\/wp\/v2\/product"}],"about":[{"href":"https:\/\/ofabskara.se\/no\/wp-json\/wp\/v2\/types\/product"}],"replies":[{"embeddable":true,"href":"https:\/\/ofabskara.se\/no\/wp-json\/wp\/v2\/comments?post=45666"}],"wp:featuredmedia":[{"embeddable":true,"href":"https:\/\/ofabskara.se\/no\/wp-json\/wp\/v2\/media\/6644"}],"wp:attachment":[{"href":"https:\/\/ofabskara.se\/no\/wp-json\/wp\/v2\/media?parent=45666"}],"wp:term":[{"taxonomy":"product_brand","embeddable":true,"href":"https:\/\/ofabskara.se\/no\/wp-json\/wp\/v2\/product_brand?post=45666"},{"taxonomy":"product_cat","embeddable":true,"href":"https:\/\/ofabskara.se\/no\/wp-json\/wp\/v2\/product_cat?post=45666"},{"taxonomy":"product_tag","embeddable":true,"href":"https:\/\/ofabskara.se\/no\/wp-json\/wp\/v2\/product_tag?post=45666"}],"curies":[{"name":"wp","href":"https:\/\/api.w.org\/{rel}","templated":true}]}}