{"id":45880,"date":"2023-10-24T06:21:56","date_gmt":"2023-10-24T04:21:56","guid":{"rendered":"https:\/\/ofabskara.se\/produkt\/kompl-3-p-faste-m-3-p-ror\/"},"modified":"2023-10-24T06:21:56","modified_gmt":"2023-10-24T04:21:56","slug":"kompl-3-p-faste-m-3-p-ror","status":"publish","type":"product","link":"https:\/\/ofabskara.se\/no\/produkt\/kompl-3-p-faste-m-3-p-ror\/","title":{"rendered":"3-punktsf\u00e4ste med lyftbom"},"content":{"rendered":"","protected":false},"excerpt":{"rendered":"<ul>\n<li><strong>3-punktf\u00e4ste med lyftbom av r\u00f6r \u00f8 102mm.<\/strong><\/li>\n<\/ul>\n","protected":false},"featured_media":10596,"comment_status":"closed","ping_status":"closed","template":"","meta":{"_acf_changed":false,"inline_featured_image":false},"product_brand":[],"product_cat":[3017,3006,3577],"product_tag":[],"class_list":{"0":"post-45880","1":"product","2":"type-product","3":"status-publish","4":"has-post-thumbnail","6":"product_cat-foderhackar","7":"product_cat-notdjur","8":"product_cat-tillbehor-for-foderhackar","10":"first","11":"instock","12":"taxable","13":"shipping-taxable","14":"purchasable","15":"product-type-simple"},"acf":[],"yoast_head":"<!-- This site is optimized with the Yoast SEO plugin v24.4 - https:\/\/yoast.com\/wordpress\/plugins\/seo\/ -->\n<title>3-punktsf\u00e4ste med lyftbom - Ofab<\/title>\n<meta name=\"robots\" content=\"index, follow, max-snippet:-1, max-image-preview:large, max-video-preview:-1\" \/>\n<link rel=\"canonical\" href=\"https:\/\/ofabskara.se\/no\/produkt\/kompl-3-p-faste-m-3-p-ror\/\" \/>\n<meta property=\"og:locale\" content=\"nb_NO\" \/>\n<meta property=\"og:type\" content=\"article\" \/>\n<meta property=\"og:title\" content=\"3-punktsf\u00e4ste med lyftbom - Ofab\" \/>\n<meta property=\"og:description\" content=\"3-punktf\u00e4ste med lyftbom av r\u00f6r \u00f8 102mm.\" \/>\n<meta property=\"og:url\" content=\"https:\/\/ofabskara.se\/no\/produkt\/kompl-3-p-faste-m-3-p-ror\/\" \/>\n<meta property=\"og:site_name\" content=\"Ofab\" \/>\n<meta name=\"twitter:card\" content=\"summary_large_image\" \/>\n<script type=\"application\/ld+json\" class=\"yoast-schema-graph\">{\"@context\":\"https:\/\/schema.org\",\"@graph\":[{\"@type\":\"WebPage\",\"@id\":\"https:\/\/ofabskara.se\/no\/produkt\/kompl-3-p-faste-m-3-p-ror\/\",\"url\":\"https:\/\/ofabskara.se\/no\/produkt\/kompl-3-p-faste-m-3-p-ror\/\",\"name\":\"3-punktsf\u00e4ste med lyftbom - Ofab\",\"isPartOf\":{\"@id\":\"https:\/\/ofabskara.se\/sv\/#website\"},\"primaryImageOfPage\":{\"@id\":\"https:\/\/ofabskara.se\/no\/produkt\/kompl-3-p-faste-m-3-p-ror\/#primaryimage\"},\"image\":{\"@id\":\"https:\/\/ofabskara.se\/no\/produkt\/kompl-3-p-faste-m-3-p-ror\/#primaryimage\"},\"thumbnailUrl\":\"https:\/\/ofabskara.se\/wp-content\/uploads\/2023\/10\/RA0970.jpg\",\"datePublished\":\"2023-10-24T04:21:56+00:00\",\"breadcrumb\":{\"@id\":\"https:\/\/ofabskara.se\/no\/produkt\/kompl-3-p-faste-m-3-p-ror\/#breadcrumb\"},\"inLanguage\":\"nb-NO\",\"potentialAction\":[{\"@type\":\"ReadAction\",\"target\":[\"https:\/\/ofabskara.se\/no\/produkt\/kompl-3-p-faste-m-3-p-ror\/\"]}]},{\"@type\":\"ImageObject\",\"inLanguage\":\"nb-NO\",\"@id\":\"https:\/\/ofabskara.se\/no\/produkt\/kompl-3-p-faste-m-3-p-ror\/#primaryimage\",\"url\":\"https:\/\/ofabskara.se\/wp-content\/uploads\/2023\/10\/RA0970.jpg\",\"contentUrl\":\"https:\/\/ofabskara.se\/wp-content\/uploads\/2023\/10\/RA0970.jpg\",\"width\":1684,\"height\":1191},{\"@type\":\"BreadcrumbList\",\"@id\":\"https:\/\/ofabskara.se\/no\/produkt\/kompl-3-p-faste-m-3-p-ror\/#breadcrumb\",\"itemListElement\":[{\"@type\":\"ListItem\",\"position\":1,\"name\":\"Home\",\"item\":\"https:\/\/ofabskara.se\/no\/\"},{\"@type\":\"ListItem\",\"position\":2,\"name\":\"Butik\",\"item\":\"https:\/\/ofabskara.se\/sv\/butik\/\"},{\"@type\":\"ListItem\",\"position\":3,\"name\":\"3-punktsf\u00e4ste med lyftbom\"}]},{\"@type\":\"WebSite\",\"@id\":\"https:\/\/ofabskara.se\/sv\/#website\",\"url\":\"https:\/\/ofabskara.se\/sv\/\",\"name\":\"Ofab\",\"description\":\"\",\"potentialAction\":[{\"@type\":\"SearchAction\",\"target\":{\"@type\":\"EntryPoint\",\"urlTemplate\":\"https:\/\/ofabskara.se\/sv\/?s={search_term_string}\"},\"query-input\":{\"@type\":\"PropertyValueSpecification\",\"valueRequired\":true,\"valueName\":\"search_term_string\"}}],\"inLanguage\":\"nb-NO\"}]}<\/script>\n<!-- \/ Yoast SEO plugin. -->","yoast_head_json":{"title":"3-punktsf\u00e4ste med lyftbom - Ofab","robots":{"index":"index","follow":"follow","max-snippet":"max-snippet:-1","max-image-preview":"max-image-preview:large","max-video-preview":"max-video-preview:-1"},"canonical":"https:\/\/ofabskara.se\/no\/produkt\/kompl-3-p-faste-m-3-p-ror\/","og_locale":"nb_NO","og_type":"article","og_title":"3-punktsf\u00e4ste med lyftbom - Ofab","og_description":"3-punktf\u00e4ste med lyftbom av r\u00f6r \u00f8 102mm.","og_url":"https:\/\/ofabskara.se\/no\/produkt\/kompl-3-p-faste-m-3-p-ror\/","og_site_name":"Ofab","twitter_card":"summary_large_image","schema":{"@context":"https:\/\/schema.org","@graph":[{"@type":"WebPage","@id":"https:\/\/ofabskara.se\/no\/produkt\/kompl-3-p-faste-m-3-p-ror\/","url":"https:\/\/ofabskara.se\/no\/produkt\/kompl-3-p-faste-m-3-p-ror\/","name":"3-punktsf\u00e4ste med lyftbom - Ofab","isPartOf":{"@id":"https:\/\/ofabskara.se\/sv\/#website"},"primaryImageOfPage":{"@id":"https:\/\/ofabskara.se\/no\/produkt\/kompl-3-p-faste-m-3-p-ror\/#primaryimage"},"image":{"@id":"https:\/\/ofabskara.se\/no\/produkt\/kompl-3-p-faste-m-3-p-ror\/#primaryimage"},"thumbnailUrl":"https:\/\/ofabskara.se\/wp-content\/uploads\/2023\/10\/RA0970.jpg","datePublished":"2023-10-24T04:21:56+00:00","breadcrumb":{"@id":"https:\/\/ofabskara.se\/no\/produkt\/kompl-3-p-faste-m-3-p-ror\/#breadcrumb"},"inLanguage":"nb-NO","potentialAction":[{"@type":"ReadAction","target":["https:\/\/ofabskara.se\/no\/produkt\/kompl-3-p-faste-m-3-p-ror\/"]}]},{"@type":"ImageObject","inLanguage":"nb-NO","@id":"https:\/\/ofabskara.se\/no\/produkt\/kompl-3-p-faste-m-3-p-ror\/#primaryimage","url":"https:\/\/ofabskara.se\/wp-content\/uploads\/2023\/10\/RA0970.jpg","contentUrl":"https:\/\/ofabskara.se\/wp-content\/uploads\/2023\/10\/RA0970.jpg","width":1684,"height":1191},{"@type":"BreadcrumbList","@id":"https:\/\/ofabskara.se\/no\/produkt\/kompl-3-p-faste-m-3-p-ror\/#breadcrumb","itemListElement":[{"@type":"ListItem","position":1,"name":"Home","item":"https:\/\/ofabskara.se\/no\/"},{"@type":"ListItem","position":2,"name":"Butik","item":"https:\/\/ofabskara.se\/sv\/butik\/"},{"@type":"ListItem","position":3,"name":"3-punktsf\u00e4ste med lyftbom"}]},{"@type":"WebSite","@id":"https:\/\/ofabskara.se\/sv\/#website","url":"https:\/\/ofabskara.se\/sv\/","name":"Ofab","description":"","potentialAction":[{"@type":"SearchAction","target":{"@type":"EntryPoint","urlTemplate":"https:\/\/ofabskara.se\/sv\/?s={search_term_string}"},"query-input":{"@type":"PropertyValueSpecification","valueRequired":true,"valueName":"search_term_string"}}],"inLanguage":"nb-NO"}]}},"_links":{"self":[{"href":"https:\/\/ofabskara.se\/no\/wp-json\/wp\/v2\/product\/45880","targetHints":{"allow":["GET"]}}],"collection":[{"href":"https:\/\/ofabskara.se\/no\/wp-json\/wp\/v2\/product"}],"about":[{"href":"https:\/\/ofabskara.se\/no\/wp-json\/wp\/v2\/types\/product"}],"replies":[{"embeddable":true,"href":"https:\/\/ofabskara.se\/no\/wp-json\/wp\/v2\/comments?post=45880"}],"wp:featuredmedia":[{"embeddable":true,"href":"https:\/\/ofabskara.se\/no\/wp-json\/wp\/v2\/media\/10596"}],"wp:attachment":[{"href":"https:\/\/ofabskara.se\/no\/wp-json\/wp\/v2\/media?parent=45880"}],"wp:term":[{"taxonomy":"product_brand","embeddable":true,"href":"https:\/\/ofabskara.se\/no\/wp-json\/wp\/v2\/product_brand?post=45880"},{"taxonomy":"product_cat","embeddable":true,"href":"https:\/\/ofabskara.se\/no\/wp-json\/wp\/v2\/product_cat?post=45880"},{"taxonomy":"product_tag","embeddable":true,"href":"https:\/\/ofabskara.se\/no\/wp-json\/wp\/v2\/product_tag?post=45880"}],"curies":[{"name":"wp","href":"https:\/\/api.w.org\/{rel}","templated":true}]}}