{"id":45883,"date":"2023-10-23T08:04:51","date_gmt":"2023-10-23T06:04:51","guid":{"rendered":"https:\/\/ofabskara.se\/produkt\/feston-foderhack-30-x-21-m-2\/"},"modified":"2023-10-23T08:04:51","modified_gmt":"2023-10-23T06:04:51","slug":"feston-foderhack-30-x-21-m-2","status":"publish","type":"product","link":"https:\/\/ofabskara.se\/no\/produkt\/feston-foderhack-30-x-21-m-2\/","title":{"rendered":"Feston Foderh\u00e4ck 3,0 x 2,1 m"},"content":{"rendered":"","protected":false},"excerpt":{"rendered":"<p>Foderh\u00e4ck med bogst\u00f6d de luxe, perfekt f\u00f6r djur med horn.<br \/>\nVid inlastning \u00e4r det l\u00e4tt att \u00f6ppna grindarna. Profilerad pl\u00e5t i<br \/>\nbotten. 4 dr\u00e4neringsh\u00e5l i fodertr\u00e5gspl\u00e5tens h\u00f6rn.<\/p>\n<p><strong>Levereras utan h\u00e5lbom och 3-punktsf\u00e4ste.<\/strong><\/p>\n<p>14 foderplatser<br \/>\nUtv\u00e4ndigt m\u00e5tt 3,0\u00d72,1m, f\u00f6r 1-2 fyrkantbalar \u00f6ver varandra eller<br \/>\n2 st rundbalar intill varandra. Fodertr\u00e5g LxBxH 2,8\u00d72,0&#215;0,34m<br \/>\nf\u00f6r kraftfoder etc. Vikt: 490kg.<\/p>\n","protected":false},"featured_media":41030,"comment_status":"open","ping_status":"closed","template":"","meta":{"_acf_changed":false,"inline_featured_image":false},"product_brand":[],"product_cat":[3091,3006],"product_tag":[],"class_list":{"0":"post-45883","1":"product","2":"type-product","3":"status-publish","4":"has-post-thumbnail","6":"product_cat-foderhackar-med-tak-foderhackar-oppna-och-med-tak","7":"product_cat-notdjur","9":"first","10":"instock","11":"taxable","12":"shipping-taxable","13":"purchasable","14":"product-type-simple"},"acf":[],"yoast_head":"<!-- This site is optimized with the Yoast SEO plugin v24.4 - https:\/\/yoast.com\/wordpress\/plugins\/seo\/ -->\n<title>Feston Foderh\u00e4ck 3,0 x 2,1 m - Ofab<\/title>\n<meta name=\"robots\" content=\"index, follow, max-snippet:-1, max-image-preview:large, max-video-preview:-1\" \/>\n<link rel=\"canonical\" href=\"https:\/\/ofabskara.se\/no\/produkt\/feston-foderhack-30-x-21-m-2\/\" \/>\n<meta property=\"og:locale\" content=\"nb_NO\" \/>\n<meta property=\"og:type\" content=\"article\" \/>\n<meta property=\"og:title\" content=\"Feston Foderh\u00e4ck 3,0 x 2,1 m - Ofab\" \/>\n<meta property=\"og:description\" content=\"Foderh\u00e4ck med bogst\u00f6d de luxe, perfekt f\u00f6r djur med horn. Vid inlastning \u00e4r det l\u00e4tt att \u00f6ppna grindarna. Profilerad pl\u00e5t i botten. 4 dr\u00e4neringsh\u00e5l i fodertr\u00e5gspl\u00e5tens h\u00f6rn.  Levereras utan h\u00e5lbom och 3-punktsf\u00e4ste.  14 foderplatser Utv\u00e4ndigt m\u00e5tt 3,0\u00d72,1m, f\u00f6r 1-2 fyrkantbalar \u00f6ver varandra eller 2 st rundbalar intill varandra. Fodertr\u00e5g LxBxH 2,8\u00d72,0x0,34m f\u00f6r kraftfoder etc. Vikt: 490kg.\" \/>\n<meta property=\"og:url\" content=\"https:\/\/ofabskara.se\/no\/produkt\/feston-foderhack-30-x-21-m-2\/\" \/>\n<meta property=\"og:site_name\" content=\"Ofab\" \/>\n<meta name=\"twitter:card\" content=\"summary_large_image\" \/>\n<script type=\"application\/ld+json\" class=\"yoast-schema-graph\">{\"@context\":\"https:\/\/schema.org\",\"@graph\":[{\"@type\":\"WebPage\",\"@id\":\"https:\/\/ofabskara.se\/no\/produkt\/feston-foderhack-30-x-21-m-2\/\",\"url\":\"https:\/\/ofabskara.se\/no\/produkt\/feston-foderhack-30-x-21-m-2\/\",\"name\":\"Feston Foderh\u00e4ck 3,0 x 2,1 m - Ofab\",\"isPartOf\":{\"@id\":\"https:\/\/ofabskara.se\/sv\/#website\"},\"primaryImageOfPage\":{\"@id\":\"https:\/\/ofabskara.se\/no\/produkt\/feston-foderhack-30-x-21-m-2\/#primaryimage\"},\"image\":{\"@id\":\"https:\/\/ofabskara.se\/no\/produkt\/feston-foderhack-30-x-21-m-2\/#primaryimage\"},\"thumbnailUrl\":\"https:\/\/ofabskara.se\/wp-content\/uploads\/2023\/10\/RA0821-1.jpg\",\"datePublished\":\"2023-10-23T06:04:51+00:00\",\"breadcrumb\":{\"@id\":\"https:\/\/ofabskara.se\/no\/produkt\/feston-foderhack-30-x-21-m-2\/#breadcrumb\"},\"inLanguage\":\"nb-NO\",\"potentialAction\":[{\"@type\":\"ReadAction\",\"target\":[\"https:\/\/ofabskara.se\/no\/produkt\/feston-foderhack-30-x-21-m-2\/\"]}]},{\"@type\":\"ImageObject\",\"inLanguage\":\"nb-NO\",\"@id\":\"https:\/\/ofabskara.se\/no\/produkt\/feston-foderhack-30-x-21-m-2\/#primaryimage\",\"url\":\"https:\/\/ofabskara.se\/wp-content\/uploads\/2023\/10\/RA0821-1.jpg\",\"contentUrl\":\"https:\/\/ofabskara.se\/wp-content\/uploads\/2023\/10\/RA0821-1.jpg\",\"width\":1126,\"height\":796},{\"@type\":\"BreadcrumbList\",\"@id\":\"https:\/\/ofabskara.se\/no\/produkt\/feston-foderhack-30-x-21-m-2\/#breadcrumb\",\"itemListElement\":[{\"@type\":\"ListItem\",\"position\":1,\"name\":\"Home\",\"item\":\"https:\/\/ofabskara.se\/no\/\"},{\"@type\":\"ListItem\",\"position\":2,\"name\":\"Butik\",\"item\":\"https:\/\/ofabskara.se\/sv\/butik\/\"},{\"@type\":\"ListItem\",\"position\":3,\"name\":\"Feston Foderh\u00e4ck 3,0 x 2,1 m\"}]},{\"@type\":\"WebSite\",\"@id\":\"https:\/\/ofabskara.se\/sv\/#website\",\"url\":\"https:\/\/ofabskara.se\/sv\/\",\"name\":\"Ofab\",\"description\":\"\",\"potentialAction\":[{\"@type\":\"SearchAction\",\"target\":{\"@type\":\"EntryPoint\",\"urlTemplate\":\"https:\/\/ofabskara.se\/sv\/?s={search_term_string}\"},\"query-input\":{\"@type\":\"PropertyValueSpecification\",\"valueRequired\":true,\"valueName\":\"search_term_string\"}}],\"inLanguage\":\"nb-NO\"}]}<\/script>\n<!-- \/ Yoast SEO plugin. -->","yoast_head_json":{"title":"Feston Foderh\u00e4ck 3,0 x 2,1 m - Ofab","robots":{"index":"index","follow":"follow","max-snippet":"max-snippet:-1","max-image-preview":"max-image-preview:large","max-video-preview":"max-video-preview:-1"},"canonical":"https:\/\/ofabskara.se\/no\/produkt\/feston-foderhack-30-x-21-m-2\/","og_locale":"nb_NO","og_type":"article","og_title":"Feston Foderh\u00e4ck 3,0 x 2,1 m - Ofab","og_description":"Foderh\u00e4ck med bogst\u00f6d de luxe, perfekt f\u00f6r djur med horn. Vid inlastning \u00e4r det l\u00e4tt att \u00f6ppna grindarna. Profilerad pl\u00e5t i botten. 4 dr\u00e4neringsh\u00e5l i fodertr\u00e5gspl\u00e5tens h\u00f6rn.  Levereras utan h\u00e5lbom och 3-punktsf\u00e4ste.  14 foderplatser Utv\u00e4ndigt m\u00e5tt 3,0\u00d72,1m, f\u00f6r 1-2 fyrkantbalar \u00f6ver varandra eller 2 st rundbalar intill varandra. Fodertr\u00e5g LxBxH 2,8\u00d72,0x0,34m f\u00f6r kraftfoder etc. Vikt: 490kg.","og_url":"https:\/\/ofabskara.se\/no\/produkt\/feston-foderhack-30-x-21-m-2\/","og_site_name":"Ofab","twitter_card":"summary_large_image","schema":{"@context":"https:\/\/schema.org","@graph":[{"@type":"WebPage","@id":"https:\/\/ofabskara.se\/no\/produkt\/feston-foderhack-30-x-21-m-2\/","url":"https:\/\/ofabskara.se\/no\/produkt\/feston-foderhack-30-x-21-m-2\/","name":"Feston Foderh\u00e4ck 3,0 x 2,1 m - Ofab","isPartOf":{"@id":"https:\/\/ofabskara.se\/sv\/#website"},"primaryImageOfPage":{"@id":"https:\/\/ofabskara.se\/no\/produkt\/feston-foderhack-30-x-21-m-2\/#primaryimage"},"image":{"@id":"https:\/\/ofabskara.se\/no\/produkt\/feston-foderhack-30-x-21-m-2\/#primaryimage"},"thumbnailUrl":"https:\/\/ofabskara.se\/wp-content\/uploads\/2023\/10\/RA0821-1.jpg","datePublished":"2023-10-23T06:04:51+00:00","breadcrumb":{"@id":"https:\/\/ofabskara.se\/no\/produkt\/feston-foderhack-30-x-21-m-2\/#breadcrumb"},"inLanguage":"nb-NO","potentialAction":[{"@type":"ReadAction","target":["https:\/\/ofabskara.se\/no\/produkt\/feston-foderhack-30-x-21-m-2\/"]}]},{"@type":"ImageObject","inLanguage":"nb-NO","@id":"https:\/\/ofabskara.se\/no\/produkt\/feston-foderhack-30-x-21-m-2\/#primaryimage","url":"https:\/\/ofabskara.se\/wp-content\/uploads\/2023\/10\/RA0821-1.jpg","contentUrl":"https:\/\/ofabskara.se\/wp-content\/uploads\/2023\/10\/RA0821-1.jpg","width":1126,"height":796},{"@type":"BreadcrumbList","@id":"https:\/\/ofabskara.se\/no\/produkt\/feston-foderhack-30-x-21-m-2\/#breadcrumb","itemListElement":[{"@type":"ListItem","position":1,"name":"Home","item":"https:\/\/ofabskara.se\/no\/"},{"@type":"ListItem","position":2,"name":"Butik","item":"https:\/\/ofabskara.se\/sv\/butik\/"},{"@type":"ListItem","position":3,"name":"Feston Foderh\u00e4ck 3,0 x 2,1 m"}]},{"@type":"WebSite","@id":"https:\/\/ofabskara.se\/sv\/#website","url":"https:\/\/ofabskara.se\/sv\/","name":"Ofab","description":"","potentialAction":[{"@type":"SearchAction","target":{"@type":"EntryPoint","urlTemplate":"https:\/\/ofabskara.se\/sv\/?s={search_term_string}"},"query-input":{"@type":"PropertyValueSpecification","valueRequired":true,"valueName":"search_term_string"}}],"inLanguage":"nb-NO"}]}},"_links":{"self":[{"href":"https:\/\/ofabskara.se\/no\/wp-json\/wp\/v2\/product\/45883","targetHints":{"allow":["GET"]}}],"collection":[{"href":"https:\/\/ofabskara.se\/no\/wp-json\/wp\/v2\/product"}],"about":[{"href":"https:\/\/ofabskara.se\/no\/wp-json\/wp\/v2\/types\/product"}],"replies":[{"embeddable":true,"href":"https:\/\/ofabskara.se\/no\/wp-json\/wp\/v2\/comments?post=45883"}],"wp:featuredmedia":[{"embeddable":true,"href":"https:\/\/ofabskara.se\/no\/wp-json\/wp\/v2\/media\/41030"}],"wp:attachment":[{"href":"https:\/\/ofabskara.se\/no\/wp-json\/wp\/v2\/media?parent=45883"}],"wp:term":[{"taxonomy":"product_brand","embeddable":true,"href":"https:\/\/ofabskara.se\/no\/wp-json\/wp\/v2\/product_brand?post=45883"},{"taxonomy":"product_cat","embeddable":true,"href":"https:\/\/ofabskara.se\/no\/wp-json\/wp\/v2\/product_cat?post=45883"},{"taxonomy":"product_tag","embeddable":true,"href":"https:\/\/ofabskara.se\/no\/wp-json\/wp\/v2\/product_tag?post=45883"}],"curies":[{"name":"wp","href":"https:\/\/api.w.org\/{rel}","templated":true}]}}