{"id":45984,"date":"2023-08-07T13:39:38","date_gmt":"2023-08-07T11:39:38","guid":{"rendered":"https:\/\/ofabskara.se\/produkt\/andbleck-till-290-konsoler-1a-290ec\/"},"modified":"2023-08-07T13:39:38","modified_gmt":"2023-08-07T11:39:38","slug":"andbleck-till-290-konsoler-1a-290ec","status":"publish","type":"product","link":"https:\/\/ofabskara.se\/no\/produkt\/andbleck-till-290-konsoler-1a-290ec\/","title":{"rendered":"\u00c4ndbleck till 290 konsoler 1A\/290EC"},"content":{"rendered":"","protected":false},"excerpt":{"rendered":"<ul>\n<li><strong>\u00c4ndbleck av f\u00f6rzinkat st\u00e5l. Anv\u00e4nds ihop med konsoler till skena 290. <\/strong><\/li>\n<li><strong>\u00c4ndblecket \u00e4r endast till f\u00f6t att h\u00e5lla skenan p\u00e5 plats och att skenskarvarna inte ska glida is\u00e4r. <\/strong><\/li>\n<li><strong>\u00c4ndblecket \u00e4r inget portstopp. 1A\/290EC.<\/strong><\/li>\n<\/ul>\n","protected":false},"featured_media":9544,"comment_status":"closed","ping_status":"open","template":"","meta":{"_acf_changed":false,"inline_featured_image":false},"product_brand":[],"product_cat":[2980],"product_tag":[],"class_list":{"0":"post-45984","1":"product","2":"type-product","3":"status-publish","4":"has-post-thumbnail","6":"product_cat-okategoriserad","8":"first","9":"outofstock","10":"taxable","11":"shipping-taxable","12":"purchasable","13":"product-type-simple"},"acf":[],"yoast_head":"<!-- This site is optimized with the Yoast SEO plugin v24.4 - https:\/\/yoast.com\/wordpress\/plugins\/seo\/ -->\n<title>\u00c4ndbleck till 290 konsoler 1A\/290EC - Ofab<\/title>\n<meta name=\"robots\" content=\"index, follow, max-snippet:-1, max-image-preview:large, max-video-preview:-1\" \/>\n<link rel=\"canonical\" href=\"https:\/\/ofabskara.se\/no\/produkt\/andbleck-till-290-konsoler-1a-290ec\/\" \/>\n<meta property=\"og:locale\" content=\"nb_NO\" \/>\n<meta property=\"og:type\" content=\"article\" \/>\n<meta property=\"og:title\" content=\"\u00c4ndbleck till 290 konsoler 1A\/290EC - Ofab\" \/>\n<meta property=\"og:description\" content=\"\u00c4ndbleck av f\u00f6rzinkat st\u00e5l. Anv\u00e4nds ihop med konsoler till skena 290.  \u00c4ndblecket \u00e4r endast till f\u00f6t att h\u00e5lla skenan p\u00e5 plats och att skenskarvarna inte ska glida is\u00e4r.  \u00c4ndblecket \u00e4r inget portstopp. 1A\/290EC.\" \/>\n<meta property=\"og:url\" content=\"https:\/\/ofabskara.se\/no\/produkt\/andbleck-till-290-konsoler-1a-290ec\/\" \/>\n<meta property=\"og:site_name\" content=\"Ofab\" \/>\n<meta name=\"twitter:card\" content=\"summary_large_image\" \/>\n<script type=\"application\/ld+json\" class=\"yoast-schema-graph\">{\"@context\":\"https:\/\/schema.org\",\"@graph\":[{\"@type\":\"WebPage\",\"@id\":\"https:\/\/ofabskara.se\/no\/produkt\/andbleck-till-290-konsoler-1a-290ec\/\",\"url\":\"https:\/\/ofabskara.se\/no\/produkt\/andbleck-till-290-konsoler-1a-290ec\/\",\"name\":\"\u00c4ndbleck till 290 konsoler 1A\/290EC - Ofab\",\"isPartOf\":{\"@id\":\"https:\/\/ofabskara.se\/sv\/#website\"},\"primaryImageOfPage\":{\"@id\":\"https:\/\/ofabskara.se\/no\/produkt\/andbleck-till-290-konsoler-1a-290ec\/#primaryimage\"},\"image\":{\"@id\":\"https:\/\/ofabskara.se\/no\/produkt\/andbleck-till-290-konsoler-1a-290ec\/#primaryimage\"},\"thumbnailUrl\":\"https:\/\/ofabskara.se\/wp-content\/uploads\/2023\/09\/460_360825-1.png\",\"datePublished\":\"2023-08-07T11:39:38+00:00\",\"breadcrumb\":{\"@id\":\"https:\/\/ofabskara.se\/no\/produkt\/andbleck-till-290-konsoler-1a-290ec\/#breadcrumb\"},\"inLanguage\":\"nb-NO\",\"potentialAction\":[{\"@type\":\"ReadAction\",\"target\":[\"https:\/\/ofabskara.se\/no\/produkt\/andbleck-till-290-konsoler-1a-290ec\/\"]}]},{\"@type\":\"ImageObject\",\"inLanguage\":\"nb-NO\",\"@id\":\"https:\/\/ofabskara.se\/no\/produkt\/andbleck-till-290-konsoler-1a-290ec\/#primaryimage\",\"url\":\"https:\/\/ofabskara.se\/wp-content\/uploads\/2023\/09\/460_360825-1.png\",\"contentUrl\":\"https:\/\/ofabskara.se\/wp-content\/uploads\/2023\/09\/460_360825-1.png\",\"width\":460,\"height\":460},{\"@type\":\"BreadcrumbList\",\"@id\":\"https:\/\/ofabskara.se\/no\/produkt\/andbleck-till-290-konsoler-1a-290ec\/#breadcrumb\",\"itemListElement\":[{\"@type\":\"ListItem\",\"position\":1,\"name\":\"Home\",\"item\":\"https:\/\/ofabskara.se\/no\/\"},{\"@type\":\"ListItem\",\"position\":2,\"name\":\"Butik\",\"item\":\"https:\/\/ofabskara.se\/sv\/butik\/\"},{\"@type\":\"ListItem\",\"position\":3,\"name\":\"\u00c4ndbleck till 290 konsoler 1A\/290EC\"}]},{\"@type\":\"WebSite\",\"@id\":\"https:\/\/ofabskara.se\/sv\/#website\",\"url\":\"https:\/\/ofabskara.se\/sv\/\",\"name\":\"Ofab\",\"description\":\"\",\"potentialAction\":[{\"@type\":\"SearchAction\",\"target\":{\"@type\":\"EntryPoint\",\"urlTemplate\":\"https:\/\/ofabskara.se\/sv\/?s={search_term_string}\"},\"query-input\":{\"@type\":\"PropertyValueSpecification\",\"valueRequired\":true,\"valueName\":\"search_term_string\"}}],\"inLanguage\":\"nb-NO\"}]}<\/script>\n<!-- \/ Yoast SEO plugin. -->","yoast_head_json":{"title":"\u00c4ndbleck till 290 konsoler 1A\/290EC - Ofab","robots":{"index":"index","follow":"follow","max-snippet":"max-snippet:-1","max-image-preview":"max-image-preview:large","max-video-preview":"max-video-preview:-1"},"canonical":"https:\/\/ofabskara.se\/no\/produkt\/andbleck-till-290-konsoler-1a-290ec\/","og_locale":"nb_NO","og_type":"article","og_title":"\u00c4ndbleck till 290 konsoler 1A\/290EC - Ofab","og_description":"\u00c4ndbleck av f\u00f6rzinkat st\u00e5l. Anv\u00e4nds ihop med konsoler till skena 290.  \u00c4ndblecket \u00e4r endast till f\u00f6t att h\u00e5lla skenan p\u00e5 plats och att skenskarvarna inte ska glida is\u00e4r.  \u00c4ndblecket \u00e4r inget portstopp. 1A\/290EC.","og_url":"https:\/\/ofabskara.se\/no\/produkt\/andbleck-till-290-konsoler-1a-290ec\/","og_site_name":"Ofab","twitter_card":"summary_large_image","schema":{"@context":"https:\/\/schema.org","@graph":[{"@type":"WebPage","@id":"https:\/\/ofabskara.se\/no\/produkt\/andbleck-till-290-konsoler-1a-290ec\/","url":"https:\/\/ofabskara.se\/no\/produkt\/andbleck-till-290-konsoler-1a-290ec\/","name":"\u00c4ndbleck till 290 konsoler 1A\/290EC - Ofab","isPartOf":{"@id":"https:\/\/ofabskara.se\/sv\/#website"},"primaryImageOfPage":{"@id":"https:\/\/ofabskara.se\/no\/produkt\/andbleck-till-290-konsoler-1a-290ec\/#primaryimage"},"image":{"@id":"https:\/\/ofabskara.se\/no\/produkt\/andbleck-till-290-konsoler-1a-290ec\/#primaryimage"},"thumbnailUrl":"https:\/\/ofabskara.se\/wp-content\/uploads\/2023\/09\/460_360825-1.png","datePublished":"2023-08-07T11:39:38+00:00","breadcrumb":{"@id":"https:\/\/ofabskara.se\/no\/produkt\/andbleck-till-290-konsoler-1a-290ec\/#breadcrumb"},"inLanguage":"nb-NO","potentialAction":[{"@type":"ReadAction","target":["https:\/\/ofabskara.se\/no\/produkt\/andbleck-till-290-konsoler-1a-290ec\/"]}]},{"@type":"ImageObject","inLanguage":"nb-NO","@id":"https:\/\/ofabskara.se\/no\/produkt\/andbleck-till-290-konsoler-1a-290ec\/#primaryimage","url":"https:\/\/ofabskara.se\/wp-content\/uploads\/2023\/09\/460_360825-1.png","contentUrl":"https:\/\/ofabskara.se\/wp-content\/uploads\/2023\/09\/460_360825-1.png","width":460,"height":460},{"@type":"BreadcrumbList","@id":"https:\/\/ofabskara.se\/no\/produkt\/andbleck-till-290-konsoler-1a-290ec\/#breadcrumb","itemListElement":[{"@type":"ListItem","position":1,"name":"Home","item":"https:\/\/ofabskara.se\/no\/"},{"@type":"ListItem","position":2,"name":"Butik","item":"https:\/\/ofabskara.se\/sv\/butik\/"},{"@type":"ListItem","position":3,"name":"\u00c4ndbleck till 290 konsoler 1A\/290EC"}]},{"@type":"WebSite","@id":"https:\/\/ofabskara.se\/sv\/#website","url":"https:\/\/ofabskara.se\/sv\/","name":"Ofab","description":"","potentialAction":[{"@type":"SearchAction","target":{"@type":"EntryPoint","urlTemplate":"https:\/\/ofabskara.se\/sv\/?s={search_term_string}"},"query-input":{"@type":"PropertyValueSpecification","valueRequired":true,"valueName":"search_term_string"}}],"inLanguage":"nb-NO"}]}},"_links":{"self":[{"href":"https:\/\/ofabskara.se\/no\/wp-json\/wp\/v2\/product\/45984","targetHints":{"allow":["GET"]}}],"collection":[{"href":"https:\/\/ofabskara.se\/no\/wp-json\/wp\/v2\/product"}],"about":[{"href":"https:\/\/ofabskara.se\/no\/wp-json\/wp\/v2\/types\/product"}],"replies":[{"embeddable":true,"href":"https:\/\/ofabskara.se\/no\/wp-json\/wp\/v2\/comments?post=45984"}],"wp:featuredmedia":[{"embeddable":true,"href":"https:\/\/ofabskara.se\/no\/wp-json\/wp\/v2\/media\/9544"}],"wp:attachment":[{"href":"https:\/\/ofabskara.se\/no\/wp-json\/wp\/v2\/media?parent=45984"}],"wp:term":[{"taxonomy":"product_brand","embeddable":true,"href":"https:\/\/ofabskara.se\/no\/wp-json\/wp\/v2\/product_brand?post=45984"},{"taxonomy":"product_cat","embeddable":true,"href":"https:\/\/ofabskara.se\/no\/wp-json\/wp\/v2\/product_cat?post=45984"},{"taxonomy":"product_tag","embeddable":true,"href":"https:\/\/ofabskara.se\/no\/wp-json\/wp\/v2\/product_tag?post=45984"}],"curies":[{"name":"wp","href":"https:\/\/api.w.org\/{rel}","templated":true}]}}