{"id":46014,"date":"2023-05-15T11:31:02","date_gmt":"2023-05-15T09:31:02","guid":{"rendered":"https:\/\/ofabskara.se\/produkt\/rund-foderhack-m-bogstod\/"},"modified":"2023-05-15T11:31:02","modified_gmt":"2023-05-15T09:31:02","slug":"rund-foderhack-m-bogstod","status":"publish","type":"product","link":"https:\/\/ofabskara.se\/no\/produkt\/rund-foderhack-m-bogstod\/","title":{"rendered":"Rund foderh\u00e4ck bogst\u00f6d"},"content":{"rendered":"","protected":false},"excerpt":{"rendered":"<ul>\n<li><strong>Kraftig foderh\u00e4ck med bogst\u00f6d.<\/strong><\/li>\n<li><strong>12 \u00e4tplatser.<\/strong><\/li>\n<li><strong>R\u00f6r 49mm \u00d8.<\/strong><\/li>\n<li><strong>3-punktsf\u00e4ste finns att k\u00f6pa som tillval.<\/strong><\/li>\n<\/ul>\n","protected":false},"featured_media":9534,"comment_status":"closed","ping_status":"closed","template":"","meta":{"_acf_changed":false,"inline_featured_image":false},"product_brand":[],"product_cat":[3019,2999,3006,3018],"product_tag":[],"class_list":{"0":"post-46014","1":"product","2":"type-product","3":"status-publish","4":"has-post-thumbnail","6":"product_cat-foderhackar-for-hast","7":"product_cat-hastar","8":"product_cat-notdjur","9":"product_cat-oppna-foderhackar-foderhackar-oppna-och-med-tak","11":"first","12":"instock","13":"taxable","14":"shipping-taxable","15":"purchasable","16":"product-type-simple"},"acf":[],"yoast_head":"<!-- This site is optimized with the Yoast SEO plugin v24.4 - https:\/\/yoast.com\/wordpress\/plugins\/seo\/ -->\n<title>Rund foderh\u00e4ck bogst\u00f6d - Ofab<\/title>\n<meta name=\"robots\" content=\"index, follow, max-snippet:-1, max-image-preview:large, max-video-preview:-1\" \/>\n<link rel=\"canonical\" href=\"https:\/\/ofabskara.se\/no\/produkt\/rund-foderhack-m-bogstod\/\" \/>\n<meta property=\"og:locale\" content=\"nb_NO\" \/>\n<meta property=\"og:type\" content=\"article\" \/>\n<meta property=\"og:title\" content=\"Rund foderh\u00e4ck bogst\u00f6d - Ofab\" \/>\n<meta property=\"og:description\" content=\"Kraftig foderh\u00e4ck med bogst\u00f6d.  12 \u00e4tplatser.  R\u00f6r 49mm \u00d8.  3-punktsf\u00e4ste finns att k\u00f6pa som tillval.\" \/>\n<meta property=\"og:url\" content=\"https:\/\/ofabskara.se\/no\/produkt\/rund-foderhack-m-bogstod\/\" \/>\n<meta property=\"og:site_name\" content=\"Ofab\" \/>\n<meta name=\"twitter:card\" content=\"summary_large_image\" \/>\n<script type=\"application\/ld+json\" class=\"yoast-schema-graph\">{\"@context\":\"https:\/\/schema.org\",\"@graph\":[{\"@type\":\"WebPage\",\"@id\":\"https:\/\/ofabskara.se\/no\/produkt\/rund-foderhack-m-bogstod\/\",\"url\":\"https:\/\/ofabskara.se\/no\/produkt\/rund-foderhack-m-bogstod\/\",\"name\":\"Rund foderh\u00e4ck bogst\u00f6d - Ofab\",\"isPartOf\":{\"@id\":\"https:\/\/ofabskara.se\/sv\/#website\"},\"primaryImageOfPage\":{\"@id\":\"https:\/\/ofabskara.se\/no\/produkt\/rund-foderhack-m-bogstod\/#primaryimage\"},\"image\":{\"@id\":\"https:\/\/ofabskara.se\/no\/produkt\/rund-foderhack-m-bogstod\/#primaryimage\"},\"thumbnailUrl\":\"https:\/\/ofabskara.se\/wp-content\/uploads\/2023\/09\/RA0906-1.jpg\",\"datePublished\":\"2023-05-15T09:31:02+00:00\",\"breadcrumb\":{\"@id\":\"https:\/\/ofabskara.se\/no\/produkt\/rund-foderhack-m-bogstod\/#breadcrumb\"},\"inLanguage\":\"nb-NO\",\"potentialAction\":[{\"@type\":\"ReadAction\",\"target\":[\"https:\/\/ofabskara.se\/no\/produkt\/rund-foderhack-m-bogstod\/\"]}]},{\"@type\":\"ImageObject\",\"inLanguage\":\"nb-NO\",\"@id\":\"https:\/\/ofabskara.se\/no\/produkt\/rund-foderhack-m-bogstod\/#primaryimage\",\"url\":\"https:\/\/ofabskara.se\/wp-content\/uploads\/2023\/09\/RA0906-1.jpg\",\"contentUrl\":\"https:\/\/ofabskara.se\/wp-content\/uploads\/2023\/09\/RA0906-1.jpg\",\"width\":1126,\"height\":796},{\"@type\":\"BreadcrumbList\",\"@id\":\"https:\/\/ofabskara.se\/no\/produkt\/rund-foderhack-m-bogstod\/#breadcrumb\",\"itemListElement\":[{\"@type\":\"ListItem\",\"position\":1,\"name\":\"Home\",\"item\":\"https:\/\/ofabskara.se\/no\/\"},{\"@type\":\"ListItem\",\"position\":2,\"name\":\"Butik\",\"item\":\"https:\/\/ofabskara.se\/sv\/butik\/\"},{\"@type\":\"ListItem\",\"position\":3,\"name\":\"Rund foderh\u00e4ck bogst\u00f6d\"}]},{\"@type\":\"WebSite\",\"@id\":\"https:\/\/ofabskara.se\/sv\/#website\",\"url\":\"https:\/\/ofabskara.se\/sv\/\",\"name\":\"Ofab\",\"description\":\"\",\"potentialAction\":[{\"@type\":\"SearchAction\",\"target\":{\"@type\":\"EntryPoint\",\"urlTemplate\":\"https:\/\/ofabskara.se\/sv\/?s={search_term_string}\"},\"query-input\":{\"@type\":\"PropertyValueSpecification\",\"valueRequired\":true,\"valueName\":\"search_term_string\"}}],\"inLanguage\":\"nb-NO\"}]}<\/script>\n<!-- \/ Yoast SEO plugin. -->","yoast_head_json":{"title":"Rund foderh\u00e4ck bogst\u00f6d - Ofab","robots":{"index":"index","follow":"follow","max-snippet":"max-snippet:-1","max-image-preview":"max-image-preview:large","max-video-preview":"max-video-preview:-1"},"canonical":"https:\/\/ofabskara.se\/no\/produkt\/rund-foderhack-m-bogstod\/","og_locale":"nb_NO","og_type":"article","og_title":"Rund foderh\u00e4ck bogst\u00f6d - Ofab","og_description":"Kraftig foderh\u00e4ck med bogst\u00f6d.  12 \u00e4tplatser.  R\u00f6r 49mm \u00d8.  3-punktsf\u00e4ste finns att k\u00f6pa som tillval.","og_url":"https:\/\/ofabskara.se\/no\/produkt\/rund-foderhack-m-bogstod\/","og_site_name":"Ofab","twitter_card":"summary_large_image","schema":{"@context":"https:\/\/schema.org","@graph":[{"@type":"WebPage","@id":"https:\/\/ofabskara.se\/no\/produkt\/rund-foderhack-m-bogstod\/","url":"https:\/\/ofabskara.se\/no\/produkt\/rund-foderhack-m-bogstod\/","name":"Rund foderh\u00e4ck bogst\u00f6d - Ofab","isPartOf":{"@id":"https:\/\/ofabskara.se\/sv\/#website"},"primaryImageOfPage":{"@id":"https:\/\/ofabskara.se\/no\/produkt\/rund-foderhack-m-bogstod\/#primaryimage"},"image":{"@id":"https:\/\/ofabskara.se\/no\/produkt\/rund-foderhack-m-bogstod\/#primaryimage"},"thumbnailUrl":"https:\/\/ofabskara.se\/wp-content\/uploads\/2023\/09\/RA0906-1.jpg","datePublished":"2023-05-15T09:31:02+00:00","breadcrumb":{"@id":"https:\/\/ofabskara.se\/no\/produkt\/rund-foderhack-m-bogstod\/#breadcrumb"},"inLanguage":"nb-NO","potentialAction":[{"@type":"ReadAction","target":["https:\/\/ofabskara.se\/no\/produkt\/rund-foderhack-m-bogstod\/"]}]},{"@type":"ImageObject","inLanguage":"nb-NO","@id":"https:\/\/ofabskara.se\/no\/produkt\/rund-foderhack-m-bogstod\/#primaryimage","url":"https:\/\/ofabskara.se\/wp-content\/uploads\/2023\/09\/RA0906-1.jpg","contentUrl":"https:\/\/ofabskara.se\/wp-content\/uploads\/2023\/09\/RA0906-1.jpg","width":1126,"height":796},{"@type":"BreadcrumbList","@id":"https:\/\/ofabskara.se\/no\/produkt\/rund-foderhack-m-bogstod\/#breadcrumb","itemListElement":[{"@type":"ListItem","position":1,"name":"Home","item":"https:\/\/ofabskara.se\/no\/"},{"@type":"ListItem","position":2,"name":"Butik","item":"https:\/\/ofabskara.se\/sv\/butik\/"},{"@type":"ListItem","position":3,"name":"Rund foderh\u00e4ck bogst\u00f6d"}]},{"@type":"WebSite","@id":"https:\/\/ofabskara.se\/sv\/#website","url":"https:\/\/ofabskara.se\/sv\/","name":"Ofab","description":"","potentialAction":[{"@type":"SearchAction","target":{"@type":"EntryPoint","urlTemplate":"https:\/\/ofabskara.se\/sv\/?s={search_term_string}"},"query-input":{"@type":"PropertyValueSpecification","valueRequired":true,"valueName":"search_term_string"}}],"inLanguage":"nb-NO"}]}},"_links":{"self":[{"href":"https:\/\/ofabskara.se\/no\/wp-json\/wp\/v2\/product\/46014","targetHints":{"allow":["GET"]}}],"collection":[{"href":"https:\/\/ofabskara.se\/no\/wp-json\/wp\/v2\/product"}],"about":[{"href":"https:\/\/ofabskara.se\/no\/wp-json\/wp\/v2\/types\/product"}],"replies":[{"embeddable":true,"href":"https:\/\/ofabskara.se\/no\/wp-json\/wp\/v2\/comments?post=46014"}],"wp:featuredmedia":[{"embeddable":true,"href":"https:\/\/ofabskara.se\/no\/wp-json\/wp\/v2\/media\/9534"}],"wp:attachment":[{"href":"https:\/\/ofabskara.se\/no\/wp-json\/wp\/v2\/media?parent=46014"}],"wp:term":[{"taxonomy":"product_brand","embeddable":true,"href":"https:\/\/ofabskara.se\/no\/wp-json\/wp\/v2\/product_brand?post=46014"},{"taxonomy":"product_cat","embeddable":true,"href":"https:\/\/ofabskara.se\/no\/wp-json\/wp\/v2\/product_cat?post=46014"},{"taxonomy":"product_tag","embeddable":true,"href":"https:\/\/ofabskara.se\/no\/wp-json\/wp\/v2\/product_tag?post=46014"}],"curies":[{"name":"wp","href":"https:\/\/api.w.org\/{rel}","templated":true}]}}