{"id":46054,"date":"2023-01-24T14:08:59","date_gmt":"2023-01-24T13:08:59","guid":{"rendered":"https:\/\/ofabskara.se\/produkt\/foderhack-fyrkant-2x2m\/"},"modified":"2023-01-24T14:08:59","modified_gmt":"2023-01-24T13:08:59","slug":"foderhack-fyrkant-2x2m","status":"publish","type":"product","link":"https:\/\/ofabskara.se\/no\/produkt\/foderhack-fyrkant-2x2m\/","title":{"rendered":"Foderh\u00e4ck fyrkant 2x2m"},"content":{"rendered":"","protected":false},"excerpt":{"rendered":"<p>&nbsp;<\/p>\n<ul>\n<li><strong>Mycket kraftig foderh\u00e4ck.<\/strong><\/li>\n<li><strong>20st \u00e4tplatser.<\/strong><\/li>\n<li><\/li>\n<\/ul>\n","protected":false},"featured_media":9409,"comment_status":"closed","ping_status":"closed","template":"","meta":{"_acf_changed":false,"inline_featured_image":false},"product_brand":[],"product_cat":[3087,3580,3019,2999,3006,3018,3581],"product_tag":[],"class_list":{"0":"post-46054","1":"product","2":"type-product","3":"status-publish","4":"has-post-thumbnail","6":"product_cat-far-getter","7":"product_cat-foderhack-for-far-o-getter","8":"product_cat-foderhackar-for-hast","9":"product_cat-hastar","10":"product_cat-notdjur","11":"product_cat-oppna-foderhackar-foderhackar-oppna-och-med-tak","12":"product_cat-oppen-foderhack-far-getter","13":"pa_bredd-207-cm","14":"pa_hojd-145-cm","15":"pa_langd-207-cm","17":"first","18":"instock","19":"taxable","20":"shipping-taxable","21":"purchasable","22":"product-type-simple"},"acf":[],"yoast_head":"<!-- This site is optimized with the Yoast SEO plugin v24.4 - https:\/\/yoast.com\/wordpress\/plugins\/seo\/ -->\n<title>Foderh\u00e4ck fyrkant 2x2m - Ofab<\/title>\n<meta name=\"robots\" content=\"index, follow, max-snippet:-1, max-image-preview:large, max-video-preview:-1\" \/>\n<link rel=\"canonical\" href=\"https:\/\/ofabskara.se\/no\/produkt\/foderhack-fyrkant-2x2m\/\" \/>\n<meta property=\"og:locale\" content=\"nb_NO\" \/>\n<meta property=\"og:type\" content=\"article\" \/>\n<meta property=\"og:title\" content=\"Foderh\u00e4ck fyrkant 2x2m - Ofab\" \/>\n<meta property=\"og:description\" content=\"&nbsp;   Mycket kraftig foderh\u00e4ck.  20st \u00e4tplatser.\" \/>\n<meta property=\"og:url\" content=\"https:\/\/ofabskara.se\/no\/produkt\/foderhack-fyrkant-2x2m\/\" \/>\n<meta property=\"og:site_name\" content=\"Ofab\" \/>\n<meta name=\"twitter:card\" content=\"summary_large_image\" \/>\n<script type=\"application\/ld+json\" class=\"yoast-schema-graph\">{\"@context\":\"https:\/\/schema.org\",\"@graph\":[{\"@type\":\"WebPage\",\"@id\":\"https:\/\/ofabskara.se\/no\/produkt\/foderhack-fyrkant-2x2m\/\",\"url\":\"https:\/\/ofabskara.se\/no\/produkt\/foderhack-fyrkant-2x2m\/\",\"name\":\"Foderh\u00e4ck fyrkant 2x2m - Ofab\",\"isPartOf\":{\"@id\":\"https:\/\/ofabskara.se\/sv\/#website\"},\"primaryImageOfPage\":{\"@id\":\"https:\/\/ofabskara.se\/no\/produkt\/foderhack-fyrkant-2x2m\/#primaryimage\"},\"image\":{\"@id\":\"https:\/\/ofabskara.se\/no\/produkt\/foderhack-fyrkant-2x2m\/#primaryimage\"},\"thumbnailUrl\":\"https:\/\/ofabskara.se\/wp-content\/uploads\/2023\/09\/RA0802-2-1.jpg\",\"datePublished\":\"2023-01-24T13:08:59+00:00\",\"breadcrumb\":{\"@id\":\"https:\/\/ofabskara.se\/no\/produkt\/foderhack-fyrkant-2x2m\/#breadcrumb\"},\"inLanguage\":\"nb-NO\",\"potentialAction\":[{\"@type\":\"ReadAction\",\"target\":[\"https:\/\/ofabskara.se\/no\/produkt\/foderhack-fyrkant-2x2m\/\"]}]},{\"@type\":\"ImageObject\",\"inLanguage\":\"nb-NO\",\"@id\":\"https:\/\/ofabskara.se\/no\/produkt\/foderhack-fyrkant-2x2m\/#primaryimage\",\"url\":\"https:\/\/ofabskara.se\/wp-content\/uploads\/2023\/09\/RA0802-2-1.jpg\",\"contentUrl\":\"https:\/\/ofabskara.se\/wp-content\/uploads\/2023\/09\/RA0802-2-1.jpg\",\"width\":1126,\"height\":796},{\"@type\":\"BreadcrumbList\",\"@id\":\"https:\/\/ofabskara.se\/no\/produkt\/foderhack-fyrkant-2x2m\/#breadcrumb\",\"itemListElement\":[{\"@type\":\"ListItem\",\"position\":1,\"name\":\"Home\",\"item\":\"https:\/\/ofabskara.se\/no\/\"},{\"@type\":\"ListItem\",\"position\":2,\"name\":\"Butik\",\"item\":\"https:\/\/ofabskara.se\/sv\/butik\/\"},{\"@type\":\"ListItem\",\"position\":3,\"name\":\"Foderh\u00e4ck fyrkant 2x2m\"}]},{\"@type\":\"WebSite\",\"@id\":\"https:\/\/ofabskara.se\/sv\/#website\",\"url\":\"https:\/\/ofabskara.se\/sv\/\",\"name\":\"Ofab\",\"description\":\"\",\"potentialAction\":[{\"@type\":\"SearchAction\",\"target\":{\"@type\":\"EntryPoint\",\"urlTemplate\":\"https:\/\/ofabskara.se\/sv\/?s={search_term_string}\"},\"query-input\":{\"@type\":\"PropertyValueSpecification\",\"valueRequired\":true,\"valueName\":\"search_term_string\"}}],\"inLanguage\":\"nb-NO\"}]}<\/script>\n<!-- \/ Yoast SEO plugin. -->","yoast_head_json":{"title":"Foderh\u00e4ck fyrkant 2x2m - Ofab","robots":{"index":"index","follow":"follow","max-snippet":"max-snippet:-1","max-image-preview":"max-image-preview:large","max-video-preview":"max-video-preview:-1"},"canonical":"https:\/\/ofabskara.se\/no\/produkt\/foderhack-fyrkant-2x2m\/","og_locale":"nb_NO","og_type":"article","og_title":"Foderh\u00e4ck fyrkant 2x2m - Ofab","og_description":"&nbsp;   Mycket kraftig foderh\u00e4ck.  20st \u00e4tplatser.","og_url":"https:\/\/ofabskara.se\/no\/produkt\/foderhack-fyrkant-2x2m\/","og_site_name":"Ofab","twitter_card":"summary_large_image","schema":{"@context":"https:\/\/schema.org","@graph":[{"@type":"WebPage","@id":"https:\/\/ofabskara.se\/no\/produkt\/foderhack-fyrkant-2x2m\/","url":"https:\/\/ofabskara.se\/no\/produkt\/foderhack-fyrkant-2x2m\/","name":"Foderh\u00e4ck fyrkant 2x2m - Ofab","isPartOf":{"@id":"https:\/\/ofabskara.se\/sv\/#website"},"primaryImageOfPage":{"@id":"https:\/\/ofabskara.se\/no\/produkt\/foderhack-fyrkant-2x2m\/#primaryimage"},"image":{"@id":"https:\/\/ofabskara.se\/no\/produkt\/foderhack-fyrkant-2x2m\/#primaryimage"},"thumbnailUrl":"https:\/\/ofabskara.se\/wp-content\/uploads\/2023\/09\/RA0802-2-1.jpg","datePublished":"2023-01-24T13:08:59+00:00","breadcrumb":{"@id":"https:\/\/ofabskara.se\/no\/produkt\/foderhack-fyrkant-2x2m\/#breadcrumb"},"inLanguage":"nb-NO","potentialAction":[{"@type":"ReadAction","target":["https:\/\/ofabskara.se\/no\/produkt\/foderhack-fyrkant-2x2m\/"]}]},{"@type":"ImageObject","inLanguage":"nb-NO","@id":"https:\/\/ofabskara.se\/no\/produkt\/foderhack-fyrkant-2x2m\/#primaryimage","url":"https:\/\/ofabskara.se\/wp-content\/uploads\/2023\/09\/RA0802-2-1.jpg","contentUrl":"https:\/\/ofabskara.se\/wp-content\/uploads\/2023\/09\/RA0802-2-1.jpg","width":1126,"height":796},{"@type":"BreadcrumbList","@id":"https:\/\/ofabskara.se\/no\/produkt\/foderhack-fyrkant-2x2m\/#breadcrumb","itemListElement":[{"@type":"ListItem","position":1,"name":"Home","item":"https:\/\/ofabskara.se\/no\/"},{"@type":"ListItem","position":2,"name":"Butik","item":"https:\/\/ofabskara.se\/sv\/butik\/"},{"@type":"ListItem","position":3,"name":"Foderh\u00e4ck fyrkant 2x2m"}]},{"@type":"WebSite","@id":"https:\/\/ofabskara.se\/sv\/#website","url":"https:\/\/ofabskara.se\/sv\/","name":"Ofab","description":"","potentialAction":[{"@type":"SearchAction","target":{"@type":"EntryPoint","urlTemplate":"https:\/\/ofabskara.se\/sv\/?s={search_term_string}"},"query-input":{"@type":"PropertyValueSpecification","valueRequired":true,"valueName":"search_term_string"}}],"inLanguage":"nb-NO"}]}},"_links":{"self":[{"href":"https:\/\/ofabskara.se\/no\/wp-json\/wp\/v2\/product\/46054","targetHints":{"allow":["GET"]}}],"collection":[{"href":"https:\/\/ofabskara.se\/no\/wp-json\/wp\/v2\/product"}],"about":[{"href":"https:\/\/ofabskara.se\/no\/wp-json\/wp\/v2\/types\/product"}],"replies":[{"embeddable":true,"href":"https:\/\/ofabskara.se\/no\/wp-json\/wp\/v2\/comments?post=46054"}],"wp:featuredmedia":[{"embeddable":true,"href":"https:\/\/ofabskara.se\/no\/wp-json\/wp\/v2\/media\/9409"}],"wp:attachment":[{"href":"https:\/\/ofabskara.se\/no\/wp-json\/wp\/v2\/media?parent=46054"}],"wp:term":[{"taxonomy":"product_brand","embeddable":true,"href":"https:\/\/ofabskara.se\/no\/wp-json\/wp\/v2\/product_brand?post=46054"},{"taxonomy":"product_cat","embeddable":true,"href":"https:\/\/ofabskara.se\/no\/wp-json\/wp\/v2\/product_cat?post=46054"},{"taxonomy":"product_tag","embeddable":true,"href":"https:\/\/ofabskara.se\/no\/wp-json\/wp\/v2\/product_tag?post=46054"}],"curies":[{"name":"wp","href":"https:\/\/api.w.org\/{rel}","templated":true}]}}