{"id":46123,"date":"2020-01-09T13:08:14","date_gmt":"2020-01-09T12:08:14","guid":{"rendered":"https:\/\/ofabskara.se\/produkt\/belmondo-drain-cutter-walkpro\/"},"modified":"2020-01-09T13:08:14","modified_gmt":"2020-01-09T12:08:14","slug":"belmondo-drain-cutter-walkpro","status":"publish","type":"product","link":"https:\/\/ofabskara.se\/no\/produkt\/belmondo-drain-cutter-walkpro\/","title":{"rendered":"Belmondo Drain Gutter Walkpro"},"content":{"rendered":"","protected":false},"excerpt":{"rendered":"<ul>\n<li><strong>16x1000x167mm<\/strong><\/li>\n<li><strong>Gummimatta av typen Walkpro anpassad till avl\u00e5nga avloppsbrunnar. <\/strong><\/li>\n<li><strong>Pussel l\u00e4ngs tre sidor, den fj\u00e4rde sidan \u00e4r rak.<\/strong><\/li>\n<\/ul>\n","protected":false},"featured_media":9239,"comment_status":"closed","ping_status":"open","template":"","meta":{"_acf_changed":false,"inline_featured_image":false},"product_brand":[],"product_cat":[2981,2983],"product_tag":[],"class_list":{"0":"post-46123","1":"product","2":"type-product","3":"status-publish","4":"has-post-thumbnail","6":"product_cat-gummimattor","7":"product_cat-stallmatta-hast","9":"first","10":"outofstock","11":"taxable","12":"shipping-taxable","13":"purchasable","14":"product-type-simple"},"acf":[],"yoast_head":"<!-- This site is optimized with the Yoast SEO plugin v24.4 - https:\/\/yoast.com\/wordpress\/plugins\/seo\/ -->\n<title>Belmondo Drain Gutter Walkpro - Ofab<\/title>\n<meta name=\"robots\" content=\"index, follow, max-snippet:-1, max-image-preview:large, max-video-preview:-1\" \/>\n<link rel=\"canonical\" href=\"https:\/\/ofabskara.se\/no\/produkt\/belmondo-drain-cutter-walkpro\/\" \/>\n<meta property=\"og:locale\" content=\"nb_NO\" \/>\n<meta property=\"og:type\" content=\"article\" \/>\n<meta property=\"og:title\" content=\"Belmondo Drain Gutter Walkpro - Ofab\" \/>\n<meta property=\"og:description\" content=\"16x1000x167mm  Gummimatta av typen Walkpro anpassad till avl\u00e5nga avloppsbrunnar.  Pussel l\u00e4ngs tre sidor, den fj\u00e4rde sidan \u00e4r rak.\" \/>\n<meta property=\"og:url\" content=\"https:\/\/ofabskara.se\/no\/produkt\/belmondo-drain-cutter-walkpro\/\" \/>\n<meta property=\"og:site_name\" content=\"Ofab\" \/>\n<meta name=\"twitter:card\" content=\"summary_large_image\" \/>\n<script type=\"application\/ld+json\" class=\"yoast-schema-graph\">{\"@context\":\"https:\/\/schema.org\",\"@graph\":[{\"@type\":\"WebPage\",\"@id\":\"https:\/\/ofabskara.se\/no\/produkt\/belmondo-drain-cutter-walkpro\/\",\"url\":\"https:\/\/ofabskara.se\/no\/produkt\/belmondo-drain-cutter-walkpro\/\",\"name\":\"Belmondo Drain Gutter Walkpro - Ofab\",\"isPartOf\":{\"@id\":\"https:\/\/ofabskara.se\/sv\/#website\"},\"primaryImageOfPage\":{\"@id\":\"https:\/\/ofabskara.se\/no\/produkt\/belmondo-drain-cutter-walkpro\/#primaryimage\"},\"image\":{\"@id\":\"https:\/\/ofabskara.se\/no\/produkt\/belmondo-drain-cutter-walkpro\/#primaryimage\"},\"thumbnailUrl\":\"https:\/\/ofabskara.se\/wp-content\/uploads\/2023\/09\/203150.png\",\"datePublished\":\"2020-01-09T12:08:14+00:00\",\"breadcrumb\":{\"@id\":\"https:\/\/ofabskara.se\/no\/produkt\/belmondo-drain-cutter-walkpro\/#breadcrumb\"},\"inLanguage\":\"nb-NO\",\"potentialAction\":[{\"@type\":\"ReadAction\",\"target\":[\"https:\/\/ofabskara.se\/no\/produkt\/belmondo-drain-cutter-walkpro\/\"]}]},{\"@type\":\"ImageObject\",\"inLanguage\":\"nb-NO\",\"@id\":\"https:\/\/ofabskara.se\/no\/produkt\/belmondo-drain-cutter-walkpro\/#primaryimage\",\"url\":\"https:\/\/ofabskara.se\/wp-content\/uploads\/2023\/09\/203150.png\",\"contentUrl\":\"https:\/\/ofabskara.se\/wp-content\/uploads\/2023\/09\/203150.png\",\"width\":440,\"height\":440},{\"@type\":\"BreadcrumbList\",\"@id\":\"https:\/\/ofabskara.se\/no\/produkt\/belmondo-drain-cutter-walkpro\/#breadcrumb\",\"itemListElement\":[{\"@type\":\"ListItem\",\"position\":1,\"name\":\"Home\",\"item\":\"https:\/\/ofabskara.se\/no\/\"},{\"@type\":\"ListItem\",\"position\":2,\"name\":\"Butik\",\"item\":\"https:\/\/ofabskara.se\/sv\/butik\/\"},{\"@type\":\"ListItem\",\"position\":3,\"name\":\"Belmondo Drain Gutter Walkpro\"}]},{\"@type\":\"WebSite\",\"@id\":\"https:\/\/ofabskara.se\/sv\/#website\",\"url\":\"https:\/\/ofabskara.se\/sv\/\",\"name\":\"Ofab\",\"description\":\"\",\"potentialAction\":[{\"@type\":\"SearchAction\",\"target\":{\"@type\":\"EntryPoint\",\"urlTemplate\":\"https:\/\/ofabskara.se\/sv\/?s={search_term_string}\"},\"query-input\":{\"@type\":\"PropertyValueSpecification\",\"valueRequired\":true,\"valueName\":\"search_term_string\"}}],\"inLanguage\":\"nb-NO\"}]}<\/script>\n<!-- \/ Yoast SEO plugin. -->","yoast_head_json":{"title":"Belmondo Drain Gutter Walkpro - Ofab","robots":{"index":"index","follow":"follow","max-snippet":"max-snippet:-1","max-image-preview":"max-image-preview:large","max-video-preview":"max-video-preview:-1"},"canonical":"https:\/\/ofabskara.se\/no\/produkt\/belmondo-drain-cutter-walkpro\/","og_locale":"nb_NO","og_type":"article","og_title":"Belmondo Drain Gutter Walkpro - Ofab","og_description":"16x1000x167mm  Gummimatta av typen Walkpro anpassad till avl\u00e5nga avloppsbrunnar.  Pussel l\u00e4ngs tre sidor, den fj\u00e4rde sidan \u00e4r rak.","og_url":"https:\/\/ofabskara.se\/no\/produkt\/belmondo-drain-cutter-walkpro\/","og_site_name":"Ofab","twitter_card":"summary_large_image","schema":{"@context":"https:\/\/schema.org","@graph":[{"@type":"WebPage","@id":"https:\/\/ofabskara.se\/no\/produkt\/belmondo-drain-cutter-walkpro\/","url":"https:\/\/ofabskara.se\/no\/produkt\/belmondo-drain-cutter-walkpro\/","name":"Belmondo Drain Gutter Walkpro - Ofab","isPartOf":{"@id":"https:\/\/ofabskara.se\/sv\/#website"},"primaryImageOfPage":{"@id":"https:\/\/ofabskara.se\/no\/produkt\/belmondo-drain-cutter-walkpro\/#primaryimage"},"image":{"@id":"https:\/\/ofabskara.se\/no\/produkt\/belmondo-drain-cutter-walkpro\/#primaryimage"},"thumbnailUrl":"https:\/\/ofabskara.se\/wp-content\/uploads\/2023\/09\/203150.png","datePublished":"2020-01-09T12:08:14+00:00","breadcrumb":{"@id":"https:\/\/ofabskara.se\/no\/produkt\/belmondo-drain-cutter-walkpro\/#breadcrumb"},"inLanguage":"nb-NO","potentialAction":[{"@type":"ReadAction","target":["https:\/\/ofabskara.se\/no\/produkt\/belmondo-drain-cutter-walkpro\/"]}]},{"@type":"ImageObject","inLanguage":"nb-NO","@id":"https:\/\/ofabskara.se\/no\/produkt\/belmondo-drain-cutter-walkpro\/#primaryimage","url":"https:\/\/ofabskara.se\/wp-content\/uploads\/2023\/09\/203150.png","contentUrl":"https:\/\/ofabskara.se\/wp-content\/uploads\/2023\/09\/203150.png","width":440,"height":440},{"@type":"BreadcrumbList","@id":"https:\/\/ofabskara.se\/no\/produkt\/belmondo-drain-cutter-walkpro\/#breadcrumb","itemListElement":[{"@type":"ListItem","position":1,"name":"Home","item":"https:\/\/ofabskara.se\/no\/"},{"@type":"ListItem","position":2,"name":"Butik","item":"https:\/\/ofabskara.se\/sv\/butik\/"},{"@type":"ListItem","position":3,"name":"Belmondo Drain Gutter Walkpro"}]},{"@type":"WebSite","@id":"https:\/\/ofabskara.se\/sv\/#website","url":"https:\/\/ofabskara.se\/sv\/","name":"Ofab","description":"","potentialAction":[{"@type":"SearchAction","target":{"@type":"EntryPoint","urlTemplate":"https:\/\/ofabskara.se\/sv\/?s={search_term_string}"},"query-input":{"@type":"PropertyValueSpecification","valueRequired":true,"valueName":"search_term_string"}}],"inLanguage":"nb-NO"}]}},"_links":{"self":[{"href":"https:\/\/ofabskara.se\/no\/wp-json\/wp\/v2\/product\/46123","targetHints":{"allow":["GET"]}}],"collection":[{"href":"https:\/\/ofabskara.se\/no\/wp-json\/wp\/v2\/product"}],"about":[{"href":"https:\/\/ofabskara.se\/no\/wp-json\/wp\/v2\/types\/product"}],"replies":[{"embeddable":true,"href":"https:\/\/ofabskara.se\/no\/wp-json\/wp\/v2\/comments?post=46123"}],"wp:featuredmedia":[{"embeddable":true,"href":"https:\/\/ofabskara.se\/no\/wp-json\/wp\/v2\/media\/9239"}],"wp:attachment":[{"href":"https:\/\/ofabskara.se\/no\/wp-json\/wp\/v2\/media?parent=46123"}],"wp:term":[{"taxonomy":"product_brand","embeddable":true,"href":"https:\/\/ofabskara.se\/no\/wp-json\/wp\/v2\/product_brand?post=46123"},{"taxonomy":"product_cat","embeddable":true,"href":"https:\/\/ofabskara.se\/no\/wp-json\/wp\/v2\/product_cat?post=46123"},{"taxonomy":"product_tag","embeddable":true,"href":"https:\/\/ofabskara.se\/no\/wp-json\/wp\/v2\/product_tag?post=46123"}],"curies":[{"name":"wp","href":"https:\/\/api.w.org\/{rel}","templated":true}]}}