{"id":46286,"date":"2017-05-17T12:08:10","date_gmt":"2017-05-17T10:08:10","guid":{"rendered":"https:\/\/ofabskara.se\/produkt\/vandbart-trag-4-platser\/"},"modified":"2017-05-17T12:08:10","modified_gmt":"2017-05-17T10:08:10","slug":"vandbart-trag-4-platser","status":"publish","type":"product","link":"https:\/\/ofabskara.se\/no\/produkt\/vandbart-trag-4-platser\/","title":{"rendered":"V\u00e4ndbart tr\u00e5g 4 platser"},"content":{"rendered":"","protected":false},"excerpt":{"rendered":"<ul>\n<li><strong>Kraftig st\u00e5lr\u00f6rsram f\u00f6r tr\u00e5g tillverkat i plast (HDPE) f\u00f6r fyra hinkar \u00d8 28,5 cm.<\/strong><\/li>\n<li><strong>Tippbart f\u00f6r enkel reng\u00f6rning.<\/strong><\/li>\n<li><strong>F\u00f6r l\u00e5sfront VE0401<\/strong><\/li>\n<li><strong>Vikt 17,5 kg<\/strong><\/li>\n<\/ul>\n","protected":false},"featured_media":7971,"comment_status":"closed","ping_status":"open","template":"","meta":{"_acf_changed":false,"inline_featured_image":false},"product_brand":[],"product_cat":[3006],"product_tag":[],"class_list":{"0":"post-46286","1":"product","2":"type-product","3":"status-publish","4":"has-post-thumbnail","6":"product_cat-notdjur","8":"first","9":"outofstock","10":"taxable","11":"shipping-taxable","12":"purchasable","13":"product-type-simple"},"acf":[],"yoast_head":"<!-- This site is optimized with the Yoast SEO plugin v24.4 - https:\/\/yoast.com\/wordpress\/plugins\/seo\/ -->\n<title>V\u00e4ndbart tr\u00e5g 4 platser - Ofab<\/title>\n<meta name=\"robots\" content=\"index, follow, max-snippet:-1, max-image-preview:large, max-video-preview:-1\" \/>\n<link rel=\"canonical\" href=\"https:\/\/ofabskara.se\/no\/produkt\/vandbart-trag-4-platser\/\" \/>\n<meta property=\"og:locale\" content=\"nb_NO\" \/>\n<meta property=\"og:type\" content=\"article\" \/>\n<meta property=\"og:title\" content=\"V\u00e4ndbart tr\u00e5g 4 platser - Ofab\" \/>\n<meta property=\"og:description\" content=\"Kraftig st\u00e5lr\u00f6rsram f\u00f6r tr\u00e5g tillverkat i plast (HDPE) f\u00f6r fyra hinkar \u00d8 28,5 cm.  Tippbart f\u00f6r enkel reng\u00f6rning.  F\u00f6r l\u00e5sfront VE0401  Vikt 17,5 kg\" \/>\n<meta property=\"og:url\" content=\"https:\/\/ofabskara.se\/no\/produkt\/vandbart-trag-4-platser\/\" \/>\n<meta property=\"og:site_name\" content=\"Ofab\" \/>\n<meta name=\"twitter:card\" content=\"summary_large_image\" \/>\n<script type=\"application\/ld+json\" class=\"yoast-schema-graph\">{\"@context\":\"https:\/\/schema.org\",\"@graph\":[{\"@type\":\"WebPage\",\"@id\":\"https:\/\/ofabskara.se\/no\/produkt\/vandbart-trag-4-platser\/\",\"url\":\"https:\/\/ofabskara.se\/no\/produkt\/vandbart-trag-4-platser\/\",\"name\":\"V\u00e4ndbart tr\u00e5g 4 platser - Ofab\",\"isPartOf\":{\"@id\":\"https:\/\/ofabskara.se\/sv\/#website\"},\"primaryImageOfPage\":{\"@id\":\"https:\/\/ofabskara.se\/no\/produkt\/vandbart-trag-4-platser\/#primaryimage\"},\"image\":{\"@id\":\"https:\/\/ofabskara.se\/no\/produkt\/vandbart-trag-4-platser\/#primaryimage\"},\"thumbnailUrl\":\"https:\/\/ofabskara.se\/wp-content\/uploads\/2023\/09\/ve2404-1.jpg\",\"datePublished\":\"2017-05-17T10:08:10+00:00\",\"breadcrumb\":{\"@id\":\"https:\/\/ofabskara.se\/no\/produkt\/vandbart-trag-4-platser\/#breadcrumb\"},\"inLanguage\":\"nb-NO\",\"potentialAction\":[{\"@type\":\"ReadAction\",\"target\":[\"https:\/\/ofabskara.se\/no\/produkt\/vandbart-trag-4-platser\/\"]}]},{\"@type\":\"ImageObject\",\"inLanguage\":\"nb-NO\",\"@id\":\"https:\/\/ofabskara.se\/no\/produkt\/vandbart-trag-4-platser\/#primaryimage\",\"url\":\"https:\/\/ofabskara.se\/wp-content\/uploads\/2023\/09\/ve2404-1.jpg\",\"contentUrl\":\"https:\/\/ofabskara.se\/wp-content\/uploads\/2023\/09\/ve2404-1.jpg\",\"width\":1126,\"height\":796},{\"@type\":\"BreadcrumbList\",\"@id\":\"https:\/\/ofabskara.se\/no\/produkt\/vandbart-trag-4-platser\/#breadcrumb\",\"itemListElement\":[{\"@type\":\"ListItem\",\"position\":1,\"name\":\"Home\",\"item\":\"https:\/\/ofabskara.se\/no\/\"},{\"@type\":\"ListItem\",\"position\":2,\"name\":\"Butik\",\"item\":\"https:\/\/ofabskara.se\/sv\/butik\/\"},{\"@type\":\"ListItem\",\"position\":3,\"name\":\"V\u00e4ndbart tr\u00e5g 4 platser\"}]},{\"@type\":\"WebSite\",\"@id\":\"https:\/\/ofabskara.se\/sv\/#website\",\"url\":\"https:\/\/ofabskara.se\/sv\/\",\"name\":\"Ofab\",\"description\":\"\",\"potentialAction\":[{\"@type\":\"SearchAction\",\"target\":{\"@type\":\"EntryPoint\",\"urlTemplate\":\"https:\/\/ofabskara.se\/sv\/?s={search_term_string}\"},\"query-input\":{\"@type\":\"PropertyValueSpecification\",\"valueRequired\":true,\"valueName\":\"search_term_string\"}}],\"inLanguage\":\"nb-NO\"}]}<\/script>\n<!-- \/ Yoast SEO plugin. -->","yoast_head_json":{"title":"V\u00e4ndbart tr\u00e5g 4 platser - Ofab","robots":{"index":"index","follow":"follow","max-snippet":"max-snippet:-1","max-image-preview":"max-image-preview:large","max-video-preview":"max-video-preview:-1"},"canonical":"https:\/\/ofabskara.se\/no\/produkt\/vandbart-trag-4-platser\/","og_locale":"nb_NO","og_type":"article","og_title":"V\u00e4ndbart tr\u00e5g 4 platser - Ofab","og_description":"Kraftig st\u00e5lr\u00f6rsram f\u00f6r tr\u00e5g tillverkat i plast (HDPE) f\u00f6r fyra hinkar \u00d8 28,5 cm.  Tippbart f\u00f6r enkel reng\u00f6rning.  F\u00f6r l\u00e5sfront VE0401  Vikt 17,5 kg","og_url":"https:\/\/ofabskara.se\/no\/produkt\/vandbart-trag-4-platser\/","og_site_name":"Ofab","twitter_card":"summary_large_image","schema":{"@context":"https:\/\/schema.org","@graph":[{"@type":"WebPage","@id":"https:\/\/ofabskara.se\/no\/produkt\/vandbart-trag-4-platser\/","url":"https:\/\/ofabskara.se\/no\/produkt\/vandbart-trag-4-platser\/","name":"V\u00e4ndbart tr\u00e5g 4 platser - Ofab","isPartOf":{"@id":"https:\/\/ofabskara.se\/sv\/#website"},"primaryImageOfPage":{"@id":"https:\/\/ofabskara.se\/no\/produkt\/vandbart-trag-4-platser\/#primaryimage"},"image":{"@id":"https:\/\/ofabskara.se\/no\/produkt\/vandbart-trag-4-platser\/#primaryimage"},"thumbnailUrl":"https:\/\/ofabskara.se\/wp-content\/uploads\/2023\/09\/ve2404-1.jpg","datePublished":"2017-05-17T10:08:10+00:00","breadcrumb":{"@id":"https:\/\/ofabskara.se\/no\/produkt\/vandbart-trag-4-platser\/#breadcrumb"},"inLanguage":"nb-NO","potentialAction":[{"@type":"ReadAction","target":["https:\/\/ofabskara.se\/no\/produkt\/vandbart-trag-4-platser\/"]}]},{"@type":"ImageObject","inLanguage":"nb-NO","@id":"https:\/\/ofabskara.se\/no\/produkt\/vandbart-trag-4-platser\/#primaryimage","url":"https:\/\/ofabskara.se\/wp-content\/uploads\/2023\/09\/ve2404-1.jpg","contentUrl":"https:\/\/ofabskara.se\/wp-content\/uploads\/2023\/09\/ve2404-1.jpg","width":1126,"height":796},{"@type":"BreadcrumbList","@id":"https:\/\/ofabskara.se\/no\/produkt\/vandbart-trag-4-platser\/#breadcrumb","itemListElement":[{"@type":"ListItem","position":1,"name":"Home","item":"https:\/\/ofabskara.se\/no\/"},{"@type":"ListItem","position":2,"name":"Butik","item":"https:\/\/ofabskara.se\/sv\/butik\/"},{"@type":"ListItem","position":3,"name":"V\u00e4ndbart tr\u00e5g 4 platser"}]},{"@type":"WebSite","@id":"https:\/\/ofabskara.se\/sv\/#website","url":"https:\/\/ofabskara.se\/sv\/","name":"Ofab","description":"","potentialAction":[{"@type":"SearchAction","target":{"@type":"EntryPoint","urlTemplate":"https:\/\/ofabskara.se\/sv\/?s={search_term_string}"},"query-input":{"@type":"PropertyValueSpecification","valueRequired":true,"valueName":"search_term_string"}}],"inLanguage":"nb-NO"}]}},"_links":{"self":[{"href":"https:\/\/ofabskara.se\/no\/wp-json\/wp\/v2\/product\/46286","targetHints":{"allow":["GET"]}}],"collection":[{"href":"https:\/\/ofabskara.se\/no\/wp-json\/wp\/v2\/product"}],"about":[{"href":"https:\/\/ofabskara.se\/no\/wp-json\/wp\/v2\/types\/product"}],"replies":[{"embeddable":true,"href":"https:\/\/ofabskara.se\/no\/wp-json\/wp\/v2\/comments?post=46286"}],"wp:featuredmedia":[{"embeddable":true,"href":"https:\/\/ofabskara.se\/no\/wp-json\/wp\/v2\/media\/7971"}],"wp:attachment":[{"href":"https:\/\/ofabskara.se\/no\/wp-json\/wp\/v2\/media?parent=46286"}],"wp:term":[{"taxonomy":"product_brand","embeddable":true,"href":"https:\/\/ofabskara.se\/no\/wp-json\/wp\/v2\/product_brand?post=46286"},{"taxonomy":"product_cat","embeddable":true,"href":"https:\/\/ofabskara.se\/no\/wp-json\/wp\/v2\/product_cat?post=46286"},{"taxonomy":"product_tag","embeddable":true,"href":"https:\/\/ofabskara.se\/no\/wp-json\/wp\/v2\/product_tag?post=46286"}],"curies":[{"name":"wp","href":"https:\/\/api.w.org\/{rel}","templated":true}]}}