{"id":46435,"date":"2017-05-16T08:49:14","date_gmt":"2017-05-16T06:49:14","guid":{"rendered":"https:\/\/ofabskara.se\/produkt\/strava-for-grindar\/"},"modified":"2017-05-16T08:49:14","modified_gmt":"2017-05-16T06:49:14","slug":"strava-for-grindar","status":"publish","type":"product","link":"https:\/\/ofabskara.se\/no\/produkt\/strava-for-grindar\/","title":{"rendered":"Str\u00e4va f\u00f6r grind med k\u00e4tting"},"content":{"rendered":"<p>Str\u00e4va f\u00f6r grindar med 8m k\u00e4tting, r\u00f6rkl\u00e4mma, vantskruv, schackel och \u00f6glemutter. Vikt 5kg.<\/p>\n","protected":false},"excerpt":{"rendered":"<p>Str\u00e4va f\u00f6r grindar med 8m k\u00e4tting, r\u00f6rkl\u00e4mma, vantskruv, schackel och \u00f6glemutter. Vikt 5kg.<\/p>\n","protected":false},"featured_media":7312,"comment_status":"closed","ping_status":"open","template":"","meta":{"_acf_changed":false,"inline_featured_image":false},"product_brand":[],"product_cat":[3006,3535],"product_tag":[],"class_list":{"0":"post-46435","1":"product","2":"type-product","3":"status-publish","4":"has-post-thumbnail","6":"product_cat-notdjur","7":"product_cat-specialbeslag-for-grindar-tillbehor-for-grindar","8":"pa_katting-8-m","10":"first","11":"instock","12":"taxable","13":"shipping-taxable","14":"purchasable","15":"product-type-simple"},"acf":[],"yoast_head":"<!-- This site is optimized with the Yoast SEO plugin v24.4 - https:\/\/yoast.com\/wordpress\/plugins\/seo\/ -->\n<title>Str\u00e4va f\u00f6r grind med k\u00e4tting - Ofab<\/title>\n<meta name=\"robots\" content=\"index, follow, max-snippet:-1, max-image-preview:large, max-video-preview:-1\" \/>\n<link rel=\"canonical\" href=\"https:\/\/ofabskara.se\/no\/produkt\/strava-for-grindar\/\" \/>\n<meta property=\"og:locale\" content=\"nb_NO\" \/>\n<meta property=\"og:type\" content=\"article\" \/>\n<meta property=\"og:title\" content=\"Str\u00e4va f\u00f6r grind med k\u00e4tting - Ofab\" \/>\n<meta property=\"og:description\" content=\"Str\u00e4va f\u00f6r grindar med 8m k\u00e4tting, r\u00f6rkl\u00e4mma, vantskruv, schackel och \u00f6glemutter. Vikt 5kg.\" \/>\n<meta property=\"og:url\" content=\"https:\/\/ofabskara.se\/no\/produkt\/strava-for-grindar\/\" \/>\n<meta property=\"og:site_name\" content=\"Ofab\" \/>\n<meta name=\"twitter:card\" content=\"summary_large_image\" \/>\n<script type=\"application\/ld+json\" class=\"yoast-schema-graph\">{\"@context\":\"https:\/\/schema.org\",\"@graph\":[{\"@type\":\"WebPage\",\"@id\":\"https:\/\/ofabskara.se\/no\/produkt\/strava-for-grindar\/\",\"url\":\"https:\/\/ofabskara.se\/no\/produkt\/strava-for-grindar\/\",\"name\":\"Str\u00e4va f\u00f6r grind med k\u00e4tting - Ofab\",\"isPartOf\":{\"@id\":\"https:\/\/ofabskara.se\/sv\/#website\"},\"primaryImageOfPage\":{\"@id\":\"https:\/\/ofabskara.se\/no\/produkt\/strava-for-grindar\/#primaryimage\"},\"image\":{\"@id\":\"https:\/\/ofabskara.se\/no\/produkt\/strava-for-grindar\/#primaryimage\"},\"thumbnailUrl\":\"https:\/\/ofabskara.se\/wp-content\/uploads\/2023\/09\/303450-Patura_Abhaengung_fuer_Tore_mit_8_m_Kette_Vollschelle_Spannschloss_Schaekel_-1-6182a53899700.jpg\",\"datePublished\":\"2017-05-16T06:49:14+00:00\",\"breadcrumb\":{\"@id\":\"https:\/\/ofabskara.se\/no\/produkt\/strava-for-grindar\/#breadcrumb\"},\"inLanguage\":\"nb-NO\",\"potentialAction\":[{\"@type\":\"ReadAction\",\"target\":[\"https:\/\/ofabskara.se\/no\/produkt\/strava-for-grindar\/\"]}]},{\"@type\":\"ImageObject\",\"inLanguage\":\"nb-NO\",\"@id\":\"https:\/\/ofabskara.se\/no\/produkt\/strava-for-grindar\/#primaryimage\",\"url\":\"https:\/\/ofabskara.se\/wp-content\/uploads\/2023\/09\/303450-Patura_Abhaengung_fuer_Tore_mit_8_m_Kette_Vollschelle_Spannschloss_Schaekel_-1-6182a53899700.jpg\",\"contentUrl\":\"https:\/\/ofabskara.se\/wp-content\/uploads\/2023\/09\/303450-Patura_Abhaengung_fuer_Tore_mit_8_m_Kette_Vollschelle_Spannschloss_Schaekel_-1-6182a53899700.jpg\",\"width\":800,\"height\":517},{\"@type\":\"BreadcrumbList\",\"@id\":\"https:\/\/ofabskara.se\/no\/produkt\/strava-for-grindar\/#breadcrumb\",\"itemListElement\":[{\"@type\":\"ListItem\",\"position\":1,\"name\":\"Home\",\"item\":\"https:\/\/ofabskara.se\/no\/\"},{\"@type\":\"ListItem\",\"position\":2,\"name\":\"Butik\",\"item\":\"https:\/\/ofabskara.se\/sv\/butik\/\"},{\"@type\":\"ListItem\",\"position\":3,\"name\":\"Str\u00e4va f\u00f6r grind med k\u00e4tting\"}]},{\"@type\":\"WebSite\",\"@id\":\"https:\/\/ofabskara.se\/sv\/#website\",\"url\":\"https:\/\/ofabskara.se\/sv\/\",\"name\":\"Ofab\",\"description\":\"\",\"potentialAction\":[{\"@type\":\"SearchAction\",\"target\":{\"@type\":\"EntryPoint\",\"urlTemplate\":\"https:\/\/ofabskara.se\/sv\/?s={search_term_string}\"},\"query-input\":{\"@type\":\"PropertyValueSpecification\",\"valueRequired\":true,\"valueName\":\"search_term_string\"}}],\"inLanguage\":\"nb-NO\"}]}<\/script>\n<!-- \/ Yoast SEO plugin. -->","yoast_head_json":{"title":"Str\u00e4va f\u00f6r grind med k\u00e4tting - Ofab","robots":{"index":"index","follow":"follow","max-snippet":"max-snippet:-1","max-image-preview":"max-image-preview:large","max-video-preview":"max-video-preview:-1"},"canonical":"https:\/\/ofabskara.se\/no\/produkt\/strava-for-grindar\/","og_locale":"nb_NO","og_type":"article","og_title":"Str\u00e4va f\u00f6r grind med k\u00e4tting - Ofab","og_description":"Str\u00e4va f\u00f6r grindar med 8m k\u00e4tting, r\u00f6rkl\u00e4mma, vantskruv, schackel och \u00f6glemutter. Vikt 5kg.","og_url":"https:\/\/ofabskara.se\/no\/produkt\/strava-for-grindar\/","og_site_name":"Ofab","twitter_card":"summary_large_image","schema":{"@context":"https:\/\/schema.org","@graph":[{"@type":"WebPage","@id":"https:\/\/ofabskara.se\/no\/produkt\/strava-for-grindar\/","url":"https:\/\/ofabskara.se\/no\/produkt\/strava-for-grindar\/","name":"Str\u00e4va f\u00f6r grind med k\u00e4tting - Ofab","isPartOf":{"@id":"https:\/\/ofabskara.se\/sv\/#website"},"primaryImageOfPage":{"@id":"https:\/\/ofabskara.se\/no\/produkt\/strava-for-grindar\/#primaryimage"},"image":{"@id":"https:\/\/ofabskara.se\/no\/produkt\/strava-for-grindar\/#primaryimage"},"thumbnailUrl":"https:\/\/ofabskara.se\/wp-content\/uploads\/2023\/09\/303450-Patura_Abhaengung_fuer_Tore_mit_8_m_Kette_Vollschelle_Spannschloss_Schaekel_-1-6182a53899700.jpg","datePublished":"2017-05-16T06:49:14+00:00","breadcrumb":{"@id":"https:\/\/ofabskara.se\/no\/produkt\/strava-for-grindar\/#breadcrumb"},"inLanguage":"nb-NO","potentialAction":[{"@type":"ReadAction","target":["https:\/\/ofabskara.se\/no\/produkt\/strava-for-grindar\/"]}]},{"@type":"ImageObject","inLanguage":"nb-NO","@id":"https:\/\/ofabskara.se\/no\/produkt\/strava-for-grindar\/#primaryimage","url":"https:\/\/ofabskara.se\/wp-content\/uploads\/2023\/09\/303450-Patura_Abhaengung_fuer_Tore_mit_8_m_Kette_Vollschelle_Spannschloss_Schaekel_-1-6182a53899700.jpg","contentUrl":"https:\/\/ofabskara.se\/wp-content\/uploads\/2023\/09\/303450-Patura_Abhaengung_fuer_Tore_mit_8_m_Kette_Vollschelle_Spannschloss_Schaekel_-1-6182a53899700.jpg","width":800,"height":517},{"@type":"BreadcrumbList","@id":"https:\/\/ofabskara.se\/no\/produkt\/strava-for-grindar\/#breadcrumb","itemListElement":[{"@type":"ListItem","position":1,"name":"Home","item":"https:\/\/ofabskara.se\/no\/"},{"@type":"ListItem","position":2,"name":"Butik","item":"https:\/\/ofabskara.se\/sv\/butik\/"},{"@type":"ListItem","position":3,"name":"Str\u00e4va f\u00f6r grind med k\u00e4tting"}]},{"@type":"WebSite","@id":"https:\/\/ofabskara.se\/sv\/#website","url":"https:\/\/ofabskara.se\/sv\/","name":"Ofab","description":"","potentialAction":[{"@type":"SearchAction","target":{"@type":"EntryPoint","urlTemplate":"https:\/\/ofabskara.se\/sv\/?s={search_term_string}"},"query-input":{"@type":"PropertyValueSpecification","valueRequired":true,"valueName":"search_term_string"}}],"inLanguage":"nb-NO"}]}},"_links":{"self":[{"href":"https:\/\/ofabskara.se\/no\/wp-json\/wp\/v2\/product\/46435","targetHints":{"allow":["GET"]}}],"collection":[{"href":"https:\/\/ofabskara.se\/no\/wp-json\/wp\/v2\/product"}],"about":[{"href":"https:\/\/ofabskara.se\/no\/wp-json\/wp\/v2\/types\/product"}],"replies":[{"embeddable":true,"href":"https:\/\/ofabskara.se\/no\/wp-json\/wp\/v2\/comments?post=46435"}],"wp:featuredmedia":[{"embeddable":true,"href":"https:\/\/ofabskara.se\/no\/wp-json\/wp\/v2\/media\/7312"}],"wp:attachment":[{"href":"https:\/\/ofabskara.se\/no\/wp-json\/wp\/v2\/media?parent=46435"}],"wp:term":[{"taxonomy":"product_brand","embeddable":true,"href":"https:\/\/ofabskara.se\/no\/wp-json\/wp\/v2\/product_brand?post=46435"},{"taxonomy":"product_cat","embeddable":true,"href":"https:\/\/ofabskara.se\/no\/wp-json\/wp\/v2\/product_cat?post=46435"},{"taxonomy":"product_tag","embeddable":true,"href":"https:\/\/ofabskara.se\/no\/wp-json\/wp\/v2\/product_tag?post=46435"}],"curies":[{"name":"wp","href":"https:\/\/api.w.org\/{rel}","templated":true}]}}