{"id":46461,"date":"2017-05-16T08:47:58","date_gmt":"2017-05-16T06:47:58","guid":{"rendered":"https:\/\/ofabskara.se\/produkt\/fodertrag-mod-1600\/"},"modified":"2017-05-16T08:47:58","modified_gmt":"2017-05-16T06:47:58","slug":"fodertrag-mod-1600","status":"publish","type":"product","link":"https:\/\/ofabskara.se\/no\/produkt\/fodertrag-mod-1600\/","title":{"rendered":"Plasttr\u00e5g 1600 f\u00f6r r\u00f6rmontage"},"content":{"rendered":"","protected":false},"excerpt":{"rendered":"<p><strong>Fodertr\u00e5g 1600 f\u00f6r kalvar och f\u00e5r <\/strong><br \/>\nHelgjutna fodertr\u00e5g i bits\u00e4ker, giftfri och slagfast pp-plast. Mod. 1600 \u00e4r utformat f\u00f6r att h\u00e4ngas \u00f6ver t.ex. ett r\u00f6r och d\u00e4rf\u00f6r l\u00e4tt att ta bort f\u00f6r reng\u00f6ring.<\/p>\n","protected":false},"featured_media":7278,"comment_status":"closed","ping_status":"open","template":"","meta":{"_acf_changed":false,"inline_featured_image":false},"product_brand":[],"product_cat":[3006],"product_tag":[],"class_list":{"0":"post-46461","1":"product","2":"type-product","3":"status-publish","4":"has-post-thumbnail","6":"product_cat-notdjur","7":"pa_bredd-510-mm","8":"pa_byggmatt-vagg-och-ut-450-mm","9":"pa_farg-brun","10":"pa_hojd-280-mm","11":"pa_langd-1600-mm","12":"pa_volym-120-liter","14":"first","15":"instock","16":"taxable","17":"shipping-taxable","18":"purchasable","19":"product-type-simple"},"acf":[],"yoast_head":"<!-- This site is optimized with the Yoast SEO plugin v24.4 - https:\/\/yoast.com\/wordpress\/plugins\/seo\/ -->\n<title>Plasttr\u00e5g 1600 f\u00f6r r\u00f6rmontage - Ofab<\/title>\n<meta name=\"robots\" content=\"index, follow, max-snippet:-1, max-image-preview:large, max-video-preview:-1\" \/>\n<link rel=\"canonical\" href=\"https:\/\/ofabskara.se\/no\/produkt\/fodertrag-mod-1600\/\" \/>\n<meta property=\"og:locale\" content=\"nb_NO\" \/>\n<meta property=\"og:type\" content=\"article\" \/>\n<meta property=\"og:title\" content=\"Plasttr\u00e5g 1600 f\u00f6r r\u00f6rmontage - Ofab\" \/>\n<meta property=\"og:description\" content=\"Fodertr\u00e5g 1600 f\u00f6r kalvar och f\u00e5r Helgjutna fodertr\u00e5g i bits\u00e4ker, giftfri och slagfast pp-plast. Mod. 1600 \u00e4r utformat f\u00f6r att h\u00e4ngas \u00f6ver t.ex. ett r\u00f6r och d\u00e4rf\u00f6r l\u00e4tt att ta bort f\u00f6r reng\u00f6ring.\" \/>\n<meta property=\"og:url\" content=\"https:\/\/ofabskara.se\/no\/produkt\/fodertrag-mod-1600\/\" \/>\n<meta property=\"og:site_name\" content=\"Ofab\" \/>\n<meta name=\"twitter:card\" content=\"summary_large_image\" \/>\n<script type=\"application\/ld+json\" class=\"yoast-schema-graph\">{\"@context\":\"https:\/\/schema.org\",\"@graph\":[{\"@type\":\"WebPage\",\"@id\":\"https:\/\/ofabskara.se\/no\/produkt\/fodertrag-mod-1600\/\",\"url\":\"https:\/\/ofabskara.se\/no\/produkt\/fodertrag-mod-1600\/\",\"name\":\"Plasttr\u00e5g 1600 f\u00f6r r\u00f6rmontage - Ofab\",\"isPartOf\":{\"@id\":\"https:\/\/ofabskara.se\/sv\/#website\"},\"primaryImageOfPage\":{\"@id\":\"https:\/\/ofabskara.se\/no\/produkt\/fodertrag-mod-1600\/#primaryimage\"},\"image\":{\"@id\":\"https:\/\/ofabskara.se\/no\/produkt\/fodertrag-mod-1600\/#primaryimage\"},\"thumbnailUrl\":\"https:\/\/ofabskara.se\/wp-content\/uploads\/2023\/09\/212075.jpg\",\"datePublished\":\"2017-05-16T06:47:58+00:00\",\"breadcrumb\":{\"@id\":\"https:\/\/ofabskara.se\/no\/produkt\/fodertrag-mod-1600\/#breadcrumb\"},\"inLanguage\":\"nb-NO\",\"potentialAction\":[{\"@type\":\"ReadAction\",\"target\":[\"https:\/\/ofabskara.se\/no\/produkt\/fodertrag-mod-1600\/\"]}]},{\"@type\":\"ImageObject\",\"inLanguage\":\"nb-NO\",\"@id\":\"https:\/\/ofabskara.se\/no\/produkt\/fodertrag-mod-1600\/#primaryimage\",\"url\":\"https:\/\/ofabskara.se\/wp-content\/uploads\/2023\/09\/212075.jpg\",\"contentUrl\":\"https:\/\/ofabskara.se\/wp-content\/uploads\/2023\/09\/212075.jpg\",\"width\":600,\"height\":600},{\"@type\":\"BreadcrumbList\",\"@id\":\"https:\/\/ofabskara.se\/no\/produkt\/fodertrag-mod-1600\/#breadcrumb\",\"itemListElement\":[{\"@type\":\"ListItem\",\"position\":1,\"name\":\"Home\",\"item\":\"https:\/\/ofabskara.se\/no\/\"},{\"@type\":\"ListItem\",\"position\":2,\"name\":\"Butik\",\"item\":\"https:\/\/ofabskara.se\/sv\/butik\/\"},{\"@type\":\"ListItem\",\"position\":3,\"name\":\"Plasttr\u00e5g 1600 f\u00f6r r\u00f6rmontage\"}]},{\"@type\":\"WebSite\",\"@id\":\"https:\/\/ofabskara.se\/sv\/#website\",\"url\":\"https:\/\/ofabskara.se\/sv\/\",\"name\":\"Ofab\",\"description\":\"\",\"potentialAction\":[{\"@type\":\"SearchAction\",\"target\":{\"@type\":\"EntryPoint\",\"urlTemplate\":\"https:\/\/ofabskara.se\/sv\/?s={search_term_string}\"},\"query-input\":{\"@type\":\"PropertyValueSpecification\",\"valueRequired\":true,\"valueName\":\"search_term_string\"}}],\"inLanguage\":\"nb-NO\"}]}<\/script>\n<!-- \/ Yoast SEO plugin. -->","yoast_head_json":{"title":"Plasttr\u00e5g 1600 f\u00f6r r\u00f6rmontage - Ofab","robots":{"index":"index","follow":"follow","max-snippet":"max-snippet:-1","max-image-preview":"max-image-preview:large","max-video-preview":"max-video-preview:-1"},"canonical":"https:\/\/ofabskara.se\/no\/produkt\/fodertrag-mod-1600\/","og_locale":"nb_NO","og_type":"article","og_title":"Plasttr\u00e5g 1600 f\u00f6r r\u00f6rmontage - Ofab","og_description":"Fodertr\u00e5g 1600 f\u00f6r kalvar och f\u00e5r Helgjutna fodertr\u00e5g i bits\u00e4ker, giftfri och slagfast pp-plast. Mod. 1600 \u00e4r utformat f\u00f6r att h\u00e4ngas \u00f6ver t.ex. ett r\u00f6r och d\u00e4rf\u00f6r l\u00e4tt att ta bort f\u00f6r reng\u00f6ring.","og_url":"https:\/\/ofabskara.se\/no\/produkt\/fodertrag-mod-1600\/","og_site_name":"Ofab","twitter_card":"summary_large_image","schema":{"@context":"https:\/\/schema.org","@graph":[{"@type":"WebPage","@id":"https:\/\/ofabskara.se\/no\/produkt\/fodertrag-mod-1600\/","url":"https:\/\/ofabskara.se\/no\/produkt\/fodertrag-mod-1600\/","name":"Plasttr\u00e5g 1600 f\u00f6r r\u00f6rmontage - Ofab","isPartOf":{"@id":"https:\/\/ofabskara.se\/sv\/#website"},"primaryImageOfPage":{"@id":"https:\/\/ofabskara.se\/no\/produkt\/fodertrag-mod-1600\/#primaryimage"},"image":{"@id":"https:\/\/ofabskara.se\/no\/produkt\/fodertrag-mod-1600\/#primaryimage"},"thumbnailUrl":"https:\/\/ofabskara.se\/wp-content\/uploads\/2023\/09\/212075.jpg","datePublished":"2017-05-16T06:47:58+00:00","breadcrumb":{"@id":"https:\/\/ofabskara.se\/no\/produkt\/fodertrag-mod-1600\/#breadcrumb"},"inLanguage":"nb-NO","potentialAction":[{"@type":"ReadAction","target":["https:\/\/ofabskara.se\/no\/produkt\/fodertrag-mod-1600\/"]}]},{"@type":"ImageObject","inLanguage":"nb-NO","@id":"https:\/\/ofabskara.se\/no\/produkt\/fodertrag-mod-1600\/#primaryimage","url":"https:\/\/ofabskara.se\/wp-content\/uploads\/2023\/09\/212075.jpg","contentUrl":"https:\/\/ofabskara.se\/wp-content\/uploads\/2023\/09\/212075.jpg","width":600,"height":600},{"@type":"BreadcrumbList","@id":"https:\/\/ofabskara.se\/no\/produkt\/fodertrag-mod-1600\/#breadcrumb","itemListElement":[{"@type":"ListItem","position":1,"name":"Home","item":"https:\/\/ofabskara.se\/no\/"},{"@type":"ListItem","position":2,"name":"Butik","item":"https:\/\/ofabskara.se\/sv\/butik\/"},{"@type":"ListItem","position":3,"name":"Plasttr\u00e5g 1600 f\u00f6r r\u00f6rmontage"}]},{"@type":"WebSite","@id":"https:\/\/ofabskara.se\/sv\/#website","url":"https:\/\/ofabskara.se\/sv\/","name":"Ofab","description":"","potentialAction":[{"@type":"SearchAction","target":{"@type":"EntryPoint","urlTemplate":"https:\/\/ofabskara.se\/sv\/?s={search_term_string}"},"query-input":{"@type":"PropertyValueSpecification","valueRequired":true,"valueName":"search_term_string"}}],"inLanguage":"nb-NO"}]}},"_links":{"self":[{"href":"https:\/\/ofabskara.se\/no\/wp-json\/wp\/v2\/product\/46461","targetHints":{"allow":["GET"]}}],"collection":[{"href":"https:\/\/ofabskara.se\/no\/wp-json\/wp\/v2\/product"}],"about":[{"href":"https:\/\/ofabskara.se\/no\/wp-json\/wp\/v2\/types\/product"}],"replies":[{"embeddable":true,"href":"https:\/\/ofabskara.se\/no\/wp-json\/wp\/v2\/comments?post=46461"}],"wp:featuredmedia":[{"embeddable":true,"href":"https:\/\/ofabskara.se\/no\/wp-json\/wp\/v2\/media\/7278"}],"wp:attachment":[{"href":"https:\/\/ofabskara.se\/no\/wp-json\/wp\/v2\/media?parent=46461"}],"wp:term":[{"taxonomy":"product_brand","embeddable":true,"href":"https:\/\/ofabskara.se\/no\/wp-json\/wp\/v2\/product_brand?post=46461"},{"taxonomy":"product_cat","embeddable":true,"href":"https:\/\/ofabskara.se\/no\/wp-json\/wp\/v2\/product_cat?post=46461"},{"taxonomy":"product_tag","embeddable":true,"href":"https:\/\/ofabskara.se\/no\/wp-json\/wp\/v2\/product_tag?post=46461"}],"curies":[{"name":"wp","href":"https:\/\/api.w.org\/{rel}","templated":true}]}}