{"id":46462,"date":"2017-05-16T08:47:58","date_gmt":"2017-05-16T06:47:58","guid":{"rendered":"https:\/\/ofabskara.se\/produkt\/suevia-model-41a-180w\/"},"modified":"2017-05-16T08:47:58","modified_gmt":"2017-05-16T06:47:58","slug":"suevia-model-41a-180w","status":"publish","type":"product","link":"https:\/\/ofabskara.se\/no\/produkt\/suevia-model-41a-180w\/","title":{"rendered":"Vattenkopp Suevia 41A 180W"},"content":{"rendered":"","protected":false},"excerpt":{"rendered":"<h3>ART NR 142010<\/h3>\n<p>Med tryckklaff. Monteras l\u00e4mpligen i ett thermor\u00f6r med inv\u00e4ndig diameter av 30 cm. V\u00e4rmeslinga 24 V\/180 W. El- och vattenanslutningar sker fr\u00e5n undersidan. Frostfri ner till ca -35\u00b0C. Sk\u00e5lens diameter \u00e4r 230 mm. Vattengiva vid 4 kg tryck \u00e4r reglerbart upp till 15 liter\/minut. Olika munstycke medf\u00f6ljer f\u00f6r att byta givan. En kopp \u00e4r l\u00e4mplig f\u00f6r 15-20 djur.<\/p>\n","protected":false},"featured_media":7279,"comment_status":"closed","ping_status":"closed","template":"","meta":{"_acf_changed":false,"inline_featured_image":false},"product_brand":[],"product_cat":[3003,3002],"product_tag":[],"class_list":{"0":"post-46462","1":"product","2":"type-product","3":"status-publish","4":"has-post-thumbnail","6":"product_cat-elvattenkoppar","7":"product_cat-vattensystem","8":"product_shipping_class-kartongfrakt","10":"first","11":"instock","12":"taxable","13":"shipping-taxable","14":"purchasable","15":"product-type-simple"},"acf":[],"yoast_head":"<!-- This site is optimized with the Yoast SEO plugin v24.4 - https:\/\/yoast.com\/wordpress\/plugins\/seo\/ -->\n<title>Vattenkopp Suevia 41A 180W - Ofab<\/title>\n<meta name=\"robots\" content=\"index, follow, max-snippet:-1, max-image-preview:large, max-video-preview:-1\" \/>\n<link rel=\"canonical\" href=\"https:\/\/ofabskara.se\/no\/produkt\/suevia-model-41a-180w\/\" \/>\n<meta property=\"og:locale\" content=\"nb_NO\" \/>\n<meta property=\"og:type\" content=\"article\" \/>\n<meta property=\"og:title\" content=\"Vattenkopp Suevia 41A 180W - Ofab\" \/>\n<meta property=\"og:description\" content=\"ART NR 142010 Med tryckklaff. Monteras l\u00e4mpligen i ett thermor\u00f6r med inv\u00e4ndig diameter av 30 cm. V\u00e4rmeslinga 24 V\/180 W. El- och vattenanslutningar sker fr\u00e5n undersidan. Frostfri ner till ca -35\u00b0C. Sk\u00e5lens diameter \u00e4r 230 mm. Vattengiva vid 4 kg tryck \u00e4r reglerbart upp till 15 liter\/minut. Olika munstycke medf\u00f6ljer f\u00f6r att byta givan. En kopp \u00e4r l\u00e4mplig f\u00f6r 15-20 djur.\" \/>\n<meta property=\"og:url\" content=\"https:\/\/ofabskara.se\/no\/produkt\/suevia-model-41a-180w\/\" \/>\n<meta property=\"og:site_name\" content=\"Ofab\" \/>\n<meta name=\"twitter:card\" content=\"summary_large_image\" \/>\n<script type=\"application\/ld+json\" class=\"yoast-schema-graph\">{\"@context\":\"https:\/\/schema.org\",\"@graph\":[{\"@type\":\"WebPage\",\"@id\":\"https:\/\/ofabskara.se\/no\/produkt\/suevia-model-41a-180w\/\",\"url\":\"https:\/\/ofabskara.se\/no\/produkt\/suevia-model-41a-180w\/\",\"name\":\"Vattenkopp Suevia 41A 180W - Ofab\",\"isPartOf\":{\"@id\":\"https:\/\/ofabskara.se\/sv\/#website\"},\"primaryImageOfPage\":{\"@id\":\"https:\/\/ofabskara.se\/no\/produkt\/suevia-model-41a-180w\/#primaryimage\"},\"image\":{\"@id\":\"https:\/\/ofabskara.se\/no\/produkt\/suevia-model-41a-180w\/#primaryimage\"},\"thumbnailUrl\":\"https:\/\/ofabskara.se\/wp-content\/uploads\/2023\/09\/model041_1.jpg\",\"datePublished\":\"2017-05-16T06:47:58+00:00\",\"breadcrumb\":{\"@id\":\"https:\/\/ofabskara.se\/no\/produkt\/suevia-model-41a-180w\/#breadcrumb\"},\"inLanguage\":\"nb-NO\",\"potentialAction\":[{\"@type\":\"ReadAction\",\"target\":[\"https:\/\/ofabskara.se\/no\/produkt\/suevia-model-41a-180w\/\"]}]},{\"@type\":\"ImageObject\",\"inLanguage\":\"nb-NO\",\"@id\":\"https:\/\/ofabskara.se\/no\/produkt\/suevia-model-41a-180w\/#primaryimage\",\"url\":\"https:\/\/ofabskara.se\/wp-content\/uploads\/2023\/09\/model041_1.jpg\",\"contentUrl\":\"https:\/\/ofabskara.se\/wp-content\/uploads\/2023\/09\/model041_1.jpg\",\"width\":539,\"height\":539},{\"@type\":\"BreadcrumbList\",\"@id\":\"https:\/\/ofabskara.se\/no\/produkt\/suevia-model-41a-180w\/#breadcrumb\",\"itemListElement\":[{\"@type\":\"ListItem\",\"position\":1,\"name\":\"Home\",\"item\":\"https:\/\/ofabskara.se\/no\/\"},{\"@type\":\"ListItem\",\"position\":2,\"name\":\"Butik\",\"item\":\"https:\/\/ofabskara.se\/sv\/butik\/\"},{\"@type\":\"ListItem\",\"position\":3,\"name\":\"Vattenkopp Suevia 41A 180W\"}]},{\"@type\":\"WebSite\",\"@id\":\"https:\/\/ofabskara.se\/sv\/#website\",\"url\":\"https:\/\/ofabskara.se\/sv\/\",\"name\":\"Ofab\",\"description\":\"\",\"potentialAction\":[{\"@type\":\"SearchAction\",\"target\":{\"@type\":\"EntryPoint\",\"urlTemplate\":\"https:\/\/ofabskara.se\/sv\/?s={search_term_string}\"},\"query-input\":{\"@type\":\"PropertyValueSpecification\",\"valueRequired\":true,\"valueName\":\"search_term_string\"}}],\"inLanguage\":\"nb-NO\"}]}<\/script>\n<!-- \/ Yoast SEO plugin. -->","yoast_head_json":{"title":"Vattenkopp Suevia 41A 180W - Ofab","robots":{"index":"index","follow":"follow","max-snippet":"max-snippet:-1","max-image-preview":"max-image-preview:large","max-video-preview":"max-video-preview:-1"},"canonical":"https:\/\/ofabskara.se\/no\/produkt\/suevia-model-41a-180w\/","og_locale":"nb_NO","og_type":"article","og_title":"Vattenkopp Suevia 41A 180W - Ofab","og_description":"ART NR 142010 Med tryckklaff. Monteras l\u00e4mpligen i ett thermor\u00f6r med inv\u00e4ndig diameter av 30 cm. V\u00e4rmeslinga 24 V\/180 W. El- och vattenanslutningar sker fr\u00e5n undersidan. Frostfri ner till ca -35\u00b0C. Sk\u00e5lens diameter \u00e4r 230 mm. Vattengiva vid 4 kg tryck \u00e4r reglerbart upp till 15 liter\/minut. Olika munstycke medf\u00f6ljer f\u00f6r att byta givan. En kopp \u00e4r l\u00e4mplig f\u00f6r 15-20 djur.","og_url":"https:\/\/ofabskara.se\/no\/produkt\/suevia-model-41a-180w\/","og_site_name":"Ofab","twitter_card":"summary_large_image","schema":{"@context":"https:\/\/schema.org","@graph":[{"@type":"WebPage","@id":"https:\/\/ofabskara.se\/no\/produkt\/suevia-model-41a-180w\/","url":"https:\/\/ofabskara.se\/no\/produkt\/suevia-model-41a-180w\/","name":"Vattenkopp Suevia 41A 180W - Ofab","isPartOf":{"@id":"https:\/\/ofabskara.se\/sv\/#website"},"primaryImageOfPage":{"@id":"https:\/\/ofabskara.se\/no\/produkt\/suevia-model-41a-180w\/#primaryimage"},"image":{"@id":"https:\/\/ofabskara.se\/no\/produkt\/suevia-model-41a-180w\/#primaryimage"},"thumbnailUrl":"https:\/\/ofabskara.se\/wp-content\/uploads\/2023\/09\/model041_1.jpg","datePublished":"2017-05-16T06:47:58+00:00","breadcrumb":{"@id":"https:\/\/ofabskara.se\/no\/produkt\/suevia-model-41a-180w\/#breadcrumb"},"inLanguage":"nb-NO","potentialAction":[{"@type":"ReadAction","target":["https:\/\/ofabskara.se\/no\/produkt\/suevia-model-41a-180w\/"]}]},{"@type":"ImageObject","inLanguage":"nb-NO","@id":"https:\/\/ofabskara.se\/no\/produkt\/suevia-model-41a-180w\/#primaryimage","url":"https:\/\/ofabskara.se\/wp-content\/uploads\/2023\/09\/model041_1.jpg","contentUrl":"https:\/\/ofabskara.se\/wp-content\/uploads\/2023\/09\/model041_1.jpg","width":539,"height":539},{"@type":"BreadcrumbList","@id":"https:\/\/ofabskara.se\/no\/produkt\/suevia-model-41a-180w\/#breadcrumb","itemListElement":[{"@type":"ListItem","position":1,"name":"Home","item":"https:\/\/ofabskara.se\/no\/"},{"@type":"ListItem","position":2,"name":"Butik","item":"https:\/\/ofabskara.se\/sv\/butik\/"},{"@type":"ListItem","position":3,"name":"Vattenkopp Suevia 41A 180W"}]},{"@type":"WebSite","@id":"https:\/\/ofabskara.se\/sv\/#website","url":"https:\/\/ofabskara.se\/sv\/","name":"Ofab","description":"","potentialAction":[{"@type":"SearchAction","target":{"@type":"EntryPoint","urlTemplate":"https:\/\/ofabskara.se\/sv\/?s={search_term_string}"},"query-input":{"@type":"PropertyValueSpecification","valueRequired":true,"valueName":"search_term_string"}}],"inLanguage":"nb-NO"}]}},"_links":{"self":[{"href":"https:\/\/ofabskara.se\/no\/wp-json\/wp\/v2\/product\/46462","targetHints":{"allow":["GET"]}}],"collection":[{"href":"https:\/\/ofabskara.se\/no\/wp-json\/wp\/v2\/product"}],"about":[{"href":"https:\/\/ofabskara.se\/no\/wp-json\/wp\/v2\/types\/product"}],"replies":[{"embeddable":true,"href":"https:\/\/ofabskara.se\/no\/wp-json\/wp\/v2\/comments?post=46462"}],"wp:featuredmedia":[{"embeddable":true,"href":"https:\/\/ofabskara.se\/no\/wp-json\/wp\/v2\/media\/7279"}],"wp:attachment":[{"href":"https:\/\/ofabskara.se\/no\/wp-json\/wp\/v2\/media?parent=46462"}],"wp:term":[{"taxonomy":"product_brand","embeddable":true,"href":"https:\/\/ofabskara.se\/no\/wp-json\/wp\/v2\/product_brand?post=46462"},{"taxonomy":"product_cat","embeddable":true,"href":"https:\/\/ofabskara.se\/no\/wp-json\/wp\/v2\/product_cat?post=46462"},{"taxonomy":"product_tag","embeddable":true,"href":"https:\/\/ofabskara.se\/no\/wp-json\/wp\/v2\/product_tag?post=46462"}],"curies":[{"name":"wp","href":"https:\/\/api.w.org\/{rel}","templated":true}]}}