{"id":46485,"date":"2017-05-16T08:47:08","date_gmt":"2017-05-16T06:47:08","guid":{"rendered":"https:\/\/ofabskara.se\/produkt\/mineralfoderbehallare-2-kammare\/"},"modified":"2017-05-16T08:47:08","modified_gmt":"2017-05-16T06:47:08","slug":"mineralfoderbehallare-2-kammare","status":"publish","type":"product","link":"https:\/\/ofabskara.se\/no\/produkt\/mineralfoderbehallare-2-kammare\/","title":{"rendered":"Mineraltr\u00e5g 2 kammare"},"content":{"rendered":"<p><strong>Pride of the Farm<\/strong><\/p>\n<p>Med tv\u00e5 kammare f\u00f6r saltsten eller mineralfoder. Tillverkad av UV- och materialbest\u00e4ndigt konstfiber. Enkelv\u00e4ggigt utf\u00f6rande. 2st f\u00e4stpunkter f\u00f6r fast montering. L\u00e4tt att reng\u00f6ra. Vikt 19kg. Diam 91cm, h\u00f6jd 40cm. Gummiduken ger ett bra skydd, inga mineralf\u00f6rluster. Perfekt f\u00f6r h\u00e4star, l\u00e4tt att \u00e4ta ur.<\/p>\n<p>&nbsp;<\/p>\n","protected":false},"excerpt":{"rendered":"<ul>\n<li><strong>Med tv\u00e5 kammare f\u00f6r saltsten eller mineralfoder. <\/strong><\/li>\n<li><strong>Tillverkad av UV- och materialbest\u00e4ndigt konstfiber.<\/strong><\/li>\n<\/ul>\n","protected":false},"featured_media":7239,"comment_status":"closed","ping_status":"closed","template":"","meta":{"_acf_changed":false,"inline_featured_image":false},"product_brand":[],"product_cat":[3578,2999,4304,4303,3006],"product_tag":[],"class_list":{"0":"post-46485","1":"product","2":"type-product","3":"status-publish","4":"has-post-thumbnail","6":"product_cat-foder-mineraltrag","7":"product_cat-hastar","8":"product_cat-mineralfoderbehallare","9":"product_cat-mineralfodertrag-fodertrag-for-notdjur","10":"product_cat-notdjur","11":"pa_hojd-40-cm","13":"first","14":"instock","15":"taxable","16":"shipping-taxable","17":"purchasable","18":"product-type-simple"},"acf":[],"yoast_head":"<!-- This site is optimized with the Yoast SEO plugin v24.4 - https:\/\/yoast.com\/wordpress\/plugins\/seo\/ -->\n<title>Mineraltr\u00e5g 2 kammare - Ofab<\/title>\n<meta name=\"robots\" content=\"index, follow, max-snippet:-1, max-image-preview:large, max-video-preview:-1\" \/>\n<link rel=\"canonical\" href=\"https:\/\/ofabskara.se\/no\/produkt\/mineralfoderbehallare-2-kammare\/\" \/>\n<meta property=\"og:locale\" content=\"nb_NO\" \/>\n<meta property=\"og:type\" content=\"article\" \/>\n<meta property=\"og:title\" content=\"Mineraltr\u00e5g 2 kammare - Ofab\" \/>\n<meta property=\"og:description\" content=\"Med tv\u00e5 kammare f\u00f6r saltsten eller mineralfoder.   Tillverkad av UV- och materialbest\u00e4ndigt konstfiber.\" \/>\n<meta property=\"og:url\" content=\"https:\/\/ofabskara.se\/no\/produkt\/mineralfoderbehallare-2-kammare\/\" \/>\n<meta property=\"og:site_name\" content=\"Ofab\" \/>\n<meta name=\"twitter:card\" content=\"summary_large_image\" \/>\n<script type=\"application\/ld+json\" class=\"yoast-schema-graph\">{\"@context\":\"https:\/\/schema.org\",\"@graph\":[{\"@type\":\"WebPage\",\"@id\":\"https:\/\/ofabskara.se\/no\/produkt\/mineralfoderbehallare-2-kammare\/\",\"url\":\"https:\/\/ofabskara.se\/no\/produkt\/mineralfoderbehallare-2-kammare\/\",\"name\":\"Mineraltr\u00e5g 2 kammare - Ofab\",\"isPartOf\":{\"@id\":\"https:\/\/ofabskara.se\/sv\/#website\"},\"primaryImageOfPage\":{\"@id\":\"https:\/\/ofabskara.se\/no\/produkt\/mineralfoderbehallare-2-kammare\/#primaryimage\"},\"image\":{\"@id\":\"https:\/\/ofabskara.se\/no\/produkt\/mineralfoderbehallare-2-kammare\/#primaryimage\"},\"thumbnailUrl\":\"https:\/\/ofabskara.se\/wp-content\/uploads\/2023\/09\/303600.jpg\",\"datePublished\":\"2017-05-16T06:47:08+00:00\",\"breadcrumb\":{\"@id\":\"https:\/\/ofabskara.se\/no\/produkt\/mineralfoderbehallare-2-kammare\/#breadcrumb\"},\"inLanguage\":\"nb-NO\",\"potentialAction\":[{\"@type\":\"ReadAction\",\"target\":[\"https:\/\/ofabskara.se\/no\/produkt\/mineralfoderbehallare-2-kammare\/\"]}]},{\"@type\":\"ImageObject\",\"inLanguage\":\"nb-NO\",\"@id\":\"https:\/\/ofabskara.se\/no\/produkt\/mineralfoderbehallare-2-kammare\/#primaryimage\",\"url\":\"https:\/\/ofabskara.se\/wp-content\/uploads\/2023\/09\/303600.jpg\",\"contentUrl\":\"https:\/\/ofabskara.se\/wp-content\/uploads\/2023\/09\/303600.jpg\",\"width\":709,\"height\":627},{\"@type\":\"BreadcrumbList\",\"@id\":\"https:\/\/ofabskara.se\/no\/produkt\/mineralfoderbehallare-2-kammare\/#breadcrumb\",\"itemListElement\":[{\"@type\":\"ListItem\",\"position\":1,\"name\":\"Home\",\"item\":\"https:\/\/ofabskara.se\/no\/\"},{\"@type\":\"ListItem\",\"position\":2,\"name\":\"Butik\",\"item\":\"https:\/\/ofabskara.se\/sv\/butik\/\"},{\"@type\":\"ListItem\",\"position\":3,\"name\":\"Mineraltr\u00e5g 2 kammare\"}]},{\"@type\":\"WebSite\",\"@id\":\"https:\/\/ofabskara.se\/sv\/#website\",\"url\":\"https:\/\/ofabskara.se\/sv\/\",\"name\":\"Ofab\",\"description\":\"\",\"potentialAction\":[{\"@type\":\"SearchAction\",\"target\":{\"@type\":\"EntryPoint\",\"urlTemplate\":\"https:\/\/ofabskara.se\/sv\/?s={search_term_string}\"},\"query-input\":{\"@type\":\"PropertyValueSpecification\",\"valueRequired\":true,\"valueName\":\"search_term_string\"}}],\"inLanguage\":\"nb-NO\"}]}<\/script>\n<!-- \/ Yoast SEO plugin. -->","yoast_head_json":{"title":"Mineraltr\u00e5g 2 kammare - Ofab","robots":{"index":"index","follow":"follow","max-snippet":"max-snippet:-1","max-image-preview":"max-image-preview:large","max-video-preview":"max-video-preview:-1"},"canonical":"https:\/\/ofabskara.se\/no\/produkt\/mineralfoderbehallare-2-kammare\/","og_locale":"nb_NO","og_type":"article","og_title":"Mineraltr\u00e5g 2 kammare - Ofab","og_description":"Med tv\u00e5 kammare f\u00f6r saltsten eller mineralfoder.   Tillverkad av UV- och materialbest\u00e4ndigt konstfiber.","og_url":"https:\/\/ofabskara.se\/no\/produkt\/mineralfoderbehallare-2-kammare\/","og_site_name":"Ofab","twitter_card":"summary_large_image","schema":{"@context":"https:\/\/schema.org","@graph":[{"@type":"WebPage","@id":"https:\/\/ofabskara.se\/no\/produkt\/mineralfoderbehallare-2-kammare\/","url":"https:\/\/ofabskara.se\/no\/produkt\/mineralfoderbehallare-2-kammare\/","name":"Mineraltr\u00e5g 2 kammare - Ofab","isPartOf":{"@id":"https:\/\/ofabskara.se\/sv\/#website"},"primaryImageOfPage":{"@id":"https:\/\/ofabskara.se\/no\/produkt\/mineralfoderbehallare-2-kammare\/#primaryimage"},"image":{"@id":"https:\/\/ofabskara.se\/no\/produkt\/mineralfoderbehallare-2-kammare\/#primaryimage"},"thumbnailUrl":"https:\/\/ofabskara.se\/wp-content\/uploads\/2023\/09\/303600.jpg","datePublished":"2017-05-16T06:47:08+00:00","breadcrumb":{"@id":"https:\/\/ofabskara.se\/no\/produkt\/mineralfoderbehallare-2-kammare\/#breadcrumb"},"inLanguage":"nb-NO","potentialAction":[{"@type":"ReadAction","target":["https:\/\/ofabskara.se\/no\/produkt\/mineralfoderbehallare-2-kammare\/"]}]},{"@type":"ImageObject","inLanguage":"nb-NO","@id":"https:\/\/ofabskara.se\/no\/produkt\/mineralfoderbehallare-2-kammare\/#primaryimage","url":"https:\/\/ofabskara.se\/wp-content\/uploads\/2023\/09\/303600.jpg","contentUrl":"https:\/\/ofabskara.se\/wp-content\/uploads\/2023\/09\/303600.jpg","width":709,"height":627},{"@type":"BreadcrumbList","@id":"https:\/\/ofabskara.se\/no\/produkt\/mineralfoderbehallare-2-kammare\/#breadcrumb","itemListElement":[{"@type":"ListItem","position":1,"name":"Home","item":"https:\/\/ofabskara.se\/no\/"},{"@type":"ListItem","position":2,"name":"Butik","item":"https:\/\/ofabskara.se\/sv\/butik\/"},{"@type":"ListItem","position":3,"name":"Mineraltr\u00e5g 2 kammare"}]},{"@type":"WebSite","@id":"https:\/\/ofabskara.se\/sv\/#website","url":"https:\/\/ofabskara.se\/sv\/","name":"Ofab","description":"","potentialAction":[{"@type":"SearchAction","target":{"@type":"EntryPoint","urlTemplate":"https:\/\/ofabskara.se\/sv\/?s={search_term_string}"},"query-input":{"@type":"PropertyValueSpecification","valueRequired":true,"valueName":"search_term_string"}}],"inLanguage":"nb-NO"}]}},"_links":{"self":[{"href":"https:\/\/ofabskara.se\/no\/wp-json\/wp\/v2\/product\/46485","targetHints":{"allow":["GET"]}}],"collection":[{"href":"https:\/\/ofabskara.se\/no\/wp-json\/wp\/v2\/product"}],"about":[{"href":"https:\/\/ofabskara.se\/no\/wp-json\/wp\/v2\/types\/product"}],"replies":[{"embeddable":true,"href":"https:\/\/ofabskara.se\/no\/wp-json\/wp\/v2\/comments?post=46485"}],"wp:featuredmedia":[{"embeddable":true,"href":"https:\/\/ofabskara.se\/no\/wp-json\/wp\/v2\/media\/7239"}],"wp:attachment":[{"href":"https:\/\/ofabskara.se\/no\/wp-json\/wp\/v2\/media?parent=46485"}],"wp:term":[{"taxonomy":"product_brand","embeddable":true,"href":"https:\/\/ofabskara.se\/no\/wp-json\/wp\/v2\/product_brand?post=46485"},{"taxonomy":"product_cat","embeddable":true,"href":"https:\/\/ofabskara.se\/no\/wp-json\/wp\/v2\/product_cat?post=46485"},{"taxonomy":"product_tag","embeddable":true,"href":"https:\/\/ofabskara.se\/no\/wp-json\/wp\/v2\/product_tag?post=46485"}],"curies":[{"name":"wp","href":"https:\/\/api.w.org\/{rel}","templated":true}]}}