{"id":46491,"date":"2017-05-16T08:46:54","date_gmt":"2017-05-16T06:46:54","guid":{"rendered":"https:\/\/ofabskara.se\/produkt\/kura-sse-lospa-swiss\/"},"modified":"2017-05-16T08:46:54","modified_gmt":"2017-05-16T06:46:54","slug":"kura-sse-lospa-swiss","status":"publish","type":"product","link":"https:\/\/ofabskara.se\/no\/produkt\/kura-sse-lospa-swiss\/","title":{"rendered":"KURA S\/SE, LOSPA swiss"},"content":{"rendered":"<p><strong>Kl\u00f6vv\u00e4nliga och halks\u00e4kra mattor f\u00f6r spaltgolv<\/strong> &#8211;<br \/>\n\u00d6kad liggkomfort<br \/>\n&#8211; B\u00e4ttre v\u00e4rmeisolering<br \/>\n&#8211; Med f\u00f6rst\u00e4rkt yta f\u00f6r h\u00f6g belastning<br \/>\n&#8211; F\u00f6rb\u00e4ttrad halks\u00e4kerhet<br \/>\n&#8211; Minskar risken f\u00f6r skador och utgallring<br \/>\n&#8211; LOSPA swiss: \u00f6kar viktuppg\u00e5ngen<br \/>\n&#8211; F\u00f6rst\u00e4rkt yta f\u00f6r h\u00f6g belastning<br \/>\n&#8211; Utg\u00f6dsling med skrapor t\u00e5l att k\u00f6ras p\u00e5*<\/p>\n<p><strong>Skr\u00e4ddarsydda l\u00f6sningar f\u00f6r alla spaltgolv oavsett geometri<\/strong><br \/>\nMattorna dimensioneras principiellt enligt de riktlinjer som v\u00e5ra specialister har utarbetat. Spaltgolvet m\u00e5ste vara l\u00e4mpligt f\u00f6r bel\u00e4ggning med KRAIBURG mattor*.<\/p>\n<p><img decoding=\"async\" src=\"\/web\/media\/doc\/kura2.gif\" alt=\"\" \/><\/p>\n<p><img decoding=\"async\" src=\"\/web\/media\/doc\/kura1.gif\" alt=\"\" \/><\/p>\n<p><strong>Kontakta f\u00f6r offertpris.<\/strong><\/p>\n","protected":false},"excerpt":{"rendered":"<p><strong>Kl\u00f6vv\u00e4nliga och halks\u00e4kra mattor f\u00f6r spaltgolv<\/strong><br \/>\n&#8211; \u00d6kad liggkomfort<br \/>\n&#8211; B\u00e4ttre v\u00e4rmeisolering<br \/>\n&#8211; Med f\u00f6rst\u00e4rkt yta f\u00f6r h\u00f6g belastning<br \/>\n&#8211; F\u00f6rb\u00e4ttrad halks\u00e4kerhet<br \/>\n&#8211; Minskar risken f\u00f6r skador och utgallring<br \/>\n&#8211; LOSPA swiss: \u00f6kar viktuppg\u00e5ngen<br \/>\n<strong>Kontakta f\u00f6r offertpris.<\/strong><\/p>\n","protected":false},"featured_media":7213,"comment_status":"closed","ping_status":"open","template":"","meta":{"_acf_changed":false,"inline_featured_image":false},"product_brand":[],"product_cat":[2981,2984],"product_tag":[],"class_list":{"0":"post-46491","1":"product","2":"type-product","3":"status-publish","4":"has-post-thumbnail","6":"product_cat-gummimattor","7":"product_cat-stallmatta-notdjur","9":"first","10":"instock","11":"taxable","12":"shipping-taxable","13":"product-type-simple"},"acf":[],"yoast_head":"<!-- This site is optimized with the Yoast SEO plugin v24.4 - https:\/\/yoast.com\/wordpress\/plugins\/seo\/ -->\n<title>KURA S\/SE, LOSPA swiss - Ofab<\/title>\n<meta name=\"robots\" content=\"index, follow, max-snippet:-1, max-image-preview:large, max-video-preview:-1\" \/>\n<link rel=\"canonical\" href=\"https:\/\/ofabskara.se\/no\/produkt\/kura-sse-lospa-swiss\/\" \/>\n<meta property=\"og:locale\" content=\"nb_NO\" \/>\n<meta property=\"og:type\" content=\"article\" \/>\n<meta property=\"og:title\" content=\"KURA S\/SE, LOSPA swiss - Ofab\" \/>\n<meta property=\"og:description\" content=\"Kl\u00f6vv\u00e4nliga och halks\u00e4kra mattor f\u00f6r spaltgolv - \u00d6kad liggkomfort - B\u00e4ttre v\u00e4rmeisolering - Med f\u00f6rst\u00e4rkt yta f\u00f6r h\u00f6g belastning - F\u00f6rb\u00e4ttrad halks\u00e4kerhet - Minskar risken f\u00f6r skador och utgallring - LOSPA swiss: \u00f6kar viktuppg\u00e5ngen Kontakta f\u00f6r offertpris.\" \/>\n<meta property=\"og:url\" content=\"https:\/\/ofabskara.se\/no\/produkt\/kura-sse-lospa-swiss\/\" \/>\n<meta property=\"og:site_name\" content=\"Ofab\" \/>\n<meta name=\"twitter:card\" content=\"summary_large_image\" \/>\n<meta name=\"twitter:label1\" content=\"Ansl. lesetid\" \/>\n\t<meta name=\"twitter:data1\" content=\"1 minutt\" \/>\n<script type=\"application\/ld+json\" class=\"yoast-schema-graph\">{\"@context\":\"https:\/\/schema.org\",\"@graph\":[{\"@type\":\"WebPage\",\"@id\":\"https:\/\/ofabskara.se\/no\/produkt\/kura-sse-lospa-swiss\/\",\"url\":\"https:\/\/ofabskara.se\/no\/produkt\/kura-sse-lospa-swiss\/\",\"name\":\"KURA S\/SE, LOSPA swiss - Ofab\",\"isPartOf\":{\"@id\":\"https:\/\/ofabskara.se\/sv\/#website\"},\"primaryImageOfPage\":{\"@id\":\"https:\/\/ofabskara.se\/no\/produkt\/kura-sse-lospa-swiss\/#primaryimage\"},\"image\":{\"@id\":\"https:\/\/ofabskara.se\/no\/produkt\/kura-sse-lospa-swiss\/#primaryimage\"},\"thumbnailUrl\":\"https:\/\/ofabskara.se\/wp-content\/uploads\/2023\/09\/kura_1.jpg\",\"datePublished\":\"2017-05-16T06:46:54+00:00\",\"breadcrumb\":{\"@id\":\"https:\/\/ofabskara.se\/no\/produkt\/kura-sse-lospa-swiss\/#breadcrumb\"},\"inLanguage\":\"nb-NO\",\"potentialAction\":[{\"@type\":\"ReadAction\",\"target\":[\"https:\/\/ofabskara.se\/no\/produkt\/kura-sse-lospa-swiss\/\"]}]},{\"@type\":\"ImageObject\",\"inLanguage\":\"nb-NO\",\"@id\":\"https:\/\/ofabskara.se\/no\/produkt\/kura-sse-lospa-swiss\/#primaryimage\",\"url\":\"https:\/\/ofabskara.se\/wp-content\/uploads\/2023\/09\/kura_1.jpg\",\"contentUrl\":\"https:\/\/ofabskara.se\/wp-content\/uploads\/2023\/09\/kura_1.jpg\",\"width\":700,\"height\":700},{\"@type\":\"BreadcrumbList\",\"@id\":\"https:\/\/ofabskara.se\/no\/produkt\/kura-sse-lospa-swiss\/#breadcrumb\",\"itemListElement\":[{\"@type\":\"ListItem\",\"position\":1,\"name\":\"Home\",\"item\":\"https:\/\/ofabskara.se\/no\/\"},{\"@type\":\"ListItem\",\"position\":2,\"name\":\"Butik\",\"item\":\"https:\/\/ofabskara.se\/sv\/butik\/\"},{\"@type\":\"ListItem\",\"position\":3,\"name\":\"KURA S\/SE, LOSPA swiss\"}]},{\"@type\":\"WebSite\",\"@id\":\"https:\/\/ofabskara.se\/sv\/#website\",\"url\":\"https:\/\/ofabskara.se\/sv\/\",\"name\":\"Ofab\",\"description\":\"\",\"potentialAction\":[{\"@type\":\"SearchAction\",\"target\":{\"@type\":\"EntryPoint\",\"urlTemplate\":\"https:\/\/ofabskara.se\/sv\/?s={search_term_string}\"},\"query-input\":{\"@type\":\"PropertyValueSpecification\",\"valueRequired\":true,\"valueName\":\"search_term_string\"}}],\"inLanguage\":\"nb-NO\"}]}<\/script>\n<!-- \/ Yoast SEO plugin. -->","yoast_head_json":{"title":"KURA S\/SE, LOSPA swiss - Ofab","robots":{"index":"index","follow":"follow","max-snippet":"max-snippet:-1","max-image-preview":"max-image-preview:large","max-video-preview":"max-video-preview:-1"},"canonical":"https:\/\/ofabskara.se\/no\/produkt\/kura-sse-lospa-swiss\/","og_locale":"nb_NO","og_type":"article","og_title":"KURA S\/SE, LOSPA swiss - Ofab","og_description":"Kl\u00f6vv\u00e4nliga och halks\u00e4kra mattor f\u00f6r spaltgolv - \u00d6kad liggkomfort - B\u00e4ttre v\u00e4rmeisolering - Med f\u00f6rst\u00e4rkt yta f\u00f6r h\u00f6g belastning - F\u00f6rb\u00e4ttrad halks\u00e4kerhet - Minskar risken f\u00f6r skador och utgallring - LOSPA swiss: \u00f6kar viktuppg\u00e5ngen Kontakta f\u00f6r offertpris.","og_url":"https:\/\/ofabskara.se\/no\/produkt\/kura-sse-lospa-swiss\/","og_site_name":"Ofab","twitter_card":"summary_large_image","twitter_misc":{"Ansl. lesetid":"1 minutt"},"schema":{"@context":"https:\/\/schema.org","@graph":[{"@type":"WebPage","@id":"https:\/\/ofabskara.se\/no\/produkt\/kura-sse-lospa-swiss\/","url":"https:\/\/ofabskara.se\/no\/produkt\/kura-sse-lospa-swiss\/","name":"KURA S\/SE, LOSPA swiss - Ofab","isPartOf":{"@id":"https:\/\/ofabskara.se\/sv\/#website"},"primaryImageOfPage":{"@id":"https:\/\/ofabskara.se\/no\/produkt\/kura-sse-lospa-swiss\/#primaryimage"},"image":{"@id":"https:\/\/ofabskara.se\/no\/produkt\/kura-sse-lospa-swiss\/#primaryimage"},"thumbnailUrl":"https:\/\/ofabskara.se\/wp-content\/uploads\/2023\/09\/kura_1.jpg","datePublished":"2017-05-16T06:46:54+00:00","breadcrumb":{"@id":"https:\/\/ofabskara.se\/no\/produkt\/kura-sse-lospa-swiss\/#breadcrumb"},"inLanguage":"nb-NO","potentialAction":[{"@type":"ReadAction","target":["https:\/\/ofabskara.se\/no\/produkt\/kura-sse-lospa-swiss\/"]}]},{"@type":"ImageObject","inLanguage":"nb-NO","@id":"https:\/\/ofabskara.se\/no\/produkt\/kura-sse-lospa-swiss\/#primaryimage","url":"https:\/\/ofabskara.se\/wp-content\/uploads\/2023\/09\/kura_1.jpg","contentUrl":"https:\/\/ofabskara.se\/wp-content\/uploads\/2023\/09\/kura_1.jpg","width":700,"height":700},{"@type":"BreadcrumbList","@id":"https:\/\/ofabskara.se\/no\/produkt\/kura-sse-lospa-swiss\/#breadcrumb","itemListElement":[{"@type":"ListItem","position":1,"name":"Home","item":"https:\/\/ofabskara.se\/no\/"},{"@type":"ListItem","position":2,"name":"Butik","item":"https:\/\/ofabskara.se\/sv\/butik\/"},{"@type":"ListItem","position":3,"name":"KURA S\/SE, LOSPA swiss"}]},{"@type":"WebSite","@id":"https:\/\/ofabskara.se\/sv\/#website","url":"https:\/\/ofabskara.se\/sv\/","name":"Ofab","description":"","potentialAction":[{"@type":"SearchAction","target":{"@type":"EntryPoint","urlTemplate":"https:\/\/ofabskara.se\/sv\/?s={search_term_string}"},"query-input":{"@type":"PropertyValueSpecification","valueRequired":true,"valueName":"search_term_string"}}],"inLanguage":"nb-NO"}]}},"_links":{"self":[{"href":"https:\/\/ofabskara.se\/no\/wp-json\/wp\/v2\/product\/46491","targetHints":{"allow":["GET"]}}],"collection":[{"href":"https:\/\/ofabskara.se\/no\/wp-json\/wp\/v2\/product"}],"about":[{"href":"https:\/\/ofabskara.se\/no\/wp-json\/wp\/v2\/types\/product"}],"replies":[{"embeddable":true,"href":"https:\/\/ofabskara.se\/no\/wp-json\/wp\/v2\/comments?post=46491"}],"wp:featuredmedia":[{"embeddable":true,"href":"https:\/\/ofabskara.se\/no\/wp-json\/wp\/v2\/media\/7213"}],"wp:attachment":[{"href":"https:\/\/ofabskara.se\/no\/wp-json\/wp\/v2\/media?parent=46491"}],"wp:term":[{"taxonomy":"product_brand","embeddable":true,"href":"https:\/\/ofabskara.se\/no\/wp-json\/wp\/v2\/product_brand?post=46491"},{"taxonomy":"product_cat","embeddable":true,"href":"https:\/\/ofabskara.se\/no\/wp-json\/wp\/v2\/product_cat?post=46491"},{"taxonomy":"product_tag","embeddable":true,"href":"https:\/\/ofabskara.se\/no\/wp-json\/wp\/v2\/product_tag?post=46491"}],"curies":[{"name":"wp","href":"https:\/\/api.w.org\/{rel}","templated":true}]}}