{"id":46507,"date":"2017-05-16T08:32:14","date_gmt":"2017-05-16T06:32:14","guid":{"rendered":"https:\/\/ofabskara.se\/produkt\/biglac-25\/"},"modified":"2017-05-16T08:32:14","modified_gmt":"2017-05-16T06:32:14","slug":"biglac-25","status":"publish","type":"product","link":"https:\/\/ofabskara.se\/no\/produkt\/biglac-25\/","title":{"rendered":"Biglac 25 Vattenkopp plast"},"content":{"rendered":"<p>Djup drick ho 17,5cm. Kapacitet f\u00f6r ca. 20 stora n\u00f6tkreatur. L\u00e4tt att montera p\u00e5 v\u00e4gg. H\u00f6gt vattenfl\u00f6de 34lit\/min\/4kg. Vikt 12kg. Tillverkat av syntetisk plast. Mycket stark topp och botten.<br \/>\nH\u00f6ger och v\u00e4nster anslutning i rostfri \u00bd\u201d inv. Galvad f\u00e4stplatta.<\/p>\n","protected":false},"excerpt":{"rendered":"<p>Djup drick ho 17,5cm. Kapacitet f\u00f6r ca. 20 stora n\u00f6tkreatur. L\u00e4tt att montera p\u00e5 v\u00e4gg. H\u00f6gt vattenfl\u00f6de 34lit\/min\/4kg. Tillverkat av syntetisk plast. Mycket stark topp och botten.<\/p>\n","protected":false},"featured_media":41939,"comment_status":"closed","ping_status":"closed","template":"","meta":{"_acf_changed":false,"inline_featured_image":false},"product_brand":[],"product_cat":[2994,3002],"product_tag":[],"class_list":{"0":"post-46507","1":"product","2":"type-product","3":"status-publish","4":"has-post-thumbnail","6":"product_cat-la-buvette-vattenkoppar","7":"product_cat-vattensystem","8":"product_shipping_class-kartongfrakt","10":"first","11":"instock","12":"taxable","13":"shipping-taxable","14":"purchasable","15":"product-type-simple"},"acf":[],"yoast_head":"<!-- This site is optimized with the Yoast SEO plugin v24.4 - https:\/\/yoast.com\/wordpress\/plugins\/seo\/ -->\n<title>Biglac 25 Vattenkopp plast - Ofab<\/title>\n<meta name=\"robots\" content=\"index, follow, max-snippet:-1, max-image-preview:large, max-video-preview:-1\" \/>\n<link rel=\"canonical\" href=\"https:\/\/ofabskara.se\/no\/produkt\/biglac-25\/\" \/>\n<meta property=\"og:locale\" content=\"nb_NO\" \/>\n<meta property=\"og:type\" content=\"article\" \/>\n<meta property=\"og:title\" content=\"Biglac 25 Vattenkopp plast - Ofab\" \/>\n<meta property=\"og:description\" content=\"Djup drick ho 17,5cm. Kapacitet f\u00f6r ca. 20 stora n\u00f6tkreatur. L\u00e4tt att montera p\u00e5 v\u00e4gg. H\u00f6gt vattenfl\u00f6de 34lit\/min\/4kg. Tillverkat av syntetisk plast. Mycket stark topp och botten.\" \/>\n<meta property=\"og:url\" content=\"https:\/\/ofabskara.se\/no\/produkt\/biglac-25\/\" \/>\n<meta property=\"og:site_name\" content=\"Ofab\" \/>\n<meta name=\"twitter:card\" content=\"summary_large_image\" \/>\n<script type=\"application\/ld+json\" class=\"yoast-schema-graph\">{\"@context\":\"https:\/\/schema.org\",\"@graph\":[{\"@type\":\"WebPage\",\"@id\":\"https:\/\/ofabskara.se\/no\/produkt\/biglac-25\/\",\"url\":\"https:\/\/ofabskara.se\/no\/produkt\/biglac-25\/\",\"name\":\"Biglac 25 Vattenkopp plast - Ofab\",\"isPartOf\":{\"@id\":\"https:\/\/ofabskara.se\/sv\/#website\"},\"primaryImageOfPage\":{\"@id\":\"https:\/\/ofabskara.se\/no\/produkt\/biglac-25\/#primaryimage\"},\"image\":{\"@id\":\"https:\/\/ofabskara.se\/no\/produkt\/biglac-25\/#primaryimage\"},\"thumbnailUrl\":\"https:\/\/ofabskara.se\/wp-content\/uploads\/2017\/05\/1658-2021.jpg\",\"datePublished\":\"2017-05-16T06:32:14+00:00\",\"breadcrumb\":{\"@id\":\"https:\/\/ofabskara.se\/no\/produkt\/biglac-25\/#breadcrumb\"},\"inLanguage\":\"nb-NO\",\"potentialAction\":[{\"@type\":\"ReadAction\",\"target\":[\"https:\/\/ofabskara.se\/no\/produkt\/biglac-25\/\"]}]},{\"@type\":\"ImageObject\",\"inLanguage\":\"nb-NO\",\"@id\":\"https:\/\/ofabskara.se\/no\/produkt\/biglac-25\/#primaryimage\",\"url\":\"https:\/\/ofabskara.se\/wp-content\/uploads\/2017\/05\/1658-2021.jpg\",\"contentUrl\":\"https:\/\/ofabskara.se\/wp-content\/uploads\/2017\/05\/1658-2021.jpg\",\"width\":1772,\"height\":1772},{\"@type\":\"BreadcrumbList\",\"@id\":\"https:\/\/ofabskara.se\/no\/produkt\/biglac-25\/#breadcrumb\",\"itemListElement\":[{\"@type\":\"ListItem\",\"position\":1,\"name\":\"Home\",\"item\":\"https:\/\/ofabskara.se\/no\/\"},{\"@type\":\"ListItem\",\"position\":2,\"name\":\"Butik\",\"item\":\"https:\/\/ofabskara.se\/sv\/butik\/\"},{\"@type\":\"ListItem\",\"position\":3,\"name\":\"Biglac 25 Vattenkopp plast\"}]},{\"@type\":\"WebSite\",\"@id\":\"https:\/\/ofabskara.se\/sv\/#website\",\"url\":\"https:\/\/ofabskara.se\/sv\/\",\"name\":\"Ofab\",\"description\":\"\",\"potentialAction\":[{\"@type\":\"SearchAction\",\"target\":{\"@type\":\"EntryPoint\",\"urlTemplate\":\"https:\/\/ofabskara.se\/sv\/?s={search_term_string}\"},\"query-input\":{\"@type\":\"PropertyValueSpecification\",\"valueRequired\":true,\"valueName\":\"search_term_string\"}}],\"inLanguage\":\"nb-NO\"}]}<\/script>\n<!-- \/ Yoast SEO plugin. -->","yoast_head_json":{"title":"Biglac 25 Vattenkopp plast - Ofab","robots":{"index":"index","follow":"follow","max-snippet":"max-snippet:-1","max-image-preview":"max-image-preview:large","max-video-preview":"max-video-preview:-1"},"canonical":"https:\/\/ofabskara.se\/no\/produkt\/biglac-25\/","og_locale":"nb_NO","og_type":"article","og_title":"Biglac 25 Vattenkopp plast - Ofab","og_description":"Djup drick ho 17,5cm. Kapacitet f\u00f6r ca. 20 stora n\u00f6tkreatur. L\u00e4tt att montera p\u00e5 v\u00e4gg. H\u00f6gt vattenfl\u00f6de 34lit\/min\/4kg. Tillverkat av syntetisk plast. Mycket stark topp och botten.","og_url":"https:\/\/ofabskara.se\/no\/produkt\/biglac-25\/","og_site_name":"Ofab","twitter_card":"summary_large_image","schema":{"@context":"https:\/\/schema.org","@graph":[{"@type":"WebPage","@id":"https:\/\/ofabskara.se\/no\/produkt\/biglac-25\/","url":"https:\/\/ofabskara.se\/no\/produkt\/biglac-25\/","name":"Biglac 25 Vattenkopp plast - Ofab","isPartOf":{"@id":"https:\/\/ofabskara.se\/sv\/#website"},"primaryImageOfPage":{"@id":"https:\/\/ofabskara.se\/no\/produkt\/biglac-25\/#primaryimage"},"image":{"@id":"https:\/\/ofabskara.se\/no\/produkt\/biglac-25\/#primaryimage"},"thumbnailUrl":"https:\/\/ofabskara.se\/wp-content\/uploads\/2017\/05\/1658-2021.jpg","datePublished":"2017-05-16T06:32:14+00:00","breadcrumb":{"@id":"https:\/\/ofabskara.se\/no\/produkt\/biglac-25\/#breadcrumb"},"inLanguage":"nb-NO","potentialAction":[{"@type":"ReadAction","target":["https:\/\/ofabskara.se\/no\/produkt\/biglac-25\/"]}]},{"@type":"ImageObject","inLanguage":"nb-NO","@id":"https:\/\/ofabskara.se\/no\/produkt\/biglac-25\/#primaryimage","url":"https:\/\/ofabskara.se\/wp-content\/uploads\/2017\/05\/1658-2021.jpg","contentUrl":"https:\/\/ofabskara.se\/wp-content\/uploads\/2017\/05\/1658-2021.jpg","width":1772,"height":1772},{"@type":"BreadcrumbList","@id":"https:\/\/ofabskara.se\/no\/produkt\/biglac-25\/#breadcrumb","itemListElement":[{"@type":"ListItem","position":1,"name":"Home","item":"https:\/\/ofabskara.se\/no\/"},{"@type":"ListItem","position":2,"name":"Butik","item":"https:\/\/ofabskara.se\/sv\/butik\/"},{"@type":"ListItem","position":3,"name":"Biglac 25 Vattenkopp plast"}]},{"@type":"WebSite","@id":"https:\/\/ofabskara.se\/sv\/#website","url":"https:\/\/ofabskara.se\/sv\/","name":"Ofab","description":"","potentialAction":[{"@type":"SearchAction","target":{"@type":"EntryPoint","urlTemplate":"https:\/\/ofabskara.se\/sv\/?s={search_term_string}"},"query-input":{"@type":"PropertyValueSpecification","valueRequired":true,"valueName":"search_term_string"}}],"inLanguage":"nb-NO"}]}},"_links":{"self":[{"href":"https:\/\/ofabskara.se\/no\/wp-json\/wp\/v2\/product\/46507","targetHints":{"allow":["GET"]}}],"collection":[{"href":"https:\/\/ofabskara.se\/no\/wp-json\/wp\/v2\/product"}],"about":[{"href":"https:\/\/ofabskara.se\/no\/wp-json\/wp\/v2\/types\/product"}],"replies":[{"embeddable":true,"href":"https:\/\/ofabskara.se\/no\/wp-json\/wp\/v2\/comments?post=46507"}],"wp:featuredmedia":[{"embeddable":true,"href":"https:\/\/ofabskara.se\/no\/wp-json\/wp\/v2\/media\/41939"}],"wp:attachment":[{"href":"https:\/\/ofabskara.se\/no\/wp-json\/wp\/v2\/media?parent=46507"}],"wp:term":[{"taxonomy":"product_brand","embeddable":true,"href":"https:\/\/ofabskara.se\/no\/wp-json\/wp\/v2\/product_brand?post=46507"},{"taxonomy":"product_cat","embeddable":true,"href":"https:\/\/ofabskara.se\/no\/wp-json\/wp\/v2\/product_cat?post=46507"},{"taxonomy":"product_tag","embeddable":true,"href":"https:\/\/ofabskara.se\/no\/wp-json\/wp\/v2\/product_tag?post=46507"}],"curies":[{"name":"wp","href":"https:\/\/api.w.org\/{rel}","templated":true}]}}