{"id":46517,"date":"2017-05-16T08:23:03","date_gmt":"2017-05-16T06:23:03","guid":{"rendered":"https:\/\/ofabskara.se\/produkt\/grind-separation-500cm\/"},"modified":"2017-05-16T08:23:03","modified_gmt":"2017-05-16T06:23:03","slug":"grind-separation-500cm","status":"publish","type":"product","link":"https:\/\/ofabskara.se\/no\/produkt\/grind-separation-500cm\/","title":{"rendered":"Grind Separation kalv 5m"},"content":{"rendered":"","protected":false},"excerpt":{"rendered":"<ul>\n<li><strong>F\u00f6r kalvar upp till 6 m\u00e5nader. <\/strong><\/li>\n<li><strong>Med st\u00e5ende r\u00f6r. <\/strong><\/li>\n<li><strong>R\u00f6r \u00d8 42,3x3mm, \u00f6ver och under. <\/strong><\/li>\n<li><strong>Inv\u00e4ndigt \u00d8 27mm r\u00f6r.<\/strong><\/li>\n<\/ul>\n","protected":false},"featured_media":6627,"comment_status":"closed","ping_status":"closed","template":"","meta":{"_acf_changed":false,"inline_featured_image":false},"product_brand":[],"product_cat":[3061,3006],"product_tag":[],"class_list":{"0":"post-46517","1":"product","2":"type-product","3":"status-publish","4":"has-post-thumbnail","6":"product_cat-grind-separation-boskap","7":"product_cat-notdjur","8":"pa_c-c-stolpar-500-cm","9":"pa_install-langd-483-493-m","11":"first","12":"instock","13":"taxable","14":"shipping-taxable","15":"purchasable","16":"product-type-simple"},"acf":[],"yoast_head":"<!-- This site is optimized with the Yoast SEO plugin v24.4 - https:\/\/yoast.com\/wordpress\/plugins\/seo\/ -->\n<title>Grind Separation kalv 5m - Ofab<\/title>\n<meta name=\"robots\" content=\"index, follow, max-snippet:-1, max-image-preview:large, max-video-preview:-1\" \/>\n<link rel=\"canonical\" href=\"https:\/\/ofabskara.se\/no\/produkt\/grind-separation-500cm\/\" \/>\n<meta property=\"og:locale\" content=\"nb_NO\" \/>\n<meta property=\"og:type\" content=\"article\" \/>\n<meta property=\"og:title\" content=\"Grind Separation kalv 5m - Ofab\" \/>\n<meta property=\"og:description\" content=\"F\u00f6r kalvar upp till 6 m\u00e5nader.  Med st\u00e5ende r\u00f6r.  R\u00f6r \u00d8 42,3x3mm, \u00f6ver och under.  Inv\u00e4ndigt \u00d8 27mm r\u00f6r.\" \/>\n<meta property=\"og:url\" content=\"https:\/\/ofabskara.se\/no\/produkt\/grind-separation-500cm\/\" \/>\n<meta property=\"og:site_name\" content=\"Ofab\" \/>\n<meta name=\"twitter:card\" content=\"summary_large_image\" \/>\n<script type=\"application\/ld+json\" class=\"yoast-schema-graph\">{\"@context\":\"https:\/\/schema.org\",\"@graph\":[{\"@type\":\"WebPage\",\"@id\":\"https:\/\/ofabskara.se\/no\/produkt\/grind-separation-500cm\/\",\"url\":\"https:\/\/ofabskara.se\/no\/produkt\/grind-separation-500cm\/\",\"name\":\"Grind Separation kalv 5m - Ofab\",\"isPartOf\":{\"@id\":\"https:\/\/ofabskara.se\/sv\/#website\"},\"primaryImageOfPage\":{\"@id\":\"https:\/\/ofabskara.se\/no\/produkt\/grind-separation-500cm\/#primaryimage\"},\"image\":{\"@id\":\"https:\/\/ofabskara.se\/no\/produkt\/grind-separation-500cm\/#primaryimage\"},\"thumbnailUrl\":\"https:\/\/ofabskara.se\/wp-content\/uploads\/2023\/09\/VE2774.jpg\",\"datePublished\":\"2017-05-16T06:23:03+00:00\",\"breadcrumb\":{\"@id\":\"https:\/\/ofabskara.se\/no\/produkt\/grind-separation-500cm\/#breadcrumb\"},\"inLanguage\":\"nb-NO\",\"potentialAction\":[{\"@type\":\"ReadAction\",\"target\":[\"https:\/\/ofabskara.se\/no\/produkt\/grind-separation-500cm\/\"]}]},{\"@type\":\"ImageObject\",\"inLanguage\":\"nb-NO\",\"@id\":\"https:\/\/ofabskara.se\/no\/produkt\/grind-separation-500cm\/#primaryimage\",\"url\":\"https:\/\/ofabskara.se\/wp-content\/uploads\/2023\/09\/VE2774.jpg\",\"contentUrl\":\"https:\/\/ofabskara.se\/wp-content\/uploads\/2023\/09\/VE2774.jpg\",\"width\":1126,\"height\":796},{\"@type\":\"BreadcrumbList\",\"@id\":\"https:\/\/ofabskara.se\/no\/produkt\/grind-separation-500cm\/#breadcrumb\",\"itemListElement\":[{\"@type\":\"ListItem\",\"position\":1,\"name\":\"Home\",\"item\":\"https:\/\/ofabskara.se\/no\/\"},{\"@type\":\"ListItem\",\"position\":2,\"name\":\"Butik\",\"item\":\"https:\/\/ofabskara.se\/sv\/butik\/\"},{\"@type\":\"ListItem\",\"position\":3,\"name\":\"Grind Separation kalv 5m\"}]},{\"@type\":\"WebSite\",\"@id\":\"https:\/\/ofabskara.se\/sv\/#website\",\"url\":\"https:\/\/ofabskara.se\/sv\/\",\"name\":\"Ofab\",\"description\":\"\",\"potentialAction\":[{\"@type\":\"SearchAction\",\"target\":{\"@type\":\"EntryPoint\",\"urlTemplate\":\"https:\/\/ofabskara.se\/sv\/?s={search_term_string}\"},\"query-input\":{\"@type\":\"PropertyValueSpecification\",\"valueRequired\":true,\"valueName\":\"search_term_string\"}}],\"inLanguage\":\"nb-NO\"}]}<\/script>\n<!-- \/ Yoast SEO plugin. -->","yoast_head_json":{"title":"Grind Separation kalv 5m - Ofab","robots":{"index":"index","follow":"follow","max-snippet":"max-snippet:-1","max-image-preview":"max-image-preview:large","max-video-preview":"max-video-preview:-1"},"canonical":"https:\/\/ofabskara.se\/no\/produkt\/grind-separation-500cm\/","og_locale":"nb_NO","og_type":"article","og_title":"Grind Separation kalv 5m - Ofab","og_description":"F\u00f6r kalvar upp till 6 m\u00e5nader.  Med st\u00e5ende r\u00f6r.  R\u00f6r \u00d8 42,3x3mm, \u00f6ver och under.  Inv\u00e4ndigt \u00d8 27mm r\u00f6r.","og_url":"https:\/\/ofabskara.se\/no\/produkt\/grind-separation-500cm\/","og_site_name":"Ofab","twitter_card":"summary_large_image","schema":{"@context":"https:\/\/schema.org","@graph":[{"@type":"WebPage","@id":"https:\/\/ofabskara.se\/no\/produkt\/grind-separation-500cm\/","url":"https:\/\/ofabskara.se\/no\/produkt\/grind-separation-500cm\/","name":"Grind Separation kalv 5m - Ofab","isPartOf":{"@id":"https:\/\/ofabskara.se\/sv\/#website"},"primaryImageOfPage":{"@id":"https:\/\/ofabskara.se\/no\/produkt\/grind-separation-500cm\/#primaryimage"},"image":{"@id":"https:\/\/ofabskara.se\/no\/produkt\/grind-separation-500cm\/#primaryimage"},"thumbnailUrl":"https:\/\/ofabskara.se\/wp-content\/uploads\/2023\/09\/VE2774.jpg","datePublished":"2017-05-16T06:23:03+00:00","breadcrumb":{"@id":"https:\/\/ofabskara.se\/no\/produkt\/grind-separation-500cm\/#breadcrumb"},"inLanguage":"nb-NO","potentialAction":[{"@type":"ReadAction","target":["https:\/\/ofabskara.se\/no\/produkt\/grind-separation-500cm\/"]}]},{"@type":"ImageObject","inLanguage":"nb-NO","@id":"https:\/\/ofabskara.se\/no\/produkt\/grind-separation-500cm\/#primaryimage","url":"https:\/\/ofabskara.se\/wp-content\/uploads\/2023\/09\/VE2774.jpg","contentUrl":"https:\/\/ofabskara.se\/wp-content\/uploads\/2023\/09\/VE2774.jpg","width":1126,"height":796},{"@type":"BreadcrumbList","@id":"https:\/\/ofabskara.se\/no\/produkt\/grind-separation-500cm\/#breadcrumb","itemListElement":[{"@type":"ListItem","position":1,"name":"Home","item":"https:\/\/ofabskara.se\/no\/"},{"@type":"ListItem","position":2,"name":"Butik","item":"https:\/\/ofabskara.se\/sv\/butik\/"},{"@type":"ListItem","position":3,"name":"Grind Separation kalv 5m"}]},{"@type":"WebSite","@id":"https:\/\/ofabskara.se\/sv\/#website","url":"https:\/\/ofabskara.se\/sv\/","name":"Ofab","description":"","potentialAction":[{"@type":"SearchAction","target":{"@type":"EntryPoint","urlTemplate":"https:\/\/ofabskara.se\/sv\/?s={search_term_string}"},"query-input":{"@type":"PropertyValueSpecification","valueRequired":true,"valueName":"search_term_string"}}],"inLanguage":"nb-NO"}]}},"_links":{"self":[{"href":"https:\/\/ofabskara.se\/no\/wp-json\/wp\/v2\/product\/46517","targetHints":{"allow":["GET"]}}],"collection":[{"href":"https:\/\/ofabskara.se\/no\/wp-json\/wp\/v2\/product"}],"about":[{"href":"https:\/\/ofabskara.se\/no\/wp-json\/wp\/v2\/types\/product"}],"replies":[{"embeddable":true,"href":"https:\/\/ofabskara.se\/no\/wp-json\/wp\/v2\/comments?post=46517"}],"wp:featuredmedia":[{"embeddable":true,"href":"https:\/\/ofabskara.se\/no\/wp-json\/wp\/v2\/media\/6627"}],"wp:attachment":[{"href":"https:\/\/ofabskara.se\/no\/wp-json\/wp\/v2\/media?parent=46517"}],"wp:term":[{"taxonomy":"product_brand","embeddable":true,"href":"https:\/\/ofabskara.se\/no\/wp-json\/wp\/v2\/product_brand?post=46517"},{"taxonomy":"product_cat","embeddable":true,"href":"https:\/\/ofabskara.se\/no\/wp-json\/wp\/v2\/product_cat?post=46517"},{"taxonomy":"product_tag","embeddable":true,"href":"https:\/\/ofabskara.se\/no\/wp-json\/wp\/v2\/product_tag?post=46517"}],"curies":[{"name":"wp","href":"https:\/\/api.w.org\/{rel}","templated":true}]}}