{"id":46581,"date":"2017-05-16T08:18:32","date_gmt":"2017-05-16T06:18:32","guid":{"rendered":"https:\/\/ofabskara.se\/produkt\/regelhallare-2-oglor\/"},"modified":"2017-05-16T08:18:32","modified_gmt":"2017-05-16T06:18:32","slug":"regelhallare-2-oglor","status":"publish","type":"product","link":"https:\/\/ofabskara.se\/no\/produkt\/regelhallare-2-oglor\/","title":{"rendered":"L\u00e5sbeslag skjutregel dubbel"},"content":{"rendered":"","protected":false},"excerpt":{"rendered":"<ul>\n<li><strong>Regelh\u00e5llare f\u00f6r l\u00e5sning av grind monteras p\u00e5 stolpe \u00d8102mm. 2-\u00f6glor.<\/strong><\/li>\n<li><strong>Vikt 2,4 kg<\/strong><\/li>\n<\/ul>\n","protected":false},"featured_media":6497,"comment_status":"closed","ping_status":"open","template":"","meta":{"_acf_changed":false,"inline_featured_image":false},"product_brand":[],"product_cat":[3574,3006,3572,3576,3031,3575,3030],"product_tag":[],"class_list":{"0":"post-46581","1":"product","2":"type-product","3":"status-publish","4":"has-post-thumbnail","6":"product_cat-grisar","7":"product_cat-notdjur","8":"product_cat-stolpar-beslag-runda-102mm-notdjur","9":"product_cat-stolpar-beslag-oktogon-102mm-beslag-o-stolpar-grisar","10":"product_cat-stolpar-beslag-oktogon-102mm-notdjur","11":"product_cat-beslag-o-stolpar-grisar","12":"product_cat-stolpar-beslag-till-grindar-inredning-notdjur","14":"first","15":"instock","16":"taxable","17":"shipping-taxable","18":"purchasable","19":"product-type-simple"},"acf":[],"yoast_head":"<!-- This site is optimized with the Yoast SEO plugin v24.4 - https:\/\/yoast.com\/wordpress\/plugins\/seo\/ -->\n<title>L\u00e5sbeslag skjutregel dubbel - Ofab<\/title>\n<meta name=\"robots\" content=\"index, follow, max-snippet:-1, max-image-preview:large, max-video-preview:-1\" \/>\n<link rel=\"canonical\" href=\"https:\/\/ofabskara.se\/no\/produkt\/regelhallare-2-oglor\/\" \/>\n<meta property=\"og:locale\" content=\"nb_NO\" \/>\n<meta property=\"og:type\" content=\"article\" \/>\n<meta property=\"og:title\" content=\"L\u00e5sbeslag skjutregel dubbel - Ofab\" \/>\n<meta property=\"og:description\" content=\"Regelh\u00e5llare f\u00f6r l\u00e5sning av grind monteras p\u00e5 stolpe \u00d8102mm. 2-\u00f6glor.  Vikt 2,4 kg\" \/>\n<meta property=\"og:url\" content=\"https:\/\/ofabskara.se\/no\/produkt\/regelhallare-2-oglor\/\" \/>\n<meta property=\"og:site_name\" content=\"Ofab\" \/>\n<meta name=\"twitter:card\" content=\"summary_large_image\" \/>\n<script type=\"application\/ld+json\" class=\"yoast-schema-graph\">{\"@context\":\"https:\/\/schema.org\",\"@graph\":[{\"@type\":\"WebPage\",\"@id\":\"https:\/\/ofabskara.se\/no\/produkt\/regelhallare-2-oglor\/\",\"url\":\"https:\/\/ofabskara.se\/no\/produkt\/regelhallare-2-oglor\/\",\"name\":\"L\u00e5sbeslag skjutregel dubbel - Ofab\",\"isPartOf\":{\"@id\":\"https:\/\/ofabskara.se\/sv\/#website\"},\"primaryImageOfPage\":{\"@id\":\"https:\/\/ofabskara.se\/no\/produkt\/regelhallare-2-oglor\/#primaryimage\"},\"image\":{\"@id\":\"https:\/\/ofabskara.se\/no\/produkt\/regelhallare-2-oglor\/#primaryimage\"},\"thumbnailUrl\":\"https:\/\/ofabskara.se\/wp-content\/uploads\/2023\/09\/fe2151-1.jpg\",\"datePublished\":\"2017-05-16T06:18:32+00:00\",\"breadcrumb\":{\"@id\":\"https:\/\/ofabskara.se\/no\/produkt\/regelhallare-2-oglor\/#breadcrumb\"},\"inLanguage\":\"nb-NO\",\"potentialAction\":[{\"@type\":\"ReadAction\",\"target\":[\"https:\/\/ofabskara.se\/no\/produkt\/regelhallare-2-oglor\/\"]}]},{\"@type\":\"ImageObject\",\"inLanguage\":\"nb-NO\",\"@id\":\"https:\/\/ofabskara.se\/no\/produkt\/regelhallare-2-oglor\/#primaryimage\",\"url\":\"https:\/\/ofabskara.se\/wp-content\/uploads\/2023\/09\/fe2151-1.jpg\",\"contentUrl\":\"https:\/\/ofabskara.se\/wp-content\/uploads\/2023\/09\/fe2151-1.jpg\",\"width\":1719,\"height\":1216},{\"@type\":\"BreadcrumbList\",\"@id\":\"https:\/\/ofabskara.se\/no\/produkt\/regelhallare-2-oglor\/#breadcrumb\",\"itemListElement\":[{\"@type\":\"ListItem\",\"position\":1,\"name\":\"Home\",\"item\":\"https:\/\/ofabskara.se\/no\/\"},{\"@type\":\"ListItem\",\"position\":2,\"name\":\"Butik\",\"item\":\"https:\/\/ofabskara.se\/sv\/butik\/\"},{\"@type\":\"ListItem\",\"position\":3,\"name\":\"L\u00e5sbeslag skjutregel dubbel\"}]},{\"@type\":\"WebSite\",\"@id\":\"https:\/\/ofabskara.se\/sv\/#website\",\"url\":\"https:\/\/ofabskara.se\/sv\/\",\"name\":\"Ofab\",\"description\":\"\",\"potentialAction\":[{\"@type\":\"SearchAction\",\"target\":{\"@type\":\"EntryPoint\",\"urlTemplate\":\"https:\/\/ofabskara.se\/sv\/?s={search_term_string}\"},\"query-input\":{\"@type\":\"PropertyValueSpecification\",\"valueRequired\":true,\"valueName\":\"search_term_string\"}}],\"inLanguage\":\"nb-NO\"}]}<\/script>\n<!-- \/ Yoast SEO plugin. -->","yoast_head_json":{"title":"L\u00e5sbeslag skjutregel dubbel - Ofab","robots":{"index":"index","follow":"follow","max-snippet":"max-snippet:-1","max-image-preview":"max-image-preview:large","max-video-preview":"max-video-preview:-1"},"canonical":"https:\/\/ofabskara.se\/no\/produkt\/regelhallare-2-oglor\/","og_locale":"nb_NO","og_type":"article","og_title":"L\u00e5sbeslag skjutregel dubbel - Ofab","og_description":"Regelh\u00e5llare f\u00f6r l\u00e5sning av grind monteras p\u00e5 stolpe \u00d8102mm. 2-\u00f6glor.  Vikt 2,4 kg","og_url":"https:\/\/ofabskara.se\/no\/produkt\/regelhallare-2-oglor\/","og_site_name":"Ofab","twitter_card":"summary_large_image","schema":{"@context":"https:\/\/schema.org","@graph":[{"@type":"WebPage","@id":"https:\/\/ofabskara.se\/no\/produkt\/regelhallare-2-oglor\/","url":"https:\/\/ofabskara.se\/no\/produkt\/regelhallare-2-oglor\/","name":"L\u00e5sbeslag skjutregel dubbel - Ofab","isPartOf":{"@id":"https:\/\/ofabskara.se\/sv\/#website"},"primaryImageOfPage":{"@id":"https:\/\/ofabskara.se\/no\/produkt\/regelhallare-2-oglor\/#primaryimage"},"image":{"@id":"https:\/\/ofabskara.se\/no\/produkt\/regelhallare-2-oglor\/#primaryimage"},"thumbnailUrl":"https:\/\/ofabskara.se\/wp-content\/uploads\/2023\/09\/fe2151-1.jpg","datePublished":"2017-05-16T06:18:32+00:00","breadcrumb":{"@id":"https:\/\/ofabskara.se\/no\/produkt\/regelhallare-2-oglor\/#breadcrumb"},"inLanguage":"nb-NO","potentialAction":[{"@type":"ReadAction","target":["https:\/\/ofabskara.se\/no\/produkt\/regelhallare-2-oglor\/"]}]},{"@type":"ImageObject","inLanguage":"nb-NO","@id":"https:\/\/ofabskara.se\/no\/produkt\/regelhallare-2-oglor\/#primaryimage","url":"https:\/\/ofabskara.se\/wp-content\/uploads\/2023\/09\/fe2151-1.jpg","contentUrl":"https:\/\/ofabskara.se\/wp-content\/uploads\/2023\/09\/fe2151-1.jpg","width":1719,"height":1216},{"@type":"BreadcrumbList","@id":"https:\/\/ofabskara.se\/no\/produkt\/regelhallare-2-oglor\/#breadcrumb","itemListElement":[{"@type":"ListItem","position":1,"name":"Home","item":"https:\/\/ofabskara.se\/no\/"},{"@type":"ListItem","position":2,"name":"Butik","item":"https:\/\/ofabskara.se\/sv\/butik\/"},{"@type":"ListItem","position":3,"name":"L\u00e5sbeslag skjutregel dubbel"}]},{"@type":"WebSite","@id":"https:\/\/ofabskara.se\/sv\/#website","url":"https:\/\/ofabskara.se\/sv\/","name":"Ofab","description":"","potentialAction":[{"@type":"SearchAction","target":{"@type":"EntryPoint","urlTemplate":"https:\/\/ofabskara.se\/sv\/?s={search_term_string}"},"query-input":{"@type":"PropertyValueSpecification","valueRequired":true,"valueName":"search_term_string"}}],"inLanguage":"nb-NO"}]}},"_links":{"self":[{"href":"https:\/\/ofabskara.se\/no\/wp-json\/wp\/v2\/product\/46581","targetHints":{"allow":["GET"]}}],"collection":[{"href":"https:\/\/ofabskara.se\/no\/wp-json\/wp\/v2\/product"}],"about":[{"href":"https:\/\/ofabskara.se\/no\/wp-json\/wp\/v2\/types\/product"}],"replies":[{"embeddable":true,"href":"https:\/\/ofabskara.se\/no\/wp-json\/wp\/v2\/comments?post=46581"}],"wp:featuredmedia":[{"embeddable":true,"href":"https:\/\/ofabskara.se\/no\/wp-json\/wp\/v2\/media\/6497"}],"wp:attachment":[{"href":"https:\/\/ofabskara.se\/no\/wp-json\/wp\/v2\/media?parent=46581"}],"wp:term":[{"taxonomy":"product_brand","embeddable":true,"href":"https:\/\/ofabskara.se\/no\/wp-json\/wp\/v2\/product_brand?post=46581"},{"taxonomy":"product_cat","embeddable":true,"href":"https:\/\/ofabskara.se\/no\/wp-json\/wp\/v2\/product_cat?post=46581"},{"taxonomy":"product_tag","embeddable":true,"href":"https:\/\/ofabskara.se\/no\/wp-json\/wp\/v2\/product_tag?post=46581"}],"curies":[{"name":"wp","href":"https:\/\/api.w.org\/{rel}","templated":true}]}}