{"id":46627,"date":"2019-02-27T11:24:33","date_gmt":"2019-02-27T10:24:33","guid":{"rendered":"https:\/\/ofabskara.se\/produkt\/grind-7-ror-autolas-4-5-m\/"},"modified":"2019-02-27T11:24:33","modified_gmt":"2019-02-27T10:24:33","slug":"grind-7-ror-autolas-4-5-m","status":"publish","type":"product","link":"https:\/\/ofabskara.se\/no\/produkt\/grind-7-ror-autolas-4-5-m\/","title":{"rendered":"7-r\u00f6rs grind autol\u00e5s 4-5 m"},"content":{"rendered":"","protected":false},"excerpt":{"rendered":"<ul>\n<li><strong>Grindens konstruktion med sina fj\u00e4derbelastade l\u00e5sreglar \u00e4r l\u00e4tt att \u00f6ppna och st\u00e4nga.<\/strong><\/li>\n<li><strong>L\u00e4tt att montera tack vare den teleskopiska funktionen.<\/strong><\/li>\n<li><strong>H\u00f6jd 115cm<\/strong><\/li>\n<li><strong>Perfekt f\u00f6r de lite mindre djuren.<\/strong><\/li>\n<li><strong>Tillverkad av \u00d8 40mm r\u00f6r med 1,5mm i godset.<\/strong><\/li>\n<li><strong>Insticksdelen \u00e4r tillverkad i \u00d8 34mm r\u00f6r.<\/strong><\/li>\n<li><strong>Gavlarna \u00e4r tillverkade av 50x30mm som bidrar till en stark konstruktion.<\/strong><\/li>\n<\/ul>\n","protected":false},"featured_media":42945,"comment_status":"closed","ping_status":"closed","template":"","meta":{"_acf_changed":false,"inline_featured_image":false},"product_brand":[],"product_cat":[2980],"product_tag":[],"class_list":{"0":"post-46627","1":"product","2":"type-product","3":"status-publish","4":"has-post-thumbnail","6":"product_cat-okategoriserad","7":"pa_install-langd-370-490cm","9":"first","10":"outofstock","11":"taxable","12":"shipping-taxable","13":"purchasable","14":"product-type-simple"},"acf":[],"yoast_head":"<!-- This site is optimized with the Yoast SEO plugin v24.4 - https:\/\/yoast.com\/wordpress\/plugins\/seo\/ -->\n<title>7-r\u00f6rs grind autol\u00e5s 4-5 m - Ofab<\/title>\n<meta name=\"robots\" content=\"index, follow, max-snippet:-1, max-image-preview:large, max-video-preview:-1\" \/>\n<link rel=\"canonical\" href=\"https:\/\/ofabskara.se\/no\/produkt\/grind-7-ror-autolas-4-5-m\/\" \/>\n<meta property=\"og:locale\" content=\"nb_NO\" \/>\n<meta property=\"og:type\" content=\"article\" \/>\n<meta property=\"og:title\" content=\"7-r\u00f6rs grind autol\u00e5s 4-5 m - Ofab\" \/>\n<meta property=\"og:description\" content=\"Grindens konstruktion med sina fj\u00e4derbelastade l\u00e5sreglar \u00e4r l\u00e4tt att \u00f6ppna och st\u00e4nga.  L\u00e4tt att montera tack vare den teleskopiska funktionen.  H\u00f6jd 115cm  Perfekt f\u00f6r de lite mindre djuren.  Tillverkad av \u00d8 40mm r\u00f6r med 1,5mm i godset.  Insticksdelen \u00e4r tillverkad i \u00d8 34mm r\u00f6r.  Gavlarna \u00e4r tillverkade av 50x30mm som bidrar till en stark konstruktion.\" \/>\n<meta property=\"og:url\" content=\"https:\/\/ofabskara.se\/no\/produkt\/grind-7-ror-autolas-4-5-m\/\" \/>\n<meta property=\"og:site_name\" content=\"Ofab\" \/>\n<meta name=\"twitter:card\" content=\"summary_large_image\" \/>\n<script type=\"application\/ld+json\" class=\"yoast-schema-graph\">{\"@context\":\"https:\/\/schema.org\",\"@graph\":[{\"@type\":\"WebPage\",\"@id\":\"https:\/\/ofabskara.se\/no\/produkt\/grind-7-ror-autolas-4-5-m\/\",\"url\":\"https:\/\/ofabskara.se\/no\/produkt\/grind-7-ror-autolas-4-5-m\/\",\"name\":\"7-r\u00f6rs grind autol\u00e5s 4-5 m - Ofab\",\"isPartOf\":{\"@id\":\"https:\/\/ofabskara.se\/sv\/#website\"},\"primaryImageOfPage\":{\"@id\":\"https:\/\/ofabskara.se\/no\/produkt\/grind-7-ror-autolas-4-5-m\/#primaryimage\"},\"image\":{\"@id\":\"https:\/\/ofabskara.se\/no\/produkt\/grind-7-ror-autolas-4-5-m\/#primaryimage\"},\"thumbnailUrl\":\"https:\/\/ofabskara.se\/wp-content\/uploads\/2019\/02\/BP0704.jpg\",\"datePublished\":\"2019-02-27T10:24:33+00:00\",\"breadcrumb\":{\"@id\":\"https:\/\/ofabskara.se\/no\/produkt\/grind-7-ror-autolas-4-5-m\/#breadcrumb\"},\"inLanguage\":\"nb-NO\",\"potentialAction\":[{\"@type\":\"ReadAction\",\"target\":[\"https:\/\/ofabskara.se\/no\/produkt\/grind-7-ror-autolas-4-5-m\/\"]}]},{\"@type\":\"ImageObject\",\"inLanguage\":\"nb-NO\",\"@id\":\"https:\/\/ofabskara.se\/no\/produkt\/grind-7-ror-autolas-4-5-m\/#primaryimage\",\"url\":\"https:\/\/ofabskara.se\/wp-content\/uploads\/2019\/02\/BP0704.jpg\",\"contentUrl\":\"https:\/\/ofabskara.se\/wp-content\/uploads\/2019\/02\/BP0704.jpg\",\"width\":1126,\"height\":796},{\"@type\":\"BreadcrumbList\",\"@id\":\"https:\/\/ofabskara.se\/no\/produkt\/grind-7-ror-autolas-4-5-m\/#breadcrumb\",\"itemListElement\":[{\"@type\":\"ListItem\",\"position\":1,\"name\":\"Home\",\"item\":\"https:\/\/ofabskara.se\/no\/\"},{\"@type\":\"ListItem\",\"position\":2,\"name\":\"Butik\",\"item\":\"https:\/\/ofabskara.se\/sv\/butik\/\"},{\"@type\":\"ListItem\",\"position\":3,\"name\":\"7-r\u00f6rs grind autol\u00e5s 4-5 m\"}]},{\"@type\":\"WebSite\",\"@id\":\"https:\/\/ofabskara.se\/sv\/#website\",\"url\":\"https:\/\/ofabskara.se\/sv\/\",\"name\":\"Ofab\",\"description\":\"\",\"potentialAction\":[{\"@type\":\"SearchAction\",\"target\":{\"@type\":\"EntryPoint\",\"urlTemplate\":\"https:\/\/ofabskara.se\/sv\/?s={search_term_string}\"},\"query-input\":{\"@type\":\"PropertyValueSpecification\",\"valueRequired\":true,\"valueName\":\"search_term_string\"}}],\"inLanguage\":\"nb-NO\"}]}<\/script>\n<!-- \/ Yoast SEO plugin. -->","yoast_head_json":{"title":"7-r\u00f6rs grind autol\u00e5s 4-5 m - Ofab","robots":{"index":"index","follow":"follow","max-snippet":"max-snippet:-1","max-image-preview":"max-image-preview:large","max-video-preview":"max-video-preview:-1"},"canonical":"https:\/\/ofabskara.se\/no\/produkt\/grind-7-ror-autolas-4-5-m\/","og_locale":"nb_NO","og_type":"article","og_title":"7-r\u00f6rs grind autol\u00e5s 4-5 m - Ofab","og_description":"Grindens konstruktion med sina fj\u00e4derbelastade l\u00e5sreglar \u00e4r l\u00e4tt att \u00f6ppna och st\u00e4nga.  L\u00e4tt att montera tack vare den teleskopiska funktionen.  H\u00f6jd 115cm  Perfekt f\u00f6r de lite mindre djuren.  Tillverkad av \u00d8 40mm r\u00f6r med 1,5mm i godset.  Insticksdelen \u00e4r tillverkad i \u00d8 34mm r\u00f6r.  Gavlarna \u00e4r tillverkade av 50x30mm som bidrar till en stark konstruktion.","og_url":"https:\/\/ofabskara.se\/no\/produkt\/grind-7-ror-autolas-4-5-m\/","og_site_name":"Ofab","twitter_card":"summary_large_image","schema":{"@context":"https:\/\/schema.org","@graph":[{"@type":"WebPage","@id":"https:\/\/ofabskara.se\/no\/produkt\/grind-7-ror-autolas-4-5-m\/","url":"https:\/\/ofabskara.se\/no\/produkt\/grind-7-ror-autolas-4-5-m\/","name":"7-r\u00f6rs grind autol\u00e5s 4-5 m - Ofab","isPartOf":{"@id":"https:\/\/ofabskara.se\/sv\/#website"},"primaryImageOfPage":{"@id":"https:\/\/ofabskara.se\/no\/produkt\/grind-7-ror-autolas-4-5-m\/#primaryimage"},"image":{"@id":"https:\/\/ofabskara.se\/no\/produkt\/grind-7-ror-autolas-4-5-m\/#primaryimage"},"thumbnailUrl":"https:\/\/ofabskara.se\/wp-content\/uploads\/2019\/02\/BP0704.jpg","datePublished":"2019-02-27T10:24:33+00:00","breadcrumb":{"@id":"https:\/\/ofabskara.se\/no\/produkt\/grind-7-ror-autolas-4-5-m\/#breadcrumb"},"inLanguage":"nb-NO","potentialAction":[{"@type":"ReadAction","target":["https:\/\/ofabskara.se\/no\/produkt\/grind-7-ror-autolas-4-5-m\/"]}]},{"@type":"ImageObject","inLanguage":"nb-NO","@id":"https:\/\/ofabskara.se\/no\/produkt\/grind-7-ror-autolas-4-5-m\/#primaryimage","url":"https:\/\/ofabskara.se\/wp-content\/uploads\/2019\/02\/BP0704.jpg","contentUrl":"https:\/\/ofabskara.se\/wp-content\/uploads\/2019\/02\/BP0704.jpg","width":1126,"height":796},{"@type":"BreadcrumbList","@id":"https:\/\/ofabskara.se\/no\/produkt\/grind-7-ror-autolas-4-5-m\/#breadcrumb","itemListElement":[{"@type":"ListItem","position":1,"name":"Home","item":"https:\/\/ofabskara.se\/no\/"},{"@type":"ListItem","position":2,"name":"Butik","item":"https:\/\/ofabskara.se\/sv\/butik\/"},{"@type":"ListItem","position":3,"name":"7-r\u00f6rs grind autol\u00e5s 4-5 m"}]},{"@type":"WebSite","@id":"https:\/\/ofabskara.se\/sv\/#website","url":"https:\/\/ofabskara.se\/sv\/","name":"Ofab","description":"","potentialAction":[{"@type":"SearchAction","target":{"@type":"EntryPoint","urlTemplate":"https:\/\/ofabskara.se\/sv\/?s={search_term_string}"},"query-input":{"@type":"PropertyValueSpecification","valueRequired":true,"valueName":"search_term_string"}}],"inLanguage":"nb-NO"}]}},"_links":{"self":[{"href":"https:\/\/ofabskara.se\/no\/wp-json\/wp\/v2\/product\/46627","targetHints":{"allow":["GET"]}}],"collection":[{"href":"https:\/\/ofabskara.se\/no\/wp-json\/wp\/v2\/product"}],"about":[{"href":"https:\/\/ofabskara.se\/no\/wp-json\/wp\/v2\/types\/product"}],"replies":[{"embeddable":true,"href":"https:\/\/ofabskara.se\/no\/wp-json\/wp\/v2\/comments?post=46627"}],"wp:featuredmedia":[{"embeddable":true,"href":"https:\/\/ofabskara.se\/no\/wp-json\/wp\/v2\/media\/42945"}],"wp:attachment":[{"href":"https:\/\/ofabskara.se\/no\/wp-json\/wp\/v2\/media?parent=46627"}],"wp:term":[{"taxonomy":"product_brand","embeddable":true,"href":"https:\/\/ofabskara.se\/no\/wp-json\/wp\/v2\/product_brand?post=46627"},{"taxonomy":"product_cat","embeddable":true,"href":"https:\/\/ofabskara.se\/no\/wp-json\/wp\/v2\/product_cat?post=46627"},{"taxonomy":"product_tag","embeddable":true,"href":"https:\/\/ofabskara.se\/no\/wp-json\/wp\/v2\/product_tag?post=46627"}],"curies":[{"name":"wp","href":"https:\/\/api.w.org\/{rel}","templated":true}]}}