{"id":46938,"date":"2017-05-16T08:37:16","date_gmt":"2017-05-16T06:37:16","guid":{"rendered":"https:\/\/ofabskara.se\/produkt\/hydraulcylindrar-600-63-2\/"},"modified":"2017-05-16T08:37:16","modified_gmt":"2017-05-16T06:37:16","slug":"hydraulcylindrar-600-63-2","status":"publish","type":"product","link":"https:\/\/ofabskara.se\/no\/produkt\/hydraulcylindrar-600-63-2\/","title":{"rendered":"Cylinder 63\/40-600"},"content":{"rendered":"","protected":false},"excerpt":{"rendered":"<p>.Teknisk beskrivning, Tryckklass: 210 bar, Kolvst\u00e5ng: SIS 2172 slipad och h\u00e5rdf\u00f6rkromad Tol. ISO f7. Krom 20-25 my., Cylinderr\u00f6r: SIS 2172 draget cylinderr\u00f6r. Inv. tol. H9 max 0,6 myRA., T\u00e4tningar: Kompaktt\u00e4tningar, ytbehandling: Grundm\u00e5lade med primer<\/p>\n<p>Tryckkraft: 5600 kg, Dragkraft: 3340 kg, Arbetstryck: 180 bar<\/p>\n","protected":false},"featured_media":0,"comment_status":"closed","ping_status":"open","template":"","meta":{"_acf_changed":false,"inline_featured_image":false},"product_brand":[],"product_cat":[2980],"product_tag":[],"class_list":{"0":"post-46938","1":"product","2":"type-product","3":"status-publish","5":"product_cat-okategoriserad","6":"pa_c-c-matt-808-1408-mm","7":"pa_cylinder-inv-diam-63-mm","8":"pa_kolvstang-diameter-40-mm","9":"pa_lanklager-haldiam-25-mm","10":"pa_slaglangd-600-mm","12":"first","13":"outofstock","14":"taxable","15":"shipping-taxable","16":"purchasable","17":"product-type-simple"},"acf":[],"yoast_head":"<!-- This site is optimized with the Yoast SEO plugin v24.4 - https:\/\/yoast.com\/wordpress\/plugins\/seo\/ -->\n<title>Cylinder 63\/40-600 - Ofab<\/title>\n<meta name=\"robots\" content=\"index, follow, max-snippet:-1, max-image-preview:large, max-video-preview:-1\" \/>\n<link rel=\"canonical\" href=\"https:\/\/ofabskara.se\/no\/produkt\/hydraulcylindrar-600-63-2\/\" \/>\n<meta property=\"og:locale\" content=\"nb_NO\" \/>\n<meta property=\"og:type\" content=\"article\" \/>\n<meta property=\"og:title\" content=\"Cylinder 63\/40-600 - Ofab\" \/>\n<meta property=\"og:description\" content=\".Teknisk beskrivning, Tryckklass: 210 bar, Kolvst\u00e5ng: SIS 2172 slipad och h\u00e5rdf\u00f6rkromad Tol. ISO f7. Krom 20-25 my., Cylinderr\u00f6r: SIS 2172 draget cylinderr\u00f6r. Inv. tol. H9 max 0,6 myRA., T\u00e4tningar: Kompaktt\u00e4tningar, ytbehandling: Grundm\u00e5lade med primer Tryckkraft: 5600 kg, Dragkraft: 3340 kg, Arbetstryck: 180 bar\" \/>\n<meta property=\"og:url\" content=\"https:\/\/ofabskara.se\/no\/produkt\/hydraulcylindrar-600-63-2\/\" \/>\n<meta property=\"og:site_name\" content=\"Ofab\" \/>\n<meta name=\"twitter:card\" content=\"summary_large_image\" \/>\n<script type=\"application\/ld+json\" class=\"yoast-schema-graph\">{\"@context\":\"https:\/\/schema.org\",\"@graph\":[{\"@type\":\"WebPage\",\"@id\":\"https:\/\/ofabskara.se\/no\/produkt\/hydraulcylindrar-600-63-2\/\",\"url\":\"https:\/\/ofabskara.se\/no\/produkt\/hydraulcylindrar-600-63-2\/\",\"name\":\"Cylinder 63\/40-600 - Ofab\",\"isPartOf\":{\"@id\":\"https:\/\/ofabskara.se\/sv\/#website\"},\"datePublished\":\"2017-05-16T06:37:16+00:00\",\"breadcrumb\":{\"@id\":\"https:\/\/ofabskara.se\/no\/produkt\/hydraulcylindrar-600-63-2\/#breadcrumb\"},\"inLanguage\":\"nb-NO\",\"potentialAction\":[{\"@type\":\"ReadAction\",\"target\":[\"https:\/\/ofabskara.se\/no\/produkt\/hydraulcylindrar-600-63-2\/\"]}]},{\"@type\":\"BreadcrumbList\",\"@id\":\"https:\/\/ofabskara.se\/no\/produkt\/hydraulcylindrar-600-63-2\/#breadcrumb\",\"itemListElement\":[{\"@type\":\"ListItem\",\"position\":1,\"name\":\"Home\",\"item\":\"https:\/\/ofabskara.se\/no\/\"},{\"@type\":\"ListItem\",\"position\":2,\"name\":\"Butik\",\"item\":\"https:\/\/ofabskara.se\/sv\/butik\/\"},{\"@type\":\"ListItem\",\"position\":3,\"name\":\"Cylinder 63\/40-600\"}]},{\"@type\":\"WebSite\",\"@id\":\"https:\/\/ofabskara.se\/sv\/#website\",\"url\":\"https:\/\/ofabskara.se\/sv\/\",\"name\":\"Ofab\",\"description\":\"\",\"potentialAction\":[{\"@type\":\"SearchAction\",\"target\":{\"@type\":\"EntryPoint\",\"urlTemplate\":\"https:\/\/ofabskara.se\/sv\/?s={search_term_string}\"},\"query-input\":{\"@type\":\"PropertyValueSpecification\",\"valueRequired\":true,\"valueName\":\"search_term_string\"}}],\"inLanguage\":\"nb-NO\"}]}<\/script>\n<!-- \/ Yoast SEO plugin. -->","yoast_head_json":{"title":"Cylinder 63\/40-600 - Ofab","robots":{"index":"index","follow":"follow","max-snippet":"max-snippet:-1","max-image-preview":"max-image-preview:large","max-video-preview":"max-video-preview:-1"},"canonical":"https:\/\/ofabskara.se\/no\/produkt\/hydraulcylindrar-600-63-2\/","og_locale":"nb_NO","og_type":"article","og_title":"Cylinder 63\/40-600 - Ofab","og_description":".Teknisk beskrivning, Tryckklass: 210 bar, Kolvst\u00e5ng: SIS 2172 slipad och h\u00e5rdf\u00f6rkromad Tol. ISO f7. Krom 20-25 my., Cylinderr\u00f6r: SIS 2172 draget cylinderr\u00f6r. Inv. tol. H9 max 0,6 myRA., T\u00e4tningar: Kompaktt\u00e4tningar, ytbehandling: Grundm\u00e5lade med primer Tryckkraft: 5600 kg, Dragkraft: 3340 kg, Arbetstryck: 180 bar","og_url":"https:\/\/ofabskara.se\/no\/produkt\/hydraulcylindrar-600-63-2\/","og_site_name":"Ofab","twitter_card":"summary_large_image","schema":{"@context":"https:\/\/schema.org","@graph":[{"@type":"WebPage","@id":"https:\/\/ofabskara.se\/no\/produkt\/hydraulcylindrar-600-63-2\/","url":"https:\/\/ofabskara.se\/no\/produkt\/hydraulcylindrar-600-63-2\/","name":"Cylinder 63\/40-600 - Ofab","isPartOf":{"@id":"https:\/\/ofabskara.se\/sv\/#website"},"datePublished":"2017-05-16T06:37:16+00:00","breadcrumb":{"@id":"https:\/\/ofabskara.se\/no\/produkt\/hydraulcylindrar-600-63-2\/#breadcrumb"},"inLanguage":"nb-NO","potentialAction":[{"@type":"ReadAction","target":["https:\/\/ofabskara.se\/no\/produkt\/hydraulcylindrar-600-63-2\/"]}]},{"@type":"BreadcrumbList","@id":"https:\/\/ofabskara.se\/no\/produkt\/hydraulcylindrar-600-63-2\/#breadcrumb","itemListElement":[{"@type":"ListItem","position":1,"name":"Home","item":"https:\/\/ofabskara.se\/no\/"},{"@type":"ListItem","position":2,"name":"Butik","item":"https:\/\/ofabskara.se\/sv\/butik\/"},{"@type":"ListItem","position":3,"name":"Cylinder 63\/40-600"}]},{"@type":"WebSite","@id":"https:\/\/ofabskara.se\/sv\/#website","url":"https:\/\/ofabskara.se\/sv\/","name":"Ofab","description":"","potentialAction":[{"@type":"SearchAction","target":{"@type":"EntryPoint","urlTemplate":"https:\/\/ofabskara.se\/sv\/?s={search_term_string}"},"query-input":{"@type":"PropertyValueSpecification","valueRequired":true,"valueName":"search_term_string"}}],"inLanguage":"nb-NO"}]}},"_links":{"self":[{"href":"https:\/\/ofabskara.se\/no\/wp-json\/wp\/v2\/product\/46938","targetHints":{"allow":["GET"]}}],"collection":[{"href":"https:\/\/ofabskara.se\/no\/wp-json\/wp\/v2\/product"}],"about":[{"href":"https:\/\/ofabskara.se\/no\/wp-json\/wp\/v2\/types\/product"}],"replies":[{"embeddable":true,"href":"https:\/\/ofabskara.se\/no\/wp-json\/wp\/v2\/comments?post=46938"}],"wp:attachment":[{"href":"https:\/\/ofabskara.se\/no\/wp-json\/wp\/v2\/media?parent=46938"}],"wp:term":[{"taxonomy":"product_brand","embeddable":true,"href":"https:\/\/ofabskara.se\/no\/wp-json\/wp\/v2\/product_brand?post=46938"},{"taxonomy":"product_cat","embeddable":true,"href":"https:\/\/ofabskara.se\/no\/wp-json\/wp\/v2\/product_cat?post=46938"},{"taxonomy":"product_tag","embeddable":true,"href":"https:\/\/ofabskara.se\/no\/wp-json\/wp\/v2\/product_tag?post=46938"}],"curies":[{"name":"wp","href":"https:\/\/api.w.org\/{rel}","templated":true}]}}