{"id":2,"date":"2019-02-07T12:57:21","date_gmt":"2019-02-07T12:57:21","guid":{"rendered":"http:\/\/ofab.site\/?page_id=2"},"modified":"2026-01-30T10:35:00","modified_gmt":"2026-01-30T09:35:00","slug":"sample-page","status":"publish","type":"page","link":"https:\/\/ofabskara.se\/sv\/","title":{"rendered":"OFAB"},"content":{"rendered":"","protected":false},"excerpt":{"rendered":"","protected":false},"author":1,"featured_media":0,"parent":0,"menu_order":0,"comment_status":"closed","ping_status":"closed","template":"templates\/startpage.php","meta":{"_acf_changed":false,"inline_featured_image":false,"footnotes":""},"class_list":["post-2","page","type-page","status-publish","hentry"],"acf":[],"yoast_head":"<!-- This site is optimized with the Yoast SEO plugin v24.4 - https:\/\/yoast.com\/wordpress\/plugins\/seo\/ -->\n<title>OFAB - Produkter f\u00f6r lantbruk, N\u00f6tdjur, H\u00e4star, Gris och F\u00e5r<\/title>\n<meta name=\"description\" content=\"OFAB - Produkter f\u00f6r lantbruk, N\u00f6tdjur, H\u00e4star, Gris och F\u00e5r. Det b\u00e4sta f\u00f6r dina djur med produkter av h\u00f6g kvalitet till bra priser.\" \/>\n<meta name=\"robots\" content=\"index, follow, max-snippet:-1, max-image-preview:large, max-video-preview:-1\" \/>\n<link rel=\"canonical\" href=\"https:\/\/ofabskara.se\/sv\/\" \/>\n<meta property=\"og:locale\" content=\"sv_SE\" \/>\n<meta property=\"og:type\" content=\"article\" \/>\n<meta property=\"og:title\" content=\"OFAB - Produkter f\u00f6r lantbruk, N\u00f6tdjur, H\u00e4star, Gris och F\u00e5r\" \/>\n<meta property=\"og:description\" content=\"OFAB - Produkter f\u00f6r lantbruk, N\u00f6tdjur, H\u00e4star, Gris och F\u00e5r. Det b\u00e4sta f\u00f6r dina djur med produkter av h\u00f6g kvalitet till bra priser.\" \/>\n<meta property=\"og:url\" content=\"https:\/\/ofabskara.se\/sv\/\" \/>\n<meta property=\"og:site_name\" content=\"Ofab\" \/>\n<meta property=\"article:modified_time\" content=\"2026-01-30T09:35:00+00:00\" \/>\n<meta property=\"og:image\" content=\"https:\/\/ofabskara.se\/wp-content\/uploads\/2023\/11\/ofab_facebook_lint.png\" \/>\n\t<meta property=\"og:image:width\" content=\"1200\" \/>\n\t<meta property=\"og:image:height\" content=\"630\" \/>\n\t<meta property=\"og:image:type\" content=\"image\/png\" \/>\n<meta name=\"twitter:card\" content=\"summary_large_image\" \/>\n<meta name=\"twitter:label1\" content=\"Ber\u00e4knad l\u00e4stid\" \/>\n\t<meta name=\"twitter:data1\" content=\"5 minuter\" \/>\n<script type=\"application\/ld+json\" class=\"yoast-schema-graph\">{\"@context\":\"https:\/\/schema.org\",\"@graph\":[{\"@type\":\"WebPage\",\"@id\":\"https:\/\/ofabskara.se\/sv\/\",\"url\":\"https:\/\/ofabskara.se\/sv\/\",\"name\":\"OFAB - Produkter f\u00f6r lantbruk, N\u00f6tdjur, H\u00e4star, Gris och F\u00e5r\",\"isPartOf\":{\"@id\":\"https:\/\/ofabskara.se\/sv\/#website\"},\"datePublished\":\"2019-02-07T12:57:21+00:00\",\"dateModified\":\"2026-01-30T09:35:00+00:00\",\"description\":\"OFAB - Produkter f\u00f6r lantbruk, N\u00f6tdjur, H\u00e4star, Gris och F\u00e5r. Det b\u00e4sta f\u00f6r dina djur med produkter av h\u00f6g kvalitet till bra priser.\",\"breadcrumb\":{\"@id\":\"https:\/\/ofabskara.se\/sv\/#breadcrumb\"},\"inLanguage\":\"sv-SE\",\"potentialAction\":[{\"@type\":\"ReadAction\",\"target\":[\"https:\/\/ofabskara.se\/sv\/\"]}]},{\"@type\":\"BreadcrumbList\",\"@id\":\"https:\/\/ofabskara.se\/sv\/#breadcrumb\",\"itemListElement\":[{\"@type\":\"ListItem\",\"position\":1,\"name\":\"Home\",\"item\":\"https:\/\/ofabskara.se\/sv\/\"},{\"@type\":\"ListItem\",\"position\":2,\"name\":\"OFAB\"}]},{\"@type\":\"WebSite\",\"@id\":\"https:\/\/ofabskara.se\/sv\/#website\",\"url\":\"https:\/\/ofabskara.se\/sv\/\",\"name\":\"Ofab\",\"description\":\"\",\"potentialAction\":[{\"@type\":\"SearchAction\",\"target\":{\"@type\":\"EntryPoint\",\"urlTemplate\":\"https:\/\/ofabskara.se\/sv\/?s={search_term_string}\"},\"query-input\":{\"@type\":\"PropertyValueSpecification\",\"valueRequired\":true,\"valueName\":\"search_term_string\"}}],\"inLanguage\":\"sv-SE\"}]}<\/script>\n<!-- \/ Yoast SEO plugin. -->","yoast_head_json":{"title":"OFAB - Produkter f\u00f6r lantbruk, N\u00f6tdjur, H\u00e4star, Gris och F\u00e5r","description":"OFAB - Produkter f\u00f6r lantbruk, N\u00f6tdjur, H\u00e4star, Gris och F\u00e5r. Det b\u00e4sta f\u00f6r dina djur med produkter av h\u00f6g kvalitet till bra priser.","robots":{"index":"index","follow":"follow","max-snippet":"max-snippet:-1","max-image-preview":"max-image-preview:large","max-video-preview":"max-video-preview:-1"},"canonical":"https:\/\/ofabskara.se\/sv\/","og_locale":"sv_SE","og_type":"article","og_title":"OFAB - Produkter f\u00f6r lantbruk, N\u00f6tdjur, H\u00e4star, Gris och F\u00e5r","og_description":"OFAB - Produkter f\u00f6r lantbruk, N\u00f6tdjur, H\u00e4star, Gris och F\u00e5r. Det b\u00e4sta f\u00f6r dina djur med produkter av h\u00f6g kvalitet till bra priser.","og_url":"https:\/\/ofabskara.se\/sv\/","og_site_name":"Ofab","article_modified_time":"2026-01-30T09:35:00+00:00","og_image":[{"width":1200,"height":630,"url":"https:\/\/ofabskara.se\/wp-content\/uploads\/2023\/11\/ofab_facebook_lint.png","type":"image\/png"}],"twitter_card":"summary_large_image","twitter_misc":{"Ber\u00e4knad l\u00e4stid":"5 minuter"},"schema":{"@context":"https:\/\/schema.org","@graph":[{"@type":"WebPage","@id":"https:\/\/ofabskara.se\/sv\/","url":"https:\/\/ofabskara.se\/sv\/","name":"OFAB - Produkter f\u00f6r lantbruk, N\u00f6tdjur, H\u00e4star, Gris och F\u00e5r","isPartOf":{"@id":"https:\/\/ofabskara.se\/sv\/#website"},"datePublished":"2019-02-07T12:57:21+00:00","dateModified":"2026-01-30T09:35:00+00:00","description":"OFAB - Produkter f\u00f6r lantbruk, N\u00f6tdjur, H\u00e4star, Gris och F\u00e5r. Det b\u00e4sta f\u00f6r dina djur med produkter av h\u00f6g kvalitet till bra priser.","breadcrumb":{"@id":"https:\/\/ofabskara.se\/sv\/#breadcrumb"},"inLanguage":"sv-SE","potentialAction":[{"@type":"ReadAction","target":["https:\/\/ofabskara.se\/sv\/"]}]},{"@type":"BreadcrumbList","@id":"https:\/\/ofabskara.se\/sv\/#breadcrumb","itemListElement":[{"@type":"ListItem","position":1,"name":"Home","item":"https:\/\/ofabskara.se\/sv\/"},{"@type":"ListItem","position":2,"name":"OFAB"}]},{"@type":"WebSite","@id":"https:\/\/ofabskara.se\/sv\/#website","url":"https:\/\/ofabskara.se\/sv\/","name":"Ofab","description":"","potentialAction":[{"@type":"SearchAction","target":{"@type":"EntryPoint","urlTemplate":"https:\/\/ofabskara.se\/sv\/?s={search_term_string}"},"query-input":{"@type":"PropertyValueSpecification","valueRequired":true,"valueName":"search_term_string"}}],"inLanguage":"sv-SE"}]}},"_links":{"self":[{"href":"https:\/\/ofabskara.se\/sv\/wp-json\/wp\/v2\/pages\/2","targetHints":{"allow":["GET"]}}],"collection":[{"href":"https:\/\/ofabskara.se\/sv\/wp-json\/wp\/v2\/pages"}],"about":[{"href":"https:\/\/ofabskara.se\/sv\/wp-json\/wp\/v2\/types\/page"}],"author":[{"embeddable":true,"href":"https:\/\/ofabskara.se\/sv\/wp-json\/wp\/v2\/users\/1"}],"replies":[{"embeddable":true,"href":"https:\/\/ofabskara.se\/sv\/wp-json\/wp\/v2\/comments?post=2"}],"version-history":[{"count":78,"href":"https:\/\/ofabskara.se\/sv\/wp-json\/wp\/v2\/pages\/2\/revisions"}],"predecessor-version":[{"id":47085,"href":"https:\/\/ofabskara.se\/sv\/wp-json\/wp\/v2\/pages\/2\/revisions\/47085"}],"wp:attachment":[{"href":"https:\/\/ofabskara.se\/sv\/wp-json\/wp\/v2\/media?parent=2"}],"curies":[{"name":"wp","href":"https:\/\/api.w.org\/{rel}","templated":true}]}}