{"id":516,"date":"2023-06-01T10:55:24","date_gmt":"2023-06-01T08:55:24","guid":{"rendered":"http:\/\/ofab.site\/?page_id=516"},"modified":"2023-11-09T08:50:31","modified_gmt":"2023-11-09T07:50:31","slug":"kontakt","status":"publish","type":"page","link":"https:\/\/ofabskara.se\/sv\/kontakt\/","title":{"rendered":"Kontakt"},"content":{"rendered":"","protected":false},"excerpt":{"rendered":"","protected":false},"author":1,"featured_media":0,"parent":0,"menu_order":0,"comment_status":"closed","ping_status":"closed","template":"","meta":{"_acf_changed":false,"inline_featured_image":false,"footnotes":""},"class_list":["post-516","page","type-page","status-publish","hentry"],"acf":[],"yoast_head":"<!-- This site is optimized with the Yoast SEO plugin v24.4 - https:\/\/yoast.com\/wordpress\/plugins\/seo\/ -->\n<title>Kontakt, Kontaktuppgifter - Ofab i Skara<\/title>\n<meta name=\"description\" content=\"Kontakt och v\u00e5ra kontaktuppgifter till oss p\u00e5 Ofab hittar ni h\u00e4r. V\u00e4lkommen att kontakta oss med fr\u00e5gor eller funderingar.\" \/>\n<meta name=\"robots\" content=\"index, follow, max-snippet:-1, max-image-preview:large, max-video-preview:-1\" \/>\n<link rel=\"canonical\" href=\"https:\/\/ofabskara.se\/sv\/kontakt\/\" \/>\n<meta property=\"og:locale\" content=\"sv_SE\" \/>\n<meta property=\"og:type\" content=\"article\" \/>\n<meta property=\"og:title\" content=\"Kontakt, Kontaktuppgifter - Ofab i Skara\" \/>\n<meta property=\"og:description\" content=\"Kontakt och v\u00e5ra kontaktuppgifter till oss p\u00e5 Ofab hittar ni h\u00e4r. V\u00e4lkommen att kontakta oss med fr\u00e5gor eller funderingar.\" \/>\n<meta property=\"og:url\" content=\"https:\/\/ofabskara.se\/sv\/kontakt\/\" \/>\n<meta property=\"og:site_name\" content=\"Ofab\" \/>\n<meta property=\"article:modified_time\" content=\"2023-11-09T07:50:31+00:00\" \/>\n<meta name=\"twitter:card\" content=\"summary_large_image\" \/>\n<script type=\"application\/ld+json\" class=\"yoast-schema-graph\">{\"@context\":\"https:\/\/schema.org\",\"@graph\":[{\"@type\":\"WebPage\",\"@id\":\"https:\/\/ofabskara.se\/sv\/kontakt\/\",\"url\":\"https:\/\/ofabskara.se\/sv\/kontakt\/\",\"name\":\"Kontakt, Kontaktuppgifter - Ofab i Skara\",\"isPartOf\":{\"@id\":\"https:\/\/ofabskara.se\/sv\/#website\"},\"datePublished\":\"2023-06-01T08:55:24+00:00\",\"dateModified\":\"2023-11-09T07:50:31+00:00\",\"description\":\"Kontakt och v\u00e5ra kontaktuppgifter till oss p\u00e5 Ofab hittar ni h\u00e4r. V\u00e4lkommen att kontakta oss med fr\u00e5gor eller funderingar.\",\"breadcrumb\":{\"@id\":\"https:\/\/ofabskara.se\/sv\/kontakt\/#breadcrumb\"},\"inLanguage\":\"sv-SE\",\"potentialAction\":[{\"@type\":\"ReadAction\",\"target\":[\"https:\/\/ofabskara.se\/sv\/kontakt\/\"]}]},{\"@type\":\"BreadcrumbList\",\"@id\":\"https:\/\/ofabskara.se\/sv\/kontakt\/#breadcrumb\",\"itemListElement\":[{\"@type\":\"ListItem\",\"position\":1,\"name\":\"Home\",\"item\":\"https:\/\/ofabskara.se\/sv\/\"},{\"@type\":\"ListItem\",\"position\":2,\"name\":\"Kontakt\"}]},{\"@type\":\"WebSite\",\"@id\":\"https:\/\/ofabskara.se\/sv\/#website\",\"url\":\"https:\/\/ofabskara.se\/sv\/\",\"name\":\"Ofab\",\"description\":\"\",\"potentialAction\":[{\"@type\":\"SearchAction\",\"target\":{\"@type\":\"EntryPoint\",\"urlTemplate\":\"https:\/\/ofabskara.se\/sv\/?s={search_term_string}\"},\"query-input\":{\"@type\":\"PropertyValueSpecification\",\"valueRequired\":true,\"valueName\":\"search_term_string\"}}],\"inLanguage\":\"sv-SE\"}]}<\/script>\n<!-- \/ Yoast SEO plugin. -->","yoast_head_json":{"title":"Kontakt, Kontaktuppgifter - Ofab i Skara","description":"Kontakt och v\u00e5ra kontaktuppgifter till oss p\u00e5 Ofab hittar ni h\u00e4r. V\u00e4lkommen att kontakta oss med fr\u00e5gor eller funderingar.","robots":{"index":"index","follow":"follow","max-snippet":"max-snippet:-1","max-image-preview":"max-image-preview:large","max-video-preview":"max-video-preview:-1"},"canonical":"https:\/\/ofabskara.se\/sv\/kontakt\/","og_locale":"sv_SE","og_type":"article","og_title":"Kontakt, Kontaktuppgifter - Ofab i Skara","og_description":"Kontakt och v\u00e5ra kontaktuppgifter till oss p\u00e5 Ofab hittar ni h\u00e4r. V\u00e4lkommen att kontakta oss med fr\u00e5gor eller funderingar.","og_url":"https:\/\/ofabskara.se\/sv\/kontakt\/","og_site_name":"Ofab","article_modified_time":"2023-11-09T07:50:31+00:00","twitter_card":"summary_large_image","schema":{"@context":"https:\/\/schema.org","@graph":[{"@type":"WebPage","@id":"https:\/\/ofabskara.se\/sv\/kontakt\/","url":"https:\/\/ofabskara.se\/sv\/kontakt\/","name":"Kontakt, Kontaktuppgifter - Ofab i Skara","isPartOf":{"@id":"https:\/\/ofabskara.se\/sv\/#website"},"datePublished":"2023-06-01T08:55:24+00:00","dateModified":"2023-11-09T07:50:31+00:00","description":"Kontakt och v\u00e5ra kontaktuppgifter till oss p\u00e5 Ofab hittar ni h\u00e4r. V\u00e4lkommen att kontakta oss med fr\u00e5gor eller funderingar.","breadcrumb":{"@id":"https:\/\/ofabskara.se\/sv\/kontakt\/#breadcrumb"},"inLanguage":"sv-SE","potentialAction":[{"@type":"ReadAction","target":["https:\/\/ofabskara.se\/sv\/kontakt\/"]}]},{"@type":"BreadcrumbList","@id":"https:\/\/ofabskara.se\/sv\/kontakt\/#breadcrumb","itemListElement":[{"@type":"ListItem","position":1,"name":"Home","item":"https:\/\/ofabskara.se\/sv\/"},{"@type":"ListItem","position":2,"name":"Kontakt"}]},{"@type":"WebSite","@id":"https:\/\/ofabskara.se\/sv\/#website","url":"https:\/\/ofabskara.se\/sv\/","name":"Ofab","description":"","potentialAction":[{"@type":"SearchAction","target":{"@type":"EntryPoint","urlTemplate":"https:\/\/ofabskara.se\/sv\/?s={search_term_string}"},"query-input":{"@type":"PropertyValueSpecification","valueRequired":true,"valueName":"search_term_string"}}],"inLanguage":"sv-SE"}]}},"_links":{"self":[{"href":"https:\/\/ofabskara.se\/sv\/wp-json\/wp\/v2\/pages\/516","targetHints":{"allow":["GET"]}}],"collection":[{"href":"https:\/\/ofabskara.se\/sv\/wp-json\/wp\/v2\/pages"}],"about":[{"href":"https:\/\/ofabskara.se\/sv\/wp-json\/wp\/v2\/types\/page"}],"author":[{"embeddable":true,"href":"https:\/\/ofabskara.se\/sv\/wp-json\/wp\/v2\/users\/1"}],"replies":[{"embeddable":true,"href":"https:\/\/ofabskara.se\/sv\/wp-json\/wp\/v2\/comments?post=516"}],"version-history":[{"count":4,"href":"https:\/\/ofabskara.se\/sv\/wp-json\/wp\/v2\/pages\/516\/revisions"}],"predecessor-version":[{"id":6165,"href":"https:\/\/ofabskara.se\/sv\/wp-json\/wp\/v2\/pages\/516\/revisions\/6165"}],"wp:attachment":[{"href":"https:\/\/ofabskara.se\/sv\/wp-json\/wp\/v2\/media?parent=516"}],"curies":[{"name":"wp","href":"https:\/\/api.w.org\/{rel}","templated":true}]}}