{"id":1032,"date":"2017-05-16T08:23:03","date_gmt":"2017-05-16T06:23:03","guid":{"rendered":"https:\/\/ofabskara.se\/produkt\/mineralfoderbehallare-3-kammera\/"},"modified":"2026-04-28T09:00:06","modified_gmt":"2026-04-28T07:00:06","slug":"mineralfoderbehallare-3-kammera","status":"publish","type":"product","link":"https:\/\/ofabskara.se\/sv\/produkt\/mineralfoderbehallare-3-kammera\/","title":{"rendered":"Mineraltr\u00e5g 3 kammare"},"content":{"rendered":"<p><strong>Pride of the Farm<\/strong><br \/>\nMed 3 st. kammare f\u00f6r saltsten eller mineralfoder. Tillverkad av UV- och materialbest\u00e4ndigt konstfiber. Dubbelv\u00e4ggigt utf\u00f6rande. H\u00e5lrummet mellan yttre och innerkammare kan fyllas med sand ca. 20 kg s\u00e5 att beh\u00e5llaren st\u00e5r stabilt, 4 st. f\u00e4stpunkter f\u00f6r fast montering. L\u00e4tt att reng\u00f6ra, vikt 22 kg, diam. 106 cm, h\u00f6jd 44 cm. Garanterad s\u00e4ker t\u00e4ckning av gummi, inga mineralf\u00f6rluster, absolut regns\u00e4ker. Djuren kan l\u00e4tt \u00f6ppna f\u00f6r att \u00e4ta. F\u00f6r optimal och prisv\u00e4rd mineralfoderomsorg. 10.000 st. produceras varje \u00e5r. Den \u00e4r 100% vattenavvisande. Succ\u00e9 i USA och Kanada och har tillverkats i \u00f6ver 30 \u00e5r. 70-80 kg mineraler f\u00e5r plats.<\/p>\n<p>&nbsp;<\/p>\n<p>&nbsp;<\/p>\n","protected":false},"excerpt":{"rendered":"<ul>\n<li><strong>Med 3st kammare f\u00f6r saltsten eller mineralfoder. <\/strong><\/li>\n<li><strong>Tillverkad av UV- och materialbest\u00e4ndigt konstfiber.<\/strong><\/li>\n<\/ul>\n","protected":false},"featured_media":1033,"comment_status":"closed","ping_status":"open","template":"","meta":{"_acf_changed":false,"inline_featured_image":false},"product_brand":[],"product_cat":[65,384,66,197,199],"product_tag":[],"class_list":{"0":"post-1032","1":"product","2":"type-product","3":"status-publish","4":"has-post-thumbnail","6":"product_cat-notdjur","7":"product_cat-mineralfodertrag-fodertrag-for-notdjur","8":"product_cat-hastar","9":"product_cat-foder-mineraltrag","10":"product_cat-mineralfoderbehallare","11":"pa_hojd-44-cm","13":"first","14":"instock","15":"featured","16":"taxable","17":"shipping-taxable","18":"purchasable","19":"product-type-simple"},"acf":[],"yoast_head":"<!-- This site is optimized with the Yoast SEO plugin v24.4 - https:\/\/yoast.com\/wordpress\/plugins\/seo\/ -->\n<title>Mineraltr\u00e5g 3 kammare - Ofab<\/title>\n<meta name=\"robots\" content=\"index, follow, max-snippet:-1, max-image-preview:large, max-video-preview:-1\" \/>\n<link rel=\"canonical\" href=\"https:\/\/ofabskara.se\/sv\/produkt\/mineralfoderbehallare-3-kammera\/\" \/>\n<meta property=\"og:locale\" content=\"sv_SE\" \/>\n<meta property=\"og:type\" content=\"article\" \/>\n<meta property=\"og:title\" content=\"Mineraltr\u00e5g 3 kammare - Ofab\" \/>\n<meta property=\"og:description\" content=\"Med 3st kammare f\u00f6r saltsten eller mineralfoder.  Tillverkad av UV- och materialbest\u00e4ndigt konstfiber.\" \/>\n<meta property=\"og:url\" content=\"https:\/\/ofabskara.se\/sv\/produkt\/mineralfoderbehallare-3-kammera\/\" \/>\n<meta property=\"og:site_name\" content=\"Ofab\" \/>\n<meta property=\"article:modified_time\" content=\"2026-04-28T07:00:06+00:00\" \/>\n<meta property=\"og:image\" content=\"https:\/\/ofabskara.se\/wp-content\/uploads\/2023\/09\/303599.jpg\" \/>\n\t<meta property=\"og:image:width\" content=\"500\" \/>\n\t<meta property=\"og:image:height\" content=\"500\" \/>\n\t<meta property=\"og:image:type\" content=\"image\/jpeg\" \/>\n<meta name=\"twitter:card\" content=\"summary_large_image\" \/>\n<meta name=\"twitter:label1\" content=\"Ber\u00e4knad l\u00e4stid\" \/>\n\t<meta name=\"twitter:data1\" content=\"1 minut\" \/>\n<script type=\"application\/ld+json\" class=\"yoast-schema-graph\">{\"@context\":\"https:\/\/schema.org\",\"@graph\":[{\"@type\":\"WebPage\",\"@id\":\"https:\/\/ofabskara.se\/sv\/produkt\/mineralfoderbehallare-3-kammera\/\",\"url\":\"https:\/\/ofabskara.se\/sv\/produkt\/mineralfoderbehallare-3-kammera\/\",\"name\":\"Mineraltr\u00e5g 3 kammare - Ofab\",\"isPartOf\":{\"@id\":\"https:\/\/ofabskara.se\/sv\/#website\"},\"primaryImageOfPage\":{\"@id\":\"https:\/\/ofabskara.se\/sv\/produkt\/mineralfoderbehallare-3-kammera\/#primaryimage\"},\"image\":{\"@id\":\"https:\/\/ofabskara.se\/sv\/produkt\/mineralfoderbehallare-3-kammera\/#primaryimage\"},\"thumbnailUrl\":\"https:\/\/ofabskara.se\/wp-content\/uploads\/2023\/09\/303599.jpg\",\"datePublished\":\"2017-05-16T06:23:03+00:00\",\"dateModified\":\"2026-04-28T07:00:06+00:00\",\"breadcrumb\":{\"@id\":\"https:\/\/ofabskara.se\/sv\/produkt\/mineralfoderbehallare-3-kammera\/#breadcrumb\"},\"inLanguage\":\"sv-SE\",\"potentialAction\":[{\"@type\":\"ReadAction\",\"target\":[\"https:\/\/ofabskara.se\/sv\/produkt\/mineralfoderbehallare-3-kammera\/\"]}]},{\"@type\":\"ImageObject\",\"inLanguage\":\"sv-SE\",\"@id\":\"https:\/\/ofabskara.se\/sv\/produkt\/mineralfoderbehallare-3-kammera\/#primaryimage\",\"url\":\"https:\/\/ofabskara.se\/wp-content\/uploads\/2023\/09\/303599.jpg\",\"contentUrl\":\"https:\/\/ofabskara.se\/wp-content\/uploads\/2023\/09\/303599.jpg\",\"width\":500,\"height\":500},{\"@type\":\"BreadcrumbList\",\"@id\":\"https:\/\/ofabskara.se\/sv\/produkt\/mineralfoderbehallare-3-kammera\/#breadcrumb\",\"itemListElement\":[{\"@type\":\"ListItem\",\"position\":1,\"name\":\"Home\",\"item\":\"https:\/\/ofabskara.se\/sv\/\"},{\"@type\":\"ListItem\",\"position\":2,\"name\":\"Butik\",\"item\":\"https:\/\/ofabskara.se\/sv\/butik\/\"},{\"@type\":\"ListItem\",\"position\":3,\"name\":\"Mineraltr\u00e5g 3 kammare\"}]},{\"@type\":\"WebSite\",\"@id\":\"https:\/\/ofabskara.se\/sv\/#website\",\"url\":\"https:\/\/ofabskara.se\/sv\/\",\"name\":\"Ofab\",\"description\":\"\",\"potentialAction\":[{\"@type\":\"SearchAction\",\"target\":{\"@type\":\"EntryPoint\",\"urlTemplate\":\"https:\/\/ofabskara.se\/sv\/?s={search_term_string}\"},\"query-input\":{\"@type\":\"PropertyValueSpecification\",\"valueRequired\":true,\"valueName\":\"search_term_string\"}}],\"inLanguage\":\"sv-SE\"}]}<\/script>\n<!-- \/ Yoast SEO plugin. -->","yoast_head_json":{"title":"Mineraltr\u00e5g 3 kammare - Ofab","robots":{"index":"index","follow":"follow","max-snippet":"max-snippet:-1","max-image-preview":"max-image-preview:large","max-video-preview":"max-video-preview:-1"},"canonical":"https:\/\/ofabskara.se\/sv\/produkt\/mineralfoderbehallare-3-kammera\/","og_locale":"sv_SE","og_type":"article","og_title":"Mineraltr\u00e5g 3 kammare - Ofab","og_description":"Med 3st kammare f\u00f6r saltsten eller mineralfoder.  Tillverkad av UV- och materialbest\u00e4ndigt konstfiber.","og_url":"https:\/\/ofabskara.se\/sv\/produkt\/mineralfoderbehallare-3-kammera\/","og_site_name":"Ofab","article_modified_time":"2026-04-28T07:00:06+00:00","og_image":[{"width":500,"height":500,"url":"https:\/\/ofabskara.se\/wp-content\/uploads\/2023\/09\/303599.jpg","type":"image\/jpeg"}],"twitter_card":"summary_large_image","twitter_misc":{"Ber\u00e4knad l\u00e4stid":"1 minut"},"schema":{"@context":"https:\/\/schema.org","@graph":[{"@type":"WebPage","@id":"https:\/\/ofabskara.se\/sv\/produkt\/mineralfoderbehallare-3-kammera\/","url":"https:\/\/ofabskara.se\/sv\/produkt\/mineralfoderbehallare-3-kammera\/","name":"Mineraltr\u00e5g 3 kammare - Ofab","isPartOf":{"@id":"https:\/\/ofabskara.se\/sv\/#website"},"primaryImageOfPage":{"@id":"https:\/\/ofabskara.se\/sv\/produkt\/mineralfoderbehallare-3-kammera\/#primaryimage"},"image":{"@id":"https:\/\/ofabskara.se\/sv\/produkt\/mineralfoderbehallare-3-kammera\/#primaryimage"},"thumbnailUrl":"https:\/\/ofabskara.se\/wp-content\/uploads\/2023\/09\/303599.jpg","datePublished":"2017-05-16T06:23:03+00:00","dateModified":"2026-04-28T07:00:06+00:00","breadcrumb":{"@id":"https:\/\/ofabskara.se\/sv\/produkt\/mineralfoderbehallare-3-kammera\/#breadcrumb"},"inLanguage":"sv-SE","potentialAction":[{"@type":"ReadAction","target":["https:\/\/ofabskara.se\/sv\/produkt\/mineralfoderbehallare-3-kammera\/"]}]},{"@type":"ImageObject","inLanguage":"sv-SE","@id":"https:\/\/ofabskara.se\/sv\/produkt\/mineralfoderbehallare-3-kammera\/#primaryimage","url":"https:\/\/ofabskara.se\/wp-content\/uploads\/2023\/09\/303599.jpg","contentUrl":"https:\/\/ofabskara.se\/wp-content\/uploads\/2023\/09\/303599.jpg","width":500,"height":500},{"@type":"BreadcrumbList","@id":"https:\/\/ofabskara.se\/sv\/produkt\/mineralfoderbehallare-3-kammera\/#breadcrumb","itemListElement":[{"@type":"ListItem","position":1,"name":"Home","item":"https:\/\/ofabskara.se\/sv\/"},{"@type":"ListItem","position":2,"name":"Butik","item":"https:\/\/ofabskara.se\/sv\/butik\/"},{"@type":"ListItem","position":3,"name":"Mineraltr\u00e5g 3 kammare"}]},{"@type":"WebSite","@id":"https:\/\/ofabskara.se\/sv\/#website","url":"https:\/\/ofabskara.se\/sv\/","name":"Ofab","description":"","potentialAction":[{"@type":"SearchAction","target":{"@type":"EntryPoint","urlTemplate":"https:\/\/ofabskara.se\/sv\/?s={search_term_string}"},"query-input":{"@type":"PropertyValueSpecification","valueRequired":true,"valueName":"search_term_string"}}],"inLanguage":"sv-SE"}]}},"_links":{"self":[{"href":"https:\/\/ofabskara.se\/sv\/wp-json\/wp\/v2\/product\/1032","targetHints":{"allow":["GET"]}}],"collection":[{"href":"https:\/\/ofabskara.se\/sv\/wp-json\/wp\/v2\/product"}],"about":[{"href":"https:\/\/ofabskara.se\/sv\/wp-json\/wp\/v2\/types\/product"}],"replies":[{"embeddable":true,"href":"https:\/\/ofabskara.se\/sv\/wp-json\/wp\/v2\/comments?post=1032"}],"wp:featuredmedia":[{"embeddable":true,"href":"https:\/\/ofabskara.se\/sv\/wp-json\/wp\/v2\/media\/1033"}],"wp:attachment":[{"href":"https:\/\/ofabskara.se\/sv\/wp-json\/wp\/v2\/media?parent=1032"}],"wp:term":[{"taxonomy":"product_brand","embeddable":true,"href":"https:\/\/ofabskara.se\/sv\/wp-json\/wp\/v2\/product_brand?post=1032"},{"taxonomy":"product_cat","embeddable":true,"href":"https:\/\/ofabskara.se\/sv\/wp-json\/wp\/v2\/product_cat?post=1032"},{"taxonomy":"product_tag","embeddable":true,"href":"https:\/\/ofabskara.se\/sv\/wp-json\/wp\/v2\/product_tag?post=1032"}],"curies":[{"name":"wp","href":"https:\/\/api.w.org\/{rel}","templated":true}]}}