{"id":1057,"date":"2017-05-16T08:23:55","date_gmt":"2017-05-16T06:23:55","guid":{"rendered":"https:\/\/ofabskara.se\/produkt\/fodertrag-mod-1100\/"},"modified":"2025-05-08T09:41:55","modified_gmt":"2025-05-08T07:41:55","slug":"fodertrag-mod-1100","status":"publish","type":"product","link":"https:\/\/ofabskara.se\/sv\/produkt\/fodertrag-mod-1100\/","title":{"rendered":"Plasttr\u00e5g 1100 f\u00f6r v\u00e4ggmontage"},"content":{"rendered":"","protected":false},"excerpt":{"rendered":"<p>Fodertr\u00e5g 1100 f\u00f6r kalvar och f\u00e5r. Helgjutna fodertr\u00e5g i bits\u00e4ker, giftfri och slagfast pp-plast. Med f\u00e4st\u00f6ron vari man f\u00e4ster tr\u00e5get mot t.ex. boxv\u00e4ggen. L\u00e4ngd 1200mm, Bredd 290mm, H\u00f6jd 225mm, rymd 50lit.<\/p>\n","protected":false},"featured_media":1058,"comment_status":"closed","ping_status":"open","template":"","meta":{"_acf_changed":false,"inline_featured_image":false},"product_brand":[],"product_cat":[65,66,197,198],"product_tag":[],"class_list":{"0":"post-1057","1":"product","2":"type-product","3":"status-publish","4":"has-post-thumbnail","6":"product_cat-notdjur","7":"product_cat-hastar","8":"product_cat-foder-mineraltrag","9":"product_cat-fodertrag-foder-mineraltrag","10":"pa_bredd-290-mm","11":"pa_byggmatt-vagg-och-ut-290-mm","12":"pa_farg-gron","13":"pa_hojd-225-mm","14":"pa_langd-1200-mm","15":"pa_volym-50-liter","17":"first","18":"instock","19":"taxable","20":"shipping-taxable","21":"purchasable","22":"product-type-simple"},"acf":[],"yoast_head":"<!-- This site is optimized with the Yoast SEO plugin v24.4 - https:\/\/yoast.com\/wordpress\/plugins\/seo\/ -->\n<title>Plasttr\u00e5g 1100 f\u00f6r v\u00e4ggmontage - Ofab<\/title>\n<meta name=\"robots\" content=\"index, follow, max-snippet:-1, max-image-preview:large, max-video-preview:-1\" \/>\n<link rel=\"canonical\" href=\"https:\/\/ofabskara.se\/sv\/produkt\/fodertrag-mod-1100\/\" \/>\n<meta property=\"og:locale\" content=\"sv_SE\" \/>\n<meta property=\"og:type\" content=\"article\" \/>\n<meta property=\"og:title\" content=\"Plasttr\u00e5g 1100 f\u00f6r v\u00e4ggmontage - Ofab\" \/>\n<meta property=\"og:description\" content=\"Fodertr\u00e5g 1100 f\u00f6r kalvar och f\u00e5r. Helgjutna fodertr\u00e5g i bits\u00e4ker, giftfri och slagfast pp-plast. Med f\u00e4st\u00f6ron vari man f\u00e4ster tr\u00e5get mot t.ex. boxv\u00e4ggen. L\u00e4ngd 1200mm, Bredd 290mm, H\u00f6jd 225mm, rymd 50lit.\" \/>\n<meta property=\"og:url\" content=\"https:\/\/ofabskara.se\/sv\/produkt\/fodertrag-mod-1100\/\" \/>\n<meta property=\"og:site_name\" content=\"Ofab\" \/>\n<meta property=\"article:modified_time\" content=\"2025-05-08T07:41:55+00:00\" \/>\n<meta property=\"og:image\" content=\"https:\/\/ofabskara.se\/wp-content\/uploads\/2023\/09\/fodertrag1100.jpg\" \/>\n\t<meta property=\"og:image:width\" content=\"600\" \/>\n\t<meta property=\"og:image:height\" content=\"600\" \/>\n\t<meta property=\"og:image:type\" content=\"image\/jpeg\" \/>\n<meta name=\"twitter:card\" content=\"summary_large_image\" \/>\n<script type=\"application\/ld+json\" class=\"yoast-schema-graph\">{\"@context\":\"https:\/\/schema.org\",\"@graph\":[{\"@type\":\"WebPage\",\"@id\":\"https:\/\/ofabskara.se\/sv\/produkt\/fodertrag-mod-1100\/\",\"url\":\"https:\/\/ofabskara.se\/sv\/produkt\/fodertrag-mod-1100\/\",\"name\":\"Plasttr\u00e5g 1100 f\u00f6r v\u00e4ggmontage - Ofab\",\"isPartOf\":{\"@id\":\"https:\/\/ofabskara.se\/sv\/#website\"},\"primaryImageOfPage\":{\"@id\":\"https:\/\/ofabskara.se\/sv\/produkt\/fodertrag-mod-1100\/#primaryimage\"},\"image\":{\"@id\":\"https:\/\/ofabskara.se\/sv\/produkt\/fodertrag-mod-1100\/#primaryimage\"},\"thumbnailUrl\":\"https:\/\/ofabskara.se\/wp-content\/uploads\/2023\/09\/fodertrag1100.jpg\",\"datePublished\":\"2017-05-16T06:23:55+00:00\",\"dateModified\":\"2025-05-08T07:41:55+00:00\",\"breadcrumb\":{\"@id\":\"https:\/\/ofabskara.se\/sv\/produkt\/fodertrag-mod-1100\/#breadcrumb\"},\"inLanguage\":\"sv-SE\",\"potentialAction\":[{\"@type\":\"ReadAction\",\"target\":[\"https:\/\/ofabskara.se\/sv\/produkt\/fodertrag-mod-1100\/\"]}]},{\"@type\":\"ImageObject\",\"inLanguage\":\"sv-SE\",\"@id\":\"https:\/\/ofabskara.se\/sv\/produkt\/fodertrag-mod-1100\/#primaryimage\",\"url\":\"https:\/\/ofabskara.se\/wp-content\/uploads\/2023\/09\/fodertrag1100.jpg\",\"contentUrl\":\"https:\/\/ofabskara.se\/wp-content\/uploads\/2023\/09\/fodertrag1100.jpg\",\"width\":600,\"height\":600},{\"@type\":\"BreadcrumbList\",\"@id\":\"https:\/\/ofabskara.se\/sv\/produkt\/fodertrag-mod-1100\/#breadcrumb\",\"itemListElement\":[{\"@type\":\"ListItem\",\"position\":1,\"name\":\"Home\",\"item\":\"https:\/\/ofabskara.se\/sv\/\"},{\"@type\":\"ListItem\",\"position\":2,\"name\":\"Butik\",\"item\":\"https:\/\/ofabskara.se\/sv\/butik\/\"},{\"@type\":\"ListItem\",\"position\":3,\"name\":\"Plasttr\u00e5g 1100 f\u00f6r v\u00e4ggmontage\"}]},{\"@type\":\"WebSite\",\"@id\":\"https:\/\/ofabskara.se\/sv\/#website\",\"url\":\"https:\/\/ofabskara.se\/sv\/\",\"name\":\"Ofab\",\"description\":\"\",\"potentialAction\":[{\"@type\":\"SearchAction\",\"target\":{\"@type\":\"EntryPoint\",\"urlTemplate\":\"https:\/\/ofabskara.se\/sv\/?s={search_term_string}\"},\"query-input\":{\"@type\":\"PropertyValueSpecification\",\"valueRequired\":true,\"valueName\":\"search_term_string\"}}],\"inLanguage\":\"sv-SE\"}]}<\/script>\n<!-- \/ Yoast SEO plugin. -->","yoast_head_json":{"title":"Plasttr\u00e5g 1100 f\u00f6r v\u00e4ggmontage - Ofab","robots":{"index":"index","follow":"follow","max-snippet":"max-snippet:-1","max-image-preview":"max-image-preview:large","max-video-preview":"max-video-preview:-1"},"canonical":"https:\/\/ofabskara.se\/sv\/produkt\/fodertrag-mod-1100\/","og_locale":"sv_SE","og_type":"article","og_title":"Plasttr\u00e5g 1100 f\u00f6r v\u00e4ggmontage - Ofab","og_description":"Fodertr\u00e5g 1100 f\u00f6r kalvar och f\u00e5r. Helgjutna fodertr\u00e5g i bits\u00e4ker, giftfri och slagfast pp-plast. Med f\u00e4st\u00f6ron vari man f\u00e4ster tr\u00e5get mot t.ex. boxv\u00e4ggen. L\u00e4ngd 1200mm, Bredd 290mm, H\u00f6jd 225mm, rymd 50lit.","og_url":"https:\/\/ofabskara.se\/sv\/produkt\/fodertrag-mod-1100\/","og_site_name":"Ofab","article_modified_time":"2025-05-08T07:41:55+00:00","og_image":[{"width":600,"height":600,"url":"https:\/\/ofabskara.se\/wp-content\/uploads\/2023\/09\/fodertrag1100.jpg","type":"image\/jpeg"}],"twitter_card":"summary_large_image","schema":{"@context":"https:\/\/schema.org","@graph":[{"@type":"WebPage","@id":"https:\/\/ofabskara.se\/sv\/produkt\/fodertrag-mod-1100\/","url":"https:\/\/ofabskara.se\/sv\/produkt\/fodertrag-mod-1100\/","name":"Plasttr\u00e5g 1100 f\u00f6r v\u00e4ggmontage - Ofab","isPartOf":{"@id":"https:\/\/ofabskara.se\/sv\/#website"},"primaryImageOfPage":{"@id":"https:\/\/ofabskara.se\/sv\/produkt\/fodertrag-mod-1100\/#primaryimage"},"image":{"@id":"https:\/\/ofabskara.se\/sv\/produkt\/fodertrag-mod-1100\/#primaryimage"},"thumbnailUrl":"https:\/\/ofabskara.se\/wp-content\/uploads\/2023\/09\/fodertrag1100.jpg","datePublished":"2017-05-16T06:23:55+00:00","dateModified":"2025-05-08T07:41:55+00:00","breadcrumb":{"@id":"https:\/\/ofabskara.se\/sv\/produkt\/fodertrag-mod-1100\/#breadcrumb"},"inLanguage":"sv-SE","potentialAction":[{"@type":"ReadAction","target":["https:\/\/ofabskara.se\/sv\/produkt\/fodertrag-mod-1100\/"]}]},{"@type":"ImageObject","inLanguage":"sv-SE","@id":"https:\/\/ofabskara.se\/sv\/produkt\/fodertrag-mod-1100\/#primaryimage","url":"https:\/\/ofabskara.se\/wp-content\/uploads\/2023\/09\/fodertrag1100.jpg","contentUrl":"https:\/\/ofabskara.se\/wp-content\/uploads\/2023\/09\/fodertrag1100.jpg","width":600,"height":600},{"@type":"BreadcrumbList","@id":"https:\/\/ofabskara.se\/sv\/produkt\/fodertrag-mod-1100\/#breadcrumb","itemListElement":[{"@type":"ListItem","position":1,"name":"Home","item":"https:\/\/ofabskara.se\/sv\/"},{"@type":"ListItem","position":2,"name":"Butik","item":"https:\/\/ofabskara.se\/sv\/butik\/"},{"@type":"ListItem","position":3,"name":"Plasttr\u00e5g 1100 f\u00f6r v\u00e4ggmontage"}]},{"@type":"WebSite","@id":"https:\/\/ofabskara.se\/sv\/#website","url":"https:\/\/ofabskara.se\/sv\/","name":"Ofab","description":"","potentialAction":[{"@type":"SearchAction","target":{"@type":"EntryPoint","urlTemplate":"https:\/\/ofabskara.se\/sv\/?s={search_term_string}"},"query-input":{"@type":"PropertyValueSpecification","valueRequired":true,"valueName":"search_term_string"}}],"inLanguage":"sv-SE"}]}},"_links":{"self":[{"href":"https:\/\/ofabskara.se\/sv\/wp-json\/wp\/v2\/product\/1057","targetHints":{"allow":["GET"]}}],"collection":[{"href":"https:\/\/ofabskara.se\/sv\/wp-json\/wp\/v2\/product"}],"about":[{"href":"https:\/\/ofabskara.se\/sv\/wp-json\/wp\/v2\/types\/product"}],"replies":[{"embeddable":true,"href":"https:\/\/ofabskara.se\/sv\/wp-json\/wp\/v2\/comments?post=1057"}],"wp:featuredmedia":[{"embeddable":true,"href":"https:\/\/ofabskara.se\/sv\/wp-json\/wp\/v2\/media\/1058"}],"wp:attachment":[{"href":"https:\/\/ofabskara.se\/sv\/wp-json\/wp\/v2\/media?parent=1057"}],"wp:term":[{"taxonomy":"product_brand","embeddable":true,"href":"https:\/\/ofabskara.se\/sv\/wp-json\/wp\/v2\/product_brand?post=1057"},{"taxonomy":"product_cat","embeddable":true,"href":"https:\/\/ofabskara.se\/sv\/wp-json\/wp\/v2\/product_cat?post=1057"},{"taxonomy":"product_tag","embeddable":true,"href":"https:\/\/ofabskara.se\/sv\/wp-json\/wp\/v2\/product_tag?post=1057"}],"curies":[{"name":"wp","href":"https:\/\/api.w.org\/{rel}","templated":true}]}}