{"id":10583,"date":"2023-09-21T11:18:46","date_gmt":"2023-09-21T09:18:46","guid":{"rendered":"https:\/\/ofabskara.se\/produkt\/skordetroska-radialdack-hrr200\/"},"modified":"2023-11-08T14:17:38","modified_gmt":"2023-11-08T13:17:38","slug":"skordetroska-radialdack-hrr200","status":"publish","type":"product","link":"https:\/\/ofabskara.se\/sv\/produkt\/skordetroska-radialdack-hrr200\/","title":{"rendered":"Sk\u00f6rdetr\u00f6ska Radiald\u00e4ck HRR200"},"content":{"rendered":"","protected":false},"excerpt":{"rendered":"<p><b>Optimal m\u00f6nsterdesign &amp; stomkonstruktion:\u00a0<\/b><\/p>\n<ul>\n<li>M\u00f6nster optimerat f\u00f6r tyst g\u00e5ng<\/li>\n<li>Robust optimerad stomme f\u00f6r driftstabilitet, k\u00f6rbarhet och man\u00f6vrering<\/li>\n<li>Speciellt utformad f\u00f6r h\u00f6g lastkapacitet<\/li>\n<li>Dubbla \u201dmud breakers\u201d f\u00f6r bra sj\u00e4lvrensande egenskaper<\/li>\n<\/ul>\n","protected":false},"featured_media":10533,"comment_status":"closed","ping_status":"open","template":"","meta":{"_acf_changed":false,"inline_featured_image":false},"product_brand":[],"product_cat":[22],"product_tag":[],"class_list":{"0":"post-10583","1":"product","2":"type-product","3":"status-publish","4":"has-post-thumbnail","6":"product_cat-okategoriserad","8":"first","9":"instock","10":"taxable","11":"shipping-taxable","12":"product-type-grouped"},"acf":[],"yoast_head":"<!-- This site is optimized with the Yoast SEO plugin v24.4 - https:\/\/yoast.com\/wordpress\/plugins\/seo\/ -->\n<title>Sk\u00f6rdetr\u00f6ska Radiald\u00e4ck HRR200 - Ofab<\/title>\n<meta name=\"robots\" content=\"index, follow, max-snippet:-1, max-image-preview:large, max-video-preview:-1\" \/>\n<link rel=\"canonical\" href=\"https:\/\/ofabskara.se\/sv\/produkt\/skordetroska-radialdack-hrr200\/\" \/>\n<meta property=\"og:locale\" content=\"sv_SE\" \/>\n<meta property=\"og:type\" content=\"article\" \/>\n<meta property=\"og:title\" content=\"Sk\u00f6rdetr\u00f6ska Radiald\u00e4ck HRR200 - Ofab\" \/>\n<meta property=\"og:description\" content=\"Optimal m\u00f6nsterdesign &amp; stomkonstruktion:\u00a0  M\u00f6nster optimerat f\u00f6r tyst g\u00e5ng  Robust optimerad stomme f\u00f6r driftstabilitet, k\u00f6rbarhet och man\u00f6vrering  Speciellt utformad f\u00f6r h\u00f6g lastkapacitet  Dubbla \u201dmud breakers\u201d f\u00f6r bra sj\u00e4lvrensande egenskaper\" \/>\n<meta property=\"og:url\" content=\"https:\/\/ofabskara.se\/sv\/produkt\/skordetroska-radialdack-hrr200\/\" \/>\n<meta property=\"og:site_name\" content=\"Ofab\" \/>\n<meta property=\"article:modified_time\" content=\"2023-11-08T13:17:38+00:00\" \/>\n<meta property=\"og:image\" content=\"https:\/\/ofabskara.se\/wp-content\/uploads\/2023\/10\/HRR20015.jpg\" \/>\n\t<meta property=\"og:image:width\" content=\"1918\" \/>\n\t<meta property=\"og:image:height\" content=\"1238\" \/>\n\t<meta property=\"og:image:type\" content=\"image\/jpeg\" \/>\n<meta name=\"twitter:card\" content=\"summary_large_image\" \/>\n<script type=\"application\/ld+json\" class=\"yoast-schema-graph\">{\"@context\":\"https:\/\/schema.org\",\"@graph\":[{\"@type\":\"WebPage\",\"@id\":\"https:\/\/ofabskara.se\/sv\/produkt\/skordetroska-radialdack-hrr200\/\",\"url\":\"https:\/\/ofabskara.se\/sv\/produkt\/skordetroska-radialdack-hrr200\/\",\"name\":\"Sk\u00f6rdetr\u00f6ska Radiald\u00e4ck HRR200 - Ofab\",\"isPartOf\":{\"@id\":\"https:\/\/ofabskara.se\/sv\/#website\"},\"primaryImageOfPage\":{\"@id\":\"https:\/\/ofabskara.se\/sv\/produkt\/skordetroska-radialdack-hrr200\/#primaryimage\"},\"image\":{\"@id\":\"https:\/\/ofabskara.se\/sv\/produkt\/skordetroska-radialdack-hrr200\/#primaryimage\"},\"thumbnailUrl\":\"https:\/\/ofabskara.se\/wp-content\/uploads\/2023\/10\/HRR20015.jpg\",\"datePublished\":\"2023-09-21T09:18:46+00:00\",\"dateModified\":\"2023-11-08T13:17:38+00:00\",\"breadcrumb\":{\"@id\":\"https:\/\/ofabskara.se\/sv\/produkt\/skordetroska-radialdack-hrr200\/#breadcrumb\"},\"inLanguage\":\"sv-SE\",\"potentialAction\":[{\"@type\":\"ReadAction\",\"target\":[\"https:\/\/ofabskara.se\/sv\/produkt\/skordetroska-radialdack-hrr200\/\"]}]},{\"@type\":\"ImageObject\",\"inLanguage\":\"sv-SE\",\"@id\":\"https:\/\/ofabskara.se\/sv\/produkt\/skordetroska-radialdack-hrr200\/#primaryimage\",\"url\":\"https:\/\/ofabskara.se\/wp-content\/uploads\/2023\/10\/HRR20015.jpg\",\"contentUrl\":\"https:\/\/ofabskara.se\/wp-content\/uploads\/2023\/10\/HRR20015.jpg\",\"width\":1918,\"height\":1238},{\"@type\":\"BreadcrumbList\",\"@id\":\"https:\/\/ofabskara.se\/sv\/produkt\/skordetroska-radialdack-hrr200\/#breadcrumb\",\"itemListElement\":[{\"@type\":\"ListItem\",\"position\":1,\"name\":\"Home\",\"item\":\"https:\/\/ofabskara.se\/sv\/\"},{\"@type\":\"ListItem\",\"position\":2,\"name\":\"Butik\",\"item\":\"https:\/\/ofabskara.se\/sv\/butik\/\"},{\"@type\":\"ListItem\",\"position\":3,\"name\":\"Sk\u00f6rdetr\u00f6ska Radiald\u00e4ck HRR200\"}]},{\"@type\":\"WebSite\",\"@id\":\"https:\/\/ofabskara.se\/sv\/#website\",\"url\":\"https:\/\/ofabskara.se\/sv\/\",\"name\":\"Ofab\",\"description\":\"\",\"potentialAction\":[{\"@type\":\"SearchAction\",\"target\":{\"@type\":\"EntryPoint\",\"urlTemplate\":\"https:\/\/ofabskara.se\/sv\/?s={search_term_string}\"},\"query-input\":{\"@type\":\"PropertyValueSpecification\",\"valueRequired\":true,\"valueName\":\"search_term_string\"}}],\"inLanguage\":\"sv-SE\"}]}<\/script>\n<!-- \/ Yoast SEO plugin. -->","yoast_head_json":{"title":"Sk\u00f6rdetr\u00f6ska Radiald\u00e4ck HRR200 - Ofab","robots":{"index":"index","follow":"follow","max-snippet":"max-snippet:-1","max-image-preview":"max-image-preview:large","max-video-preview":"max-video-preview:-1"},"canonical":"https:\/\/ofabskara.se\/sv\/produkt\/skordetroska-radialdack-hrr200\/","og_locale":"sv_SE","og_type":"article","og_title":"Sk\u00f6rdetr\u00f6ska Radiald\u00e4ck HRR200 - Ofab","og_description":"Optimal m\u00f6nsterdesign &amp; stomkonstruktion:\u00a0  M\u00f6nster optimerat f\u00f6r tyst g\u00e5ng  Robust optimerad stomme f\u00f6r driftstabilitet, k\u00f6rbarhet och man\u00f6vrering  Speciellt utformad f\u00f6r h\u00f6g lastkapacitet  Dubbla \u201dmud breakers\u201d f\u00f6r bra sj\u00e4lvrensande egenskaper","og_url":"https:\/\/ofabskara.se\/sv\/produkt\/skordetroska-radialdack-hrr200\/","og_site_name":"Ofab","article_modified_time":"2023-11-08T13:17:38+00:00","og_image":[{"width":1918,"height":1238,"url":"https:\/\/ofabskara.se\/wp-content\/uploads\/2023\/10\/HRR20015.jpg","type":"image\/jpeg"}],"twitter_card":"summary_large_image","schema":{"@context":"https:\/\/schema.org","@graph":[{"@type":"WebPage","@id":"https:\/\/ofabskara.se\/sv\/produkt\/skordetroska-radialdack-hrr200\/","url":"https:\/\/ofabskara.se\/sv\/produkt\/skordetroska-radialdack-hrr200\/","name":"Sk\u00f6rdetr\u00f6ska Radiald\u00e4ck HRR200 - Ofab","isPartOf":{"@id":"https:\/\/ofabskara.se\/sv\/#website"},"primaryImageOfPage":{"@id":"https:\/\/ofabskara.se\/sv\/produkt\/skordetroska-radialdack-hrr200\/#primaryimage"},"image":{"@id":"https:\/\/ofabskara.se\/sv\/produkt\/skordetroska-radialdack-hrr200\/#primaryimage"},"thumbnailUrl":"https:\/\/ofabskara.se\/wp-content\/uploads\/2023\/10\/HRR20015.jpg","datePublished":"2023-09-21T09:18:46+00:00","dateModified":"2023-11-08T13:17:38+00:00","breadcrumb":{"@id":"https:\/\/ofabskara.se\/sv\/produkt\/skordetroska-radialdack-hrr200\/#breadcrumb"},"inLanguage":"sv-SE","potentialAction":[{"@type":"ReadAction","target":["https:\/\/ofabskara.se\/sv\/produkt\/skordetroska-radialdack-hrr200\/"]}]},{"@type":"ImageObject","inLanguage":"sv-SE","@id":"https:\/\/ofabskara.se\/sv\/produkt\/skordetroska-radialdack-hrr200\/#primaryimage","url":"https:\/\/ofabskara.se\/wp-content\/uploads\/2023\/10\/HRR20015.jpg","contentUrl":"https:\/\/ofabskara.se\/wp-content\/uploads\/2023\/10\/HRR20015.jpg","width":1918,"height":1238},{"@type":"BreadcrumbList","@id":"https:\/\/ofabskara.se\/sv\/produkt\/skordetroska-radialdack-hrr200\/#breadcrumb","itemListElement":[{"@type":"ListItem","position":1,"name":"Home","item":"https:\/\/ofabskara.se\/sv\/"},{"@type":"ListItem","position":2,"name":"Butik","item":"https:\/\/ofabskara.se\/sv\/butik\/"},{"@type":"ListItem","position":3,"name":"Sk\u00f6rdetr\u00f6ska Radiald\u00e4ck HRR200"}]},{"@type":"WebSite","@id":"https:\/\/ofabskara.se\/sv\/#website","url":"https:\/\/ofabskara.se\/sv\/","name":"Ofab","description":"","potentialAction":[{"@type":"SearchAction","target":{"@type":"EntryPoint","urlTemplate":"https:\/\/ofabskara.se\/sv\/?s={search_term_string}"},"query-input":{"@type":"PropertyValueSpecification","valueRequired":true,"valueName":"search_term_string"}}],"inLanguage":"sv-SE"}]}},"_links":{"self":[{"href":"https:\/\/ofabskara.se\/sv\/wp-json\/wp\/v2\/product\/10583","targetHints":{"allow":["GET"]}}],"collection":[{"href":"https:\/\/ofabskara.se\/sv\/wp-json\/wp\/v2\/product"}],"about":[{"href":"https:\/\/ofabskara.se\/sv\/wp-json\/wp\/v2\/types\/product"}],"replies":[{"embeddable":true,"href":"https:\/\/ofabskara.se\/sv\/wp-json\/wp\/v2\/comments?post=10583"}],"wp:featuredmedia":[{"embeddable":true,"href":"https:\/\/ofabskara.se\/sv\/wp-json\/wp\/v2\/media\/10533"}],"wp:attachment":[{"href":"https:\/\/ofabskara.se\/sv\/wp-json\/wp\/v2\/media?parent=10583"}],"wp:term":[{"taxonomy":"product_brand","embeddable":true,"href":"https:\/\/ofabskara.se\/sv\/wp-json\/wp\/v2\/product_brand?post=10583"},{"taxonomy":"product_cat","embeddable":true,"href":"https:\/\/ofabskara.se\/sv\/wp-json\/wp\/v2\/product_cat?post=10583"},{"taxonomy":"product_tag","embeddable":true,"href":"https:\/\/ofabskara.se\/sv\/wp-json\/wp\/v2\/product_tag?post=10583"}],"curies":[{"name":"wp","href":"https:\/\/api.w.org\/{rel}","templated":true}]}}