{"id":1097,"date":"2017-05-16T08:25:28","date_gmt":"2017-05-16T06:25:28","guid":{"rendered":"https:\/\/ofabskara.se\/produkt\/polarmax-wpm16\/"},"modified":"2026-03-12T11:10:52","modified_gmt":"2026-03-12T10:10:52","slug":"polarmax-wpm16","status":"publish","type":"product","link":"https:\/\/ofabskara.se\/sv\/produkt\/polarmax-wpm16\/","title":{"rendered":"Polarmax WPM16"},"content":{"rendered":"<ul>\n<li>T\u00e4nk p\u00e5 att du enligt reglerna skall ha en vattenautomat p\u00e5 10 mj\u00f6lkdjur!<\/li>\n<li>T\u00e4nk p\u00e5 att du enligt reglerna skall ha en vattenautomat p\u00e5 25 djur i l\u00f6sdrift!<\/li>\n<li>Vattenautomat Polarmax WPM16.<\/li>\n<li>Perfekt att anv\u00e4nda \u00e5ret runt ute p\u00e5 betesmarken.<\/li>\n<li>Vattenkapacitet: 60 liter.<\/li>\n<li>Drickh\u00f6jd: 45 cm.<\/li>\n<li>Flott\u00f6r: VP 124.<\/li>\n<li>Vikt: 32 kg<\/li>\n<li>Storlek:<br \/>\n&#8211; L\u00e4ngd: 84 cm<br \/>\n&#8211; Bredd; 58 cm.<br \/>\n&#8211; H\u00f6jd: 69 cm.<\/li>\n<\/ul>\n<ul>\n<li>Ledningstryck i bar, vattemtillstr\u00f6mning i L\/min.<br \/>\n0,5 bar &#8211; 11,48 L\/min.<br \/>\n1,0 bar &#8211; 15,06 L\/min.<br \/>\n2,0 bar &#8211; 21.78 L\/min.<br \/>\n3,0 bar &#8211; 27,20 L\/min.<br \/>\n4,0 bar &#8211; 31,38 L\/min.<\/li>\n<\/ul>\n","protected":false},"excerpt":{"rendered":"<p>T\u00e4nk p\u00e5 att du enligt reglerna skall ha en vattenautomat p\u00e5 10 mj\u00f6lkdjur! T\u00e4nk p\u00e5 att du enligt reglerna skall ha en vattenautomat p\u00e5 25 djur i l\u00f6sdrift! Vattenautomat Polarmax WPM16. Perfekt att anv\u00e4nda \u00e5ret runt ute p\u00e5 betesmarken. Vattenkapacitet: 60 liter. Drickh\u00f6jd: 45 cm. Flott\u00f6r: VP 124. Vikt: 32 kg Storlek: &#8211; L\u00e4ngd: 84 [&hellip;]<\/p>\n","protected":false},"featured_media":1098,"comment_status":"closed","ping_status":"closed","template":"","meta":{"_acf_changed":false,"inline_featured_image":false},"product_brand":[],"product_cat":[66,202,107,69,200],"product_tag":[],"class_list":{"0":"post-1097","1":"product","2":"type-product","3":"status-publish","4":"has-post-thumbnail","6":"product_cat-hastar","7":"product_cat-vattenautomat-for-hast","8":"product_cat-vattenautomater","9":"product_cat-vattensystem","10":"product_cat-vattensystem-hastar","11":"pa_bredd-58-cm","12":"pa_hojd-69-cm","13":"pa_langd-84-cm","14":"pa_volym-60-liter","16":"first","17":"instock","18":"taxable","19":"shipping-taxable","20":"purchasable","21":"product-type-simple"},"acf":[],"yoast_head":"<!-- This site is optimized with the Yoast SEO plugin v24.4 - https:\/\/yoast.com\/wordpress\/plugins\/seo\/ -->\n<title>Polarmax WPM16 - Ofab<\/title>\n<meta name=\"robots\" content=\"index, follow, max-snippet:-1, max-image-preview:large, max-video-preview:-1\" \/>\n<link rel=\"canonical\" href=\"https:\/\/ofabskara.se\/sv\/produkt\/polarmax-wpm16\/\" \/>\n<meta property=\"og:locale\" content=\"sv_SE\" \/>\n<meta property=\"og:type\" content=\"article\" \/>\n<meta property=\"og:title\" content=\"Polarmax WPM16 - Ofab\" \/>\n<meta property=\"og:description\" content=\"T\u00e4nk p\u00e5 att du enligt reglerna skall ha en vattenautomat p\u00e5 10 mj\u00f6lkdjur! T\u00e4nk p\u00e5 att du enligt reglerna skall ha en vattenautomat p\u00e5 25 djur i l\u00f6sdrift! Vattenautomat Polarmax WPM16. Perfekt att anv\u00e4nda \u00e5ret runt ute p\u00e5 betesmarken. Vattenkapacitet: 60 liter. Drickh\u00f6jd: 45 cm. Flott\u00f6r: VP 124. Vikt: 32 kg Storlek: &#8211; L\u00e4ngd: 84 [&hellip;]\" \/>\n<meta property=\"og:url\" content=\"https:\/\/ofabskara.se\/sv\/produkt\/polarmax-wpm16\/\" \/>\n<meta property=\"og:site_name\" content=\"Ofab\" \/>\n<meta property=\"article:modified_time\" content=\"2026-03-12T10:10:52+00:00\" \/>\n<meta property=\"og:image\" content=\"https:\/\/ofabskara.se\/wp-content\/uploads\/2023\/09\/vmp16.jpg\" \/>\n\t<meta property=\"og:image:width\" content=\"531\" \/>\n\t<meta property=\"og:image:height\" content=\"544\" \/>\n\t<meta property=\"og:image:type\" content=\"image\/jpeg\" \/>\n<meta name=\"twitter:card\" content=\"summary_large_image\" \/>\n<meta name=\"twitter:label1\" content=\"Ber\u00e4knad l\u00e4stid\" \/>\n\t<meta name=\"twitter:data1\" content=\"1 minut\" \/>\n<script type=\"application\/ld+json\" class=\"yoast-schema-graph\">{\"@context\":\"https:\/\/schema.org\",\"@graph\":[{\"@type\":\"WebPage\",\"@id\":\"https:\/\/ofabskara.se\/sv\/produkt\/polarmax-wpm16\/\",\"url\":\"https:\/\/ofabskara.se\/sv\/produkt\/polarmax-wpm16\/\",\"name\":\"Polarmax WPM16 - Ofab\",\"isPartOf\":{\"@id\":\"https:\/\/ofabskara.se\/sv\/#website\"},\"primaryImageOfPage\":{\"@id\":\"https:\/\/ofabskara.se\/sv\/produkt\/polarmax-wpm16\/#primaryimage\"},\"image\":{\"@id\":\"https:\/\/ofabskara.se\/sv\/produkt\/polarmax-wpm16\/#primaryimage\"},\"thumbnailUrl\":\"https:\/\/ofabskara.se\/wp-content\/uploads\/2023\/09\/vmp16.jpg\",\"datePublished\":\"2017-05-16T06:25:28+00:00\",\"dateModified\":\"2026-03-12T10:10:52+00:00\",\"breadcrumb\":{\"@id\":\"https:\/\/ofabskara.se\/sv\/produkt\/polarmax-wpm16\/#breadcrumb\"},\"inLanguage\":\"sv-SE\",\"potentialAction\":[{\"@type\":\"ReadAction\",\"target\":[\"https:\/\/ofabskara.se\/sv\/produkt\/polarmax-wpm16\/\"]}]},{\"@type\":\"ImageObject\",\"inLanguage\":\"sv-SE\",\"@id\":\"https:\/\/ofabskara.se\/sv\/produkt\/polarmax-wpm16\/#primaryimage\",\"url\":\"https:\/\/ofabskara.se\/wp-content\/uploads\/2023\/09\/vmp16.jpg\",\"contentUrl\":\"https:\/\/ofabskara.se\/wp-content\/uploads\/2023\/09\/vmp16.jpg\",\"width\":531,\"height\":544},{\"@type\":\"BreadcrumbList\",\"@id\":\"https:\/\/ofabskara.se\/sv\/produkt\/polarmax-wpm16\/#breadcrumb\",\"itemListElement\":[{\"@type\":\"ListItem\",\"position\":1,\"name\":\"Home\",\"item\":\"https:\/\/ofabskara.se\/sv\/\"},{\"@type\":\"ListItem\",\"position\":2,\"name\":\"Butik\",\"item\":\"https:\/\/ofabskara.se\/sv\/butik\/\"},{\"@type\":\"ListItem\",\"position\":3,\"name\":\"Polarmax WPM16\"}]},{\"@type\":\"WebSite\",\"@id\":\"https:\/\/ofabskara.se\/sv\/#website\",\"url\":\"https:\/\/ofabskara.se\/sv\/\",\"name\":\"Ofab\",\"description\":\"\",\"potentialAction\":[{\"@type\":\"SearchAction\",\"target\":{\"@type\":\"EntryPoint\",\"urlTemplate\":\"https:\/\/ofabskara.se\/sv\/?s={search_term_string}\"},\"query-input\":{\"@type\":\"PropertyValueSpecification\",\"valueRequired\":true,\"valueName\":\"search_term_string\"}}],\"inLanguage\":\"sv-SE\"}]}<\/script>\n<!-- \/ Yoast SEO plugin. -->","yoast_head_json":{"title":"Polarmax WPM16 - Ofab","robots":{"index":"index","follow":"follow","max-snippet":"max-snippet:-1","max-image-preview":"max-image-preview:large","max-video-preview":"max-video-preview:-1"},"canonical":"https:\/\/ofabskara.se\/sv\/produkt\/polarmax-wpm16\/","og_locale":"sv_SE","og_type":"article","og_title":"Polarmax WPM16 - Ofab","og_description":"T\u00e4nk p\u00e5 att du enligt reglerna skall ha en vattenautomat p\u00e5 10 mj\u00f6lkdjur! T\u00e4nk p\u00e5 att du enligt reglerna skall ha en vattenautomat p\u00e5 25 djur i l\u00f6sdrift! Vattenautomat Polarmax WPM16. Perfekt att anv\u00e4nda \u00e5ret runt ute p\u00e5 betesmarken. Vattenkapacitet: 60 liter. Drickh\u00f6jd: 45 cm. Flott\u00f6r: VP 124. Vikt: 32 kg Storlek: &#8211; L\u00e4ngd: 84 [&hellip;]","og_url":"https:\/\/ofabskara.se\/sv\/produkt\/polarmax-wpm16\/","og_site_name":"Ofab","article_modified_time":"2026-03-12T10:10:52+00:00","og_image":[{"width":531,"height":544,"url":"https:\/\/ofabskara.se\/wp-content\/uploads\/2023\/09\/vmp16.jpg","type":"image\/jpeg"}],"twitter_card":"summary_large_image","twitter_misc":{"Ber\u00e4knad l\u00e4stid":"1 minut"},"schema":{"@context":"https:\/\/schema.org","@graph":[{"@type":"WebPage","@id":"https:\/\/ofabskara.se\/sv\/produkt\/polarmax-wpm16\/","url":"https:\/\/ofabskara.se\/sv\/produkt\/polarmax-wpm16\/","name":"Polarmax WPM16 - Ofab","isPartOf":{"@id":"https:\/\/ofabskara.se\/sv\/#website"},"primaryImageOfPage":{"@id":"https:\/\/ofabskara.se\/sv\/produkt\/polarmax-wpm16\/#primaryimage"},"image":{"@id":"https:\/\/ofabskara.se\/sv\/produkt\/polarmax-wpm16\/#primaryimage"},"thumbnailUrl":"https:\/\/ofabskara.se\/wp-content\/uploads\/2023\/09\/vmp16.jpg","datePublished":"2017-05-16T06:25:28+00:00","dateModified":"2026-03-12T10:10:52+00:00","breadcrumb":{"@id":"https:\/\/ofabskara.se\/sv\/produkt\/polarmax-wpm16\/#breadcrumb"},"inLanguage":"sv-SE","potentialAction":[{"@type":"ReadAction","target":["https:\/\/ofabskara.se\/sv\/produkt\/polarmax-wpm16\/"]}]},{"@type":"ImageObject","inLanguage":"sv-SE","@id":"https:\/\/ofabskara.se\/sv\/produkt\/polarmax-wpm16\/#primaryimage","url":"https:\/\/ofabskara.se\/wp-content\/uploads\/2023\/09\/vmp16.jpg","contentUrl":"https:\/\/ofabskara.se\/wp-content\/uploads\/2023\/09\/vmp16.jpg","width":531,"height":544},{"@type":"BreadcrumbList","@id":"https:\/\/ofabskara.se\/sv\/produkt\/polarmax-wpm16\/#breadcrumb","itemListElement":[{"@type":"ListItem","position":1,"name":"Home","item":"https:\/\/ofabskara.se\/sv\/"},{"@type":"ListItem","position":2,"name":"Butik","item":"https:\/\/ofabskara.se\/sv\/butik\/"},{"@type":"ListItem","position":3,"name":"Polarmax WPM16"}]},{"@type":"WebSite","@id":"https:\/\/ofabskara.se\/sv\/#website","url":"https:\/\/ofabskara.se\/sv\/","name":"Ofab","description":"","potentialAction":[{"@type":"SearchAction","target":{"@type":"EntryPoint","urlTemplate":"https:\/\/ofabskara.se\/sv\/?s={search_term_string}"},"query-input":{"@type":"PropertyValueSpecification","valueRequired":true,"valueName":"search_term_string"}}],"inLanguage":"sv-SE"}]}},"_links":{"self":[{"href":"https:\/\/ofabskara.se\/sv\/wp-json\/wp\/v2\/product\/1097","targetHints":{"allow":["GET"]}}],"collection":[{"href":"https:\/\/ofabskara.se\/sv\/wp-json\/wp\/v2\/product"}],"about":[{"href":"https:\/\/ofabskara.se\/sv\/wp-json\/wp\/v2\/types\/product"}],"replies":[{"embeddable":true,"href":"https:\/\/ofabskara.se\/sv\/wp-json\/wp\/v2\/comments?post=1097"}],"wp:featuredmedia":[{"embeddable":true,"href":"https:\/\/ofabskara.se\/sv\/wp-json\/wp\/v2\/media\/1098"}],"wp:attachment":[{"href":"https:\/\/ofabskara.se\/sv\/wp-json\/wp\/v2\/media?parent=1097"}],"wp:term":[{"taxonomy":"product_brand","embeddable":true,"href":"https:\/\/ofabskara.se\/sv\/wp-json\/wp\/v2\/product_brand?post=1097"},{"taxonomy":"product_cat","embeddable":true,"href":"https:\/\/ofabskara.se\/sv\/wp-json\/wp\/v2\/product_cat?post=1097"},{"taxonomy":"product_tag","embeddable":true,"href":"https:\/\/ofabskara.se\/sv\/wp-json\/wp\/v2\/product_tag?post=1097"}],"curies":[{"name":"wp","href":"https:\/\/api.w.org\/{rel}","templated":true}]}}