{"id":11451,"date":"2023-11-16T14:49:59","date_gmt":"2023-11-16T13:49:59","guid":{"rendered":"https:\/\/ofabskara.se\/produkt\/insticksdel-ex-4-persongenomgang-v2\/"},"modified":"2025-06-18T16:01:17","modified_gmt":"2025-06-18T14:01:17","slug":"insticksdel-ex-4-persongenomgang-v2","status":"publish","type":"product","link":"https:\/\/ofabskara.se\/sv\/produkt\/insticksdel-ex-4-persongenomgang-v2\/","title":{"rendered":"4-r\u00f6rs grind insticksdel persongenomg\u00e5ng"},"content":{"rendered":"<p>Ej lagervara.<\/p>\n<p>Persongenomg\u00e5ng med reglerbart r\u00f6r.<\/p>\n","protected":false},"excerpt":{"rendered":"<p>Ej lagervara. Persongenomg\u00e5ng med reglerbart r\u00f6r.<\/p>\n","protected":false},"featured_media":41259,"comment_status":"open","ping_status":"closed","template":"","meta":{"_acf_changed":false,"inline_featured_image":false},"product_brand":[],"product_cat":[22],"product_tag":[],"class_list":{"0":"post-11451","1":"product","2":"type-product","3":"status-publish","4":"has-post-thumbnail","6":"product_cat-okategoriserad","7":"pa_langd-170-cm","9":"first","10":"outofstock","11":"taxable","12":"shipping-taxable","13":"purchasable","14":"product-type-simple"},"acf":[],"yoast_head":"<!-- This site is optimized with the Yoast SEO plugin v24.4 - https:\/\/yoast.com\/wordpress\/plugins\/seo\/ -->\n<title>4-r\u00f6rs grind insticksdel persongenomg\u00e5ng - Ofab<\/title>\n<meta name=\"robots\" content=\"index, follow, max-snippet:-1, max-image-preview:large, max-video-preview:-1\" \/>\n<link rel=\"canonical\" href=\"https:\/\/ofabskara.se\/sv\/produkt\/insticksdel-ex-4-persongenomgang-v2\/\" \/>\n<meta property=\"og:locale\" content=\"sv_SE\" \/>\n<meta property=\"og:type\" content=\"article\" \/>\n<meta property=\"og:title\" content=\"4-r\u00f6rs grind insticksdel persongenomg\u00e5ng - Ofab\" \/>\n<meta property=\"og:description\" content=\"Ej lagervara. Persongenomg\u00e5ng med reglerbart r\u00f6r.\" \/>\n<meta property=\"og:url\" content=\"https:\/\/ofabskara.se\/sv\/produkt\/insticksdel-ex-4-persongenomgang-v2\/\" \/>\n<meta property=\"og:site_name\" content=\"Ofab\" \/>\n<meta property=\"article:modified_time\" content=\"2025-06-18T14:01:17+00:00\" \/>\n<meta property=\"og:image\" content=\"https:\/\/ofabskara.se\/wp-content\/uploads\/2023\/11\/BA2086.jpg\" \/>\n\t<meta property=\"og:image:width\" content=\"1126\" \/>\n\t<meta property=\"og:image:height\" content=\"796\" \/>\n\t<meta property=\"og:image:type\" content=\"image\/jpeg\" \/>\n<meta name=\"twitter:card\" content=\"summary_large_image\" \/>\n<meta name=\"twitter:label1\" content=\"Ber\u00e4knad l\u00e4stid\" \/>\n\t<meta name=\"twitter:data1\" content=\"1 minut\" \/>\n<script type=\"application\/ld+json\" class=\"yoast-schema-graph\">{\"@context\":\"https:\/\/schema.org\",\"@graph\":[{\"@type\":\"WebPage\",\"@id\":\"https:\/\/ofabskara.se\/sv\/produkt\/insticksdel-ex-4-persongenomgang-v2\/\",\"url\":\"https:\/\/ofabskara.se\/sv\/produkt\/insticksdel-ex-4-persongenomgang-v2\/\",\"name\":\"4-r\u00f6rs grind insticksdel persongenomg\u00e5ng - Ofab\",\"isPartOf\":{\"@id\":\"https:\/\/ofabskara.se\/sv\/#website\"},\"primaryImageOfPage\":{\"@id\":\"https:\/\/ofabskara.se\/sv\/produkt\/insticksdel-ex-4-persongenomgang-v2\/#primaryimage\"},\"image\":{\"@id\":\"https:\/\/ofabskara.se\/sv\/produkt\/insticksdel-ex-4-persongenomgang-v2\/#primaryimage\"},\"thumbnailUrl\":\"https:\/\/ofabskara.se\/wp-content\/uploads\/2023\/11\/BA2086.jpg\",\"datePublished\":\"2023-11-16T13:49:59+00:00\",\"dateModified\":\"2025-06-18T14:01:17+00:00\",\"breadcrumb\":{\"@id\":\"https:\/\/ofabskara.se\/sv\/produkt\/insticksdel-ex-4-persongenomgang-v2\/#breadcrumb\"},\"inLanguage\":\"sv-SE\",\"potentialAction\":[{\"@type\":\"ReadAction\",\"target\":[\"https:\/\/ofabskara.se\/sv\/produkt\/insticksdel-ex-4-persongenomgang-v2\/\"]}]},{\"@type\":\"ImageObject\",\"inLanguage\":\"sv-SE\",\"@id\":\"https:\/\/ofabskara.se\/sv\/produkt\/insticksdel-ex-4-persongenomgang-v2\/#primaryimage\",\"url\":\"https:\/\/ofabskara.se\/wp-content\/uploads\/2023\/11\/BA2086.jpg\",\"contentUrl\":\"https:\/\/ofabskara.se\/wp-content\/uploads\/2023\/11\/BA2086.jpg\",\"width\":1126,\"height\":796,\"caption\":\"BA2086\"},{\"@type\":\"BreadcrumbList\",\"@id\":\"https:\/\/ofabskara.se\/sv\/produkt\/insticksdel-ex-4-persongenomgang-v2\/#breadcrumb\",\"itemListElement\":[{\"@type\":\"ListItem\",\"position\":1,\"name\":\"Home\",\"item\":\"https:\/\/ofabskara.se\/sv\/\"},{\"@type\":\"ListItem\",\"position\":2,\"name\":\"Butik\",\"item\":\"https:\/\/ofabskara.se\/sv\/butik\/\"},{\"@type\":\"ListItem\",\"position\":3,\"name\":\"4-r\u00f6rs grind insticksdel persongenomg\u00e5ng\"}]},{\"@type\":\"WebSite\",\"@id\":\"https:\/\/ofabskara.se\/sv\/#website\",\"url\":\"https:\/\/ofabskara.se\/sv\/\",\"name\":\"Ofab\",\"description\":\"\",\"potentialAction\":[{\"@type\":\"SearchAction\",\"target\":{\"@type\":\"EntryPoint\",\"urlTemplate\":\"https:\/\/ofabskara.se\/sv\/?s={search_term_string}\"},\"query-input\":{\"@type\":\"PropertyValueSpecification\",\"valueRequired\":true,\"valueName\":\"search_term_string\"}}],\"inLanguage\":\"sv-SE\"}]}<\/script>\n<!-- \/ Yoast SEO plugin. -->","yoast_head_json":{"title":"4-r\u00f6rs grind insticksdel persongenomg\u00e5ng - Ofab","robots":{"index":"index","follow":"follow","max-snippet":"max-snippet:-1","max-image-preview":"max-image-preview:large","max-video-preview":"max-video-preview:-1"},"canonical":"https:\/\/ofabskara.se\/sv\/produkt\/insticksdel-ex-4-persongenomgang-v2\/","og_locale":"sv_SE","og_type":"article","og_title":"4-r\u00f6rs grind insticksdel persongenomg\u00e5ng - Ofab","og_description":"Ej lagervara. Persongenomg\u00e5ng med reglerbart r\u00f6r.","og_url":"https:\/\/ofabskara.se\/sv\/produkt\/insticksdel-ex-4-persongenomgang-v2\/","og_site_name":"Ofab","article_modified_time":"2025-06-18T14:01:17+00:00","og_image":[{"width":1126,"height":796,"url":"https:\/\/ofabskara.se\/wp-content\/uploads\/2023\/11\/BA2086.jpg","type":"image\/jpeg"}],"twitter_card":"summary_large_image","twitter_misc":{"Ber\u00e4knad l\u00e4stid":"1 minut"},"schema":{"@context":"https:\/\/schema.org","@graph":[{"@type":"WebPage","@id":"https:\/\/ofabskara.se\/sv\/produkt\/insticksdel-ex-4-persongenomgang-v2\/","url":"https:\/\/ofabskara.se\/sv\/produkt\/insticksdel-ex-4-persongenomgang-v2\/","name":"4-r\u00f6rs grind insticksdel persongenomg\u00e5ng - Ofab","isPartOf":{"@id":"https:\/\/ofabskara.se\/sv\/#website"},"primaryImageOfPage":{"@id":"https:\/\/ofabskara.se\/sv\/produkt\/insticksdel-ex-4-persongenomgang-v2\/#primaryimage"},"image":{"@id":"https:\/\/ofabskara.se\/sv\/produkt\/insticksdel-ex-4-persongenomgang-v2\/#primaryimage"},"thumbnailUrl":"https:\/\/ofabskara.se\/wp-content\/uploads\/2023\/11\/BA2086.jpg","datePublished":"2023-11-16T13:49:59+00:00","dateModified":"2025-06-18T14:01:17+00:00","breadcrumb":{"@id":"https:\/\/ofabskara.se\/sv\/produkt\/insticksdel-ex-4-persongenomgang-v2\/#breadcrumb"},"inLanguage":"sv-SE","potentialAction":[{"@type":"ReadAction","target":["https:\/\/ofabskara.se\/sv\/produkt\/insticksdel-ex-4-persongenomgang-v2\/"]}]},{"@type":"ImageObject","inLanguage":"sv-SE","@id":"https:\/\/ofabskara.se\/sv\/produkt\/insticksdel-ex-4-persongenomgang-v2\/#primaryimage","url":"https:\/\/ofabskara.se\/wp-content\/uploads\/2023\/11\/BA2086.jpg","contentUrl":"https:\/\/ofabskara.se\/wp-content\/uploads\/2023\/11\/BA2086.jpg","width":1126,"height":796,"caption":"BA2086"},{"@type":"BreadcrumbList","@id":"https:\/\/ofabskara.se\/sv\/produkt\/insticksdel-ex-4-persongenomgang-v2\/#breadcrumb","itemListElement":[{"@type":"ListItem","position":1,"name":"Home","item":"https:\/\/ofabskara.se\/sv\/"},{"@type":"ListItem","position":2,"name":"Butik","item":"https:\/\/ofabskara.se\/sv\/butik\/"},{"@type":"ListItem","position":3,"name":"4-r\u00f6rs grind insticksdel persongenomg\u00e5ng"}]},{"@type":"WebSite","@id":"https:\/\/ofabskara.se\/sv\/#website","url":"https:\/\/ofabskara.se\/sv\/","name":"Ofab","description":"","potentialAction":[{"@type":"SearchAction","target":{"@type":"EntryPoint","urlTemplate":"https:\/\/ofabskara.se\/sv\/?s={search_term_string}"},"query-input":{"@type":"PropertyValueSpecification","valueRequired":true,"valueName":"search_term_string"}}],"inLanguage":"sv-SE"}]}},"_links":{"self":[{"href":"https:\/\/ofabskara.se\/sv\/wp-json\/wp\/v2\/product\/11451","targetHints":{"allow":["GET"]}}],"collection":[{"href":"https:\/\/ofabskara.se\/sv\/wp-json\/wp\/v2\/product"}],"about":[{"href":"https:\/\/ofabskara.se\/sv\/wp-json\/wp\/v2\/types\/product"}],"replies":[{"embeddable":true,"href":"https:\/\/ofabskara.se\/sv\/wp-json\/wp\/v2\/comments?post=11451"}],"wp:featuredmedia":[{"embeddable":true,"href":"https:\/\/ofabskara.se\/sv\/wp-json\/wp\/v2\/media\/41259"}],"wp:attachment":[{"href":"https:\/\/ofabskara.se\/sv\/wp-json\/wp\/v2\/media?parent=11451"}],"wp:term":[{"taxonomy":"product_brand","embeddable":true,"href":"https:\/\/ofabskara.se\/sv\/wp-json\/wp\/v2\/product_brand?post=11451"},{"taxonomy":"product_cat","embeddable":true,"href":"https:\/\/ofabskara.se\/sv\/wp-json\/wp\/v2\/product_cat?post=11451"},{"taxonomy":"product_tag","embeddable":true,"href":"https:\/\/ofabskara.se\/sv\/wp-json\/wp\/v2\/product_tag?post=11451"}],"curies":[{"name":"wp","href":"https:\/\/api.w.org\/{rel}","templated":true}]}}