{"id":11523,"date":"2023-11-16T15:19:25","date_gmt":"2023-11-16T14:19:25","guid":{"rendered":"https:\/\/ofabskara.se\/produkt\/markpump-suevia-junior\/"},"modified":"2025-05-08T09:46:16","modified_gmt":"2025-05-08T07:46:16","slug":"markpump-suevia-junior","status":"publish","type":"product","link":"https:\/\/ofabskara.se\/sv\/produkt\/markpump-suevia-junior\/","title":{"rendered":"Markpump Suevia Junior"},"content":{"rendered":"","protected":false},"excerpt":{"rendered":"<p>L\u00e4ttg\u00e5ende och effektiv betespump. \u00d6verdelen tillverkad i plastkl\u00e4tt gjutj\u00e4rn, underdelen i UV-resistent polyetylen. P\u00e5 sidan sitter en dricksk\u00e5l f\u00f6r kalven som fylls p\u00e5 n\u00e4r kon trycker fram vatten i den stora dricksk\u00e5len. Sugh\u00f6jd ca 7 meter.1 1\/4&#8243; slanganslutning med R25 g\u00e4nga i pumpen ing\u00e5r. Bottenventil ing\u00e5r EJ som standard.<\/p>\n","protected":false},"featured_media":11538,"comment_status":"open","ping_status":"closed","template":"","meta":{"_acf_changed":false,"inline_featured_image":false},"product_brand":[],"product_cat":[104],"product_tag":[],"class_list":{"0":"post-11523","1":"product","2":"type-product","3":"status-publish","4":"has-post-thumbnail","6":"product_cat-vattenautomater-grisar","8":"first","9":"outofstock","10":"taxable","11":"shipping-taxable","12":"purchasable","13":"product-type-simple"},"acf":[],"yoast_head":"<!-- This site is optimized with the Yoast SEO plugin v24.4 - https:\/\/yoast.com\/wordpress\/plugins\/seo\/ -->\n<title>Markpump Suevia Junior - Ofab<\/title>\n<meta name=\"robots\" content=\"index, follow, max-snippet:-1, max-image-preview:large, max-video-preview:-1\" \/>\n<link rel=\"canonical\" href=\"https:\/\/ofabskara.se\/sv\/produkt\/markpump-suevia-junior\/\" \/>\n<meta property=\"og:locale\" content=\"sv_SE\" \/>\n<meta property=\"og:type\" content=\"article\" \/>\n<meta property=\"og:title\" content=\"Markpump Suevia Junior - Ofab\" \/>\n<meta property=\"og:description\" content=\"L\u00e4ttg\u00e5ende och effektiv betespump. \u00d6verdelen tillverkad i plastkl\u00e4tt gjutj\u00e4rn, underdelen i UV-resistent polyetylen. P\u00e5 sidan sitter en dricksk\u00e5l f\u00f6r kalven som fylls p\u00e5 n\u00e4r kon trycker fram vatten i den stora dricksk\u00e5len. Sugh\u00f6jd ca 7 meter.1 1\/4&quot; slanganslutning med R25 g\u00e4nga i pumpen ing\u00e5r. Bottenventil ing\u00e5r EJ som standard.\" \/>\n<meta property=\"og:url\" content=\"https:\/\/ofabskara.se\/sv\/produkt\/markpump-suevia-junior\/\" \/>\n<meta property=\"og:site_name\" content=\"Ofab\" \/>\n<meta property=\"article:modified_time\" content=\"2025-05-08T07:46:16+00:00\" \/>\n<meta property=\"og:image\" content=\"https:\/\/ofabskara.se\/wp-content\/uploads\/2023\/11\/bildklar_1.webp\" \/>\n\t<meta property=\"og:image:width\" content=\"900\" \/>\n\t<meta property=\"og:image:height\" content=\"900\" \/>\n\t<meta property=\"og:image:type\" content=\"image\/webp\" \/>\n<meta name=\"twitter:card\" content=\"summary_large_image\" \/>\n<script type=\"application\/ld+json\" class=\"yoast-schema-graph\">{\"@context\":\"https:\/\/schema.org\",\"@graph\":[{\"@type\":\"WebPage\",\"@id\":\"https:\/\/ofabskara.se\/sv\/produkt\/markpump-suevia-junior\/\",\"url\":\"https:\/\/ofabskara.se\/sv\/produkt\/markpump-suevia-junior\/\",\"name\":\"Markpump Suevia Junior - Ofab\",\"isPartOf\":{\"@id\":\"https:\/\/ofabskara.se\/sv\/#website\"},\"primaryImageOfPage\":{\"@id\":\"https:\/\/ofabskara.se\/sv\/produkt\/markpump-suevia-junior\/#primaryimage\"},\"image\":{\"@id\":\"https:\/\/ofabskara.se\/sv\/produkt\/markpump-suevia-junior\/#primaryimage\"},\"thumbnailUrl\":\"https:\/\/ofabskara.se\/wp-content\/uploads\/2023\/11\/bildklar_1.webp\",\"datePublished\":\"2023-11-16T14:19:25+00:00\",\"dateModified\":\"2025-05-08T07:46:16+00:00\",\"breadcrumb\":{\"@id\":\"https:\/\/ofabskara.se\/sv\/produkt\/markpump-suevia-junior\/#breadcrumb\"},\"inLanguage\":\"sv-SE\",\"potentialAction\":[{\"@type\":\"ReadAction\",\"target\":[\"https:\/\/ofabskara.se\/sv\/produkt\/markpump-suevia-junior\/\"]}]},{\"@type\":\"ImageObject\",\"inLanguage\":\"sv-SE\",\"@id\":\"https:\/\/ofabskara.se\/sv\/produkt\/markpump-suevia-junior\/#primaryimage\",\"url\":\"https:\/\/ofabskara.se\/wp-content\/uploads\/2023\/11\/bildklar_1.webp\",\"contentUrl\":\"https:\/\/ofabskara.se\/wp-content\/uploads\/2023\/11\/bildklar_1.webp\",\"width\":900,\"height\":900,\"caption\":\"bildklar 1\"},{\"@type\":\"BreadcrumbList\",\"@id\":\"https:\/\/ofabskara.se\/sv\/produkt\/markpump-suevia-junior\/#breadcrumb\",\"itemListElement\":[{\"@type\":\"ListItem\",\"position\":1,\"name\":\"Home\",\"item\":\"https:\/\/ofabskara.se\/sv\/\"},{\"@type\":\"ListItem\",\"position\":2,\"name\":\"Butik\",\"item\":\"https:\/\/ofabskara.se\/sv\/butik\/\"},{\"@type\":\"ListItem\",\"position\":3,\"name\":\"Markpump Suevia Junior\"}]},{\"@type\":\"WebSite\",\"@id\":\"https:\/\/ofabskara.se\/sv\/#website\",\"url\":\"https:\/\/ofabskara.se\/sv\/\",\"name\":\"Ofab\",\"description\":\"\",\"potentialAction\":[{\"@type\":\"SearchAction\",\"target\":{\"@type\":\"EntryPoint\",\"urlTemplate\":\"https:\/\/ofabskara.se\/sv\/?s={search_term_string}\"},\"query-input\":{\"@type\":\"PropertyValueSpecification\",\"valueRequired\":true,\"valueName\":\"search_term_string\"}}],\"inLanguage\":\"sv-SE\"}]}<\/script>\n<!-- \/ Yoast SEO plugin. -->","yoast_head_json":{"title":"Markpump Suevia Junior - Ofab","robots":{"index":"index","follow":"follow","max-snippet":"max-snippet:-1","max-image-preview":"max-image-preview:large","max-video-preview":"max-video-preview:-1"},"canonical":"https:\/\/ofabskara.se\/sv\/produkt\/markpump-suevia-junior\/","og_locale":"sv_SE","og_type":"article","og_title":"Markpump Suevia Junior - Ofab","og_description":"L\u00e4ttg\u00e5ende och effektiv betespump. \u00d6verdelen tillverkad i plastkl\u00e4tt gjutj\u00e4rn, underdelen i UV-resistent polyetylen. P\u00e5 sidan sitter en dricksk\u00e5l f\u00f6r kalven som fylls p\u00e5 n\u00e4r kon trycker fram vatten i den stora dricksk\u00e5len. Sugh\u00f6jd ca 7 meter.1 1\/4\" slanganslutning med R25 g\u00e4nga i pumpen ing\u00e5r. Bottenventil ing\u00e5r EJ som standard.","og_url":"https:\/\/ofabskara.se\/sv\/produkt\/markpump-suevia-junior\/","og_site_name":"Ofab","article_modified_time":"2025-05-08T07:46:16+00:00","og_image":[{"width":900,"height":900,"url":"https:\/\/ofabskara.se\/wp-content\/uploads\/2023\/11\/bildklar_1.webp","type":"image\/webp"}],"twitter_card":"summary_large_image","schema":{"@context":"https:\/\/schema.org","@graph":[{"@type":"WebPage","@id":"https:\/\/ofabskara.se\/sv\/produkt\/markpump-suevia-junior\/","url":"https:\/\/ofabskara.se\/sv\/produkt\/markpump-suevia-junior\/","name":"Markpump Suevia Junior - Ofab","isPartOf":{"@id":"https:\/\/ofabskara.se\/sv\/#website"},"primaryImageOfPage":{"@id":"https:\/\/ofabskara.se\/sv\/produkt\/markpump-suevia-junior\/#primaryimage"},"image":{"@id":"https:\/\/ofabskara.se\/sv\/produkt\/markpump-suevia-junior\/#primaryimage"},"thumbnailUrl":"https:\/\/ofabskara.se\/wp-content\/uploads\/2023\/11\/bildklar_1.webp","datePublished":"2023-11-16T14:19:25+00:00","dateModified":"2025-05-08T07:46:16+00:00","breadcrumb":{"@id":"https:\/\/ofabskara.se\/sv\/produkt\/markpump-suevia-junior\/#breadcrumb"},"inLanguage":"sv-SE","potentialAction":[{"@type":"ReadAction","target":["https:\/\/ofabskara.se\/sv\/produkt\/markpump-suevia-junior\/"]}]},{"@type":"ImageObject","inLanguage":"sv-SE","@id":"https:\/\/ofabskara.se\/sv\/produkt\/markpump-suevia-junior\/#primaryimage","url":"https:\/\/ofabskara.se\/wp-content\/uploads\/2023\/11\/bildklar_1.webp","contentUrl":"https:\/\/ofabskara.se\/wp-content\/uploads\/2023\/11\/bildklar_1.webp","width":900,"height":900,"caption":"bildklar 1"},{"@type":"BreadcrumbList","@id":"https:\/\/ofabskara.se\/sv\/produkt\/markpump-suevia-junior\/#breadcrumb","itemListElement":[{"@type":"ListItem","position":1,"name":"Home","item":"https:\/\/ofabskara.se\/sv\/"},{"@type":"ListItem","position":2,"name":"Butik","item":"https:\/\/ofabskara.se\/sv\/butik\/"},{"@type":"ListItem","position":3,"name":"Markpump Suevia Junior"}]},{"@type":"WebSite","@id":"https:\/\/ofabskara.se\/sv\/#website","url":"https:\/\/ofabskara.se\/sv\/","name":"Ofab","description":"","potentialAction":[{"@type":"SearchAction","target":{"@type":"EntryPoint","urlTemplate":"https:\/\/ofabskara.se\/sv\/?s={search_term_string}"},"query-input":{"@type":"PropertyValueSpecification","valueRequired":true,"valueName":"search_term_string"}}],"inLanguage":"sv-SE"}]}},"_links":{"self":[{"href":"https:\/\/ofabskara.se\/sv\/wp-json\/wp\/v2\/product\/11523","targetHints":{"allow":["GET"]}}],"collection":[{"href":"https:\/\/ofabskara.se\/sv\/wp-json\/wp\/v2\/product"}],"about":[{"href":"https:\/\/ofabskara.se\/sv\/wp-json\/wp\/v2\/types\/product"}],"replies":[{"embeddable":true,"href":"https:\/\/ofabskara.se\/sv\/wp-json\/wp\/v2\/comments?post=11523"}],"wp:featuredmedia":[{"embeddable":true,"href":"https:\/\/ofabskara.se\/sv\/wp-json\/wp\/v2\/media\/11538"}],"wp:attachment":[{"href":"https:\/\/ofabskara.se\/sv\/wp-json\/wp\/v2\/media?parent=11523"}],"wp:term":[{"taxonomy":"product_brand","embeddable":true,"href":"https:\/\/ofabskara.se\/sv\/wp-json\/wp\/v2\/product_brand?post=11523"},{"taxonomy":"product_cat","embeddable":true,"href":"https:\/\/ofabskara.se\/sv\/wp-json\/wp\/v2\/product_cat?post=11523"},{"taxonomy":"product_tag","embeddable":true,"href":"https:\/\/ofabskara.se\/sv\/wp-json\/wp\/v2\/product_tag?post=11523"}],"curies":[{"name":"wp","href":"https:\/\/api.w.org\/{rel}","templated":true}]}}